{"id":888,"date":"2026-01-24T00:03:04","date_gmt":"2026-01-23T22:03:04","guid":{"rendered":"https:\/\/www.transtoyou.com\/nb\/product\/bisoprolol\/"},"modified":"2026-01-24T00:04:18","modified_gmt":"2026-01-23T22:04:18","slug":"bisoprolol","status":"publish","type":"product","link":"https:\/\/www.transtoyou.com\/nb\/product\/bisoprolol\/","title":{"rendered":"Bisoprolol"},"content":{"rendered":"<p>Bisoprolol er en betablokker som brukes til \u00e5 h\u00e5ndtere h\u00f8yt blodtrykk. Den virker ved \u00e5 senke hjertefrekvensen og redusere kraften i hvert hjerteslag, noe som reduserer mengden arbeid hjertet m\u00e5 gj\u00f8re. Dette f\u00f8rer til lavere trykk i arteriene og bidrar til \u00e5 forhindre langsiktige komplikasjoner assosiert med ukontrollert hypertensjon.<\/p>\n<p>H\u00f8yt blodtrykk er en tilstand som ofte utvikler seg stille, uten merkbare symptomer. Over tid kan det imidlertid f\u00f8re til alvorlige helseproblemer som hjerteinfarkt, hjerneslag, hjertesvikt eller nyreskader. Bisoprolol bidrar til \u00e5 redusere disse risikoene ved \u00e5 m\u00e5lrette effektene av stresshormoner som adrenalin, som normalt \u00f8ker hjertefrekvensen og blodtrykket.<\/p>\n<p>Medikamentet tas vanligvis \u00e9n gang daglig. Behandlingen starter ofte med en lav dose, som kan justeres basert p\u00e5 hvordan kroppen reagerer. I mange tilfeller brukes Bisoprolol sammen med andre blodtrykksenkende medisiner for \u00e5 oppn\u00e5 bedre kontroll.<\/p>\n<p>I motsetning til smertestillende eller hurtigvirkende behandlinger, gir ikke Bisoprolol umiddelbar symptomlindring. Dens fordeler blir tydelige over tid ved \u00e5 opprettholde stabile blodtrykksniv\u00e5er og redusere kardiovaskul\u00e6r belastning. Det er viktig \u00e5 ta medikamentet konsekvent som foreskrevet, selv om det ikke er noen symptomer til stede.<\/p>\n<p>Bivirkninger kan forekomme, spesielt i begynnelsen av behandlingen. Disse kan inkludere tretthet, svimmelhet eller kalde hender og f\u00f8tter. Slike effekter er vanligvis milde og midlertidige etter hvert som kroppen tilpasser seg. Regelmessige kontroller er nyttige for \u00e5 overv\u00e5ke blodtrykket og sikre at behandlingen forblir passende.<\/p>\n","protected":false},"excerpt":{"rendered":"<ul>\n<li>Hjertevelgende daglig betablokker<\/li>\n<li>Senker trykk og puls sammen<\/li>\n<li>Dokumentert overlevelsesfordel ved hjertesvikt<\/li>\n<\/ul>\n","protected":false},"featured_media":890,"comment_status":"open","ping_status":"closed","template":"","meta":[],"product_brand":[],"product_cat":[136],"product_tag":[],"expert":[21],"class_list":{"0":"post-888","1":"product","2":"type-product","3":"status-publish","4":"has-post-thumbnail","6":"product_cat-hoyt-blodtrykk","7":"expert-dr-m-sharoyko","9":"first","10":"instock","11":"shipping-taxable","12":"product-type-variable"},"yoast_head":"<!-- This site is optimized with the Yoast SEO plugin v27.0 - https:\/\/yoast.com\/product\/yoast-seo-wordpress\/ -->\n<title>Bisoprolol | Hjertehelse St\u00f8tte - Transtoyou<\/title>\n<meta name=\"description\" content=\"Utforsk Bisoprolol p\u00e5 Transtoyou, laget for hjertehelse, reduserer hypertensjon og angina. Kj\u00f8p n\u00e5 for en skreddersydd l\u00f8sning for hjertebehov.\" \/>\n<meta name=\"robots\" content=\"noindex, follow, max-snippet:-1, max-image-preview:large, max-video-preview:-1\" \/>\n<meta property=\"og:locale\" content=\"nb_NO\" \/>\n<meta property=\"og:type\" content=\"article\" \/>\n<meta property=\"og:title\" content=\"Bisoprolol | Hjertehelse St\u00f8tte - Transtoyou\" \/>\n<meta property=\"og:description\" content=\"Utforsk Bisoprolol p\u00e5 Transtoyou, laget for hjertehelse, reduserer hypertensjon og angina. Kj\u00f8p n\u00e5 for en skreddersydd l\u00f8sning for hjertebehov.\" \/>\n<meta property=\"og:url\" content=\"https:\/\/www.transtoyou.com\/nb\/product\/bisoprolol\/\" \/>\n<meta property=\"og:site_name\" content=\"Transtoyou - NB\" \/>\n<meta property=\"article:modified_time\" content=\"2026-01-23T22:04:18+00:00\" \/>\n<meta name=\"twitter:card\" content=\"summary_large_image\" \/>\n<meta name=\"twitter:label1\" content=\"Ansl. lesetid\" \/>\n\t<meta name=\"twitter:data1\" content=\"1 minutt\" \/>\n<script type=\"application\/ld+json\" class=\"yoast-schema-graph\">{\"@context\":\"https:\/\/schema.org\",\"@graph\":[{\"@type\":\"WebPage\",\"@id\":\"https:\/\/www.transtoyou.com\/nb\/product\/bisoprolol\/\",\"url\":\"https:\/\/www.transtoyou.com\/nb\/product\/bisoprolol\/\",\"name\":\"Bisoprolol | Hjertehelse St\u00f8tte - Transtoyou\",\"isPartOf\":{\"@id\":\"https:\/\/www.transtoyou.com\/nb\/#website\"},\"primaryImageOfPage\":{\"@id\":\"https:\/\/www.transtoyou.com\/nb\/product\/bisoprolol\/#primaryimage\"},\"image\":{\"@id\":\"https:\/\/www.transtoyou.com\/nb\/product\/bisoprolol\/#primaryimage\"},\"thumbnailUrl\":\"https:\/\/www.transtoyou.com\/nb\/wp-content\/uploads\/sites\/10\/2026\/01\/tty-no-product-image-56.webp\",\"datePublished\":\"2026-01-23T22:03:04+00:00\",\"dateModified\":\"2026-01-23T22:04:18+00:00\",\"description\":\"Utforsk Bisoprolol p\u00e5 Transtoyou, laget for hjertehelse, reduserer hypertensjon og angina. Kj\u00f8p n\u00e5 for en skreddersydd l\u00f8sning for hjertebehov.\",\"breadcrumb\":{\"@id\":\"https:\/\/www.transtoyou.com\/nb\/product\/bisoprolol\/#breadcrumb\"},\"inLanguage\":\"nb-NO\",\"potentialAction\":[{\"@type\":\"ReadAction\",\"target\":[\"https:\/\/www.transtoyou.com\/nb\/product\/bisoprolol\/\"]}]},{\"@type\":\"ImageObject\",\"inLanguage\":\"nb-NO\",\"@id\":\"https:\/\/www.transtoyou.com\/nb\/product\/bisoprolol\/#primaryimage\",\"url\":\"https:\/\/www.transtoyou.com\/nb\/wp-content\/uploads\/sites\/10\/2026\/01\/tty-no-product-image-56.webp\",\"contentUrl\":\"https:\/\/www.transtoyou.com\/nb\/wp-content\/uploads\/sites\/10\/2026\/01\/tty-no-product-image-56.webp\",\"width\":1000,\"height\":1000,\"caption\":\"Standard produktbilde\"},{\"@type\":\"WebSite\",\"@id\":\"https:\/\/www.transtoyou.com\/nb\/#website\",\"url\":\"https:\/\/www.transtoyou.com\/nb\/\",\"name\":\"Transtoyou - NB\",\"description\":\"\",\"publisher\":{\"@id\":\"https:\/\/www.transtoyou.com\/nb\/#organization\"},\"potentialAction\":[{\"@type\":\"SearchAction\",\"target\":{\"@type\":\"EntryPoint\",\"urlTemplate\":\"https:\/\/www.transtoyou.com\/nb\/?s={search_term_string}\"},\"query-input\":{\"@type\":\"PropertyValueSpecification\",\"valueRequired\":true,\"valueName\":\"search_term_string\"}}],\"inLanguage\":\"nb-NO\"},{\"@type\":\"Organization\",\"@id\":\"https:\/\/www.transtoyou.com\/nb\/#organization\",\"name\":\"Transtoyou - NB\",\"url\":\"https:\/\/www.transtoyou.com\/nb\/\",\"logo\":{\"@type\":\"ImageObject\",\"inLanguage\":\"nb-NO\",\"@id\":\"https:\/\/www.transtoyou.com\/nb\/#\/schema\/logo\/image\/\",\"url\":\"https:\/\/www.transtoyou.com\/nb\/wp-content\/uploads\/sites\/10\/2026\/01\/logo-tty-menu-bar-300x87-1.webp\",\"contentUrl\":\"https:\/\/www.transtoyou.com\/nb\/wp-content\/uploads\/sites\/10\/2026\/01\/logo-tty-menu-bar-300x87-1.webp\",\"width\":300,\"height\":87,\"caption\":\"Transtoyou - NB\"},\"image\":{\"@id\":\"https:\/\/www.transtoyou.com\/nb\/#\/schema\/logo\/image\/\"}}]}<\/script>\n<!-- \/ Yoast SEO plugin. -->","yoast_head_json":{"title":"Bisoprolol | Hjertehelse St\u00f8tte - Transtoyou","description":"Utforsk Bisoprolol p\u00e5 Transtoyou, laget for hjertehelse, reduserer hypertensjon og angina. Kj\u00f8p n\u00e5 for en skreddersydd l\u00f8sning for hjertebehov.","robots":{"index":"noindex","follow":"follow","max-snippet":"max-snippet:-1","max-image-preview":"max-image-preview:large","max-video-preview":"max-video-preview:-1"},"og_locale":"nb_NO","og_type":"article","og_title":"Bisoprolol | Hjertehelse St\u00f8tte - Transtoyou","og_description":"Utforsk Bisoprolol p\u00e5 Transtoyou, laget for hjertehelse, reduserer hypertensjon og angina. Kj\u00f8p n\u00e5 for en skreddersydd l\u00f8sning for hjertebehov.","og_url":"https:\/\/www.transtoyou.com\/nb\/product\/bisoprolol\/","og_site_name":"Transtoyou - NB","article_modified_time":"2026-01-23T22:04:18+00:00","twitter_card":"summary_large_image","twitter_misc":{"Ansl. lesetid":"1 minutt"},"schema":{"@context":"https:\/\/schema.org","@graph":[{"@type":"WebPage","@id":"https:\/\/www.transtoyou.com\/nb\/product\/bisoprolol\/","url":"https:\/\/www.transtoyou.com\/nb\/product\/bisoprolol\/","name":"Bisoprolol | Hjertehelse St\u00f8tte - Transtoyou","isPartOf":{"@id":"https:\/\/www.transtoyou.com\/nb\/#website"},"primaryImageOfPage":{"@id":"https:\/\/www.transtoyou.com\/nb\/product\/bisoprolol\/#primaryimage"},"image":{"@id":"https:\/\/www.transtoyou.com\/nb\/product\/bisoprolol\/#primaryimage"},"thumbnailUrl":"https:\/\/www.transtoyou.com\/nb\/wp-content\/uploads\/sites\/10\/2026\/01\/tty-no-product-image-56.webp","datePublished":"2026-01-23T22:03:04+00:00","dateModified":"2026-01-23T22:04:18+00:00","description":"Utforsk Bisoprolol p\u00e5 Transtoyou, laget for hjertehelse, reduserer hypertensjon og angina. Kj\u00f8p n\u00e5 for en skreddersydd l\u00f8sning for hjertebehov.","breadcrumb":{"@id":"https:\/\/www.transtoyou.com\/nb\/product\/bisoprolol\/#breadcrumb"},"inLanguage":"nb-NO","potentialAction":[{"@type":"ReadAction","target":["https:\/\/www.transtoyou.com\/nb\/product\/bisoprolol\/"]}]},{"@type":"ImageObject","inLanguage":"nb-NO","@id":"https:\/\/www.transtoyou.com\/nb\/product\/bisoprolol\/#primaryimage","url":"https:\/\/www.transtoyou.com\/nb\/wp-content\/uploads\/sites\/10\/2026\/01\/tty-no-product-image-56.webp","contentUrl":"https:\/\/www.transtoyou.com\/nb\/wp-content\/uploads\/sites\/10\/2026\/01\/tty-no-product-image-56.webp","width":1000,"height":1000,"caption":"Standard produktbilde"},{"@type":"WebSite","@id":"https:\/\/www.transtoyou.com\/nb\/#website","url":"https:\/\/www.transtoyou.com\/nb\/","name":"Transtoyou - NB","description":"","publisher":{"@id":"https:\/\/www.transtoyou.com\/nb\/#organization"},"potentialAction":[{"@type":"SearchAction","target":{"@type":"EntryPoint","urlTemplate":"https:\/\/www.transtoyou.com\/nb\/?s={search_term_string}"},"query-input":{"@type":"PropertyValueSpecification","valueRequired":true,"valueName":"search_term_string"}}],"inLanguage":"nb-NO"},{"@type":"Organization","@id":"https:\/\/www.transtoyou.com\/nb\/#organization","name":"Transtoyou - NB","url":"https:\/\/www.transtoyou.com\/nb\/","logo":{"@type":"ImageObject","inLanguage":"nb-NO","@id":"https:\/\/www.transtoyou.com\/nb\/#\/schema\/logo\/image\/","url":"https:\/\/www.transtoyou.com\/nb\/wp-content\/uploads\/sites\/10\/2026\/01\/logo-tty-menu-bar-300x87-1.webp","contentUrl":"https:\/\/www.transtoyou.com\/nb\/wp-content\/uploads\/sites\/10\/2026\/01\/logo-tty-menu-bar-300x87-1.webp","width":300,"height":87,"caption":"Transtoyou - NB"},"image":{"@id":"https:\/\/www.transtoyou.com\/nb\/#\/schema\/logo\/image\/"}}]}},"_links":{"self":[{"href":"https:\/\/www.transtoyou.com\/nb\/wp-json\/wp\/v2\/product\/888","targetHints":{"allow":["GET"]}}],"collection":[{"href":"https:\/\/www.transtoyou.com\/nb\/wp-json\/wp\/v2\/product"}],"about":[{"href":"https:\/\/www.transtoyou.com\/nb\/wp-json\/wp\/v2\/types\/product"}],"replies":[{"embeddable":true,"href":"https:\/\/www.transtoyou.com\/nb\/wp-json\/wp\/v2\/comments?post=888"}],"wp:featuredmedia":[{"embeddable":true,"href":"https:\/\/www.transtoyou.com\/nb\/wp-json\/wp\/v2\/media\/890"}],"wp:attachment":[{"href":"https:\/\/www.transtoyou.com\/nb\/wp-json\/wp\/v2\/media?parent=888"}],"wp:term":[{"taxonomy":"product_brand","embeddable":true,"href":"https:\/\/www.transtoyou.com\/nb\/wp-json\/wp\/v2\/product_brand?post=888"},{"taxonomy":"product_cat","embeddable":true,"href":"https:\/\/www.transtoyou.com\/nb\/wp-json\/wp\/v2\/product_cat?post=888"},{"taxonomy":"product_tag","embeddable":true,"href":"https:\/\/www.transtoyou.com\/nb\/wp-json\/wp\/v2\/product_tag?post=888"},{"taxonomy":"expert","embeddable":true,"href":"https:\/\/www.transtoyou.com\/nb\/wp-json\/wp\/v2\/expert?post=888"}],"curies":[{"name":"wp","href":"https:\/\/api.w.org\/{rel}","templated":true}]}}