{"id":891,"date":"2026-01-24T00:20:17","date_gmt":"2026-01-23T22:20:17","guid":{"rendered":"https:\/\/www.transtoyou.com\/nb\/product\/metoprolol\/"},"modified":"2026-02-26T10:46:39","modified_gmt":"2026-02-26T08:46:39","slug":"metoprolol","status":"publish","type":"product","link":"https:\/\/www.transtoyou.com\/nb\/product\/metoprolol\/","title":{"rendered":"Metoprolol"},"content":{"rendered":"<p>Metoprolol er en medisin som tilh\u00f8rer klassen av beta-blokkere, vanligvis foreskrevet for \u00e5 h\u00e5ndtere h\u00f8yt blodtrykk. Ved \u00e5 senke hjertefrekvensen og redusere kraften i hjertekontraksjonene, hjelper det hjertet med \u00e5 fungere mer effektivt og reduserer trykket p\u00e5 blod\u00e5rene. Dette gj\u00f8r det til et alternativ i b\u00e5de innledende og langsiktige behandlingsplaner for hypertensjon.<\/p>\n<p>N\u00e5r blodtrykket forblir forh\u00f8yet over tid, \u00f8ker det risikoen for alvorlige helsekomplikasjoner som hjerteinfarkt, hjerneslag eller nyreskader. Metoprolol virker ved \u00e5 blokkere virkningen av visse naturlige kjemikalier i kroppen, som adrenalin, p\u00e5 hjertet og blod\u00e5rene. Som et resultat senker det hjertefrekvensen og letter belastningen p\u00e5 det kardiovaskul\u00e6re systemet.<\/p>\n<p>Metoprolol tas vanligvis i tablettform en eller to ganger om dagen. Folk som tar Metoprolol f\u00f8ler vanligvis ikke effektene direkte, men over tid hjelper det med \u00e5 beskytte hjertet og blod\u00e5rene mot skader for\u00e5rsaket av langvarig hypertensjon. Konsistent bruk er avgj\u00f8rende for \u00e5 opprettholde stabile blodtrykksniv\u00e5er og forhindre komplikasjoner, selv om ingen symptomer er til stede.<\/p>\n<p>Metoprolol kan for\u00e5rsake noen milde bivirkninger, som tretthet, kalde ekstremiteter eller svimmelhet, spesielt n\u00e5r man starter med medisinen. Disse avtar vanligvis etter hvert som kroppen tilpasser seg. Som med enhver behandling for blodtrykk, er regelmessig overv\u00e5king og medisinsk oppf\u00f8lging viktig for \u00e5 sikre sikkerhet og effektivitet.<\/p>\n","protected":false},"excerpt":{"rendered":"<ul>\n<li>Engangsdags hjerte-selektiv blokkering<\/li>\n<li>Bevist \u00e5 redusere post-MI d\u00f8dsfall<\/li>\n<li>Demper puls, trykk, hjertebank<\/li>\n<\/ul>\n","protected":false},"featured_media":893,"comment_status":"open","ping_status":"closed","template":"","meta":[],"product_brand":[],"product_cat":[136],"product_tag":[],"expert":[21],"class_list":{"0":"post-891","1":"product","2":"type-product","3":"status-publish","4":"has-post-thumbnail","6":"product_cat-hoyt-blodtrykk","7":"expert-dr-m-sharoyko","9":"first","10":"instock","11":"shipping-taxable","12":"product-type-variable"},"yoast_head":"<!-- This site is optimized with the Yoast SEO plugin v27.0 - https:\/\/yoast.com\/product\/yoast-seo-wordpress\/ -->\n<title>Metoprolol | H\u00e5ndter blodtrykket effektivt - Transtoyou<\/title>\n<meta name=\"description\" content=\"Oppdag Metoprolol, en betablokker for h\u00f8yt blodtrykk, tilgjengelig p\u00e5 Transtoyou. Reduserer hjertebelastning og forbedrer hjertehelsen.\" \/>\n<meta name=\"robots\" content=\"noindex, follow, max-snippet:-1, max-image-preview:large, max-video-preview:-1\" \/>\n<meta property=\"og:locale\" content=\"nb_NO\" \/>\n<meta property=\"og:type\" content=\"article\" \/>\n<meta property=\"og:title\" content=\"Metoprolol | H\u00e5ndter blodtrykket effektivt - Transtoyou\" \/>\n<meta property=\"og:description\" content=\"Oppdag Metoprolol, en betablokker for h\u00f8yt blodtrykk, tilgjengelig p\u00e5 Transtoyou. Reduserer hjertebelastning og forbedrer hjertehelsen.\" \/>\n<meta property=\"og:url\" content=\"https:\/\/www.transtoyou.com\/nb\/product\/metoprolol\/\" \/>\n<meta property=\"og:site_name\" content=\"Transtoyou - NB\" \/>\n<meta property=\"article:modified_time\" content=\"2026-02-26T08:46:39+00:00\" \/>\n<meta name=\"twitter:card\" content=\"summary_large_image\" \/>\n<meta name=\"twitter:label1\" content=\"Ansl. lesetid\" \/>\n\t<meta name=\"twitter:data1\" content=\"1 minutt\" \/>\n<script type=\"application\/ld+json\" class=\"yoast-schema-graph\">{\"@context\":\"https:\/\/schema.org\",\"@graph\":[{\"@type\":\"WebPage\",\"@id\":\"https:\/\/www.transtoyou.com\/nb\/product\/metoprolol\/\",\"url\":\"https:\/\/www.transtoyou.com\/nb\/product\/metoprolol\/\",\"name\":\"Metoprolol | H\u00e5ndter blodtrykket effektivt - Transtoyou\",\"isPartOf\":{\"@id\":\"https:\/\/www.transtoyou.com\/nb\/#website\"},\"primaryImageOfPage\":{\"@id\":\"https:\/\/www.transtoyou.com\/nb\/product\/metoprolol\/#primaryimage\"},\"image\":{\"@id\":\"https:\/\/www.transtoyou.com\/nb\/product\/metoprolol\/#primaryimage\"},\"thumbnailUrl\":\"https:\/\/www.transtoyou.com\/nb\/wp-content\/uploads\/sites\/10\/2026\/01\/tty-no-product-image-57.webp\",\"datePublished\":\"2026-01-23T22:20:17+00:00\",\"dateModified\":\"2026-02-26T08:46:39+00:00\",\"description\":\"Oppdag Metoprolol, en betablokker for h\u00f8yt blodtrykk, tilgjengelig p\u00e5 Transtoyou. Reduserer hjertebelastning og forbedrer hjertehelsen.\",\"breadcrumb\":{\"@id\":\"https:\/\/www.transtoyou.com\/nb\/product\/metoprolol\/#breadcrumb\"},\"inLanguage\":\"nb-NO\",\"potentialAction\":[{\"@type\":\"ReadAction\",\"target\":[\"https:\/\/www.transtoyou.com\/nb\/product\/metoprolol\/\"]}]},{\"@type\":\"ImageObject\",\"inLanguage\":\"nb-NO\",\"@id\":\"https:\/\/www.transtoyou.com\/nb\/product\/metoprolol\/#primaryimage\",\"url\":\"https:\/\/www.transtoyou.com\/nb\/wp-content\/uploads\/sites\/10\/2026\/01\/tty-no-product-image-57.webp\",\"contentUrl\":\"https:\/\/www.transtoyou.com\/nb\/wp-content\/uploads\/sites\/10\/2026\/01\/tty-no-product-image-57.webp\",\"width\":1000,\"height\":1000,\"caption\":\"Standard produktbilde\"},{\"@type\":\"WebSite\",\"@id\":\"https:\/\/www.transtoyou.com\/nb\/#website\",\"url\":\"https:\/\/www.transtoyou.com\/nb\/\",\"name\":\"Transtoyou - NB\",\"description\":\"\",\"publisher\":{\"@id\":\"https:\/\/www.transtoyou.com\/nb\/#organization\"},\"potentialAction\":[{\"@type\":\"SearchAction\",\"target\":{\"@type\":\"EntryPoint\",\"urlTemplate\":\"https:\/\/www.transtoyou.com\/nb\/?s={search_term_string}\"},\"query-input\":{\"@type\":\"PropertyValueSpecification\",\"valueRequired\":true,\"valueName\":\"search_term_string\"}}],\"inLanguage\":\"nb-NO\"},{\"@type\":\"Organization\",\"@id\":\"https:\/\/www.transtoyou.com\/nb\/#organization\",\"name\":\"Transtoyou - NB\",\"url\":\"https:\/\/www.transtoyou.com\/nb\/\",\"logo\":{\"@type\":\"ImageObject\",\"inLanguage\":\"nb-NO\",\"@id\":\"https:\/\/www.transtoyou.com\/nb\/#\/schema\/logo\/image\/\",\"url\":\"https:\/\/www.transtoyou.com\/nb\/wp-content\/uploads\/sites\/10\/2026\/01\/logo-tty-menu-bar-300x87-1.webp\",\"contentUrl\":\"https:\/\/www.transtoyou.com\/nb\/wp-content\/uploads\/sites\/10\/2026\/01\/logo-tty-menu-bar-300x87-1.webp\",\"width\":300,\"height\":87,\"caption\":\"Transtoyou - NB\"},\"image\":{\"@id\":\"https:\/\/www.transtoyou.com\/nb\/#\/schema\/logo\/image\/\"}}]}<\/script>\n<!-- \/ Yoast SEO plugin. -->","yoast_head_json":{"title":"Metoprolol | H\u00e5ndter blodtrykket effektivt - Transtoyou","description":"Oppdag Metoprolol, en betablokker for h\u00f8yt blodtrykk, tilgjengelig p\u00e5 Transtoyou. Reduserer hjertebelastning og forbedrer hjertehelsen.","robots":{"index":"noindex","follow":"follow","max-snippet":"max-snippet:-1","max-image-preview":"max-image-preview:large","max-video-preview":"max-video-preview:-1"},"og_locale":"nb_NO","og_type":"article","og_title":"Metoprolol | H\u00e5ndter blodtrykket effektivt - Transtoyou","og_description":"Oppdag Metoprolol, en betablokker for h\u00f8yt blodtrykk, tilgjengelig p\u00e5 Transtoyou. Reduserer hjertebelastning og forbedrer hjertehelsen.","og_url":"https:\/\/www.transtoyou.com\/nb\/product\/metoprolol\/","og_site_name":"Transtoyou - NB","article_modified_time":"2026-02-26T08:46:39+00:00","twitter_card":"summary_large_image","twitter_misc":{"Ansl. lesetid":"1 minutt"},"schema":{"@context":"https:\/\/schema.org","@graph":[{"@type":"WebPage","@id":"https:\/\/www.transtoyou.com\/nb\/product\/metoprolol\/","url":"https:\/\/www.transtoyou.com\/nb\/product\/metoprolol\/","name":"Metoprolol | H\u00e5ndter blodtrykket effektivt - Transtoyou","isPartOf":{"@id":"https:\/\/www.transtoyou.com\/nb\/#website"},"primaryImageOfPage":{"@id":"https:\/\/www.transtoyou.com\/nb\/product\/metoprolol\/#primaryimage"},"image":{"@id":"https:\/\/www.transtoyou.com\/nb\/product\/metoprolol\/#primaryimage"},"thumbnailUrl":"https:\/\/www.transtoyou.com\/nb\/wp-content\/uploads\/sites\/10\/2026\/01\/tty-no-product-image-57.webp","datePublished":"2026-01-23T22:20:17+00:00","dateModified":"2026-02-26T08:46:39+00:00","description":"Oppdag Metoprolol, en betablokker for h\u00f8yt blodtrykk, tilgjengelig p\u00e5 Transtoyou. Reduserer hjertebelastning og forbedrer hjertehelsen.","breadcrumb":{"@id":"https:\/\/www.transtoyou.com\/nb\/product\/metoprolol\/#breadcrumb"},"inLanguage":"nb-NO","potentialAction":[{"@type":"ReadAction","target":["https:\/\/www.transtoyou.com\/nb\/product\/metoprolol\/"]}]},{"@type":"ImageObject","inLanguage":"nb-NO","@id":"https:\/\/www.transtoyou.com\/nb\/product\/metoprolol\/#primaryimage","url":"https:\/\/www.transtoyou.com\/nb\/wp-content\/uploads\/sites\/10\/2026\/01\/tty-no-product-image-57.webp","contentUrl":"https:\/\/www.transtoyou.com\/nb\/wp-content\/uploads\/sites\/10\/2026\/01\/tty-no-product-image-57.webp","width":1000,"height":1000,"caption":"Standard produktbilde"},{"@type":"WebSite","@id":"https:\/\/www.transtoyou.com\/nb\/#website","url":"https:\/\/www.transtoyou.com\/nb\/","name":"Transtoyou - NB","description":"","publisher":{"@id":"https:\/\/www.transtoyou.com\/nb\/#organization"},"potentialAction":[{"@type":"SearchAction","target":{"@type":"EntryPoint","urlTemplate":"https:\/\/www.transtoyou.com\/nb\/?s={search_term_string}"},"query-input":{"@type":"PropertyValueSpecification","valueRequired":true,"valueName":"search_term_string"}}],"inLanguage":"nb-NO"},{"@type":"Organization","@id":"https:\/\/www.transtoyou.com\/nb\/#organization","name":"Transtoyou - NB","url":"https:\/\/www.transtoyou.com\/nb\/","logo":{"@type":"ImageObject","inLanguage":"nb-NO","@id":"https:\/\/www.transtoyou.com\/nb\/#\/schema\/logo\/image\/","url":"https:\/\/www.transtoyou.com\/nb\/wp-content\/uploads\/sites\/10\/2026\/01\/logo-tty-menu-bar-300x87-1.webp","contentUrl":"https:\/\/www.transtoyou.com\/nb\/wp-content\/uploads\/sites\/10\/2026\/01\/logo-tty-menu-bar-300x87-1.webp","width":300,"height":87,"caption":"Transtoyou - NB"},"image":{"@id":"https:\/\/www.transtoyou.com\/nb\/#\/schema\/logo\/image\/"}}]}},"_links":{"self":[{"href":"https:\/\/www.transtoyou.com\/nb\/wp-json\/wp\/v2\/product\/891","targetHints":{"allow":["GET"]}}],"collection":[{"href":"https:\/\/www.transtoyou.com\/nb\/wp-json\/wp\/v2\/product"}],"about":[{"href":"https:\/\/www.transtoyou.com\/nb\/wp-json\/wp\/v2\/types\/product"}],"replies":[{"embeddable":true,"href":"https:\/\/www.transtoyou.com\/nb\/wp-json\/wp\/v2\/comments?post=891"}],"wp:featuredmedia":[{"embeddable":true,"href":"https:\/\/www.transtoyou.com\/nb\/wp-json\/wp\/v2\/media\/893"}],"wp:attachment":[{"href":"https:\/\/www.transtoyou.com\/nb\/wp-json\/wp\/v2\/media?parent=891"}],"wp:term":[{"taxonomy":"product_brand","embeddable":true,"href":"https:\/\/www.transtoyou.com\/nb\/wp-json\/wp\/v2\/product_brand?post=891"},{"taxonomy":"product_cat","embeddable":true,"href":"https:\/\/www.transtoyou.com\/nb\/wp-json\/wp\/v2\/product_cat?post=891"},{"taxonomy":"product_tag","embeddable":true,"href":"https:\/\/www.transtoyou.com\/nb\/wp-json\/wp\/v2\/product_tag?post=891"},{"taxonomy":"expert","embeddable":true,"href":"https:\/\/www.transtoyou.com\/nb\/wp-json\/wp\/v2\/expert?post=891"}],"curies":[{"name":"wp","href":"https:\/\/api.w.org\/{rel}","templated":true}]}}