{"id":894,"date":"2026-01-24T00:36:36","date_gmt":"2026-01-23T22:36:36","guid":{"rendered":"https:\/\/www.transtoyou.com\/nb\/product\/testavan\/"},"modified":"2026-03-01T11:37:14","modified_gmt":"2026-03-01T09:37:14","slug":"testavan","status":"publish","type":"product","link":"https:\/\/www.transtoyou.com\/nb\/product\/testavan\/","title":{"rendered":"Testavan"},"content":{"rendered":"<p>Testavan er en testosteron gel som p\u00e5f\u00f8res direkte p\u00e5 huden, designet for \u00e5 behandle lave testosteronniv\u00e5er hos voksne menn og personer som gjennomg\u00e5r maskuliniserende hormonbehandling. Den tilbyr et ikke-invasivt og praktisk alternativ til injeksjoner, og gir jevne hormonniv\u00e5er gjennom daglig p\u00e5f\u00f8ring. Testavan brukes ogs\u00e5 i sammenheng med testosteronbasert behandling hos eldre voksne, hvor det kan bidra til \u00e5 st\u00f8tte vitalitet og energi hos noen individer med klinisk bekreftet testosteronmangel.<\/p>\n<p>Gelen inneholder testosteron i en formel som raskt absorberes gjennom huden, og leverer hormonet til blodstr\u00f8mmen. Den er assosiert med effekter som forbedret hum\u00f8r, \u00f8kt muskelmasse, st\u00f8rre energi, \u00f8kt libido, og, i sammenheng med kj\u00f8nnsbekreftende omsorg, utviklingen av maskuliniserende fysiske trekk som ansiktsh\u00e5r, dypere stemme og opph\u00f8r av menstruasjon.<\/p>\n<p>Testavan p\u00e5f\u00f8res en gang daglig, vanligvis p\u00e5 overarmen eller skulderen. Den hurtig t\u00f8rkende gelen krever kanskje ikke full gniing, men b\u00f8r spres lett som anvist, og forholdsregler m\u00e5 tas for \u00e5 unng\u00e5 kontakt med andre. Dens brukervennlighet gj\u00f8r den til et foretrukket alternativ for personer som velger en topisk tiln\u00e6rming til hormonbehandling eller \u00f8nsker \u00e5 unng\u00e5 hyppige injeksjoner.<\/p>\n<p>Som alle testosteronbehandlinger, krever Testavan regelmessig overv\u00e5king av hormonniv\u00e5er og andre helseparametere. Bivirkninger kan inkludere hudirritasjon p\u00e5 p\u00e5f\u00f8ringsstedet, akne, hum\u00f8rsvingninger eller \u00f8kt antall r\u00f8de blodlegemer. Den er kontraindisert hos personer med en historie med prostatakreft eller brystkreft, og strengt kontraindisert hos de som er gravide eller kan bli gravide.<\/p>\n","protected":false},"excerpt":{"rendered":"<ul>\n<li>Topisk testosteron gel<\/li>\n<li>Kan st\u00f8tte maskulinisering og energi<\/li>\n<li>Daglig, ikke-invasiv p\u00e5f\u00f8ring<\/li>\n<\/ul>\n","protected":false},"featured_media":897,"comment_status":"open","ping_status":"closed","template":"","meta":[],"product_brand":[],"product_cat":[168,169],"product_tag":[],"expert":[19],"class_list":{"0":"post-894","1":"product","2":"type-product","3":"status-publish","4":"has-post-thumbnail","6":"product_cat-testosteron-anti-aging","7":"product_cat-testosteron-maskuliniseringsterapi","8":"expert-dr-j-vazquez","10":"first","11":"instock","12":"shipping-taxable","13":"product-type-variable"},"yoast_head":"<!-- This site is optimized with the Yoast SEO plugin v27.0 - https:\/\/yoast.com\/product\/yoast-seo-wordpress\/ -->\n<title>Testavan | Praktisk Daglig Testosteron Gel - Transtoyou<\/title>\n<meta name=\"description\" content=\"Testavan testosterongel \u00f8ker energi, hum\u00f8r og vitalitet. Kj\u00f8p n\u00e5 for en ikke-invasiv l\u00f8sning p\u00e5 lavt testosteron hos Transtoyou.\" \/>\n<meta name=\"robots\" content=\"noindex, follow, max-snippet:-1, max-image-preview:large, max-video-preview:-1\" \/>\n<meta property=\"og:locale\" content=\"nb_NO\" \/>\n<meta property=\"og:type\" content=\"article\" \/>\n<meta property=\"og:title\" content=\"Testavan | Praktisk Daglig Testosteron Gel - Transtoyou\" \/>\n<meta property=\"og:description\" content=\"Testavan testosterongel \u00f8ker energi, hum\u00f8r og vitalitet. Kj\u00f8p n\u00e5 for en ikke-invasiv l\u00f8sning p\u00e5 lavt testosteron hos Transtoyou.\" \/>\n<meta property=\"og:url\" content=\"https:\/\/www.transtoyou.com\/nb\/product\/testavan\/\" \/>\n<meta property=\"og:site_name\" content=\"Transtoyou - NB\" \/>\n<meta property=\"article:modified_time\" content=\"2026-03-01T09:37:14+00:00\" \/>\n<meta name=\"twitter:card\" content=\"summary_large_image\" \/>\n<meta name=\"twitter:label1\" content=\"Ansl. lesetid\" \/>\n\t<meta name=\"twitter:data1\" content=\"1 minutt\" \/>\n<script type=\"application\/ld+json\" class=\"yoast-schema-graph\">{\"@context\":\"https:\/\/schema.org\",\"@graph\":[{\"@type\":\"WebPage\",\"@id\":\"https:\/\/www.transtoyou.com\/nb\/product\/testavan\/\",\"url\":\"https:\/\/www.transtoyou.com\/nb\/product\/testavan\/\",\"name\":\"Testavan | Praktisk Daglig Testosteron Gel - Transtoyou\",\"isPartOf\":{\"@id\":\"https:\/\/www.transtoyou.com\/nb\/#website\"},\"primaryImageOfPage\":{\"@id\":\"https:\/\/www.transtoyou.com\/nb\/product\/testavan\/#primaryimage\"},\"image\":{\"@id\":\"https:\/\/www.transtoyou.com\/nb\/product\/testavan\/#primaryimage\"},\"thumbnailUrl\":\"https:\/\/www.transtoyou.com\/nb\/wp-content\/uploads\/sites\/10\/2026\/01\/tty-no-product-image-58.webp\",\"datePublished\":\"2026-01-23T22:36:36+00:00\",\"dateModified\":\"2026-03-01T09:37:14+00:00\",\"description\":\"Testavan testosterongel \u00f8ker energi, hum\u00f8r og vitalitet. Kj\u00f8p n\u00e5 for en ikke-invasiv l\u00f8sning p\u00e5 lavt testosteron hos Transtoyou.\",\"breadcrumb\":{\"@id\":\"https:\/\/www.transtoyou.com\/nb\/product\/testavan\/#breadcrumb\"},\"inLanguage\":\"nb-NO\",\"potentialAction\":[{\"@type\":\"ReadAction\",\"target\":[\"https:\/\/www.transtoyou.com\/nb\/product\/testavan\/\"]}]},{\"@type\":\"ImageObject\",\"inLanguage\":\"nb-NO\",\"@id\":\"https:\/\/www.transtoyou.com\/nb\/product\/testavan\/#primaryimage\",\"url\":\"https:\/\/www.transtoyou.com\/nb\/wp-content\/uploads\/sites\/10\/2026\/01\/tty-no-product-image-58.webp\",\"contentUrl\":\"https:\/\/www.transtoyou.com\/nb\/wp-content\/uploads\/sites\/10\/2026\/01\/tty-no-product-image-58.webp\",\"width\":1000,\"height\":1000,\"caption\":\"Standard produktbilde\"},{\"@type\":\"WebSite\",\"@id\":\"https:\/\/www.transtoyou.com\/nb\/#website\",\"url\":\"https:\/\/www.transtoyou.com\/nb\/\",\"name\":\"Transtoyou - NB\",\"description\":\"\",\"publisher\":{\"@id\":\"https:\/\/www.transtoyou.com\/nb\/#organization\"},\"potentialAction\":[{\"@type\":\"SearchAction\",\"target\":{\"@type\":\"EntryPoint\",\"urlTemplate\":\"https:\/\/www.transtoyou.com\/nb\/?s={search_term_string}\"},\"query-input\":{\"@type\":\"PropertyValueSpecification\",\"valueRequired\":true,\"valueName\":\"search_term_string\"}}],\"inLanguage\":\"nb-NO\"},{\"@type\":\"Organization\",\"@id\":\"https:\/\/www.transtoyou.com\/nb\/#organization\",\"name\":\"Transtoyou - NB\",\"url\":\"https:\/\/www.transtoyou.com\/nb\/\",\"logo\":{\"@type\":\"ImageObject\",\"inLanguage\":\"nb-NO\",\"@id\":\"https:\/\/www.transtoyou.com\/nb\/#\/schema\/logo\/image\/\",\"url\":\"https:\/\/www.transtoyou.com\/nb\/wp-content\/uploads\/sites\/10\/2026\/01\/logo-tty-menu-bar-300x87-1.webp\",\"contentUrl\":\"https:\/\/www.transtoyou.com\/nb\/wp-content\/uploads\/sites\/10\/2026\/01\/logo-tty-menu-bar-300x87-1.webp\",\"width\":300,\"height\":87,\"caption\":\"Transtoyou - NB\"},\"image\":{\"@id\":\"https:\/\/www.transtoyou.com\/nb\/#\/schema\/logo\/image\/\"}}]}<\/script>\n<!-- \/ Yoast SEO plugin. -->","yoast_head_json":{"title":"Testavan | Praktisk Daglig Testosteron Gel - Transtoyou","description":"Testavan testosterongel \u00f8ker energi, hum\u00f8r og vitalitet. Kj\u00f8p n\u00e5 for en ikke-invasiv l\u00f8sning p\u00e5 lavt testosteron hos Transtoyou.","robots":{"index":"noindex","follow":"follow","max-snippet":"max-snippet:-1","max-image-preview":"max-image-preview:large","max-video-preview":"max-video-preview:-1"},"og_locale":"nb_NO","og_type":"article","og_title":"Testavan | Praktisk Daglig Testosteron Gel - Transtoyou","og_description":"Testavan testosterongel \u00f8ker energi, hum\u00f8r og vitalitet. Kj\u00f8p n\u00e5 for en ikke-invasiv l\u00f8sning p\u00e5 lavt testosteron hos Transtoyou.","og_url":"https:\/\/www.transtoyou.com\/nb\/product\/testavan\/","og_site_name":"Transtoyou - NB","article_modified_time":"2026-03-01T09:37:14+00:00","twitter_card":"summary_large_image","twitter_misc":{"Ansl. lesetid":"1 minutt"},"schema":{"@context":"https:\/\/schema.org","@graph":[{"@type":"WebPage","@id":"https:\/\/www.transtoyou.com\/nb\/product\/testavan\/","url":"https:\/\/www.transtoyou.com\/nb\/product\/testavan\/","name":"Testavan | Praktisk Daglig Testosteron Gel - Transtoyou","isPartOf":{"@id":"https:\/\/www.transtoyou.com\/nb\/#website"},"primaryImageOfPage":{"@id":"https:\/\/www.transtoyou.com\/nb\/product\/testavan\/#primaryimage"},"image":{"@id":"https:\/\/www.transtoyou.com\/nb\/product\/testavan\/#primaryimage"},"thumbnailUrl":"https:\/\/www.transtoyou.com\/nb\/wp-content\/uploads\/sites\/10\/2026\/01\/tty-no-product-image-58.webp","datePublished":"2026-01-23T22:36:36+00:00","dateModified":"2026-03-01T09:37:14+00:00","description":"Testavan testosterongel \u00f8ker energi, hum\u00f8r og vitalitet. Kj\u00f8p n\u00e5 for en ikke-invasiv l\u00f8sning p\u00e5 lavt testosteron hos Transtoyou.","breadcrumb":{"@id":"https:\/\/www.transtoyou.com\/nb\/product\/testavan\/#breadcrumb"},"inLanguage":"nb-NO","potentialAction":[{"@type":"ReadAction","target":["https:\/\/www.transtoyou.com\/nb\/product\/testavan\/"]}]},{"@type":"ImageObject","inLanguage":"nb-NO","@id":"https:\/\/www.transtoyou.com\/nb\/product\/testavan\/#primaryimage","url":"https:\/\/www.transtoyou.com\/nb\/wp-content\/uploads\/sites\/10\/2026\/01\/tty-no-product-image-58.webp","contentUrl":"https:\/\/www.transtoyou.com\/nb\/wp-content\/uploads\/sites\/10\/2026\/01\/tty-no-product-image-58.webp","width":1000,"height":1000,"caption":"Standard produktbilde"},{"@type":"WebSite","@id":"https:\/\/www.transtoyou.com\/nb\/#website","url":"https:\/\/www.transtoyou.com\/nb\/","name":"Transtoyou - NB","description":"","publisher":{"@id":"https:\/\/www.transtoyou.com\/nb\/#organization"},"potentialAction":[{"@type":"SearchAction","target":{"@type":"EntryPoint","urlTemplate":"https:\/\/www.transtoyou.com\/nb\/?s={search_term_string}"},"query-input":{"@type":"PropertyValueSpecification","valueRequired":true,"valueName":"search_term_string"}}],"inLanguage":"nb-NO"},{"@type":"Organization","@id":"https:\/\/www.transtoyou.com\/nb\/#organization","name":"Transtoyou - NB","url":"https:\/\/www.transtoyou.com\/nb\/","logo":{"@type":"ImageObject","inLanguage":"nb-NO","@id":"https:\/\/www.transtoyou.com\/nb\/#\/schema\/logo\/image\/","url":"https:\/\/www.transtoyou.com\/nb\/wp-content\/uploads\/sites\/10\/2026\/01\/logo-tty-menu-bar-300x87-1.webp","contentUrl":"https:\/\/www.transtoyou.com\/nb\/wp-content\/uploads\/sites\/10\/2026\/01\/logo-tty-menu-bar-300x87-1.webp","width":300,"height":87,"caption":"Transtoyou - NB"},"image":{"@id":"https:\/\/www.transtoyou.com\/nb\/#\/schema\/logo\/image\/"}}]}},"_links":{"self":[{"href":"https:\/\/www.transtoyou.com\/nb\/wp-json\/wp\/v2\/product\/894","targetHints":{"allow":["GET"]}}],"collection":[{"href":"https:\/\/www.transtoyou.com\/nb\/wp-json\/wp\/v2\/product"}],"about":[{"href":"https:\/\/www.transtoyou.com\/nb\/wp-json\/wp\/v2\/types\/product"}],"replies":[{"embeddable":true,"href":"https:\/\/www.transtoyou.com\/nb\/wp-json\/wp\/v2\/comments?post=894"}],"wp:featuredmedia":[{"embeddable":true,"href":"https:\/\/www.transtoyou.com\/nb\/wp-json\/wp\/v2\/media\/897"}],"wp:attachment":[{"href":"https:\/\/www.transtoyou.com\/nb\/wp-json\/wp\/v2\/media?parent=894"}],"wp:term":[{"taxonomy":"product_brand","embeddable":true,"href":"https:\/\/www.transtoyou.com\/nb\/wp-json\/wp\/v2\/product_brand?post=894"},{"taxonomy":"product_cat","embeddable":true,"href":"https:\/\/www.transtoyou.com\/nb\/wp-json\/wp\/v2\/product_cat?post=894"},{"taxonomy":"product_tag","embeddable":true,"href":"https:\/\/www.transtoyou.com\/nb\/wp-json\/wp\/v2\/product_tag?post=894"},{"taxonomy":"expert","embeddable":true,"href":"https:\/\/www.transtoyou.com\/nb\/wp-json\/wp\/v2\/expert?post=894"}],"curies":[{"name":"wp","href":"https:\/\/api.w.org\/{rel}","templated":true}]}}