{"id":904,"date":"2026-01-24T01:25:31","date_gmt":"2026-01-23T23:25:31","guid":{"rendered":"https:\/\/www.transtoyou.com\/nb\/product\/tamiflu\/"},"modified":"2026-03-06T12:44:13","modified_gmt":"2026-03-06T10:44:13","slug":"tamiflu","status":"publish","type":"product","link":"https:\/\/www.transtoyou.com\/nb\/product\/tamiflu\/","title":{"rendered":"Tamiflu"},"content":{"rendered":"<p>Tamiflu, kjent ved sitt aktive stoff oseltamivir, er en antiviral medisin som brukes til \u00e5 behandle og forebygge influensa, ofte referert til som influensa. Det er ikke et generelt forkj\u00f8lelsesmiddel, men snarere en m\u00e5lrettet behandling som virker mot influensavirus type A og B, som er ansvarlige for sesongmessige influensautbrudd.<\/p>\n<p>Tamiflu virker ved \u00e5 hemme neuraminidaseenzymet, et stoff som influensaviruset trenger for \u00e5 spre seg fra infiserte celler til friske celler i kroppen. Ved \u00e5 blokkere dette enzymet, bidrar Tamiflu til \u00e5 begrense spredningen av viruset, noe som kan redusere b\u00e5de alvorlighetsgraden og varigheten av symptomer som feber, frysninger, s\u00e5r hals, muskelsmerter og tretthet.<\/p>\n<p>Medisinen er mest effektiv n\u00e5r den startes innen 48 timer etter symptomdebut, selv om den fortsatt kan gi noe nytte hvis den tas senere. Den foreskrives ofte til personer med h\u00f8yere risiko for influensakomplikasjoner, som eldre voksne, personer med underliggende helseproblemer, eller de med svekket immunforsvar. I noen tilfeller brukes Tamiflu ogs\u00e5 som posteksponeringsprofylakse for personer som har v\u00e6rt utsatt for influensa, men som enn\u00e5 ikke har symptomer.<\/p>\n<p>Tamiflu tas vanligvis som et fem-dagers kurs, med en kapsel tatt to ganger daglig. For forebygging er en engangsdose daglig over ti dager vanlig etter n\u00e6r kontakt med noen som har influensa.<\/p>\n<p>De fleste t\u00e5ler Tamiflu godt. Noen kan oppleve bivirkninger som kvalme, oppkast, hodepine eller magesmerter, spesielt i starten av behandlingen. \u00c5 ta medisinen med mat kan bidra til \u00e5 redusere mage-relaterte bivirkninger.<\/p>\n","protected":false},"excerpt":{"rendered":"<ul>\n<li>Begynner \u00e5 virke innen timer for \u00e5 forkorte influensaplager<\/li>\n<li>75 mg kapsel eller pediatrisk suspensjonsalternativ<\/li>\n<li>Bevist \u00e5 redusere komplikasjoner i h\u00f8yrisikogrupper<\/li>\n<\/ul>\n","protected":false},"featured_media":906,"comment_status":"open","ping_status":"closed","template":"","meta":[],"product_brand":[],"product_cat":[123],"product_tag":[],"expert":[21],"class_list":{"0":"post-904","1":"product","2":"type-product","3":"status-publish","4":"has-post-thumbnail","6":"product_cat-influensa-hoste-forkjolelsesmidler","7":"expert-dr-m-sharoyko","9":"first","10":"instock","11":"shipping-taxable","12":"product-type-variable"},"yoast_head":"<!-- This site is optimized with the Yoast SEO plugin v27.0 - https:\/\/yoast.com\/product\/yoast-seo-wordpress\/ -->\n<title>Tamiflu | M\u00e5lrettet influensabehandling og forebygging - Transtoyou<\/title>\n<meta name=\"description\" content=\"Tamiflu, et antiviralt middel mot influensa A og B, reduserer symptomer og alvorlighetsgrad. Kj\u00f8p n\u00e5 p\u00e5 Transtoyou for effektiv beskyttelse.\" \/>\n<meta name=\"robots\" content=\"noindex, follow, max-snippet:-1, max-image-preview:large, max-video-preview:-1\" \/>\n<meta property=\"og:locale\" content=\"nb_NO\" \/>\n<meta property=\"og:type\" content=\"article\" \/>\n<meta property=\"og:title\" content=\"Tamiflu | M\u00e5lrettet influensabehandling og forebygging - Transtoyou\" \/>\n<meta property=\"og:description\" content=\"Tamiflu, et antiviralt middel mot influensa A og B, reduserer symptomer og alvorlighetsgrad. Kj\u00f8p n\u00e5 p\u00e5 Transtoyou for effektiv beskyttelse.\" \/>\n<meta property=\"og:url\" content=\"https:\/\/www.transtoyou.com\/nb\/product\/tamiflu\/\" \/>\n<meta property=\"og:site_name\" content=\"Transtoyou - NB\" \/>\n<meta property=\"article:modified_time\" content=\"2026-03-06T10:44:13+00:00\" \/>\n<meta name=\"twitter:card\" content=\"summary_large_image\" \/>\n<meta name=\"twitter:label1\" content=\"Ansl. lesetid\" \/>\n\t<meta name=\"twitter:data1\" content=\"1 minutt\" \/>\n<script type=\"application\/ld+json\" class=\"yoast-schema-graph\">{\"@context\":\"https:\/\/schema.org\",\"@graph\":[{\"@type\":\"WebPage\",\"@id\":\"https:\/\/www.transtoyou.com\/nb\/product\/tamiflu\/\",\"url\":\"https:\/\/www.transtoyou.com\/nb\/product\/tamiflu\/\",\"name\":\"Tamiflu | M\u00e5lrettet influensabehandling og forebygging - Transtoyou\",\"isPartOf\":{\"@id\":\"https:\/\/www.transtoyou.com\/nb\/#website\"},\"primaryImageOfPage\":{\"@id\":\"https:\/\/www.transtoyou.com\/nb\/product\/tamiflu\/#primaryimage\"},\"image\":{\"@id\":\"https:\/\/www.transtoyou.com\/nb\/product\/tamiflu\/#primaryimage\"},\"thumbnailUrl\":\"https:\/\/www.transtoyou.com\/nb\/wp-content\/uploads\/sites\/10\/2026\/01\/tty-no-product-image-61.webp\",\"datePublished\":\"2026-01-23T23:25:31+00:00\",\"dateModified\":\"2026-03-06T10:44:13+00:00\",\"description\":\"Tamiflu, et antiviralt middel mot influensa A og B, reduserer symptomer og alvorlighetsgrad. Kj\u00f8p n\u00e5 p\u00e5 Transtoyou for effektiv beskyttelse.\",\"breadcrumb\":{\"@id\":\"https:\/\/www.transtoyou.com\/nb\/product\/tamiflu\/#breadcrumb\"},\"inLanguage\":\"nb-NO\",\"potentialAction\":[{\"@type\":\"ReadAction\",\"target\":[\"https:\/\/www.transtoyou.com\/nb\/product\/tamiflu\/\"]}]},{\"@type\":\"ImageObject\",\"inLanguage\":\"nb-NO\",\"@id\":\"https:\/\/www.transtoyou.com\/nb\/product\/tamiflu\/#primaryimage\",\"url\":\"https:\/\/www.transtoyou.com\/nb\/wp-content\/uploads\/sites\/10\/2026\/01\/tty-no-product-image-61.webp\",\"contentUrl\":\"https:\/\/www.transtoyou.com\/nb\/wp-content\/uploads\/sites\/10\/2026\/01\/tty-no-product-image-61.webp\",\"width\":1000,\"height\":1000,\"caption\":\"Standard produktbilde\"},{\"@type\":\"WebSite\",\"@id\":\"https:\/\/www.transtoyou.com\/nb\/#website\",\"url\":\"https:\/\/www.transtoyou.com\/nb\/\",\"name\":\"Transtoyou - NB\",\"description\":\"\",\"publisher\":{\"@id\":\"https:\/\/www.transtoyou.com\/nb\/#organization\"},\"potentialAction\":[{\"@type\":\"SearchAction\",\"target\":{\"@type\":\"EntryPoint\",\"urlTemplate\":\"https:\/\/www.transtoyou.com\/nb\/?s={search_term_string}\"},\"query-input\":{\"@type\":\"PropertyValueSpecification\",\"valueRequired\":true,\"valueName\":\"search_term_string\"}}],\"inLanguage\":\"nb-NO\"},{\"@type\":\"Organization\",\"@id\":\"https:\/\/www.transtoyou.com\/nb\/#organization\",\"name\":\"Transtoyou - NB\",\"url\":\"https:\/\/www.transtoyou.com\/nb\/\",\"logo\":{\"@type\":\"ImageObject\",\"inLanguage\":\"nb-NO\",\"@id\":\"https:\/\/www.transtoyou.com\/nb\/#\/schema\/logo\/image\/\",\"url\":\"https:\/\/www.transtoyou.com\/nb\/wp-content\/uploads\/sites\/10\/2026\/01\/logo-tty-menu-bar-300x87-1.webp\",\"contentUrl\":\"https:\/\/www.transtoyou.com\/nb\/wp-content\/uploads\/sites\/10\/2026\/01\/logo-tty-menu-bar-300x87-1.webp\",\"width\":300,\"height\":87,\"caption\":\"Transtoyou - NB\"},\"image\":{\"@id\":\"https:\/\/www.transtoyou.com\/nb\/#\/schema\/logo\/image\/\"}}]}<\/script>\n<!-- \/ Yoast SEO plugin. -->","yoast_head_json":{"title":"Tamiflu | M\u00e5lrettet influensabehandling og forebygging - Transtoyou","description":"Tamiflu, et antiviralt middel mot influensa A og B, reduserer symptomer og alvorlighetsgrad. Kj\u00f8p n\u00e5 p\u00e5 Transtoyou for effektiv beskyttelse.","robots":{"index":"noindex","follow":"follow","max-snippet":"max-snippet:-1","max-image-preview":"max-image-preview:large","max-video-preview":"max-video-preview:-1"},"og_locale":"nb_NO","og_type":"article","og_title":"Tamiflu | M\u00e5lrettet influensabehandling og forebygging - Transtoyou","og_description":"Tamiflu, et antiviralt middel mot influensa A og B, reduserer symptomer og alvorlighetsgrad. Kj\u00f8p n\u00e5 p\u00e5 Transtoyou for effektiv beskyttelse.","og_url":"https:\/\/www.transtoyou.com\/nb\/product\/tamiflu\/","og_site_name":"Transtoyou - NB","article_modified_time":"2026-03-06T10:44:13+00:00","twitter_card":"summary_large_image","twitter_misc":{"Ansl. lesetid":"1 minutt"},"schema":{"@context":"https:\/\/schema.org","@graph":[{"@type":"WebPage","@id":"https:\/\/www.transtoyou.com\/nb\/product\/tamiflu\/","url":"https:\/\/www.transtoyou.com\/nb\/product\/tamiflu\/","name":"Tamiflu | M\u00e5lrettet influensabehandling og forebygging - Transtoyou","isPartOf":{"@id":"https:\/\/www.transtoyou.com\/nb\/#website"},"primaryImageOfPage":{"@id":"https:\/\/www.transtoyou.com\/nb\/product\/tamiflu\/#primaryimage"},"image":{"@id":"https:\/\/www.transtoyou.com\/nb\/product\/tamiflu\/#primaryimage"},"thumbnailUrl":"https:\/\/www.transtoyou.com\/nb\/wp-content\/uploads\/sites\/10\/2026\/01\/tty-no-product-image-61.webp","datePublished":"2026-01-23T23:25:31+00:00","dateModified":"2026-03-06T10:44:13+00:00","description":"Tamiflu, et antiviralt middel mot influensa A og B, reduserer symptomer og alvorlighetsgrad. Kj\u00f8p n\u00e5 p\u00e5 Transtoyou for effektiv beskyttelse.","breadcrumb":{"@id":"https:\/\/www.transtoyou.com\/nb\/product\/tamiflu\/#breadcrumb"},"inLanguage":"nb-NO","potentialAction":[{"@type":"ReadAction","target":["https:\/\/www.transtoyou.com\/nb\/product\/tamiflu\/"]}]},{"@type":"ImageObject","inLanguage":"nb-NO","@id":"https:\/\/www.transtoyou.com\/nb\/product\/tamiflu\/#primaryimage","url":"https:\/\/www.transtoyou.com\/nb\/wp-content\/uploads\/sites\/10\/2026\/01\/tty-no-product-image-61.webp","contentUrl":"https:\/\/www.transtoyou.com\/nb\/wp-content\/uploads\/sites\/10\/2026\/01\/tty-no-product-image-61.webp","width":1000,"height":1000,"caption":"Standard produktbilde"},{"@type":"WebSite","@id":"https:\/\/www.transtoyou.com\/nb\/#website","url":"https:\/\/www.transtoyou.com\/nb\/","name":"Transtoyou - NB","description":"","publisher":{"@id":"https:\/\/www.transtoyou.com\/nb\/#organization"},"potentialAction":[{"@type":"SearchAction","target":{"@type":"EntryPoint","urlTemplate":"https:\/\/www.transtoyou.com\/nb\/?s={search_term_string}"},"query-input":{"@type":"PropertyValueSpecification","valueRequired":true,"valueName":"search_term_string"}}],"inLanguage":"nb-NO"},{"@type":"Organization","@id":"https:\/\/www.transtoyou.com\/nb\/#organization","name":"Transtoyou - NB","url":"https:\/\/www.transtoyou.com\/nb\/","logo":{"@type":"ImageObject","inLanguage":"nb-NO","@id":"https:\/\/www.transtoyou.com\/nb\/#\/schema\/logo\/image\/","url":"https:\/\/www.transtoyou.com\/nb\/wp-content\/uploads\/sites\/10\/2026\/01\/logo-tty-menu-bar-300x87-1.webp","contentUrl":"https:\/\/www.transtoyou.com\/nb\/wp-content\/uploads\/sites\/10\/2026\/01\/logo-tty-menu-bar-300x87-1.webp","width":300,"height":87,"caption":"Transtoyou - NB"},"image":{"@id":"https:\/\/www.transtoyou.com\/nb\/#\/schema\/logo\/image\/"}}]}},"_links":{"self":[{"href":"https:\/\/www.transtoyou.com\/nb\/wp-json\/wp\/v2\/product\/904","targetHints":{"allow":["GET"]}}],"collection":[{"href":"https:\/\/www.transtoyou.com\/nb\/wp-json\/wp\/v2\/product"}],"about":[{"href":"https:\/\/www.transtoyou.com\/nb\/wp-json\/wp\/v2\/types\/product"}],"replies":[{"embeddable":true,"href":"https:\/\/www.transtoyou.com\/nb\/wp-json\/wp\/v2\/comments?post=904"}],"wp:featuredmedia":[{"embeddable":true,"href":"https:\/\/www.transtoyou.com\/nb\/wp-json\/wp\/v2\/media\/906"}],"wp:attachment":[{"href":"https:\/\/www.transtoyou.com\/nb\/wp-json\/wp\/v2\/media?parent=904"}],"wp:term":[{"taxonomy":"product_brand","embeddable":true,"href":"https:\/\/www.transtoyou.com\/nb\/wp-json\/wp\/v2\/product_brand?post=904"},{"taxonomy":"product_cat","embeddable":true,"href":"https:\/\/www.transtoyou.com\/nb\/wp-json\/wp\/v2\/product_cat?post=904"},{"taxonomy":"product_tag","embeddable":true,"href":"https:\/\/www.transtoyou.com\/nb\/wp-json\/wp\/v2\/product_tag?post=904"},{"taxonomy":"expert","embeddable":true,"href":"https:\/\/www.transtoyou.com\/nb\/wp-json\/wp\/v2\/expert?post=904"}],"curies":[{"name":"wp","href":"https:\/\/api.w.org\/{rel}","templated":true}]}}