{"id":914,"date":"2026-01-24T02:29:19","date_gmt":"2026-01-24T00:29:19","guid":{"rendered":"https:\/\/www.transtoyou.com\/nb\/product\/noriday\/"},"modified":"2026-01-24T02:30:11","modified_gmt":"2026-01-24T00:30:11","slug":"noriday","status":"publish","type":"product","link":"https:\/\/www.transtoyou.com\/nb\/product\/noriday\/","title":{"rendered":"Noriday"},"content":{"rendered":"<p>Noriday er en progestogen-only prevensjonspille, ofte kalt mini-pille. Den inneholder norethisteron, en syntetisk versjon av hormonet progesteron, og brukes for \u00e5 forhindre graviditet. Noriday er et \u00f8strogenfritt alternativ, noe som gj\u00f8r det passende for personer som ikke kan eller ikke \u00f8nsker \u00e5 ta \u00f8strogenbasert prevensjon.<\/p>\n<p>Denne pillen fungerer f\u00f8rst og fremst ved \u00e5 tykne livmorhalsslimet, noe som bidrar til \u00e5 redusere sannsynligheten for at s\u00e6d n\u00e5r egget. Den p\u00e5virker ogs\u00e5 livmorslimhinnen for \u00e5 redusere sjansen for implantasjon. Hos noen individer kan den ogs\u00e5 hemme eggl\u00f8sning, men dette er ikke dens hovedvirkem\u00e5te. Noriday m\u00e5 tas til samme tid hver dag, uten pauser mellom pakkene.<\/p>\n<p>Noriday kan anses som passende for kvinner som ammer, er over 35 \u00e5r, eller har helseproblemer som gj\u00f8r kombinerte piller upassende. Den kan ogs\u00e5 velges av personer som ser etter en lavdose, hormonell prevensjon. Som med mange mini-piller, opplever noen brukere endringer i menstruasjonsm\u00f8nsteret, som spotting, uregelmessige sykluser, eller frav\u00e6r av menstruasjon helt.<\/p>\n<p>For \u00e5 opprettholde effektiviteten, b\u00f8r Noriday tas innen et tre-timers vindu hver dag. Hvis den tas senere enn dette, kan prevensjonsbeskyttelsen reduseres, og ekstra prevensjon anbefales de neste to dagene. Noriday tilbyr et diskret og p\u00e5litelig alternativ for de som s\u00f8ker hormonbasert prevensjon uten \u00f8strogen n\u00e5r det brukes riktig.<\/p>\n","protected":false},"excerpt":{"rendered":"<ul>\n<li>\u00d8strogenfri daglig pille<\/li>\n<li>Tykkere livmorhalsslim og endrer livmorslimhinnen<\/li>\n<li>Foretrukket av personer med \u00f8strogenintoleranse<\/li>\n<\/ul>\n","protected":false},"featured_media":916,"comment_status":"open","ping_status":"closed","template":"","meta":[],"product_brand":[],"product_cat":[152],"product_tag":[],"expert":[19],"class_list":{"0":"post-914","1":"product","2":"type-product","3":"status-publish","4":"has-post-thumbnail","6":"product_cat-mini-pille","7":"expert-dr-j-vazquez","9":"first","10":"instock","11":"shipping-taxable","12":"product-type-variable"},"yoast_head":"<!-- This site is optimized with the Yoast SEO plugin v27.0 - https:\/\/yoast.com\/product\/yoast-seo-wordpress\/ -->\n<title>Noriday | Estrogenfri prevensjonsmiddel - Transtoyou<\/title>\n<meta name=\"description\" content=\"Noriday mini pille, \u00f8strogenfri prevensjon, tykner livmorhalssekret for \u00e5 forhindre graviditet. Kj\u00f8p Noriday i dag for et hormonbalansert valg.\" \/>\n<meta name=\"robots\" content=\"noindex, follow, max-snippet:-1, max-image-preview:large, max-video-preview:-1\" \/>\n<meta property=\"og:locale\" content=\"nb_NO\" \/>\n<meta property=\"og:type\" content=\"article\" \/>\n<meta property=\"og:title\" content=\"Noriday | Estrogenfri prevensjonsmiddel - Transtoyou\" \/>\n<meta property=\"og:description\" content=\"Noriday mini pille, \u00f8strogenfri prevensjon, tykner livmorhalssekret for \u00e5 forhindre graviditet. Kj\u00f8p Noriday i dag for et hormonbalansert valg.\" \/>\n<meta property=\"og:url\" content=\"https:\/\/www.transtoyou.com\/nb\/product\/noriday\/\" \/>\n<meta property=\"og:site_name\" content=\"Transtoyou - NB\" \/>\n<meta property=\"article:modified_time\" content=\"2026-01-24T00:30:11+00:00\" \/>\n<meta name=\"twitter:card\" content=\"summary_large_image\" \/>\n<meta name=\"twitter:label1\" content=\"Ansl. lesetid\" \/>\n\t<meta name=\"twitter:data1\" content=\"1 minutt\" \/>\n<script type=\"application\/ld+json\" class=\"yoast-schema-graph\">{\"@context\":\"https:\/\/schema.org\",\"@graph\":[{\"@type\":\"WebPage\",\"@id\":\"https:\/\/www.transtoyou.com\/nb\/product\/noriday\/\",\"url\":\"https:\/\/www.transtoyou.com\/nb\/product\/noriday\/\",\"name\":\"Noriday | Estrogenfri prevensjonsmiddel - Transtoyou\",\"isPartOf\":{\"@id\":\"https:\/\/www.transtoyou.com\/nb\/#website\"},\"primaryImageOfPage\":{\"@id\":\"https:\/\/www.transtoyou.com\/nb\/product\/noriday\/#primaryimage\"},\"image\":{\"@id\":\"https:\/\/www.transtoyou.com\/nb\/product\/noriday\/#primaryimage\"},\"thumbnailUrl\":\"https:\/\/www.transtoyou.com\/nb\/wp-content\/uploads\/sites\/10\/2026\/01\/tty-no-product-image-65.webp\",\"datePublished\":\"2026-01-24T00:29:19+00:00\",\"dateModified\":\"2026-01-24T00:30:11+00:00\",\"description\":\"Noriday mini pille, \u00f8strogenfri prevensjon, tykner livmorhalssekret for \u00e5 forhindre graviditet. Kj\u00f8p Noriday i dag for et hormonbalansert valg.\",\"breadcrumb\":{\"@id\":\"https:\/\/www.transtoyou.com\/nb\/product\/noriday\/#breadcrumb\"},\"inLanguage\":\"nb-NO\",\"potentialAction\":[{\"@type\":\"ReadAction\",\"target\":[\"https:\/\/www.transtoyou.com\/nb\/product\/noriday\/\"]}]},{\"@type\":\"ImageObject\",\"inLanguage\":\"nb-NO\",\"@id\":\"https:\/\/www.transtoyou.com\/nb\/product\/noriday\/#primaryimage\",\"url\":\"https:\/\/www.transtoyou.com\/nb\/wp-content\/uploads\/sites\/10\/2026\/01\/tty-no-product-image-65.webp\",\"contentUrl\":\"https:\/\/www.transtoyou.com\/nb\/wp-content\/uploads\/sites\/10\/2026\/01\/tty-no-product-image-65.webp\",\"width\":1000,\"height\":1000,\"caption\":\"Standard produktbilde\"},{\"@type\":\"WebSite\",\"@id\":\"https:\/\/www.transtoyou.com\/nb\/#website\",\"url\":\"https:\/\/www.transtoyou.com\/nb\/\",\"name\":\"Transtoyou - NB\",\"description\":\"\",\"publisher\":{\"@id\":\"https:\/\/www.transtoyou.com\/nb\/#organization\"},\"potentialAction\":[{\"@type\":\"SearchAction\",\"target\":{\"@type\":\"EntryPoint\",\"urlTemplate\":\"https:\/\/www.transtoyou.com\/nb\/?s={search_term_string}\"},\"query-input\":{\"@type\":\"PropertyValueSpecification\",\"valueRequired\":true,\"valueName\":\"search_term_string\"}}],\"inLanguage\":\"nb-NO\"},{\"@type\":\"Organization\",\"@id\":\"https:\/\/www.transtoyou.com\/nb\/#organization\",\"name\":\"Transtoyou - NB\",\"url\":\"https:\/\/www.transtoyou.com\/nb\/\",\"logo\":{\"@type\":\"ImageObject\",\"inLanguage\":\"nb-NO\",\"@id\":\"https:\/\/www.transtoyou.com\/nb\/#\/schema\/logo\/image\/\",\"url\":\"https:\/\/www.transtoyou.com\/nb\/wp-content\/uploads\/sites\/10\/2026\/01\/logo-tty-menu-bar-300x87-1.webp\",\"contentUrl\":\"https:\/\/www.transtoyou.com\/nb\/wp-content\/uploads\/sites\/10\/2026\/01\/logo-tty-menu-bar-300x87-1.webp\",\"width\":300,\"height\":87,\"caption\":\"Transtoyou - NB\"},\"image\":{\"@id\":\"https:\/\/www.transtoyou.com\/nb\/#\/schema\/logo\/image\/\"}}]}<\/script>\n<!-- \/ Yoast SEO plugin. -->","yoast_head_json":{"title":"Noriday | Estrogenfri prevensjonsmiddel - Transtoyou","description":"Noriday mini pille, \u00f8strogenfri prevensjon, tykner livmorhalssekret for \u00e5 forhindre graviditet. Kj\u00f8p Noriday i dag for et hormonbalansert valg.","robots":{"index":"noindex","follow":"follow","max-snippet":"max-snippet:-1","max-image-preview":"max-image-preview:large","max-video-preview":"max-video-preview:-1"},"og_locale":"nb_NO","og_type":"article","og_title":"Noriday | Estrogenfri prevensjonsmiddel - Transtoyou","og_description":"Noriday mini pille, \u00f8strogenfri prevensjon, tykner livmorhalssekret for \u00e5 forhindre graviditet. Kj\u00f8p Noriday i dag for et hormonbalansert valg.","og_url":"https:\/\/www.transtoyou.com\/nb\/product\/noriday\/","og_site_name":"Transtoyou - NB","article_modified_time":"2026-01-24T00:30:11+00:00","twitter_card":"summary_large_image","twitter_misc":{"Ansl. lesetid":"1 minutt"},"schema":{"@context":"https:\/\/schema.org","@graph":[{"@type":"WebPage","@id":"https:\/\/www.transtoyou.com\/nb\/product\/noriday\/","url":"https:\/\/www.transtoyou.com\/nb\/product\/noriday\/","name":"Noriday | Estrogenfri prevensjonsmiddel - Transtoyou","isPartOf":{"@id":"https:\/\/www.transtoyou.com\/nb\/#website"},"primaryImageOfPage":{"@id":"https:\/\/www.transtoyou.com\/nb\/product\/noriday\/#primaryimage"},"image":{"@id":"https:\/\/www.transtoyou.com\/nb\/product\/noriday\/#primaryimage"},"thumbnailUrl":"https:\/\/www.transtoyou.com\/nb\/wp-content\/uploads\/sites\/10\/2026\/01\/tty-no-product-image-65.webp","datePublished":"2026-01-24T00:29:19+00:00","dateModified":"2026-01-24T00:30:11+00:00","description":"Noriday mini pille, \u00f8strogenfri prevensjon, tykner livmorhalssekret for \u00e5 forhindre graviditet. Kj\u00f8p Noriday i dag for et hormonbalansert valg.","breadcrumb":{"@id":"https:\/\/www.transtoyou.com\/nb\/product\/noriday\/#breadcrumb"},"inLanguage":"nb-NO","potentialAction":[{"@type":"ReadAction","target":["https:\/\/www.transtoyou.com\/nb\/product\/noriday\/"]}]},{"@type":"ImageObject","inLanguage":"nb-NO","@id":"https:\/\/www.transtoyou.com\/nb\/product\/noriday\/#primaryimage","url":"https:\/\/www.transtoyou.com\/nb\/wp-content\/uploads\/sites\/10\/2026\/01\/tty-no-product-image-65.webp","contentUrl":"https:\/\/www.transtoyou.com\/nb\/wp-content\/uploads\/sites\/10\/2026\/01\/tty-no-product-image-65.webp","width":1000,"height":1000,"caption":"Standard produktbilde"},{"@type":"WebSite","@id":"https:\/\/www.transtoyou.com\/nb\/#website","url":"https:\/\/www.transtoyou.com\/nb\/","name":"Transtoyou - NB","description":"","publisher":{"@id":"https:\/\/www.transtoyou.com\/nb\/#organization"},"potentialAction":[{"@type":"SearchAction","target":{"@type":"EntryPoint","urlTemplate":"https:\/\/www.transtoyou.com\/nb\/?s={search_term_string}"},"query-input":{"@type":"PropertyValueSpecification","valueRequired":true,"valueName":"search_term_string"}}],"inLanguage":"nb-NO"},{"@type":"Organization","@id":"https:\/\/www.transtoyou.com\/nb\/#organization","name":"Transtoyou - NB","url":"https:\/\/www.transtoyou.com\/nb\/","logo":{"@type":"ImageObject","inLanguage":"nb-NO","@id":"https:\/\/www.transtoyou.com\/nb\/#\/schema\/logo\/image\/","url":"https:\/\/www.transtoyou.com\/nb\/wp-content\/uploads\/sites\/10\/2026\/01\/logo-tty-menu-bar-300x87-1.webp","contentUrl":"https:\/\/www.transtoyou.com\/nb\/wp-content\/uploads\/sites\/10\/2026\/01\/logo-tty-menu-bar-300x87-1.webp","width":300,"height":87,"caption":"Transtoyou - NB"},"image":{"@id":"https:\/\/www.transtoyou.com\/nb\/#\/schema\/logo\/image\/"}}]}},"_links":{"self":[{"href":"https:\/\/www.transtoyou.com\/nb\/wp-json\/wp\/v2\/product\/914","targetHints":{"allow":["GET"]}}],"collection":[{"href":"https:\/\/www.transtoyou.com\/nb\/wp-json\/wp\/v2\/product"}],"about":[{"href":"https:\/\/www.transtoyou.com\/nb\/wp-json\/wp\/v2\/types\/product"}],"replies":[{"embeddable":true,"href":"https:\/\/www.transtoyou.com\/nb\/wp-json\/wp\/v2\/comments?post=914"}],"wp:featuredmedia":[{"embeddable":true,"href":"https:\/\/www.transtoyou.com\/nb\/wp-json\/wp\/v2\/media\/916"}],"wp:attachment":[{"href":"https:\/\/www.transtoyou.com\/nb\/wp-json\/wp\/v2\/media?parent=914"}],"wp:term":[{"taxonomy":"product_brand","embeddable":true,"href":"https:\/\/www.transtoyou.com\/nb\/wp-json\/wp\/v2\/product_brand?post=914"},{"taxonomy":"product_cat","embeddable":true,"href":"https:\/\/www.transtoyou.com\/nb\/wp-json\/wp\/v2\/product_cat?post=914"},{"taxonomy":"product_tag","embeddable":true,"href":"https:\/\/www.transtoyou.com\/nb\/wp-json\/wp\/v2\/product_tag?post=914"},{"taxonomy":"expert","embeddable":true,"href":"https:\/\/www.transtoyou.com\/nb\/wp-json\/wp\/v2\/expert?post=914"}],"curies":[{"name":"wp","href":"https:\/\/api.w.org\/{rel}","templated":true}]}}