{"id":917,"date":"2026-01-24T02:43:10","date_gmt":"2026-01-24T00:43:10","guid":{"rendered":"https:\/\/www.transtoyou.com\/nb\/product\/gabapentin\/"},"modified":"2026-01-24T02:44:02","modified_gmt":"2026-01-24T00:44:02","slug":"gabapentin","status":"publish","type":"product","link":"https:\/\/www.transtoyou.com\/nb\/product\/gabapentin\/","title":{"rendered":"Gabapentin"},"content":{"rendered":"<p>Gabapentin er en medisin som brukes til \u00e5 h\u00e5ndtere nerve smerte og fibromyalgi under medisinsk tilsyn. Den er ogs\u00e5 foreskrevet for delvise anfall ved epilepsi, men er mye foreskrevet for sin evne til \u00e5 dempe nervesignaler som for\u00e5rsaker kronisk smerte. Gabapentin p\u00e5virker kjemikalier og nerver i kroppen som bidrar til smertesensasjonen, spesielt n\u00e5r den stammer fra nerveskade eller dysfunksjon.<\/p>\n<p>Gabapentin har vist seg \u00e5 v\u00e6re effektiv i behandling av tilstander som diabetisk nervesmerte, postherpetisk nevralgi etter helvetesild, og utbredt smerte relatert til fibromyalgi. Det er ikke et opioid og fungerer ikke p\u00e5 samme m\u00e5te som tradisjonelle smertestillende midler. I stedet bidrar det til \u00e5 redusere f\u00f8lsomheten i nervesystemet for smertesignaler over tid.<\/p>\n<p>Medisinen tas per munn, vanligvis i form av tabletter eller kapsler, og dosen \u00f8kes gradvis for \u00e5 minimere bivirkninger samtidig som \u00f8nsket smertelindring oppn\u00e5s. Gabapentin tolereres generelt godt, selv om noen brukere opplever svimmelhet, tretthet eller mild forvirring i den innledende fasen av behandlingen. Disse symptomene avtar vanligvis etter hvert som kroppen tilpasser seg.<\/p>\n<p>Gabapentin kan gi betydelig lindring til personer som sliter med vedvarende ubehag relatert til nerver, og er ofte en del av en bredere behandlingsplan som kan inkludere fysioterapi eller livsstilsjusteringer.<\/p>\n","protected":false},"excerpt":{"rendered":"<ul>\n<li>Ikkje-opioid behandling for nerve smerte<\/li>\n<li>Vanlig brukt for fibromyalgi og nevropati<\/li>\n<li>Oral medisin med justerbar dosering<\/li>\n<\/ul>\n","protected":false},"featured_media":919,"comment_status":"open","ping_status":"closed","template":"","meta":[],"product_brand":[],"product_cat":[122,153],"product_tag":[],"expert":[],"class_list":{"0":"post-917","1":"product","2":"type-product","3":"status-publish","4":"has-post-thumbnail","6":"product_cat-fibromyalgi","7":"product_cat-nerve-smerte","9":"first","10":"instock","11":"shipping-taxable","12":"product-type-variable"},"yoast_head":"<!-- This site is optimized with the Yoast SEO plugin v27.0 - https:\/\/yoast.com\/product\/yoast-seo-wordpress\/ -->\n<title>Gabapentin | Effektiv Smertelindring - Transtoyou<\/title>\n<meta name=\"description\" content=\"Gabapentin tilgjengelig her for lindring av nerve smerter. Handle n\u00e5 p\u00e5 Transtoyou for kvalitetshelse-l\u00f8sninger og effektiv symptomh\u00e5ndtering.\" \/>\n<meta name=\"robots\" content=\"noindex, follow, max-snippet:-1, max-image-preview:large, max-video-preview:-1\" \/>\n<meta property=\"og:locale\" content=\"nb_NO\" \/>\n<meta property=\"og:type\" content=\"article\" \/>\n<meta property=\"og:title\" content=\"Gabapentin | Effektiv Smertelindring - Transtoyou\" \/>\n<meta property=\"og:description\" content=\"Gabapentin tilgjengelig her for lindring av nerve smerter. Handle n\u00e5 p\u00e5 Transtoyou for kvalitetshelse-l\u00f8sninger og effektiv symptomh\u00e5ndtering.\" \/>\n<meta property=\"og:url\" content=\"https:\/\/www.transtoyou.com\/nb\/product\/gabapentin\/\" \/>\n<meta property=\"og:site_name\" content=\"Transtoyou - NB\" \/>\n<meta property=\"article:modified_time\" content=\"2026-01-24T00:44:02+00:00\" \/>\n<meta name=\"twitter:card\" content=\"summary_large_image\" \/>\n<meta name=\"twitter:label1\" content=\"Ansl. lesetid\" \/>\n\t<meta name=\"twitter:data1\" content=\"1 minutt\" \/>\n<script type=\"application\/ld+json\" class=\"yoast-schema-graph\">{\"@context\":\"https:\/\/schema.org\",\"@graph\":[{\"@type\":\"WebPage\",\"@id\":\"https:\/\/www.transtoyou.com\/nb\/product\/gabapentin\/\",\"url\":\"https:\/\/www.transtoyou.com\/nb\/product\/gabapentin\/\",\"name\":\"Gabapentin | Effektiv Smertelindring - Transtoyou\",\"isPartOf\":{\"@id\":\"https:\/\/www.transtoyou.com\/nb\/#website\"},\"primaryImageOfPage\":{\"@id\":\"https:\/\/www.transtoyou.com\/nb\/product\/gabapentin\/#primaryimage\"},\"image\":{\"@id\":\"https:\/\/www.transtoyou.com\/nb\/product\/gabapentin\/#primaryimage\"},\"thumbnailUrl\":\"https:\/\/www.transtoyou.com\/nb\/wp-content\/uploads\/sites\/10\/2026\/01\/tty-no-product-image-66.webp\",\"datePublished\":\"2026-01-24T00:43:10+00:00\",\"dateModified\":\"2026-01-24T00:44:02+00:00\",\"description\":\"Gabapentin tilgjengelig her for lindring av nerve smerter. Handle n\u00e5 p\u00e5 Transtoyou for kvalitetshelse-l\u00f8sninger og effektiv symptomh\u00e5ndtering.\",\"breadcrumb\":{\"@id\":\"https:\/\/www.transtoyou.com\/nb\/product\/gabapentin\/#breadcrumb\"},\"inLanguage\":\"nb-NO\",\"potentialAction\":[{\"@type\":\"ReadAction\",\"target\":[\"https:\/\/www.transtoyou.com\/nb\/product\/gabapentin\/\"]}]},{\"@type\":\"ImageObject\",\"inLanguage\":\"nb-NO\",\"@id\":\"https:\/\/www.transtoyou.com\/nb\/product\/gabapentin\/#primaryimage\",\"url\":\"https:\/\/www.transtoyou.com\/nb\/wp-content\/uploads\/sites\/10\/2026\/01\/tty-no-product-image-66.webp\",\"contentUrl\":\"https:\/\/www.transtoyou.com\/nb\/wp-content\/uploads\/sites\/10\/2026\/01\/tty-no-product-image-66.webp\",\"width\":1000,\"height\":1000,\"caption\":\"Standard produktbilde\"},{\"@type\":\"WebSite\",\"@id\":\"https:\/\/www.transtoyou.com\/nb\/#website\",\"url\":\"https:\/\/www.transtoyou.com\/nb\/\",\"name\":\"Transtoyou - NB\",\"description\":\"\",\"publisher\":{\"@id\":\"https:\/\/www.transtoyou.com\/nb\/#organization\"},\"potentialAction\":[{\"@type\":\"SearchAction\",\"target\":{\"@type\":\"EntryPoint\",\"urlTemplate\":\"https:\/\/www.transtoyou.com\/nb\/?s={search_term_string}\"},\"query-input\":{\"@type\":\"PropertyValueSpecification\",\"valueRequired\":true,\"valueName\":\"search_term_string\"}}],\"inLanguage\":\"nb-NO\"},{\"@type\":\"Organization\",\"@id\":\"https:\/\/www.transtoyou.com\/nb\/#organization\",\"name\":\"Transtoyou - NB\",\"url\":\"https:\/\/www.transtoyou.com\/nb\/\",\"logo\":{\"@type\":\"ImageObject\",\"inLanguage\":\"nb-NO\",\"@id\":\"https:\/\/www.transtoyou.com\/nb\/#\/schema\/logo\/image\/\",\"url\":\"https:\/\/www.transtoyou.com\/nb\/wp-content\/uploads\/sites\/10\/2026\/01\/logo-tty-menu-bar-300x87-1.webp\",\"contentUrl\":\"https:\/\/www.transtoyou.com\/nb\/wp-content\/uploads\/sites\/10\/2026\/01\/logo-tty-menu-bar-300x87-1.webp\",\"width\":300,\"height\":87,\"caption\":\"Transtoyou - NB\"},\"image\":{\"@id\":\"https:\/\/www.transtoyou.com\/nb\/#\/schema\/logo\/image\/\"}}]}<\/script>\n<!-- \/ Yoast SEO plugin. -->","yoast_head_json":{"title":"Gabapentin | Effektiv Smertelindring - Transtoyou","description":"Gabapentin tilgjengelig her for lindring av nerve smerter. Handle n\u00e5 p\u00e5 Transtoyou for kvalitetshelse-l\u00f8sninger og effektiv symptomh\u00e5ndtering.","robots":{"index":"noindex","follow":"follow","max-snippet":"max-snippet:-1","max-image-preview":"max-image-preview:large","max-video-preview":"max-video-preview:-1"},"og_locale":"nb_NO","og_type":"article","og_title":"Gabapentin | Effektiv Smertelindring - Transtoyou","og_description":"Gabapentin tilgjengelig her for lindring av nerve smerter. Handle n\u00e5 p\u00e5 Transtoyou for kvalitetshelse-l\u00f8sninger og effektiv symptomh\u00e5ndtering.","og_url":"https:\/\/www.transtoyou.com\/nb\/product\/gabapentin\/","og_site_name":"Transtoyou - NB","article_modified_time":"2026-01-24T00:44:02+00:00","twitter_card":"summary_large_image","twitter_misc":{"Ansl. lesetid":"1 minutt"},"schema":{"@context":"https:\/\/schema.org","@graph":[{"@type":"WebPage","@id":"https:\/\/www.transtoyou.com\/nb\/product\/gabapentin\/","url":"https:\/\/www.transtoyou.com\/nb\/product\/gabapentin\/","name":"Gabapentin | Effektiv Smertelindring - Transtoyou","isPartOf":{"@id":"https:\/\/www.transtoyou.com\/nb\/#website"},"primaryImageOfPage":{"@id":"https:\/\/www.transtoyou.com\/nb\/product\/gabapentin\/#primaryimage"},"image":{"@id":"https:\/\/www.transtoyou.com\/nb\/product\/gabapentin\/#primaryimage"},"thumbnailUrl":"https:\/\/www.transtoyou.com\/nb\/wp-content\/uploads\/sites\/10\/2026\/01\/tty-no-product-image-66.webp","datePublished":"2026-01-24T00:43:10+00:00","dateModified":"2026-01-24T00:44:02+00:00","description":"Gabapentin tilgjengelig her for lindring av nerve smerter. Handle n\u00e5 p\u00e5 Transtoyou for kvalitetshelse-l\u00f8sninger og effektiv symptomh\u00e5ndtering.","breadcrumb":{"@id":"https:\/\/www.transtoyou.com\/nb\/product\/gabapentin\/#breadcrumb"},"inLanguage":"nb-NO","potentialAction":[{"@type":"ReadAction","target":["https:\/\/www.transtoyou.com\/nb\/product\/gabapentin\/"]}]},{"@type":"ImageObject","inLanguage":"nb-NO","@id":"https:\/\/www.transtoyou.com\/nb\/product\/gabapentin\/#primaryimage","url":"https:\/\/www.transtoyou.com\/nb\/wp-content\/uploads\/sites\/10\/2026\/01\/tty-no-product-image-66.webp","contentUrl":"https:\/\/www.transtoyou.com\/nb\/wp-content\/uploads\/sites\/10\/2026\/01\/tty-no-product-image-66.webp","width":1000,"height":1000,"caption":"Standard produktbilde"},{"@type":"WebSite","@id":"https:\/\/www.transtoyou.com\/nb\/#website","url":"https:\/\/www.transtoyou.com\/nb\/","name":"Transtoyou - NB","description":"","publisher":{"@id":"https:\/\/www.transtoyou.com\/nb\/#organization"},"potentialAction":[{"@type":"SearchAction","target":{"@type":"EntryPoint","urlTemplate":"https:\/\/www.transtoyou.com\/nb\/?s={search_term_string}"},"query-input":{"@type":"PropertyValueSpecification","valueRequired":true,"valueName":"search_term_string"}}],"inLanguage":"nb-NO"},{"@type":"Organization","@id":"https:\/\/www.transtoyou.com\/nb\/#organization","name":"Transtoyou - NB","url":"https:\/\/www.transtoyou.com\/nb\/","logo":{"@type":"ImageObject","inLanguage":"nb-NO","@id":"https:\/\/www.transtoyou.com\/nb\/#\/schema\/logo\/image\/","url":"https:\/\/www.transtoyou.com\/nb\/wp-content\/uploads\/sites\/10\/2026\/01\/logo-tty-menu-bar-300x87-1.webp","contentUrl":"https:\/\/www.transtoyou.com\/nb\/wp-content\/uploads\/sites\/10\/2026\/01\/logo-tty-menu-bar-300x87-1.webp","width":300,"height":87,"caption":"Transtoyou - NB"},"image":{"@id":"https:\/\/www.transtoyou.com\/nb\/#\/schema\/logo\/image\/"}}]}},"_links":{"self":[{"href":"https:\/\/www.transtoyou.com\/nb\/wp-json\/wp\/v2\/product\/917","targetHints":{"allow":["GET"]}}],"collection":[{"href":"https:\/\/www.transtoyou.com\/nb\/wp-json\/wp\/v2\/product"}],"about":[{"href":"https:\/\/www.transtoyou.com\/nb\/wp-json\/wp\/v2\/types\/product"}],"replies":[{"embeddable":true,"href":"https:\/\/www.transtoyou.com\/nb\/wp-json\/wp\/v2\/comments?post=917"}],"wp:featuredmedia":[{"embeddable":true,"href":"https:\/\/www.transtoyou.com\/nb\/wp-json\/wp\/v2\/media\/919"}],"wp:attachment":[{"href":"https:\/\/www.transtoyou.com\/nb\/wp-json\/wp\/v2\/media?parent=917"}],"wp:term":[{"taxonomy":"product_brand","embeddable":true,"href":"https:\/\/www.transtoyou.com\/nb\/wp-json\/wp\/v2\/product_brand?post=917"},{"taxonomy":"product_cat","embeddable":true,"href":"https:\/\/www.transtoyou.com\/nb\/wp-json\/wp\/v2\/product_cat?post=917"},{"taxonomy":"product_tag","embeddable":true,"href":"https:\/\/www.transtoyou.com\/nb\/wp-json\/wp\/v2\/product_tag?post=917"},{"taxonomy":"expert","embeddable":true,"href":"https:\/\/www.transtoyou.com\/nb\/wp-json\/wp\/v2\/expert?post=917"}],"curies":[{"name":"wp","href":"https:\/\/api.w.org\/{rel}","templated":true}]}}