{"id":920,"date":"2026-01-24T02:57:00","date_gmt":"2026-01-24T00:57:00","guid":{"rendered":"https:\/\/www.transtoyou.com\/nb\/product\/lyrica\/"},"modified":"2026-02-25T09:16:16","modified_gmt":"2026-02-25T07:16:16","slug":"lyrica","status":"publish","type":"product","link":"https:\/\/www.transtoyou.com\/nb\/product\/lyrica\/","title":{"rendered":"Lyrica"},"content":{"rendered":"<p>Lyrica, ogs\u00e5 kjent under sitt generiske navn pregabalin, er en reseptbelagt medisin som brukes til \u00e5 behandle nervesmerter og fibromyalgi. Den er ogs\u00e5 godkjent for bruk ved generalisert angstlidelse og som tilleggsterapi for delvise anfall. Lyrica virker ved \u00e5 dempe overaktive nervesignaler i hjernen og ryggmargen som for\u00e5rsaker kroniske smerter, f\u00f8lsomhet eller unormale sanseinntrykk.<\/p>\n<p>Den foreskrives vanligvis for nervesmerter assosiert med diabetes, helvetesild (postherpetisk nevralgi) eller ryggmargsskader. Ved fibromyalgi kan den bidra til \u00e5 lindre utbredte smerter, muskel\u00f8mhet og tretthet. I motsetning til opioider, virker ikke Lyrica direkte p\u00e5 smertemottakere, men modulerer kalsiumkanaler i nervesystemet for \u00e5 redusere overdreven nerveaktivitet.<\/p>\n<p>Lyrica tas oralt, vanligvis to ganger daglig, og dosene justeres gradvis for \u00e5 balansere effektivitet og tolerabilitet. De fleste brukere begynner \u00e5 f\u00f8le en viss lindring innen den f\u00f8rste uken, selv om det kan ta flere uker for full effekt. Noen vanlige bivirkninger inkluderer svimmelhet, s\u00f8vnighet, hevelse eller t\u00f8rr munn. Disse effektene forbedres ofte etter hvert som kroppen tilpasser seg medisinen.<\/p>\n","protected":false},"excerpt":{"rendered":"<ul>\n<li>M\u00e5lrettet lindring for nervesmerter og fibromyalgi<\/li>\n<li>Modulerer nervesignaler for \u00e5 redusere ubehag<\/li>\n<li>Ikkje-opioid, oral behandling som tas regelmessig<\/li>\n<\/ul>\n","protected":false},"featured_media":922,"comment_status":"open","ping_status":"closed","template":"","meta":[],"product_brand":[],"product_cat":[122,153],"product_tag":[],"expert":[19],"class_list":{"0":"post-920","1":"product","2":"type-product","3":"status-publish","4":"has-post-thumbnail","6":"product_cat-fibromyalgi","7":"product_cat-nerve-smerte","8":"expert-dr-j-vazquez","10":"first","11":"instock","12":"shipping-taxable","13":"product-type-variable"},"yoast_head":"<!-- This site is optimized with the Yoast SEO plugin v27.0 - https:\/\/yoast.com\/product\/yoast-seo-wordpress\/ -->\n<title>Lyrica | Lindring av nervesmerter og fibromyalgi - Transtoyou<\/title>\n<meta name=\"description\" content=\"Lyrica behandler nervesmerter, fibromyalgi og angst. Oppdag fordelene i dag p\u00e5 Transtoyou, hvor ekspertbehandling m\u00f8ter bekvemmelighet.\" \/>\n<meta name=\"robots\" content=\"noindex, follow, max-snippet:-1, max-image-preview:large, max-video-preview:-1\" \/>\n<meta property=\"og:locale\" content=\"nb_NO\" \/>\n<meta property=\"og:type\" content=\"article\" \/>\n<meta property=\"og:title\" content=\"Lyrica | Lindring av nervesmerter og fibromyalgi - Transtoyou\" \/>\n<meta property=\"og:description\" content=\"Lyrica behandler nervesmerter, fibromyalgi og angst. Oppdag fordelene i dag p\u00e5 Transtoyou, hvor ekspertbehandling m\u00f8ter bekvemmelighet.\" \/>\n<meta property=\"og:url\" content=\"https:\/\/www.transtoyou.com\/nb\/product\/lyrica\/\" \/>\n<meta property=\"og:site_name\" content=\"Transtoyou - NB\" \/>\n<meta property=\"article:modified_time\" content=\"2026-02-25T07:16:16+00:00\" \/>\n<meta name=\"twitter:card\" content=\"summary_large_image\" \/>\n<meta name=\"twitter:label1\" content=\"Ansl. lesetid\" \/>\n\t<meta name=\"twitter:data1\" content=\"1 minutt\" \/>\n<script type=\"application\/ld+json\" class=\"yoast-schema-graph\">{\"@context\":\"https:\/\/schema.org\",\"@graph\":[{\"@type\":\"WebPage\",\"@id\":\"https:\/\/www.transtoyou.com\/nb\/product\/lyrica\/\",\"url\":\"https:\/\/www.transtoyou.com\/nb\/product\/lyrica\/\",\"name\":\"Lyrica | Lindring av nervesmerter og fibromyalgi - Transtoyou\",\"isPartOf\":{\"@id\":\"https:\/\/www.transtoyou.com\/nb\/#website\"},\"primaryImageOfPage\":{\"@id\":\"https:\/\/www.transtoyou.com\/nb\/product\/lyrica\/#primaryimage\"},\"image\":{\"@id\":\"https:\/\/www.transtoyou.com\/nb\/product\/lyrica\/#primaryimage\"},\"thumbnailUrl\":\"https:\/\/www.transtoyou.com\/nb\/wp-content\/uploads\/sites\/10\/2026\/01\/tty-no-product-image-67.webp\",\"datePublished\":\"2026-01-24T00:57:00+00:00\",\"dateModified\":\"2026-02-25T07:16:16+00:00\",\"description\":\"Lyrica behandler nervesmerter, fibromyalgi og angst. Oppdag fordelene i dag p\u00e5 Transtoyou, hvor ekspertbehandling m\u00f8ter bekvemmelighet.\",\"breadcrumb\":{\"@id\":\"https:\/\/www.transtoyou.com\/nb\/product\/lyrica\/#breadcrumb\"},\"inLanguage\":\"nb-NO\",\"potentialAction\":[{\"@type\":\"ReadAction\",\"target\":[\"https:\/\/www.transtoyou.com\/nb\/product\/lyrica\/\"]}]},{\"@type\":\"ImageObject\",\"inLanguage\":\"nb-NO\",\"@id\":\"https:\/\/www.transtoyou.com\/nb\/product\/lyrica\/#primaryimage\",\"url\":\"https:\/\/www.transtoyou.com\/nb\/wp-content\/uploads\/sites\/10\/2026\/01\/tty-no-product-image-67.webp\",\"contentUrl\":\"https:\/\/www.transtoyou.com\/nb\/wp-content\/uploads\/sites\/10\/2026\/01\/tty-no-product-image-67.webp\",\"width\":1000,\"height\":1000,\"caption\":\"Standard produktbilde\"},{\"@type\":\"WebSite\",\"@id\":\"https:\/\/www.transtoyou.com\/nb\/#website\",\"url\":\"https:\/\/www.transtoyou.com\/nb\/\",\"name\":\"Transtoyou - NB\",\"description\":\"\",\"publisher\":{\"@id\":\"https:\/\/www.transtoyou.com\/nb\/#organization\"},\"potentialAction\":[{\"@type\":\"SearchAction\",\"target\":{\"@type\":\"EntryPoint\",\"urlTemplate\":\"https:\/\/www.transtoyou.com\/nb\/?s={search_term_string}\"},\"query-input\":{\"@type\":\"PropertyValueSpecification\",\"valueRequired\":true,\"valueName\":\"search_term_string\"}}],\"inLanguage\":\"nb-NO\"},{\"@type\":\"Organization\",\"@id\":\"https:\/\/www.transtoyou.com\/nb\/#organization\",\"name\":\"Transtoyou - NB\",\"url\":\"https:\/\/www.transtoyou.com\/nb\/\",\"logo\":{\"@type\":\"ImageObject\",\"inLanguage\":\"nb-NO\",\"@id\":\"https:\/\/www.transtoyou.com\/nb\/#\/schema\/logo\/image\/\",\"url\":\"https:\/\/www.transtoyou.com\/nb\/wp-content\/uploads\/sites\/10\/2026\/01\/logo-tty-menu-bar-300x87-1.webp\",\"contentUrl\":\"https:\/\/www.transtoyou.com\/nb\/wp-content\/uploads\/sites\/10\/2026\/01\/logo-tty-menu-bar-300x87-1.webp\",\"width\":300,\"height\":87,\"caption\":\"Transtoyou - NB\"},\"image\":{\"@id\":\"https:\/\/www.transtoyou.com\/nb\/#\/schema\/logo\/image\/\"}}]}<\/script>\n<!-- \/ Yoast SEO plugin. -->","yoast_head_json":{"title":"Lyrica | Lindring av nervesmerter og fibromyalgi - Transtoyou","description":"Lyrica behandler nervesmerter, fibromyalgi og angst. Oppdag fordelene i dag p\u00e5 Transtoyou, hvor ekspertbehandling m\u00f8ter bekvemmelighet.","robots":{"index":"noindex","follow":"follow","max-snippet":"max-snippet:-1","max-image-preview":"max-image-preview:large","max-video-preview":"max-video-preview:-1"},"og_locale":"nb_NO","og_type":"article","og_title":"Lyrica | Lindring av nervesmerter og fibromyalgi - Transtoyou","og_description":"Lyrica behandler nervesmerter, fibromyalgi og angst. Oppdag fordelene i dag p\u00e5 Transtoyou, hvor ekspertbehandling m\u00f8ter bekvemmelighet.","og_url":"https:\/\/www.transtoyou.com\/nb\/product\/lyrica\/","og_site_name":"Transtoyou - NB","article_modified_time":"2026-02-25T07:16:16+00:00","twitter_card":"summary_large_image","twitter_misc":{"Ansl. lesetid":"1 minutt"},"schema":{"@context":"https:\/\/schema.org","@graph":[{"@type":"WebPage","@id":"https:\/\/www.transtoyou.com\/nb\/product\/lyrica\/","url":"https:\/\/www.transtoyou.com\/nb\/product\/lyrica\/","name":"Lyrica | Lindring av nervesmerter og fibromyalgi - Transtoyou","isPartOf":{"@id":"https:\/\/www.transtoyou.com\/nb\/#website"},"primaryImageOfPage":{"@id":"https:\/\/www.transtoyou.com\/nb\/product\/lyrica\/#primaryimage"},"image":{"@id":"https:\/\/www.transtoyou.com\/nb\/product\/lyrica\/#primaryimage"},"thumbnailUrl":"https:\/\/www.transtoyou.com\/nb\/wp-content\/uploads\/sites\/10\/2026\/01\/tty-no-product-image-67.webp","datePublished":"2026-01-24T00:57:00+00:00","dateModified":"2026-02-25T07:16:16+00:00","description":"Lyrica behandler nervesmerter, fibromyalgi og angst. Oppdag fordelene i dag p\u00e5 Transtoyou, hvor ekspertbehandling m\u00f8ter bekvemmelighet.","breadcrumb":{"@id":"https:\/\/www.transtoyou.com\/nb\/product\/lyrica\/#breadcrumb"},"inLanguage":"nb-NO","potentialAction":[{"@type":"ReadAction","target":["https:\/\/www.transtoyou.com\/nb\/product\/lyrica\/"]}]},{"@type":"ImageObject","inLanguage":"nb-NO","@id":"https:\/\/www.transtoyou.com\/nb\/product\/lyrica\/#primaryimage","url":"https:\/\/www.transtoyou.com\/nb\/wp-content\/uploads\/sites\/10\/2026\/01\/tty-no-product-image-67.webp","contentUrl":"https:\/\/www.transtoyou.com\/nb\/wp-content\/uploads\/sites\/10\/2026\/01\/tty-no-product-image-67.webp","width":1000,"height":1000,"caption":"Standard produktbilde"},{"@type":"WebSite","@id":"https:\/\/www.transtoyou.com\/nb\/#website","url":"https:\/\/www.transtoyou.com\/nb\/","name":"Transtoyou - NB","description":"","publisher":{"@id":"https:\/\/www.transtoyou.com\/nb\/#organization"},"potentialAction":[{"@type":"SearchAction","target":{"@type":"EntryPoint","urlTemplate":"https:\/\/www.transtoyou.com\/nb\/?s={search_term_string}"},"query-input":{"@type":"PropertyValueSpecification","valueRequired":true,"valueName":"search_term_string"}}],"inLanguage":"nb-NO"},{"@type":"Organization","@id":"https:\/\/www.transtoyou.com\/nb\/#organization","name":"Transtoyou - NB","url":"https:\/\/www.transtoyou.com\/nb\/","logo":{"@type":"ImageObject","inLanguage":"nb-NO","@id":"https:\/\/www.transtoyou.com\/nb\/#\/schema\/logo\/image\/","url":"https:\/\/www.transtoyou.com\/nb\/wp-content\/uploads\/sites\/10\/2026\/01\/logo-tty-menu-bar-300x87-1.webp","contentUrl":"https:\/\/www.transtoyou.com\/nb\/wp-content\/uploads\/sites\/10\/2026\/01\/logo-tty-menu-bar-300x87-1.webp","width":300,"height":87,"caption":"Transtoyou - NB"},"image":{"@id":"https:\/\/www.transtoyou.com\/nb\/#\/schema\/logo\/image\/"}}]}},"_links":{"self":[{"href":"https:\/\/www.transtoyou.com\/nb\/wp-json\/wp\/v2\/product\/920","targetHints":{"allow":["GET"]}}],"collection":[{"href":"https:\/\/www.transtoyou.com\/nb\/wp-json\/wp\/v2\/product"}],"about":[{"href":"https:\/\/www.transtoyou.com\/nb\/wp-json\/wp\/v2\/types\/product"}],"replies":[{"embeddable":true,"href":"https:\/\/www.transtoyou.com\/nb\/wp-json\/wp\/v2\/comments?post=920"}],"wp:featuredmedia":[{"embeddable":true,"href":"https:\/\/www.transtoyou.com\/nb\/wp-json\/wp\/v2\/media\/922"}],"wp:attachment":[{"href":"https:\/\/www.transtoyou.com\/nb\/wp-json\/wp\/v2\/media?parent=920"}],"wp:term":[{"taxonomy":"product_brand","embeddable":true,"href":"https:\/\/www.transtoyou.com\/nb\/wp-json\/wp\/v2\/product_brand?post=920"},{"taxonomy":"product_cat","embeddable":true,"href":"https:\/\/www.transtoyou.com\/nb\/wp-json\/wp\/v2\/product_cat?post=920"},{"taxonomy":"product_tag","embeddable":true,"href":"https:\/\/www.transtoyou.com\/nb\/wp-json\/wp\/v2\/product_tag?post=920"},{"taxonomy":"expert","embeddable":true,"href":"https:\/\/www.transtoyou.com\/nb\/wp-json\/wp\/v2\/expert?post=920"}],"curies":[{"name":"wp","href":"https:\/\/api.w.org\/{rel}","templated":true}]}}