{"id":923,"date":"2026-01-24T03:10:44","date_gmt":"2026-01-24T01:10:44","guid":{"rendered":"https:\/\/www.transtoyou.com\/nb\/product\/alendronic-acid\/"},"modified":"2026-02-05T13:55:44","modified_gmt":"2026-02-05T11:55:44","slug":"alendronsyre","status":"publish","type":"product","link":"https:\/\/www.transtoyou.com\/nb\/product\/alendronsyre\/","title":{"rendered":"Alendronsyre"},"content":{"rendered":"<p>Alendronsyre er en medisin som brukes til \u00e5 forebygge og behandle osteoporose, en tilstand der bein blir svake og skj\u00f8re. Den tilh\u00f8rer en klasse legemidler kalt bisfosfonater, som virker ved \u00e5 bremse nedbrytningen av bein i kroppen. Dette bidrar til \u00e5 opprettholde beinmasse og redusere risikoen for brudd, spesielt i ryggraden, hoftene og h\u00e5ndleddene.<\/p>\n<p>Alendronsyre er vanligvis foreskrevet for postmenopausale kvinner og personer som har \u00f8kt risiko for beintap p\u00e5 grunn av alder, langvarig steroidbruk eller underliggende helseproblemer. Ved \u00e5 redusere beinutskifting styrker den bein og st\u00f8tter langvarig skjeletthelse.<\/p>\n<p>Den tas vanligvis en gang i uken i tablettform. For \u00e5 maksimere absorpsjonen og unng\u00e5 irritasjon i spiser\u00f8ret, b\u00f8r tabletten svelges hel med et fullt glass vann p\u00e5 tom mage. Brukere m\u00e5 forbli oppreist i minst 30 minutter etter \u00e5 ha tatt dosen og b\u00f8r unng\u00e5 \u00e5 spise og drikke (unntatt vann), eller ta andre medisiner i l\u00f8pet av den tiden.<\/p>\n","protected":false},"excerpt":{"rendered":"<ul>\n<li>Ukentlig tablett for \u00e5 styrke bein<\/li>\n<li>Reduserer risikoen for brudd<\/li>\n<li>Bremses beintap ved osteoporose<\/li>\n<\/ul>\n","protected":false},"featured_media":925,"comment_status":"open","ping_status":"closed","template":"","meta":[],"product_brand":[],"product_cat":[154],"product_tag":[],"expert":[21],"class_list":{"0":"post-923","1":"product","2":"type-product","3":"status-publish","4":"has-post-thumbnail","6":"product_cat-osteoporose","7":"expert-dr-m-sharoyko","9":"first","10":"instock","11":"shipping-taxable","12":"product-type-variable"},"yoast_head":"<!-- This site is optimized with the Yoast SEO plugin v27.0 - https:\/\/yoast.com\/product\/yoast-seo-wordpress\/ -->\n<title>Alendronsyre | Styrker bein, reduserer brudd - Transtoyou<\/title>\n<meta name=\"description\" content=\"Alendronsyre er n\u00e5 tilgjengelig p\u00e5 Transtoyou. St\u00f8tt beinhelsen din og reduser risikoen for osteoporose. Kj\u00f8p i dag for sterkere bein!\" \/>\n<meta name=\"robots\" content=\"noindex, follow, max-snippet:-1, max-image-preview:large, max-video-preview:-1\" \/>\n<meta property=\"og:locale\" content=\"nb_NO\" \/>\n<meta property=\"og:type\" content=\"article\" \/>\n<meta property=\"og:title\" content=\"Alendronsyre | Styrker bein, reduserer brudd - Transtoyou\" \/>\n<meta property=\"og:description\" content=\"Alendronsyre er n\u00e5 tilgjengelig p\u00e5 Transtoyou. St\u00f8tt beinhelsen din og reduser risikoen for osteoporose. Kj\u00f8p i dag for sterkere bein!\" \/>\n<meta property=\"og:url\" content=\"https:\/\/www.transtoyou.com\/nb\/product\/alendronic-acid\/\" \/>\n<meta property=\"og:site_name\" content=\"Transtoyou - NB\" \/>\n<meta property=\"article:modified_time\" content=\"2026-02-05T11:55:44+00:00\" \/>\n<meta name=\"twitter:card\" content=\"summary_large_image\" \/>\n<meta name=\"twitter:label1\" content=\"Ansl. lesetid\" \/>\n\t<meta name=\"twitter:data1\" content=\"1 minutt\" \/>\n<script type=\"application\/ld+json\" class=\"yoast-schema-graph\">{\"@context\":\"https:\/\/schema.org\",\"@graph\":[{\"@type\":\"WebPage\",\"@id\":\"https:\/\/www.transtoyou.com\/nb\/product\/alendronic-acid\/\",\"url\":\"https:\/\/www.transtoyou.com\/nb\/product\/alendronic-acid\/\",\"name\":\"Alendronsyre | Styrker bein, reduserer brudd - Transtoyou\",\"isPartOf\":{\"@id\":\"https:\/\/www.transtoyou.com\/nb\/#website\"},\"primaryImageOfPage\":{\"@id\":\"https:\/\/www.transtoyou.com\/nb\/product\/alendronic-acid\/#primaryimage\"},\"image\":{\"@id\":\"https:\/\/www.transtoyou.com\/nb\/product\/alendronic-acid\/#primaryimage\"},\"thumbnailUrl\":\"https:\/\/www.transtoyou.com\/nb\/wp-content\/uploads\/sites\/10\/2026\/01\/tty-no-product-image-68.webp\",\"datePublished\":\"2026-01-24T01:10:44+00:00\",\"dateModified\":\"2026-02-05T11:55:44+00:00\",\"description\":\"Alendronsyre er n\u00e5 tilgjengelig p\u00e5 Transtoyou. St\u00f8tt beinhelsen din og reduser risikoen for osteoporose. Kj\u00f8p i dag for sterkere bein!\",\"breadcrumb\":{\"@id\":\"https:\/\/www.transtoyou.com\/nb\/product\/alendronic-acid\/#breadcrumb\"},\"inLanguage\":\"nb-NO\",\"potentialAction\":[{\"@type\":\"ReadAction\",\"target\":[\"https:\/\/www.transtoyou.com\/nb\/product\/alendronic-acid\/\"]}]},{\"@type\":\"ImageObject\",\"inLanguage\":\"nb-NO\",\"@id\":\"https:\/\/www.transtoyou.com\/nb\/product\/alendronic-acid\/#primaryimage\",\"url\":\"https:\/\/www.transtoyou.com\/nb\/wp-content\/uploads\/sites\/10\/2026\/01\/tty-no-product-image-68.webp\",\"contentUrl\":\"https:\/\/www.transtoyou.com\/nb\/wp-content\/uploads\/sites\/10\/2026\/01\/tty-no-product-image-68.webp\",\"width\":1000,\"height\":1000,\"caption\":\"Standard produktbilde\"},{\"@type\":\"WebSite\",\"@id\":\"https:\/\/www.transtoyou.com\/nb\/#website\",\"url\":\"https:\/\/www.transtoyou.com\/nb\/\",\"name\":\"Transtoyou - NB\",\"description\":\"\",\"publisher\":{\"@id\":\"https:\/\/www.transtoyou.com\/nb\/#organization\"},\"potentialAction\":[{\"@type\":\"SearchAction\",\"target\":{\"@type\":\"EntryPoint\",\"urlTemplate\":\"https:\/\/www.transtoyou.com\/nb\/?s={search_term_string}\"},\"query-input\":{\"@type\":\"PropertyValueSpecification\",\"valueRequired\":true,\"valueName\":\"search_term_string\"}}],\"inLanguage\":\"nb-NO\"},{\"@type\":\"Organization\",\"@id\":\"https:\/\/www.transtoyou.com\/nb\/#organization\",\"name\":\"Transtoyou - NB\",\"url\":\"https:\/\/www.transtoyou.com\/nb\/\",\"logo\":{\"@type\":\"ImageObject\",\"inLanguage\":\"nb-NO\",\"@id\":\"https:\/\/www.transtoyou.com\/nb\/#\/schema\/logo\/image\/\",\"url\":\"https:\/\/www.transtoyou.com\/nb\/wp-content\/uploads\/sites\/10\/2026\/01\/logo-tty-menu-bar-300x87-1.webp\",\"contentUrl\":\"https:\/\/www.transtoyou.com\/nb\/wp-content\/uploads\/sites\/10\/2026\/01\/logo-tty-menu-bar-300x87-1.webp\",\"width\":300,\"height\":87,\"caption\":\"Transtoyou - NB\"},\"image\":{\"@id\":\"https:\/\/www.transtoyou.com\/nb\/#\/schema\/logo\/image\/\"}}]}<\/script>\n<!-- \/ Yoast SEO plugin. -->","yoast_head_json":{"title":"Alendronsyre | Styrker bein, reduserer brudd - Transtoyou","description":"Alendronsyre er n\u00e5 tilgjengelig p\u00e5 Transtoyou. St\u00f8tt beinhelsen din og reduser risikoen for osteoporose. Kj\u00f8p i dag for sterkere bein!","robots":{"index":"noindex","follow":"follow","max-snippet":"max-snippet:-1","max-image-preview":"max-image-preview:large","max-video-preview":"max-video-preview:-1"},"og_locale":"nb_NO","og_type":"article","og_title":"Alendronsyre | Styrker bein, reduserer brudd - Transtoyou","og_description":"Alendronsyre er n\u00e5 tilgjengelig p\u00e5 Transtoyou. St\u00f8tt beinhelsen din og reduser risikoen for osteoporose. Kj\u00f8p i dag for sterkere bein!","og_url":"https:\/\/www.transtoyou.com\/nb\/product\/alendronic-acid\/","og_site_name":"Transtoyou - NB","article_modified_time":"2026-02-05T11:55:44+00:00","twitter_card":"summary_large_image","twitter_misc":{"Ansl. lesetid":"1 minutt"},"schema":{"@context":"https:\/\/schema.org","@graph":[{"@type":"WebPage","@id":"https:\/\/www.transtoyou.com\/nb\/product\/alendronic-acid\/","url":"https:\/\/www.transtoyou.com\/nb\/product\/alendronic-acid\/","name":"Alendronsyre | Styrker bein, reduserer brudd - Transtoyou","isPartOf":{"@id":"https:\/\/www.transtoyou.com\/nb\/#website"},"primaryImageOfPage":{"@id":"https:\/\/www.transtoyou.com\/nb\/product\/alendronic-acid\/#primaryimage"},"image":{"@id":"https:\/\/www.transtoyou.com\/nb\/product\/alendronic-acid\/#primaryimage"},"thumbnailUrl":"https:\/\/www.transtoyou.com\/nb\/wp-content\/uploads\/sites\/10\/2026\/01\/tty-no-product-image-68.webp","datePublished":"2026-01-24T01:10:44+00:00","dateModified":"2026-02-05T11:55:44+00:00","description":"Alendronsyre er n\u00e5 tilgjengelig p\u00e5 Transtoyou. St\u00f8tt beinhelsen din og reduser risikoen for osteoporose. Kj\u00f8p i dag for sterkere bein!","breadcrumb":{"@id":"https:\/\/www.transtoyou.com\/nb\/product\/alendronic-acid\/#breadcrumb"},"inLanguage":"nb-NO","potentialAction":[{"@type":"ReadAction","target":["https:\/\/www.transtoyou.com\/nb\/product\/alendronic-acid\/"]}]},{"@type":"ImageObject","inLanguage":"nb-NO","@id":"https:\/\/www.transtoyou.com\/nb\/product\/alendronic-acid\/#primaryimage","url":"https:\/\/www.transtoyou.com\/nb\/wp-content\/uploads\/sites\/10\/2026\/01\/tty-no-product-image-68.webp","contentUrl":"https:\/\/www.transtoyou.com\/nb\/wp-content\/uploads\/sites\/10\/2026\/01\/tty-no-product-image-68.webp","width":1000,"height":1000,"caption":"Standard produktbilde"},{"@type":"WebSite","@id":"https:\/\/www.transtoyou.com\/nb\/#website","url":"https:\/\/www.transtoyou.com\/nb\/","name":"Transtoyou - NB","description":"","publisher":{"@id":"https:\/\/www.transtoyou.com\/nb\/#organization"},"potentialAction":[{"@type":"SearchAction","target":{"@type":"EntryPoint","urlTemplate":"https:\/\/www.transtoyou.com\/nb\/?s={search_term_string}"},"query-input":{"@type":"PropertyValueSpecification","valueRequired":true,"valueName":"search_term_string"}}],"inLanguage":"nb-NO"},{"@type":"Organization","@id":"https:\/\/www.transtoyou.com\/nb\/#organization","name":"Transtoyou - NB","url":"https:\/\/www.transtoyou.com\/nb\/","logo":{"@type":"ImageObject","inLanguage":"nb-NO","@id":"https:\/\/www.transtoyou.com\/nb\/#\/schema\/logo\/image\/","url":"https:\/\/www.transtoyou.com\/nb\/wp-content\/uploads\/sites\/10\/2026\/01\/logo-tty-menu-bar-300x87-1.webp","contentUrl":"https:\/\/www.transtoyou.com\/nb\/wp-content\/uploads\/sites\/10\/2026\/01\/logo-tty-menu-bar-300x87-1.webp","width":300,"height":87,"caption":"Transtoyou - NB"},"image":{"@id":"https:\/\/www.transtoyou.com\/nb\/#\/schema\/logo\/image\/"}}]}},"_links":{"self":[{"href":"https:\/\/www.transtoyou.com\/nb\/wp-json\/wp\/v2\/product\/923","targetHints":{"allow":["GET"]}}],"collection":[{"href":"https:\/\/www.transtoyou.com\/nb\/wp-json\/wp\/v2\/product"}],"about":[{"href":"https:\/\/www.transtoyou.com\/nb\/wp-json\/wp\/v2\/types\/product"}],"replies":[{"embeddable":true,"href":"https:\/\/www.transtoyou.com\/nb\/wp-json\/wp\/v2\/comments?post=923"}],"wp:featuredmedia":[{"embeddable":true,"href":"https:\/\/www.transtoyou.com\/nb\/wp-json\/wp\/v2\/media\/925"}],"wp:attachment":[{"href":"https:\/\/www.transtoyou.com\/nb\/wp-json\/wp\/v2\/media?parent=923"}],"wp:term":[{"taxonomy":"product_brand","embeddable":true,"href":"https:\/\/www.transtoyou.com\/nb\/wp-json\/wp\/v2\/product_brand?post=923"},{"taxonomy":"product_cat","embeddable":true,"href":"https:\/\/www.transtoyou.com\/nb\/wp-json\/wp\/v2\/product_cat?post=923"},{"taxonomy":"product_tag","embeddable":true,"href":"https:\/\/www.transtoyou.com\/nb\/wp-json\/wp\/v2\/product_tag?post=923"},{"taxonomy":"expert","embeddable":true,"href":"https:\/\/www.transtoyou.com\/nb\/wp-json\/wp\/v2\/expert?post=923"}],"curies":[{"name":"wp","href":"https:\/\/api.w.org\/{rel}","templated":true}]}}