{"id":929,"date":"2026-01-24T03:38:02","date_gmt":"2026-01-24T01:38:02","guid":{"rendered":"https:\/\/www.transtoyou.com\/nb\/product\/atovaquone-proguanil\/"},"modified":"2026-01-24T03:39:04","modified_gmt":"2026-01-24T01:39:04","slug":"atovaquone-proguanil","status":"publish","type":"product","link":"https:\/\/www.transtoyou.com\/nb\/product\/atovaquone-proguanil\/","title":{"rendered":"Atovaquone-Proguanil"},"content":{"rendered":"<p>Atovaquone-Proguanil er en kombinasjonsmedisin som brukes til \u00e5 forebygge og behandle malaria, en parasittisk sykdom som overf\u00f8res gjennom bitt av infiserte mygg. Legemidlet kombinerer to aktive stoffer: Atovaquone, som forstyrrer energiproduksjonen til malariaparasitter, og Proguanil, som hemmer deres evne til \u00e5 reprodusere seg. Sammen gir de en potent dobbel mekanisme som retter seg mot parasitten p\u00e5 flere stadier av livssyklusen.<\/p>\n<p>Denne medisinen er effektiv mot Plasmodium falciparum, den farligste og medikamentresistente formen for malaria. Den foreskrives ofte for reisende som bes\u00f8ker omr\u00e5der der malaria er endemisk, samt for kortvarig behandling av de som blir smittet.<\/p>\n<p>Atovaquone-Proguanil tas vanligvis en gang om dagen med mat eller en melkebasert drikke for \u00e5 forbedre opptaket. For forebygging startes den en eller to dager f\u00f8r man g\u00e5r inn i et malaria-riskomr\u00e5de og fortsettes i en uke etter at man har forlatt omr\u00e5det. For behandling tas den i tre p\u00e5f\u00f8lgende dager.<\/p>\n<p>Sammenlignet med eldre malariamedisiner er denne kombinasjonen generelt godt tolerert og krever ikke lange doseringsplaner f\u00f8r reise. Bivirkninger er vanligvis milde og kan inkludere magesmerter, kvalme, oppkast, hodepine eller s\u00f8vnforstyrrelser. Den er ikke egnet for langtidsforebygging over flere m\u00e5neder, men er ideell for kortere turer og ukomplisert behandling.<\/p>\n","protected":false},"excerpt":{"rendered":"<ul>\n<li>Dobbeltvirkende malariaforebygging og behandling<\/li>\n<li>Effektiv mot legemiddelresistente malariastammer<\/li>\n<li>Praktisk engangsdosering per dag<\/li>\n<\/ul>\n","protected":false},"featured_media":931,"comment_status":"open","ping_status":"closed","template":"","meta":[],"product_brand":[],"product_cat":[155],"product_tag":[],"expert":[16],"class_list":{"0":"post-929","1":"product","2":"type-product","3":"status-publish","4":"has-post-thumbnail","6":"product_cat-parasitter","7":"expert-dr-c-alexandru","9":"first","10":"instock","11":"shipping-taxable","12":"product-type-variable"},"yoast_head":"<!-- This site is optimized with the Yoast SEO plugin v27.0 - https:\/\/yoast.com\/product\/yoast-seo-wordpress\/ -->\n<title>Atovaquone-Proguanil | Effektiv Malariabeskyttelse - Transtoyou<\/title>\n<meta name=\"description\" content=\"Atovaquone-Proguanil, tilgjengelig her, gir dobbel beskyttelse mot malaria. M\u00e5lrettet mot Plasmodium falciparum, perfekt for reiseforebygging.\" \/>\n<meta name=\"robots\" content=\"noindex, follow, max-snippet:-1, max-image-preview:large, max-video-preview:-1\" \/>\n<meta property=\"og:locale\" content=\"nb_NO\" \/>\n<meta property=\"og:type\" content=\"article\" \/>\n<meta property=\"og:title\" content=\"Atovaquone-Proguanil | Effektiv Malariabeskyttelse - Transtoyou\" \/>\n<meta property=\"og:description\" content=\"Atovaquone-Proguanil, tilgjengelig her, gir dobbel beskyttelse mot malaria. M\u00e5lrettet mot Plasmodium falciparum, perfekt for reiseforebygging.\" \/>\n<meta property=\"og:url\" content=\"https:\/\/www.transtoyou.com\/nb\/product\/atovaquone-proguanil\/\" \/>\n<meta property=\"og:site_name\" content=\"Transtoyou - NB\" \/>\n<meta property=\"article:modified_time\" content=\"2026-01-24T01:39:04+00:00\" \/>\n<meta name=\"twitter:card\" content=\"summary_large_image\" \/>\n<meta name=\"twitter:label1\" content=\"Ansl. lesetid\" \/>\n\t<meta name=\"twitter:data1\" content=\"1 minutt\" \/>\n<script type=\"application\/ld+json\" class=\"yoast-schema-graph\">{\"@context\":\"https:\/\/schema.org\",\"@graph\":[{\"@type\":\"WebPage\",\"@id\":\"https:\/\/www.transtoyou.com\/nb\/product\/atovaquone-proguanil\/\",\"url\":\"https:\/\/www.transtoyou.com\/nb\/product\/atovaquone-proguanil\/\",\"name\":\"Atovaquone-Proguanil | Effektiv Malariabeskyttelse - Transtoyou\",\"isPartOf\":{\"@id\":\"https:\/\/www.transtoyou.com\/nb\/#website\"},\"primaryImageOfPage\":{\"@id\":\"https:\/\/www.transtoyou.com\/nb\/product\/atovaquone-proguanil\/#primaryimage\"},\"image\":{\"@id\":\"https:\/\/www.transtoyou.com\/nb\/product\/atovaquone-proguanil\/#primaryimage\"},\"thumbnailUrl\":\"https:\/\/www.transtoyou.com\/nb\/wp-content\/uploads\/sites\/10\/2026\/01\/tty-no-product-image-70.webp\",\"datePublished\":\"2026-01-24T01:38:02+00:00\",\"dateModified\":\"2026-01-24T01:39:04+00:00\",\"description\":\"Atovaquone-Proguanil, tilgjengelig her, gir dobbel beskyttelse mot malaria. M\u00e5lrettet mot Plasmodium falciparum, perfekt for reiseforebygging.\",\"breadcrumb\":{\"@id\":\"https:\/\/www.transtoyou.com\/nb\/product\/atovaquone-proguanil\/#breadcrumb\"},\"inLanguage\":\"nb-NO\",\"potentialAction\":[{\"@type\":\"ReadAction\",\"target\":[\"https:\/\/www.transtoyou.com\/nb\/product\/atovaquone-proguanil\/\"]}]},{\"@type\":\"ImageObject\",\"inLanguage\":\"nb-NO\",\"@id\":\"https:\/\/www.transtoyou.com\/nb\/product\/atovaquone-proguanil\/#primaryimage\",\"url\":\"https:\/\/www.transtoyou.com\/nb\/wp-content\/uploads\/sites\/10\/2026\/01\/tty-no-product-image-70.webp\",\"contentUrl\":\"https:\/\/www.transtoyou.com\/nb\/wp-content\/uploads\/sites\/10\/2026\/01\/tty-no-product-image-70.webp\",\"width\":1000,\"height\":1000,\"caption\":\"Standard produktbilde\"},{\"@type\":\"WebSite\",\"@id\":\"https:\/\/www.transtoyou.com\/nb\/#website\",\"url\":\"https:\/\/www.transtoyou.com\/nb\/\",\"name\":\"Transtoyou - NB\",\"description\":\"\",\"publisher\":{\"@id\":\"https:\/\/www.transtoyou.com\/nb\/#organization\"},\"potentialAction\":[{\"@type\":\"SearchAction\",\"target\":{\"@type\":\"EntryPoint\",\"urlTemplate\":\"https:\/\/www.transtoyou.com\/nb\/?s={search_term_string}\"},\"query-input\":{\"@type\":\"PropertyValueSpecification\",\"valueRequired\":true,\"valueName\":\"search_term_string\"}}],\"inLanguage\":\"nb-NO\"},{\"@type\":\"Organization\",\"@id\":\"https:\/\/www.transtoyou.com\/nb\/#organization\",\"name\":\"Transtoyou - NB\",\"url\":\"https:\/\/www.transtoyou.com\/nb\/\",\"logo\":{\"@type\":\"ImageObject\",\"inLanguage\":\"nb-NO\",\"@id\":\"https:\/\/www.transtoyou.com\/nb\/#\/schema\/logo\/image\/\",\"url\":\"https:\/\/www.transtoyou.com\/nb\/wp-content\/uploads\/sites\/10\/2026\/01\/logo-tty-menu-bar-300x87-1.webp\",\"contentUrl\":\"https:\/\/www.transtoyou.com\/nb\/wp-content\/uploads\/sites\/10\/2026\/01\/logo-tty-menu-bar-300x87-1.webp\",\"width\":300,\"height\":87,\"caption\":\"Transtoyou - NB\"},\"image\":{\"@id\":\"https:\/\/www.transtoyou.com\/nb\/#\/schema\/logo\/image\/\"}}]}<\/script>\n<!-- \/ Yoast SEO plugin. -->","yoast_head_json":{"title":"Atovaquone-Proguanil | Effektiv Malariabeskyttelse - Transtoyou","description":"Atovaquone-Proguanil, tilgjengelig her, gir dobbel beskyttelse mot malaria. M\u00e5lrettet mot Plasmodium falciparum, perfekt for reiseforebygging.","robots":{"index":"noindex","follow":"follow","max-snippet":"max-snippet:-1","max-image-preview":"max-image-preview:large","max-video-preview":"max-video-preview:-1"},"og_locale":"nb_NO","og_type":"article","og_title":"Atovaquone-Proguanil | Effektiv Malariabeskyttelse - Transtoyou","og_description":"Atovaquone-Proguanil, tilgjengelig her, gir dobbel beskyttelse mot malaria. M\u00e5lrettet mot Plasmodium falciparum, perfekt for reiseforebygging.","og_url":"https:\/\/www.transtoyou.com\/nb\/product\/atovaquone-proguanil\/","og_site_name":"Transtoyou - NB","article_modified_time":"2026-01-24T01:39:04+00:00","twitter_card":"summary_large_image","twitter_misc":{"Ansl. lesetid":"1 minutt"},"schema":{"@context":"https:\/\/schema.org","@graph":[{"@type":"WebPage","@id":"https:\/\/www.transtoyou.com\/nb\/product\/atovaquone-proguanil\/","url":"https:\/\/www.transtoyou.com\/nb\/product\/atovaquone-proguanil\/","name":"Atovaquone-Proguanil | Effektiv Malariabeskyttelse - Transtoyou","isPartOf":{"@id":"https:\/\/www.transtoyou.com\/nb\/#website"},"primaryImageOfPage":{"@id":"https:\/\/www.transtoyou.com\/nb\/product\/atovaquone-proguanil\/#primaryimage"},"image":{"@id":"https:\/\/www.transtoyou.com\/nb\/product\/atovaquone-proguanil\/#primaryimage"},"thumbnailUrl":"https:\/\/www.transtoyou.com\/nb\/wp-content\/uploads\/sites\/10\/2026\/01\/tty-no-product-image-70.webp","datePublished":"2026-01-24T01:38:02+00:00","dateModified":"2026-01-24T01:39:04+00:00","description":"Atovaquone-Proguanil, tilgjengelig her, gir dobbel beskyttelse mot malaria. M\u00e5lrettet mot Plasmodium falciparum, perfekt for reiseforebygging.","breadcrumb":{"@id":"https:\/\/www.transtoyou.com\/nb\/product\/atovaquone-proguanil\/#breadcrumb"},"inLanguage":"nb-NO","potentialAction":[{"@type":"ReadAction","target":["https:\/\/www.transtoyou.com\/nb\/product\/atovaquone-proguanil\/"]}]},{"@type":"ImageObject","inLanguage":"nb-NO","@id":"https:\/\/www.transtoyou.com\/nb\/product\/atovaquone-proguanil\/#primaryimage","url":"https:\/\/www.transtoyou.com\/nb\/wp-content\/uploads\/sites\/10\/2026\/01\/tty-no-product-image-70.webp","contentUrl":"https:\/\/www.transtoyou.com\/nb\/wp-content\/uploads\/sites\/10\/2026\/01\/tty-no-product-image-70.webp","width":1000,"height":1000,"caption":"Standard produktbilde"},{"@type":"WebSite","@id":"https:\/\/www.transtoyou.com\/nb\/#website","url":"https:\/\/www.transtoyou.com\/nb\/","name":"Transtoyou - NB","description":"","publisher":{"@id":"https:\/\/www.transtoyou.com\/nb\/#organization"},"potentialAction":[{"@type":"SearchAction","target":{"@type":"EntryPoint","urlTemplate":"https:\/\/www.transtoyou.com\/nb\/?s={search_term_string}"},"query-input":{"@type":"PropertyValueSpecification","valueRequired":true,"valueName":"search_term_string"}}],"inLanguage":"nb-NO"},{"@type":"Organization","@id":"https:\/\/www.transtoyou.com\/nb\/#organization","name":"Transtoyou - NB","url":"https:\/\/www.transtoyou.com\/nb\/","logo":{"@type":"ImageObject","inLanguage":"nb-NO","@id":"https:\/\/www.transtoyou.com\/nb\/#\/schema\/logo\/image\/","url":"https:\/\/www.transtoyou.com\/nb\/wp-content\/uploads\/sites\/10\/2026\/01\/logo-tty-menu-bar-300x87-1.webp","contentUrl":"https:\/\/www.transtoyou.com\/nb\/wp-content\/uploads\/sites\/10\/2026\/01\/logo-tty-menu-bar-300x87-1.webp","width":300,"height":87,"caption":"Transtoyou - NB"},"image":{"@id":"https:\/\/www.transtoyou.com\/nb\/#\/schema\/logo\/image\/"}}]}},"_links":{"self":[{"href":"https:\/\/www.transtoyou.com\/nb\/wp-json\/wp\/v2\/product\/929","targetHints":{"allow":["GET"]}}],"collection":[{"href":"https:\/\/www.transtoyou.com\/nb\/wp-json\/wp\/v2\/product"}],"about":[{"href":"https:\/\/www.transtoyou.com\/nb\/wp-json\/wp\/v2\/types\/product"}],"replies":[{"embeddable":true,"href":"https:\/\/www.transtoyou.com\/nb\/wp-json\/wp\/v2\/comments?post=929"}],"wp:featuredmedia":[{"embeddable":true,"href":"https:\/\/www.transtoyou.com\/nb\/wp-json\/wp\/v2\/media\/931"}],"wp:attachment":[{"href":"https:\/\/www.transtoyou.com\/nb\/wp-json\/wp\/v2\/media?parent=929"}],"wp:term":[{"taxonomy":"product_brand","embeddable":true,"href":"https:\/\/www.transtoyou.com\/nb\/wp-json\/wp\/v2\/product_brand?post=929"},{"taxonomy":"product_cat","embeddable":true,"href":"https:\/\/www.transtoyou.com\/nb\/wp-json\/wp\/v2\/product_cat?post=929"},{"taxonomy":"product_tag","embeddable":true,"href":"https:\/\/www.transtoyou.com\/nb\/wp-json\/wp\/v2\/product_tag?post=929"},{"taxonomy":"expert","embeddable":true,"href":"https:\/\/www.transtoyou.com\/nb\/wp-json\/wp\/v2\/expert?post=929"}],"curies":[{"name":"wp","href":"https:\/\/api.w.org\/{rel}","templated":true}]}}