{"id":932,"date":"2026-01-24T03:52:10","date_gmt":"2026-01-24T01:52:10","guid":{"rendered":"https:\/\/www.transtoyou.com\/nb\/product\/avodart\/"},"modified":"2026-01-24T03:53:02","modified_gmt":"2026-01-24T01:53:02","slug":"avodart","status":"publish","type":"product","link":"https:\/\/www.transtoyou.com\/nb\/product\/avodart\/","title":{"rendered":"Avodart"},"content":{"rendered":"<p>Avodart inneholder dutasterid, en medisin som brukes til \u00e5 behandle benign prostatahyperplasi, en tilstand som vanligvis er kjent som forst\u00f8rret prostata. Denne tilstanden p\u00e5virker mange menn ettersom de blir eldre og kan f\u00f8re til urin symptomer som hyppig vannlating, vanskeligheter med \u00e5 starte eller stoppe str\u00e5len, og svak str\u00e5le. Avodart virker ved \u00e5 krympe prostata over tid, noe som hjelper til med \u00e5 lindre disse symptomene og forbedre urinstr\u00f8mmen.<\/p>\n<p>Dutasterid tilh\u00f8rer en klasse legemidler kalt 5-alfa-reduktasehemmere. Det reduserer niv\u00e5ene av dihydrotestosteron, et hormon som f\u00e5r prostata til \u00e5 vokse. Lavere hormonniv\u00e5er f\u00f8rer til en mindre prostata, som igjen lindrer trykket p\u00e5 urinr\u00f8ret og gj\u00f8r vannlatingen lettere. Effektene bygger seg gradvis opp og kan ta flere m\u00e5neder f\u00f8r forbedring vises.<\/p>\n<p>Avodart tas som en daglig kapsel (som en kapsel en gang daglig) og b\u00f8r svelges hel med vann. Konsistens er viktig, da manglende doser kan redusere effektiviteten. Det brukes ofte p\u00e5 lang sikt for \u00e5 opprettholde fordelene og redusere risikoen for komplikasjoner som akutt urinretensjon eller behov for prostatakirurgi.<\/p>\n<p>Avodart tolereres vanligvis godt. Bivirkninger kan inkludere redusert libido, \u00f8mhet i brystene, eller seksuell dysfunksjon. Disse effektene pleier \u00e5 forbedre seg med tiden eller etter seponering.<\/p>\n","protected":false},"excerpt":{"rendered":"<ul>\n<li>Dagskapsel for forst\u00f8rret prostata<\/li>\n<li>Reduserer prostatast\u00f8rrelse og urin symptomer<\/li>\n<li>Hjelper med \u00e5 forhindre langsiktige prostatakomplikasjoner<\/li>\n<\/ul>\n","protected":false},"featured_media":934,"comment_status":"open","ping_status":"closed","template":"","meta":[],"product_brand":[],"product_cat":[158],"product_tag":[],"expert":[21],"class_list":{"0":"post-932","1":"product","2":"type-product","3":"status-publish","4":"has-post-thumbnail","6":"product_cat-prostat-helse","7":"expert-dr-m-sharoyko","9":"first","10":"instock","11":"shipping-taxable","12":"product-type-variable"},"yoast_head":"<!-- This site is optimized with the Yoast SEO plugin v27.0 - https:\/\/yoast.com\/product\/yoast-seo-wordpress\/ -->\n<title>Avodart | Lindr Prostatasykdommer Raskt - Transtoyou<\/title>\n<meta name=\"description\" content=\"Oppdag Avodart p\u00e5 Transtoyou, som retter seg mot symptomer p\u00e5 forst\u00f8rret prostata. Opplev lindring med dutasterid for bedre urinstr\u00f8m. Kj\u00f8p n\u00e5.\" \/>\n<meta name=\"robots\" content=\"noindex, follow, max-snippet:-1, max-image-preview:large, max-video-preview:-1\" \/>\n<meta property=\"og:locale\" content=\"nb_NO\" \/>\n<meta property=\"og:type\" content=\"article\" \/>\n<meta property=\"og:title\" content=\"Avodart | Lindr Prostatasykdommer Raskt - Transtoyou\" \/>\n<meta property=\"og:description\" content=\"Oppdag Avodart p\u00e5 Transtoyou, som retter seg mot symptomer p\u00e5 forst\u00f8rret prostata. Opplev lindring med dutasterid for bedre urinstr\u00f8m. Kj\u00f8p n\u00e5.\" \/>\n<meta property=\"og:url\" content=\"https:\/\/www.transtoyou.com\/nb\/product\/avodart\/\" \/>\n<meta property=\"og:site_name\" content=\"Transtoyou - NB\" \/>\n<meta property=\"article:modified_time\" content=\"2026-01-24T01:53:02+00:00\" \/>\n<meta name=\"twitter:card\" content=\"summary_large_image\" \/>\n<meta name=\"twitter:label1\" content=\"Ansl. lesetid\" \/>\n\t<meta name=\"twitter:data1\" content=\"1 minutt\" \/>\n<script type=\"application\/ld+json\" class=\"yoast-schema-graph\">{\"@context\":\"https:\/\/schema.org\",\"@graph\":[{\"@type\":\"WebPage\",\"@id\":\"https:\/\/www.transtoyou.com\/nb\/product\/avodart\/\",\"url\":\"https:\/\/www.transtoyou.com\/nb\/product\/avodart\/\",\"name\":\"Avodart | Lindr Prostatasykdommer Raskt - Transtoyou\",\"isPartOf\":{\"@id\":\"https:\/\/www.transtoyou.com\/nb\/#website\"},\"primaryImageOfPage\":{\"@id\":\"https:\/\/www.transtoyou.com\/nb\/product\/avodart\/#primaryimage\"},\"image\":{\"@id\":\"https:\/\/www.transtoyou.com\/nb\/product\/avodart\/#primaryimage\"},\"thumbnailUrl\":\"https:\/\/www.transtoyou.com\/nb\/wp-content\/uploads\/sites\/10\/2026\/01\/tty-no-product-image-71.webp\",\"datePublished\":\"2026-01-24T01:52:10+00:00\",\"dateModified\":\"2026-01-24T01:53:02+00:00\",\"description\":\"Oppdag Avodart p\u00e5 Transtoyou, som retter seg mot symptomer p\u00e5 forst\u00f8rret prostata. Opplev lindring med dutasterid for bedre urinstr\u00f8m. Kj\u00f8p n\u00e5.\",\"breadcrumb\":{\"@id\":\"https:\/\/www.transtoyou.com\/nb\/product\/avodart\/#breadcrumb\"},\"inLanguage\":\"nb-NO\",\"potentialAction\":[{\"@type\":\"ReadAction\",\"target\":[\"https:\/\/www.transtoyou.com\/nb\/product\/avodart\/\"]}]},{\"@type\":\"ImageObject\",\"inLanguage\":\"nb-NO\",\"@id\":\"https:\/\/www.transtoyou.com\/nb\/product\/avodart\/#primaryimage\",\"url\":\"https:\/\/www.transtoyou.com\/nb\/wp-content\/uploads\/sites\/10\/2026\/01\/tty-no-product-image-71.webp\",\"contentUrl\":\"https:\/\/www.transtoyou.com\/nb\/wp-content\/uploads\/sites\/10\/2026\/01\/tty-no-product-image-71.webp\",\"width\":1000,\"height\":1000,\"caption\":\"Standard produktbilde\"},{\"@type\":\"WebSite\",\"@id\":\"https:\/\/www.transtoyou.com\/nb\/#website\",\"url\":\"https:\/\/www.transtoyou.com\/nb\/\",\"name\":\"Transtoyou - NB\",\"description\":\"\",\"publisher\":{\"@id\":\"https:\/\/www.transtoyou.com\/nb\/#organization\"},\"potentialAction\":[{\"@type\":\"SearchAction\",\"target\":{\"@type\":\"EntryPoint\",\"urlTemplate\":\"https:\/\/www.transtoyou.com\/nb\/?s={search_term_string}\"},\"query-input\":{\"@type\":\"PropertyValueSpecification\",\"valueRequired\":true,\"valueName\":\"search_term_string\"}}],\"inLanguage\":\"nb-NO\"},{\"@type\":\"Organization\",\"@id\":\"https:\/\/www.transtoyou.com\/nb\/#organization\",\"name\":\"Transtoyou - NB\",\"url\":\"https:\/\/www.transtoyou.com\/nb\/\",\"logo\":{\"@type\":\"ImageObject\",\"inLanguage\":\"nb-NO\",\"@id\":\"https:\/\/www.transtoyou.com\/nb\/#\/schema\/logo\/image\/\",\"url\":\"https:\/\/www.transtoyou.com\/nb\/wp-content\/uploads\/sites\/10\/2026\/01\/logo-tty-menu-bar-300x87-1.webp\",\"contentUrl\":\"https:\/\/www.transtoyou.com\/nb\/wp-content\/uploads\/sites\/10\/2026\/01\/logo-tty-menu-bar-300x87-1.webp\",\"width\":300,\"height\":87,\"caption\":\"Transtoyou - NB\"},\"image\":{\"@id\":\"https:\/\/www.transtoyou.com\/nb\/#\/schema\/logo\/image\/\"}}]}<\/script>\n<!-- \/ Yoast SEO plugin. -->","yoast_head_json":{"title":"Avodart | Lindr Prostatasykdommer Raskt - Transtoyou","description":"Oppdag Avodart p\u00e5 Transtoyou, som retter seg mot symptomer p\u00e5 forst\u00f8rret prostata. Opplev lindring med dutasterid for bedre urinstr\u00f8m. Kj\u00f8p n\u00e5.","robots":{"index":"noindex","follow":"follow","max-snippet":"max-snippet:-1","max-image-preview":"max-image-preview:large","max-video-preview":"max-video-preview:-1"},"og_locale":"nb_NO","og_type":"article","og_title":"Avodart | Lindr Prostatasykdommer Raskt - Transtoyou","og_description":"Oppdag Avodart p\u00e5 Transtoyou, som retter seg mot symptomer p\u00e5 forst\u00f8rret prostata. Opplev lindring med dutasterid for bedre urinstr\u00f8m. Kj\u00f8p n\u00e5.","og_url":"https:\/\/www.transtoyou.com\/nb\/product\/avodart\/","og_site_name":"Transtoyou - NB","article_modified_time":"2026-01-24T01:53:02+00:00","twitter_card":"summary_large_image","twitter_misc":{"Ansl. lesetid":"1 minutt"},"schema":{"@context":"https:\/\/schema.org","@graph":[{"@type":"WebPage","@id":"https:\/\/www.transtoyou.com\/nb\/product\/avodart\/","url":"https:\/\/www.transtoyou.com\/nb\/product\/avodart\/","name":"Avodart | Lindr Prostatasykdommer Raskt - Transtoyou","isPartOf":{"@id":"https:\/\/www.transtoyou.com\/nb\/#website"},"primaryImageOfPage":{"@id":"https:\/\/www.transtoyou.com\/nb\/product\/avodart\/#primaryimage"},"image":{"@id":"https:\/\/www.transtoyou.com\/nb\/product\/avodart\/#primaryimage"},"thumbnailUrl":"https:\/\/www.transtoyou.com\/nb\/wp-content\/uploads\/sites\/10\/2026\/01\/tty-no-product-image-71.webp","datePublished":"2026-01-24T01:52:10+00:00","dateModified":"2026-01-24T01:53:02+00:00","description":"Oppdag Avodart p\u00e5 Transtoyou, som retter seg mot symptomer p\u00e5 forst\u00f8rret prostata. Opplev lindring med dutasterid for bedre urinstr\u00f8m. Kj\u00f8p n\u00e5.","breadcrumb":{"@id":"https:\/\/www.transtoyou.com\/nb\/product\/avodart\/#breadcrumb"},"inLanguage":"nb-NO","potentialAction":[{"@type":"ReadAction","target":["https:\/\/www.transtoyou.com\/nb\/product\/avodart\/"]}]},{"@type":"ImageObject","inLanguage":"nb-NO","@id":"https:\/\/www.transtoyou.com\/nb\/product\/avodart\/#primaryimage","url":"https:\/\/www.transtoyou.com\/nb\/wp-content\/uploads\/sites\/10\/2026\/01\/tty-no-product-image-71.webp","contentUrl":"https:\/\/www.transtoyou.com\/nb\/wp-content\/uploads\/sites\/10\/2026\/01\/tty-no-product-image-71.webp","width":1000,"height":1000,"caption":"Standard produktbilde"},{"@type":"WebSite","@id":"https:\/\/www.transtoyou.com\/nb\/#website","url":"https:\/\/www.transtoyou.com\/nb\/","name":"Transtoyou - NB","description":"","publisher":{"@id":"https:\/\/www.transtoyou.com\/nb\/#organization"},"potentialAction":[{"@type":"SearchAction","target":{"@type":"EntryPoint","urlTemplate":"https:\/\/www.transtoyou.com\/nb\/?s={search_term_string}"},"query-input":{"@type":"PropertyValueSpecification","valueRequired":true,"valueName":"search_term_string"}}],"inLanguage":"nb-NO"},{"@type":"Organization","@id":"https:\/\/www.transtoyou.com\/nb\/#organization","name":"Transtoyou - NB","url":"https:\/\/www.transtoyou.com\/nb\/","logo":{"@type":"ImageObject","inLanguage":"nb-NO","@id":"https:\/\/www.transtoyou.com\/nb\/#\/schema\/logo\/image\/","url":"https:\/\/www.transtoyou.com\/nb\/wp-content\/uploads\/sites\/10\/2026\/01\/logo-tty-menu-bar-300x87-1.webp","contentUrl":"https:\/\/www.transtoyou.com\/nb\/wp-content\/uploads\/sites\/10\/2026\/01\/logo-tty-menu-bar-300x87-1.webp","width":300,"height":87,"caption":"Transtoyou - NB"},"image":{"@id":"https:\/\/www.transtoyou.com\/nb\/#\/schema\/logo\/image\/"}}]}},"_links":{"self":[{"href":"https:\/\/www.transtoyou.com\/nb\/wp-json\/wp\/v2\/product\/932","targetHints":{"allow":["GET"]}}],"collection":[{"href":"https:\/\/www.transtoyou.com\/nb\/wp-json\/wp\/v2\/product"}],"about":[{"href":"https:\/\/www.transtoyou.com\/nb\/wp-json\/wp\/v2\/types\/product"}],"replies":[{"embeddable":true,"href":"https:\/\/www.transtoyou.com\/nb\/wp-json\/wp\/v2\/comments?post=932"}],"wp:featuredmedia":[{"embeddable":true,"href":"https:\/\/www.transtoyou.com\/nb\/wp-json\/wp\/v2\/media\/934"}],"wp:attachment":[{"href":"https:\/\/www.transtoyou.com\/nb\/wp-json\/wp\/v2\/media?parent=932"}],"wp:term":[{"taxonomy":"product_brand","embeddable":true,"href":"https:\/\/www.transtoyou.com\/nb\/wp-json\/wp\/v2\/product_brand?post=932"},{"taxonomy":"product_cat","embeddable":true,"href":"https:\/\/www.transtoyou.com\/nb\/wp-json\/wp\/v2\/product_cat?post=932"},{"taxonomy":"product_tag","embeddable":true,"href":"https:\/\/www.transtoyou.com\/nb\/wp-json\/wp\/v2\/product_tag?post=932"},{"taxonomy":"expert","embeddable":true,"href":"https:\/\/www.transtoyou.com\/nb\/wp-json\/wp\/v2\/expert?post=932"}],"curies":[{"name":"wp","href":"https:\/\/api.w.org\/{rel}","templated":true}]}}