{"id":941,"date":"2026-01-24T04:35:37","date_gmt":"2026-01-24T02:35:37","guid":{"rendered":"https:\/\/www.transtoyou.com\/nb\/product\/loceryl\/"},"modified":"2026-01-24T04:36:37","modified_gmt":"2026-01-24T02:36:37","slug":"loceryl","status":"publish","type":"product","link":"https:\/\/www.transtoyou.com\/nb\/product\/loceryl\/","title":{"rendered":"Loceryl"},"content":{"rendered":"<p>Loceryl er en topisk antifungal behandling som er spesifikt designet for \u00e5 m\u00e5lrette soppinfeksjoner i t\u00e5negler og fingernegler. Den inneholder den aktive ingrediensen amorolfin, som virker ved \u00e5 forstyrre strukturen til soppecellens membraner. Dette hindrer soppen i \u00e5 vokse og f\u00f8rer til deres d\u00f8d.<\/p>\n<p>Loceryl brukes vanligvis til \u00e5 behandle onychomycosis, en vedvarende soppnagelsinfeksjon som for\u00e5rsaker fortykkede, misfargede eller spr\u00f8 negler. Den brukes ogs\u00e5 noen ganger for soppinfeksjoner i huden som fotsopp n\u00e5r de p\u00e5virker omr\u00e5det rundt neglen. I motsetning til orale antifungale medisiner, p\u00e5f\u00f8res Loceryl direkte p\u00e5 den ber\u00f8rte neglen og det omkringliggende omr\u00e5det, noe som muliggj\u00f8r lokalisert behandling uten systemiske bivirkninger.<\/p>\n<p>Lakken p\u00e5f\u00f8res vanligvis en eller to ganger i uken, avhengig av alvorlighetsgraden av infeksjonen og behandlingsplanen. Etter p\u00e5f\u00f8ring t\u00f8rker den og danner en beskyttende film, som lar den aktive ingrediensen trenge inn i neglen over tid. Denne sakte frigj\u00f8ringseffekten gj\u00f8r at medisinen forblir aktiv i flere dager med hver bruk.<\/p>\n<p>Synlig forbedring kan ta flere uker, og full behandling kan vare i 6 til 12 m\u00e5neder, da det tar tid for den infiserte neglen \u00e5 vokse ut og bli erstattet av sunt vev.<\/p>\n<p>Bivirkninger er sjeldne, men kan inkludere mild irritasjon, svie eller r\u00f8dhet rundt neglen. Loceryl tolereres generelt godt og anses som trygg for langvarig bruk.<\/p>\n","protected":false},"excerpt":{"rendered":"<ul>\n<li>Topisk antifungal neglebehandling<\/li>\n<li>Retter seg mot soppinfeksjoner i neglene<\/li>\n<li>Langvarig lakkformel<\/li>\n<\/ul>\n","protected":false},"featured_media":942,"comment_status":"open","ping_status":"closed","template":"","meta":[],"product_brand":[],"product_cat":[171],"product_tag":[],"expert":[18],"class_list":{"0":"post-941","1":"product","2":"type-product","3":"status-publish","4":"has-post-thumbnail","6":"product_cat-tanegl-og-idrettsfotsopp","7":"expert-dr-g-varbanov","9":"first","10":"instock","11":"shipping-taxable","12":"product-type-simple"},"yoast_head":"<!-- This site is optimized with the Yoast SEO plugin v27.0 - https:\/\/yoast.com\/product\/yoast-seo-wordpress\/ -->\n<title>Loceryl | Effektiv Antifungal L\u00f8sning - Transtoyou<\/title>\n<meta name=\"description\" content=\"Loceryl antifungal lakk retter seg mot negleinfeksjoner med amorolfin. Tilgjengelig her, gir den lokal behandling uten systemiske effekter.\" \/>\n<meta name=\"robots\" content=\"noindex, follow, max-snippet:-1, max-image-preview:large, max-video-preview:-1\" \/>\n<meta property=\"og:locale\" content=\"nb_NO\" \/>\n<meta property=\"og:type\" content=\"article\" \/>\n<meta property=\"og:title\" content=\"Loceryl | Effektiv Antifungal L\u00f8sning - Transtoyou\" \/>\n<meta property=\"og:description\" content=\"Loceryl antifungal lakk retter seg mot negleinfeksjoner med amorolfin. Tilgjengelig her, gir den lokal behandling uten systemiske effekter.\" \/>\n<meta property=\"og:url\" content=\"https:\/\/www.transtoyou.com\/nb\/product\/loceryl\/\" \/>\n<meta property=\"og:site_name\" content=\"Transtoyou - NB\" \/>\n<meta property=\"article:modified_time\" content=\"2026-01-24T02:36:37+00:00\" \/>\n<meta name=\"twitter:card\" content=\"summary_large_image\" \/>\n<meta name=\"twitter:label1\" content=\"Ansl. lesetid\" \/>\n\t<meta name=\"twitter:data1\" content=\"1 minutt\" \/>\n<script type=\"application\/ld+json\" class=\"yoast-schema-graph\">{\"@context\":\"https:\/\/schema.org\",\"@graph\":[{\"@type\":\"WebPage\",\"@id\":\"https:\/\/www.transtoyou.com\/nb\/product\/loceryl\/\",\"url\":\"https:\/\/www.transtoyou.com\/nb\/product\/loceryl\/\",\"name\":\"Loceryl | Effektiv Antifungal L\u00f8sning - Transtoyou\",\"isPartOf\":{\"@id\":\"https:\/\/www.transtoyou.com\/nb\/#website\"},\"primaryImageOfPage\":{\"@id\":\"https:\/\/www.transtoyou.com\/nb\/product\/loceryl\/#primaryimage\"},\"image\":{\"@id\":\"https:\/\/www.transtoyou.com\/nb\/product\/loceryl\/#primaryimage\"},\"thumbnailUrl\":\"https:\/\/www.transtoyou.com\/nb\/wp-content\/uploads\/sites\/10\/2026\/01\/tty-no-product-image-74.webp\",\"datePublished\":\"2026-01-24T02:35:37+00:00\",\"dateModified\":\"2026-01-24T02:36:37+00:00\",\"description\":\"Loceryl antifungal lakk retter seg mot negleinfeksjoner med amorolfin. Tilgjengelig her, gir den lokal behandling uten systemiske effekter.\",\"breadcrumb\":{\"@id\":\"https:\/\/www.transtoyou.com\/nb\/product\/loceryl\/#breadcrumb\"},\"inLanguage\":\"nb-NO\",\"potentialAction\":[{\"@type\":\"ReadAction\",\"target\":[\"https:\/\/www.transtoyou.com\/nb\/product\/loceryl\/\"]}]},{\"@type\":\"ImageObject\",\"inLanguage\":\"nb-NO\",\"@id\":\"https:\/\/www.transtoyou.com\/nb\/product\/loceryl\/#primaryimage\",\"url\":\"https:\/\/www.transtoyou.com\/nb\/wp-content\/uploads\/sites\/10\/2026\/01\/tty-no-product-image-74.webp\",\"contentUrl\":\"https:\/\/www.transtoyou.com\/nb\/wp-content\/uploads\/sites\/10\/2026\/01\/tty-no-product-image-74.webp\",\"width\":1000,\"height\":1000,\"caption\":\"Standard produktbilde\"},{\"@type\":\"WebSite\",\"@id\":\"https:\/\/www.transtoyou.com\/nb\/#website\",\"url\":\"https:\/\/www.transtoyou.com\/nb\/\",\"name\":\"Transtoyou - NB\",\"description\":\"\",\"publisher\":{\"@id\":\"https:\/\/www.transtoyou.com\/nb\/#organization\"},\"potentialAction\":[{\"@type\":\"SearchAction\",\"target\":{\"@type\":\"EntryPoint\",\"urlTemplate\":\"https:\/\/www.transtoyou.com\/nb\/?s={search_term_string}\"},\"query-input\":{\"@type\":\"PropertyValueSpecification\",\"valueRequired\":true,\"valueName\":\"search_term_string\"}}],\"inLanguage\":\"nb-NO\"},{\"@type\":\"Organization\",\"@id\":\"https:\/\/www.transtoyou.com\/nb\/#organization\",\"name\":\"Transtoyou - NB\",\"url\":\"https:\/\/www.transtoyou.com\/nb\/\",\"logo\":{\"@type\":\"ImageObject\",\"inLanguage\":\"nb-NO\",\"@id\":\"https:\/\/www.transtoyou.com\/nb\/#\/schema\/logo\/image\/\",\"url\":\"https:\/\/www.transtoyou.com\/nb\/wp-content\/uploads\/sites\/10\/2026\/01\/logo-tty-menu-bar-300x87-1.webp\",\"contentUrl\":\"https:\/\/www.transtoyou.com\/nb\/wp-content\/uploads\/sites\/10\/2026\/01\/logo-tty-menu-bar-300x87-1.webp\",\"width\":300,\"height\":87,\"caption\":\"Transtoyou - NB\"},\"image\":{\"@id\":\"https:\/\/www.transtoyou.com\/nb\/#\/schema\/logo\/image\/\"}}]}<\/script>\n<!-- \/ Yoast SEO plugin. -->","yoast_head_json":{"title":"Loceryl | Effektiv Antifungal L\u00f8sning - Transtoyou","description":"Loceryl antifungal lakk retter seg mot negleinfeksjoner med amorolfin. Tilgjengelig her, gir den lokal behandling uten systemiske effekter.","robots":{"index":"noindex","follow":"follow","max-snippet":"max-snippet:-1","max-image-preview":"max-image-preview:large","max-video-preview":"max-video-preview:-1"},"og_locale":"nb_NO","og_type":"article","og_title":"Loceryl | Effektiv Antifungal L\u00f8sning - Transtoyou","og_description":"Loceryl antifungal lakk retter seg mot negleinfeksjoner med amorolfin. Tilgjengelig her, gir den lokal behandling uten systemiske effekter.","og_url":"https:\/\/www.transtoyou.com\/nb\/product\/loceryl\/","og_site_name":"Transtoyou - NB","article_modified_time":"2026-01-24T02:36:37+00:00","twitter_card":"summary_large_image","twitter_misc":{"Ansl. lesetid":"1 minutt"},"schema":{"@context":"https:\/\/schema.org","@graph":[{"@type":"WebPage","@id":"https:\/\/www.transtoyou.com\/nb\/product\/loceryl\/","url":"https:\/\/www.transtoyou.com\/nb\/product\/loceryl\/","name":"Loceryl | Effektiv Antifungal L\u00f8sning - Transtoyou","isPartOf":{"@id":"https:\/\/www.transtoyou.com\/nb\/#website"},"primaryImageOfPage":{"@id":"https:\/\/www.transtoyou.com\/nb\/product\/loceryl\/#primaryimage"},"image":{"@id":"https:\/\/www.transtoyou.com\/nb\/product\/loceryl\/#primaryimage"},"thumbnailUrl":"https:\/\/www.transtoyou.com\/nb\/wp-content\/uploads\/sites\/10\/2026\/01\/tty-no-product-image-74.webp","datePublished":"2026-01-24T02:35:37+00:00","dateModified":"2026-01-24T02:36:37+00:00","description":"Loceryl antifungal lakk retter seg mot negleinfeksjoner med amorolfin. Tilgjengelig her, gir den lokal behandling uten systemiske effekter.","breadcrumb":{"@id":"https:\/\/www.transtoyou.com\/nb\/product\/loceryl\/#breadcrumb"},"inLanguage":"nb-NO","potentialAction":[{"@type":"ReadAction","target":["https:\/\/www.transtoyou.com\/nb\/product\/loceryl\/"]}]},{"@type":"ImageObject","inLanguage":"nb-NO","@id":"https:\/\/www.transtoyou.com\/nb\/product\/loceryl\/#primaryimage","url":"https:\/\/www.transtoyou.com\/nb\/wp-content\/uploads\/sites\/10\/2026\/01\/tty-no-product-image-74.webp","contentUrl":"https:\/\/www.transtoyou.com\/nb\/wp-content\/uploads\/sites\/10\/2026\/01\/tty-no-product-image-74.webp","width":1000,"height":1000,"caption":"Standard produktbilde"},{"@type":"WebSite","@id":"https:\/\/www.transtoyou.com\/nb\/#website","url":"https:\/\/www.transtoyou.com\/nb\/","name":"Transtoyou - NB","description":"","publisher":{"@id":"https:\/\/www.transtoyou.com\/nb\/#organization"},"potentialAction":[{"@type":"SearchAction","target":{"@type":"EntryPoint","urlTemplate":"https:\/\/www.transtoyou.com\/nb\/?s={search_term_string}"},"query-input":{"@type":"PropertyValueSpecification","valueRequired":true,"valueName":"search_term_string"}}],"inLanguage":"nb-NO"},{"@type":"Organization","@id":"https:\/\/www.transtoyou.com\/nb\/#organization","name":"Transtoyou - NB","url":"https:\/\/www.transtoyou.com\/nb\/","logo":{"@type":"ImageObject","inLanguage":"nb-NO","@id":"https:\/\/www.transtoyou.com\/nb\/#\/schema\/logo\/image\/","url":"https:\/\/www.transtoyou.com\/nb\/wp-content\/uploads\/sites\/10\/2026\/01\/logo-tty-menu-bar-300x87-1.webp","contentUrl":"https:\/\/www.transtoyou.com\/nb\/wp-content\/uploads\/sites\/10\/2026\/01\/logo-tty-menu-bar-300x87-1.webp","width":300,"height":87,"caption":"Transtoyou - NB"},"image":{"@id":"https:\/\/www.transtoyou.com\/nb\/#\/schema\/logo\/image\/"}}]}},"_links":{"self":[{"href":"https:\/\/www.transtoyou.com\/nb\/wp-json\/wp\/v2\/product\/941","targetHints":{"allow":["GET"]}}],"collection":[{"href":"https:\/\/www.transtoyou.com\/nb\/wp-json\/wp\/v2\/product"}],"about":[{"href":"https:\/\/www.transtoyou.com\/nb\/wp-json\/wp\/v2\/types\/product"}],"replies":[{"embeddable":true,"href":"https:\/\/www.transtoyou.com\/nb\/wp-json\/wp\/v2\/comments?post=941"}],"wp:featuredmedia":[{"embeddable":true,"href":"https:\/\/www.transtoyou.com\/nb\/wp-json\/wp\/v2\/media\/942"}],"wp:attachment":[{"href":"https:\/\/www.transtoyou.com\/nb\/wp-json\/wp\/v2\/media?parent=941"}],"wp:term":[{"taxonomy":"product_brand","embeddable":true,"href":"https:\/\/www.transtoyou.com\/nb\/wp-json\/wp\/v2\/product_brand?post=941"},{"taxonomy":"product_cat","embeddable":true,"href":"https:\/\/www.transtoyou.com\/nb\/wp-json\/wp\/v2\/product_cat?post=941"},{"taxonomy":"product_tag","embeddable":true,"href":"https:\/\/www.transtoyou.com\/nb\/wp-json\/wp\/v2\/product_tag?post=941"},{"taxonomy":"expert","embeddable":true,"href":"https:\/\/www.transtoyou.com\/nb\/wp-json\/wp\/v2\/expert?post=941"}],"curies":[{"name":"wp","href":"https:\/\/api.w.org\/{rel}","templated":true}]}}