{"id":945,"date":"2026-01-24T05:05:13","date_gmt":"2026-01-24T03:05:13","guid":{"rendered":"https:\/\/www.transtoyou.com\/nb\/product\/betmiga\/"},"modified":"2026-01-24T05:06:14","modified_gmt":"2026-01-24T03:06:14","slug":"betmiga","status":"publish","type":"product","link":"https:\/\/www.transtoyou.com\/nb\/product\/betmiga\/","title":{"rendered":"Betmiga"},"content":{"rendered":"<p>Betmiga er en reseptbelagt medisin som brukes til \u00e5 behandle symptomer p\u00e5 overaktiv bl\u00e6re (OAB), inkludert urinhaste, hyppighet og urinlekkasje ved trang. Den inneholder den aktive ingrediensen mirabegron, som tilh\u00f8rer en klasse legemidler kalt beta-3 adrenerge agonister. I motsetning til tradisjonelle antimuskarinske behandlinger, virker Betmiga ved \u00e5 slappe av bl\u00e6re-muskelen under lagringsfasen, noe som gj\u00f8r at bl\u00e6ren kan holde mer urin og reduserer behovet for hyppig vannlating.<\/p>\n<p>Overaktiv bl\u00e6re kan ha betydelig innvirkning p\u00e5 dagliglivet, og f\u00f8rer ofte til forstyrrelser i arbeid, s\u00f8vn og sosiale aktiviteter. Betmiga hjelper med \u00e5 gjenopprette bl\u00e6rekontroll og gir lindring fra ubehaget og ulempene ved ufrivillige lekkasjer eller konstante trang til \u00e5 urinere.<\/p>\n<p>Betmiga tas en gang daglig, med eller uten mat. Effektene bygger seg gradvis opp, og det kan ta flere uker \u00e5 oppleve full forbedring. For mange pasienter begynner symptomene \u00e5 avta innen de f\u00f8rste to til fire ukene med konsekvent bruk.<\/p>\n<p>En av fordelene med Betmiga er dens forskjellige virkningsmekanisme sammenlignet med eldre OAB-medisiner, noe som gj\u00f8r den til et passende alternativ for pasienter som opplever bivirkninger som t\u00f8rr munn eller forstoppelse med antimuskariner.<\/p>\n<p>Vanlige bivirkninger inkluderer \u00f8kt blodtrykk, urinveisinfeksjoner eller hodepine. Betmiga er ikke egnet for personer med alvorlig, ukontrollert h\u00f8yt blodtrykk eller visse hjerteforhold. Regelmessig overv\u00e5king kan v\u00e6re anbefalt, spesielt hos personer med eksisterende kardiovaskul\u00e6re risikofaktorer.<\/p>\n","protected":false},"excerpt":{"rendered":"<ul>\n<li>En gang daglig bl\u00e6rekontroll<\/li>\n<li>Lindrer hastverk og hyppighet<\/li>\n<li>St\u00f8tter lindring av overaktiv bl\u00e6re<\/li>\n<\/ul>\n","protected":false},"featured_media":947,"comment_status":"open","ping_status":"closed","template":"","meta":[],"product_brand":[],"product_cat":[173],"product_tag":[],"expert":[18],"class_list":{"0":"post-945","1":"product","2":"type-product","3":"status-publish","4":"has-post-thumbnail","6":"product_cat-urininkontinens","7":"expert-dr-g-varbanov","9":"first","10":"instock","11":"shipping-taxable","12":"product-type-variable"},"yoast_head":"<!-- This site is optimized with the Yoast SEO plugin v27.0 - https:\/\/yoast.com\/product\/yoast-seo-wordpress\/ -->\n<title>Betmiga | Kontroller OAB-symptomer effektivt - Transtoyou<\/title>\n<meta name=\"description\" content=\"Betmiga tilgjengelig hos Transtoyou, behandler symptomer p\u00e5 overaktiv bl\u00e6re med mirabegron. Forbedre bl\u00e6rekontrollen i dag med klinisk vurderte resepter.\" \/>\n<meta name=\"robots\" content=\"noindex, follow, max-snippet:-1, max-image-preview:large, max-video-preview:-1\" \/>\n<meta property=\"og:locale\" content=\"nb_NO\" \/>\n<meta property=\"og:type\" content=\"article\" \/>\n<meta property=\"og:title\" content=\"Betmiga | Kontroller OAB-symptomer effektivt - Transtoyou\" \/>\n<meta property=\"og:description\" content=\"Betmiga tilgjengelig hos Transtoyou, behandler symptomer p\u00e5 overaktiv bl\u00e6re med mirabegron. Forbedre bl\u00e6rekontrollen i dag med klinisk vurderte resepter.\" \/>\n<meta property=\"og:url\" content=\"https:\/\/www.transtoyou.com\/nb\/product\/betmiga\/\" \/>\n<meta property=\"og:site_name\" content=\"Transtoyou - NB\" \/>\n<meta property=\"article:modified_time\" content=\"2026-01-24T03:06:14+00:00\" \/>\n<meta name=\"twitter:card\" content=\"summary_large_image\" \/>\n<meta name=\"twitter:label1\" content=\"Ansl. lesetid\" \/>\n\t<meta name=\"twitter:data1\" content=\"1 minutt\" \/>\n<script type=\"application\/ld+json\" class=\"yoast-schema-graph\">{\"@context\":\"https:\/\/schema.org\",\"@graph\":[{\"@type\":\"WebPage\",\"@id\":\"https:\/\/www.transtoyou.com\/nb\/product\/betmiga\/\",\"url\":\"https:\/\/www.transtoyou.com\/nb\/product\/betmiga\/\",\"name\":\"Betmiga | Kontroller OAB-symptomer effektivt - Transtoyou\",\"isPartOf\":{\"@id\":\"https:\/\/www.transtoyou.com\/nb\/#website\"},\"primaryImageOfPage\":{\"@id\":\"https:\/\/www.transtoyou.com\/nb\/product\/betmiga\/#primaryimage\"},\"image\":{\"@id\":\"https:\/\/www.transtoyou.com\/nb\/product\/betmiga\/#primaryimage\"},\"thumbnailUrl\":\"https:\/\/www.transtoyou.com\/nb\/wp-content\/uploads\/sites\/10\/2026\/01\/tty-no-product-image-76.webp\",\"datePublished\":\"2026-01-24T03:05:13+00:00\",\"dateModified\":\"2026-01-24T03:06:14+00:00\",\"description\":\"Betmiga tilgjengelig hos Transtoyou, behandler symptomer p\u00e5 overaktiv bl\u00e6re med mirabegron. Forbedre bl\u00e6rekontrollen i dag med klinisk vurderte resepter.\",\"breadcrumb\":{\"@id\":\"https:\/\/www.transtoyou.com\/nb\/product\/betmiga\/#breadcrumb\"},\"inLanguage\":\"nb-NO\",\"potentialAction\":[{\"@type\":\"ReadAction\",\"target\":[\"https:\/\/www.transtoyou.com\/nb\/product\/betmiga\/\"]}]},{\"@type\":\"ImageObject\",\"inLanguage\":\"nb-NO\",\"@id\":\"https:\/\/www.transtoyou.com\/nb\/product\/betmiga\/#primaryimage\",\"url\":\"https:\/\/www.transtoyou.com\/nb\/wp-content\/uploads\/sites\/10\/2026\/01\/tty-no-product-image-76.webp\",\"contentUrl\":\"https:\/\/www.transtoyou.com\/nb\/wp-content\/uploads\/sites\/10\/2026\/01\/tty-no-product-image-76.webp\",\"width\":1000,\"height\":1000,\"caption\":\"Standard produktbilde\"},{\"@type\":\"WebSite\",\"@id\":\"https:\/\/www.transtoyou.com\/nb\/#website\",\"url\":\"https:\/\/www.transtoyou.com\/nb\/\",\"name\":\"Transtoyou - NB\",\"description\":\"\",\"publisher\":{\"@id\":\"https:\/\/www.transtoyou.com\/nb\/#organization\"},\"potentialAction\":[{\"@type\":\"SearchAction\",\"target\":{\"@type\":\"EntryPoint\",\"urlTemplate\":\"https:\/\/www.transtoyou.com\/nb\/?s={search_term_string}\"},\"query-input\":{\"@type\":\"PropertyValueSpecification\",\"valueRequired\":true,\"valueName\":\"search_term_string\"}}],\"inLanguage\":\"nb-NO\"},{\"@type\":\"Organization\",\"@id\":\"https:\/\/www.transtoyou.com\/nb\/#organization\",\"name\":\"Transtoyou - NB\",\"url\":\"https:\/\/www.transtoyou.com\/nb\/\",\"logo\":{\"@type\":\"ImageObject\",\"inLanguage\":\"nb-NO\",\"@id\":\"https:\/\/www.transtoyou.com\/nb\/#\/schema\/logo\/image\/\",\"url\":\"https:\/\/www.transtoyou.com\/nb\/wp-content\/uploads\/sites\/10\/2026\/01\/logo-tty-menu-bar-300x87-1.webp\",\"contentUrl\":\"https:\/\/www.transtoyou.com\/nb\/wp-content\/uploads\/sites\/10\/2026\/01\/logo-tty-menu-bar-300x87-1.webp\",\"width\":300,\"height\":87,\"caption\":\"Transtoyou - NB\"},\"image\":{\"@id\":\"https:\/\/www.transtoyou.com\/nb\/#\/schema\/logo\/image\/\"}}]}<\/script>\n<!-- \/ Yoast SEO plugin. -->","yoast_head_json":{"title":"Betmiga | Kontroller OAB-symptomer effektivt - Transtoyou","description":"Betmiga tilgjengelig hos Transtoyou, behandler symptomer p\u00e5 overaktiv bl\u00e6re med mirabegron. Forbedre bl\u00e6rekontrollen i dag med klinisk vurderte resepter.","robots":{"index":"noindex","follow":"follow","max-snippet":"max-snippet:-1","max-image-preview":"max-image-preview:large","max-video-preview":"max-video-preview:-1"},"og_locale":"nb_NO","og_type":"article","og_title":"Betmiga | Kontroller OAB-symptomer effektivt - Transtoyou","og_description":"Betmiga tilgjengelig hos Transtoyou, behandler symptomer p\u00e5 overaktiv bl\u00e6re med mirabegron. Forbedre bl\u00e6rekontrollen i dag med klinisk vurderte resepter.","og_url":"https:\/\/www.transtoyou.com\/nb\/product\/betmiga\/","og_site_name":"Transtoyou - NB","article_modified_time":"2026-01-24T03:06:14+00:00","twitter_card":"summary_large_image","twitter_misc":{"Ansl. lesetid":"1 minutt"},"schema":{"@context":"https:\/\/schema.org","@graph":[{"@type":"WebPage","@id":"https:\/\/www.transtoyou.com\/nb\/product\/betmiga\/","url":"https:\/\/www.transtoyou.com\/nb\/product\/betmiga\/","name":"Betmiga | Kontroller OAB-symptomer effektivt - Transtoyou","isPartOf":{"@id":"https:\/\/www.transtoyou.com\/nb\/#website"},"primaryImageOfPage":{"@id":"https:\/\/www.transtoyou.com\/nb\/product\/betmiga\/#primaryimage"},"image":{"@id":"https:\/\/www.transtoyou.com\/nb\/product\/betmiga\/#primaryimage"},"thumbnailUrl":"https:\/\/www.transtoyou.com\/nb\/wp-content\/uploads\/sites\/10\/2026\/01\/tty-no-product-image-76.webp","datePublished":"2026-01-24T03:05:13+00:00","dateModified":"2026-01-24T03:06:14+00:00","description":"Betmiga tilgjengelig hos Transtoyou, behandler symptomer p\u00e5 overaktiv bl\u00e6re med mirabegron. Forbedre bl\u00e6rekontrollen i dag med klinisk vurderte resepter.","breadcrumb":{"@id":"https:\/\/www.transtoyou.com\/nb\/product\/betmiga\/#breadcrumb"},"inLanguage":"nb-NO","potentialAction":[{"@type":"ReadAction","target":["https:\/\/www.transtoyou.com\/nb\/product\/betmiga\/"]}]},{"@type":"ImageObject","inLanguage":"nb-NO","@id":"https:\/\/www.transtoyou.com\/nb\/product\/betmiga\/#primaryimage","url":"https:\/\/www.transtoyou.com\/nb\/wp-content\/uploads\/sites\/10\/2026\/01\/tty-no-product-image-76.webp","contentUrl":"https:\/\/www.transtoyou.com\/nb\/wp-content\/uploads\/sites\/10\/2026\/01\/tty-no-product-image-76.webp","width":1000,"height":1000,"caption":"Standard produktbilde"},{"@type":"WebSite","@id":"https:\/\/www.transtoyou.com\/nb\/#website","url":"https:\/\/www.transtoyou.com\/nb\/","name":"Transtoyou - NB","description":"","publisher":{"@id":"https:\/\/www.transtoyou.com\/nb\/#organization"},"potentialAction":[{"@type":"SearchAction","target":{"@type":"EntryPoint","urlTemplate":"https:\/\/www.transtoyou.com\/nb\/?s={search_term_string}"},"query-input":{"@type":"PropertyValueSpecification","valueRequired":true,"valueName":"search_term_string"}}],"inLanguage":"nb-NO"},{"@type":"Organization","@id":"https:\/\/www.transtoyou.com\/nb\/#organization","name":"Transtoyou - NB","url":"https:\/\/www.transtoyou.com\/nb\/","logo":{"@type":"ImageObject","inLanguage":"nb-NO","@id":"https:\/\/www.transtoyou.com\/nb\/#\/schema\/logo\/image\/","url":"https:\/\/www.transtoyou.com\/nb\/wp-content\/uploads\/sites\/10\/2026\/01\/logo-tty-menu-bar-300x87-1.webp","contentUrl":"https:\/\/www.transtoyou.com\/nb\/wp-content\/uploads\/sites\/10\/2026\/01\/logo-tty-menu-bar-300x87-1.webp","width":300,"height":87,"caption":"Transtoyou - NB"},"image":{"@id":"https:\/\/www.transtoyou.com\/nb\/#\/schema\/logo\/image\/"}}]}},"_links":{"self":[{"href":"https:\/\/www.transtoyou.com\/nb\/wp-json\/wp\/v2\/product\/945","targetHints":{"allow":["GET"]}}],"collection":[{"href":"https:\/\/www.transtoyou.com\/nb\/wp-json\/wp\/v2\/product"}],"about":[{"href":"https:\/\/www.transtoyou.com\/nb\/wp-json\/wp\/v2\/types\/product"}],"replies":[{"embeddable":true,"href":"https:\/\/www.transtoyou.com\/nb\/wp-json\/wp\/v2\/comments?post=945"}],"wp:featuredmedia":[{"embeddable":true,"href":"https:\/\/www.transtoyou.com\/nb\/wp-json\/wp\/v2\/media\/947"}],"wp:attachment":[{"href":"https:\/\/www.transtoyou.com\/nb\/wp-json\/wp\/v2\/media?parent=945"}],"wp:term":[{"taxonomy":"product_brand","embeddable":true,"href":"https:\/\/www.transtoyou.com\/nb\/wp-json\/wp\/v2\/product_brand?post=945"},{"taxonomy":"product_cat","embeddable":true,"href":"https:\/\/www.transtoyou.com\/nb\/wp-json\/wp\/v2\/product_cat?post=945"},{"taxonomy":"product_tag","embeddable":true,"href":"https:\/\/www.transtoyou.com\/nb\/wp-json\/wp\/v2\/product_tag?post=945"},{"taxonomy":"expert","embeddable":true,"href":"https:\/\/www.transtoyou.com\/nb\/wp-json\/wp\/v2\/expert?post=945"}],"curies":[{"name":"wp","href":"https:\/\/api.w.org\/{rel}","templated":true}]}}