{"id":951,"date":"2026-01-24T05:37:16","date_gmt":"2026-01-24T03:37:16","guid":{"rendered":"https:\/\/www.transtoyou.com\/nb\/product\/sumatriptan\/"},"modified":"2026-03-05T16:30:46","modified_gmt":"2026-03-05T14:30:46","slug":"sumatriptan","status":"publish","type":"product","link":"https:\/\/www.transtoyou.com\/nb\/product\/sumatriptan\/","title":{"rendered":"Sumatriptan"},"content":{"rendered":"<p>Sumatriptan er en medisin som brukes til \u00e5 behandle akutte migreneanfall og klyngehodepine. Den tilh\u00f8rer en gruppe legemidler kjent som triptaner, som er spesifikt designet for \u00e5 lindre symptomene p\u00e5 migrene n\u00e5r de begynner. Sumatriptan brukes ikke til \u00e5 forebygge migrene, men for \u00e5 avbryte et anfall etter at det har startet.<\/p>\n<p>Migrenesymptomer kan inkludere bankende hodepine, kvalme, lys- eller lydf\u00f8lsomhet, og synsforstyrrelser. Sumatriptan hjelper ved \u00e5 smalne utvidede blod\u00e5rer i hjernen og blokkere frigj\u00f8ringen av visse kjemikalier som antas \u00e5 utl\u00f8se migrenesymptomer. Denne virkningen bidrar til \u00e5 redusere smerte og relaterte symptomer innen relativt kort tid.<\/p>\n<p>For orale tabletter er den vanlige dosen 50 mg eller 100 mg, tatt ved starten av et migreneanfall. Hvis symptomene kommer tilbake, kan en andre dose tas etter minst to timer, men ikke mer enn to doser b\u00f8r tas innen 24 timer.<\/p>\n<p>Sumatriptan fungerer best n\u00e5r det tas tidlig i et migreneanfall, f\u00f8r hodepinen blir mer alvorlig. Mange opplever betydelig lindring innen 30 til 60 minutter etter \u00e5 ha tatt medisinen.<\/p>\n<p>Vanlige bivirkninger kan inkludere prikking, r\u00f8dming, tretthet, eller en f\u00f8lelse av trykk i brystet eller halsen. Disse effektene er vanligvis kortvarige. Sumatriptan er kanskje ikke egnet for personer med visse kardiovaskul\u00e6re tilstander, da det p\u00e5virker blod\u00e5rene.<\/p>\n","protected":false},"excerpt":{"rendered":"<ul>\n<li>Rask lindring for migrenesymptomer<\/li>\n<li>Retter seg mot den vaskul\u00e6re \u00e5rsaken til hodepine<\/li>\n<li>Behandler ogs\u00e5 klyngehodepine effektivt<\/li>\n<\/ul>\n","protected":false},"featured_media":953,"comment_status":"open","ping_status":"closed","template":"","meta":[],"product_brand":[],"product_cat":[129],"product_tag":[],"expert":[16],"class_list":{"0":"post-951","1":"product","2":"type-product","3":"status-publish","4":"has-post-thumbnail","6":"product_cat-hodepine-migrene","7":"expert-dr-c-alexandru","9":"first","10":"instock","11":"shipping-taxable","12":"product-type-variable"},"yoast_head":"<!-- This site is optimized with the Yoast SEO plugin v27.0 - https:\/\/yoast.com\/product\/yoast-seo-wordpress\/ -->\n<title>Sumatriptan | Lindrer Migrene Raskt - Transtoyou<\/title>\n<meta name=\"description\" content=\"Sumatriptan tilgjengelig p\u00e5 Transtoyou, lindrer akutte migrene raskt. Sjekk symptomene effektivt med dette p\u00e5litelige behandlingstilbudet.\" \/>\n<meta name=\"robots\" content=\"noindex, follow, max-snippet:-1, max-image-preview:large, max-video-preview:-1\" \/>\n<meta property=\"og:locale\" content=\"nb_NO\" \/>\n<meta property=\"og:type\" content=\"article\" \/>\n<meta property=\"og:title\" content=\"Sumatriptan | Lindrer Migrene Raskt - Transtoyou\" \/>\n<meta property=\"og:description\" content=\"Sumatriptan tilgjengelig p\u00e5 Transtoyou, lindrer akutte migrene raskt. Sjekk symptomene effektivt med dette p\u00e5litelige behandlingstilbudet.\" \/>\n<meta property=\"og:url\" content=\"https:\/\/www.transtoyou.com\/nb\/product\/sumatriptan\/\" \/>\n<meta property=\"og:site_name\" content=\"Transtoyou - NB\" \/>\n<meta property=\"article:modified_time\" content=\"2026-03-05T14:30:46+00:00\" \/>\n<meta name=\"twitter:card\" content=\"summary_large_image\" \/>\n<meta name=\"twitter:label1\" content=\"Ansl. lesetid\" \/>\n\t<meta name=\"twitter:data1\" content=\"1 minutt\" \/>\n<script type=\"application\/ld+json\" class=\"yoast-schema-graph\">{\"@context\":\"https:\/\/schema.org\",\"@graph\":[{\"@type\":\"WebPage\",\"@id\":\"https:\/\/www.transtoyou.com\/nb\/product\/sumatriptan\/\",\"url\":\"https:\/\/www.transtoyou.com\/nb\/product\/sumatriptan\/\",\"name\":\"Sumatriptan | Lindrer Migrene Raskt - Transtoyou\",\"isPartOf\":{\"@id\":\"https:\/\/www.transtoyou.com\/nb\/#website\"},\"primaryImageOfPage\":{\"@id\":\"https:\/\/www.transtoyou.com\/nb\/product\/sumatriptan\/#primaryimage\"},\"image\":{\"@id\":\"https:\/\/www.transtoyou.com\/nb\/product\/sumatriptan\/#primaryimage\"},\"thumbnailUrl\":\"https:\/\/www.transtoyou.com\/nb\/wp-content\/uploads\/sites\/10\/2026\/01\/tty-no-product-image-78.webp\",\"datePublished\":\"2026-01-24T03:37:16+00:00\",\"dateModified\":\"2026-03-05T14:30:46+00:00\",\"description\":\"Sumatriptan tilgjengelig p\u00e5 Transtoyou, lindrer akutte migrene raskt. Sjekk symptomene effektivt med dette p\u00e5litelige behandlingstilbudet.\",\"breadcrumb\":{\"@id\":\"https:\/\/www.transtoyou.com\/nb\/product\/sumatriptan\/#breadcrumb\"},\"inLanguage\":\"nb-NO\",\"potentialAction\":[{\"@type\":\"ReadAction\",\"target\":[\"https:\/\/www.transtoyou.com\/nb\/product\/sumatriptan\/\"]}]},{\"@type\":\"ImageObject\",\"inLanguage\":\"nb-NO\",\"@id\":\"https:\/\/www.transtoyou.com\/nb\/product\/sumatriptan\/#primaryimage\",\"url\":\"https:\/\/www.transtoyou.com\/nb\/wp-content\/uploads\/sites\/10\/2026\/01\/tty-no-product-image-78.webp\",\"contentUrl\":\"https:\/\/www.transtoyou.com\/nb\/wp-content\/uploads\/sites\/10\/2026\/01\/tty-no-product-image-78.webp\",\"width\":1000,\"height\":1000,\"caption\":\"Standard produktbilde\"},{\"@type\":\"WebSite\",\"@id\":\"https:\/\/www.transtoyou.com\/nb\/#website\",\"url\":\"https:\/\/www.transtoyou.com\/nb\/\",\"name\":\"Transtoyou - NB\",\"description\":\"\",\"publisher\":{\"@id\":\"https:\/\/www.transtoyou.com\/nb\/#organization\"},\"potentialAction\":[{\"@type\":\"SearchAction\",\"target\":{\"@type\":\"EntryPoint\",\"urlTemplate\":\"https:\/\/www.transtoyou.com\/nb\/?s={search_term_string}\"},\"query-input\":{\"@type\":\"PropertyValueSpecification\",\"valueRequired\":true,\"valueName\":\"search_term_string\"}}],\"inLanguage\":\"nb-NO\"},{\"@type\":\"Organization\",\"@id\":\"https:\/\/www.transtoyou.com\/nb\/#organization\",\"name\":\"Transtoyou - NB\",\"url\":\"https:\/\/www.transtoyou.com\/nb\/\",\"logo\":{\"@type\":\"ImageObject\",\"inLanguage\":\"nb-NO\",\"@id\":\"https:\/\/www.transtoyou.com\/nb\/#\/schema\/logo\/image\/\",\"url\":\"https:\/\/www.transtoyou.com\/nb\/wp-content\/uploads\/sites\/10\/2026\/01\/logo-tty-menu-bar-300x87-1.webp\",\"contentUrl\":\"https:\/\/www.transtoyou.com\/nb\/wp-content\/uploads\/sites\/10\/2026\/01\/logo-tty-menu-bar-300x87-1.webp\",\"width\":300,\"height\":87,\"caption\":\"Transtoyou - NB\"},\"image\":{\"@id\":\"https:\/\/www.transtoyou.com\/nb\/#\/schema\/logo\/image\/\"}}]}<\/script>\n<!-- \/ Yoast SEO plugin. -->","yoast_head_json":{"title":"Sumatriptan | Lindrer Migrene Raskt - Transtoyou","description":"Sumatriptan tilgjengelig p\u00e5 Transtoyou, lindrer akutte migrene raskt. Sjekk symptomene effektivt med dette p\u00e5litelige behandlingstilbudet.","robots":{"index":"noindex","follow":"follow","max-snippet":"max-snippet:-1","max-image-preview":"max-image-preview:large","max-video-preview":"max-video-preview:-1"},"og_locale":"nb_NO","og_type":"article","og_title":"Sumatriptan | Lindrer Migrene Raskt - Transtoyou","og_description":"Sumatriptan tilgjengelig p\u00e5 Transtoyou, lindrer akutte migrene raskt. Sjekk symptomene effektivt med dette p\u00e5litelige behandlingstilbudet.","og_url":"https:\/\/www.transtoyou.com\/nb\/product\/sumatriptan\/","og_site_name":"Transtoyou - NB","article_modified_time":"2026-03-05T14:30:46+00:00","twitter_card":"summary_large_image","twitter_misc":{"Ansl. lesetid":"1 minutt"},"schema":{"@context":"https:\/\/schema.org","@graph":[{"@type":"WebPage","@id":"https:\/\/www.transtoyou.com\/nb\/product\/sumatriptan\/","url":"https:\/\/www.transtoyou.com\/nb\/product\/sumatriptan\/","name":"Sumatriptan | Lindrer Migrene Raskt - Transtoyou","isPartOf":{"@id":"https:\/\/www.transtoyou.com\/nb\/#website"},"primaryImageOfPage":{"@id":"https:\/\/www.transtoyou.com\/nb\/product\/sumatriptan\/#primaryimage"},"image":{"@id":"https:\/\/www.transtoyou.com\/nb\/product\/sumatriptan\/#primaryimage"},"thumbnailUrl":"https:\/\/www.transtoyou.com\/nb\/wp-content\/uploads\/sites\/10\/2026\/01\/tty-no-product-image-78.webp","datePublished":"2026-01-24T03:37:16+00:00","dateModified":"2026-03-05T14:30:46+00:00","description":"Sumatriptan tilgjengelig p\u00e5 Transtoyou, lindrer akutte migrene raskt. Sjekk symptomene effektivt med dette p\u00e5litelige behandlingstilbudet.","breadcrumb":{"@id":"https:\/\/www.transtoyou.com\/nb\/product\/sumatriptan\/#breadcrumb"},"inLanguage":"nb-NO","potentialAction":[{"@type":"ReadAction","target":["https:\/\/www.transtoyou.com\/nb\/product\/sumatriptan\/"]}]},{"@type":"ImageObject","inLanguage":"nb-NO","@id":"https:\/\/www.transtoyou.com\/nb\/product\/sumatriptan\/#primaryimage","url":"https:\/\/www.transtoyou.com\/nb\/wp-content\/uploads\/sites\/10\/2026\/01\/tty-no-product-image-78.webp","contentUrl":"https:\/\/www.transtoyou.com\/nb\/wp-content\/uploads\/sites\/10\/2026\/01\/tty-no-product-image-78.webp","width":1000,"height":1000,"caption":"Standard produktbilde"},{"@type":"WebSite","@id":"https:\/\/www.transtoyou.com\/nb\/#website","url":"https:\/\/www.transtoyou.com\/nb\/","name":"Transtoyou - NB","description":"","publisher":{"@id":"https:\/\/www.transtoyou.com\/nb\/#organization"},"potentialAction":[{"@type":"SearchAction","target":{"@type":"EntryPoint","urlTemplate":"https:\/\/www.transtoyou.com\/nb\/?s={search_term_string}"},"query-input":{"@type":"PropertyValueSpecification","valueRequired":true,"valueName":"search_term_string"}}],"inLanguage":"nb-NO"},{"@type":"Organization","@id":"https:\/\/www.transtoyou.com\/nb\/#organization","name":"Transtoyou - NB","url":"https:\/\/www.transtoyou.com\/nb\/","logo":{"@type":"ImageObject","inLanguage":"nb-NO","@id":"https:\/\/www.transtoyou.com\/nb\/#\/schema\/logo\/image\/","url":"https:\/\/www.transtoyou.com\/nb\/wp-content\/uploads\/sites\/10\/2026\/01\/logo-tty-menu-bar-300x87-1.webp","contentUrl":"https:\/\/www.transtoyou.com\/nb\/wp-content\/uploads\/sites\/10\/2026\/01\/logo-tty-menu-bar-300x87-1.webp","width":300,"height":87,"caption":"Transtoyou - NB"},"image":{"@id":"https:\/\/www.transtoyou.com\/nb\/#\/schema\/logo\/image\/"}}]}},"_links":{"self":[{"href":"https:\/\/www.transtoyou.com\/nb\/wp-json\/wp\/v2\/product\/951","targetHints":{"allow":["GET"]}}],"collection":[{"href":"https:\/\/www.transtoyou.com\/nb\/wp-json\/wp\/v2\/product"}],"about":[{"href":"https:\/\/www.transtoyou.com\/nb\/wp-json\/wp\/v2\/types\/product"}],"replies":[{"embeddable":true,"href":"https:\/\/www.transtoyou.com\/nb\/wp-json\/wp\/v2\/comments?post=951"}],"wp:featuredmedia":[{"embeddable":true,"href":"https:\/\/www.transtoyou.com\/nb\/wp-json\/wp\/v2\/media\/953"}],"wp:attachment":[{"href":"https:\/\/www.transtoyou.com\/nb\/wp-json\/wp\/v2\/media?parent=951"}],"wp:term":[{"taxonomy":"product_brand","embeddable":true,"href":"https:\/\/www.transtoyou.com\/nb\/wp-json\/wp\/v2\/product_brand?post=951"},{"taxonomy":"product_cat","embeddable":true,"href":"https:\/\/www.transtoyou.com\/nb\/wp-json\/wp\/v2\/product_cat?post=951"},{"taxonomy":"product_tag","embeddable":true,"href":"https:\/\/www.transtoyou.com\/nb\/wp-json\/wp\/v2\/product_tag?post=951"},{"taxonomy":"expert","embeddable":true,"href":"https:\/\/www.transtoyou.com\/nb\/wp-json\/wp\/v2\/expert?post=951"}],"curies":[{"name":"wp","href":"https:\/\/api.w.org\/{rel}","templated":true}]}}