{"id":954,"date":"2026-01-24T05:55:26","date_gmt":"2026-01-24T03:55:26","guid":{"rendered":"https:\/\/www.transtoyou.com\/nb\/product\/rizatriptan\/"},"modified":"2026-03-02T17:51:40","modified_gmt":"2026-03-02T15:51:40","slug":"rizatriptan","status":"publish","type":"product","link":"https:\/\/www.transtoyou.com\/nb\/product\/rizatriptan\/","title":{"rendered":"Rizatriptan"},"content":{"rendered":"<p>Rizatriptan er en reseptbelagt medisin klassifisert som en selektiv serotoninreseptoragonist, ogs\u00e5 kjent som en Triptan. Den brukes prim\u00e6rt til akutt behandling av migrene, med eller uten aura. Rizatriptan virker ved \u00e5 stimulere serotonin (5-HT1B og 5-HT1D) reseptorer i hjernen, noe som f\u00f8rer til innsnevring av utvidede blod\u00e5rer. Denne vasokonstriksjonen bidrar til \u00e5 lindre smerte, kvalme og lys- og lydsensitivitet som ofte er forbundet med migrene.<\/p>\n<p>Denne medisinen forebygger ikke migrene, men behandler migreneanfall effektivt n\u00e5r de begynner. Rizatriptan er mest effektiv n\u00e5r den tas ved f\u00f8rste tegn p\u00e5 migrenesymptomer. Den behandler ikke andre typer hodepine, som spenningshodepine eller klyngehodepine.<\/p>\n<p>Rizatriptans virkning bidrar til \u00e5 redusere betennelse rundt hjernens blod\u00e5rer, og gir m\u00e5lrettet lindring uten \u00e5 p\u00e5virke andre kroppssystemer. Den begynner vanligvis \u00e5 virke innen 30 til 60 minutter etter inntak og kan gi lindring i flere timer. En av fordelene med Rizatriptan er den raske virkningen og effektiviteten selv n\u00e5r migrenesymptomer inkluderer kvalme eller oppkast.<\/p>\n<p>Pasienter opplever ofte f\u00e6rre bivirkninger sammenlignet med andre migrenebehandlinger, og alternativet med oral oppl\u00f8selig tablett gir bekvemmelighet og rask absorpsjon, spesielt n\u00e5r den tas uten vann.<\/p>\n","protected":false},"excerpt":{"rendered":"<ul>\n<li>Rask lindring av migrene<\/li>\n<li>Virker innen 30 minutter<\/li>\n<li>Praktisk oral tablett<\/li>\n<\/ul>\n","protected":false},"featured_media":956,"comment_status":"open","ping_status":"closed","template":"","meta":[],"product_brand":[],"product_cat":[129],"product_tag":[],"expert":[16],"class_list":{"0":"post-954","1":"product","2":"type-product","3":"status-publish","4":"has-post-thumbnail","6":"product_cat-hodepine-migrene","7":"expert-dr-c-alexandru","9":"first","10":"instock","11":"shipping-taxable","12":"product-type-variable"},"yoast_head":"<!-- This site is optimized with the Yoast SEO plugin v27.0 - https:\/\/yoast.com\/product\/yoast-seo-wordpress\/ -->\n<title>Rizatriptan | Rask Migrenelindring - Transtoyou<\/title>\n<meta name=\"description\" content=\"Rizatriptan: Effektiv migrenelindring tilgjengelig p\u00e5 Transtoyou. F\u00e5 profesjonell hjelp og sikre resepter for m\u00e5lrettet hodepineslindring.\" \/>\n<meta name=\"robots\" content=\"noindex, follow, max-snippet:-1, max-image-preview:large, max-video-preview:-1\" \/>\n<meta property=\"og:locale\" content=\"nb_NO\" \/>\n<meta property=\"og:type\" content=\"article\" \/>\n<meta property=\"og:title\" content=\"Rizatriptan | Rask Migrenelindring - Transtoyou\" \/>\n<meta property=\"og:description\" content=\"Rizatriptan: Effektiv migrenelindring tilgjengelig p\u00e5 Transtoyou. F\u00e5 profesjonell hjelp og sikre resepter for m\u00e5lrettet hodepineslindring.\" \/>\n<meta property=\"og:url\" content=\"https:\/\/www.transtoyou.com\/nb\/product\/rizatriptan\/\" \/>\n<meta property=\"og:site_name\" content=\"Transtoyou - NB\" \/>\n<meta property=\"article:modified_time\" content=\"2026-03-02T15:51:40+00:00\" \/>\n<meta name=\"twitter:card\" content=\"summary_large_image\" \/>\n<meta name=\"twitter:label1\" content=\"Ansl. lesetid\" \/>\n\t<meta name=\"twitter:data1\" content=\"1 minutt\" \/>\n<script type=\"application\/ld+json\" class=\"yoast-schema-graph\">{\"@context\":\"https:\/\/schema.org\",\"@graph\":[{\"@type\":\"WebPage\",\"@id\":\"https:\/\/www.transtoyou.com\/nb\/product\/rizatriptan\/\",\"url\":\"https:\/\/www.transtoyou.com\/nb\/product\/rizatriptan\/\",\"name\":\"Rizatriptan | Rask Migrenelindring - Transtoyou\",\"isPartOf\":{\"@id\":\"https:\/\/www.transtoyou.com\/nb\/#website\"},\"primaryImageOfPage\":{\"@id\":\"https:\/\/www.transtoyou.com\/nb\/product\/rizatriptan\/#primaryimage\"},\"image\":{\"@id\":\"https:\/\/www.transtoyou.com\/nb\/product\/rizatriptan\/#primaryimage\"},\"thumbnailUrl\":\"https:\/\/www.transtoyou.com\/nb\/wp-content\/uploads\/sites\/10\/2026\/01\/tty-no-product-image-79.webp\",\"datePublished\":\"2026-01-24T03:55:26+00:00\",\"dateModified\":\"2026-03-02T15:51:40+00:00\",\"description\":\"Rizatriptan: Effektiv migrenelindring tilgjengelig p\u00e5 Transtoyou. F\u00e5 profesjonell hjelp og sikre resepter for m\u00e5lrettet hodepineslindring.\",\"breadcrumb\":{\"@id\":\"https:\/\/www.transtoyou.com\/nb\/product\/rizatriptan\/#breadcrumb\"},\"inLanguage\":\"nb-NO\",\"potentialAction\":[{\"@type\":\"ReadAction\",\"target\":[\"https:\/\/www.transtoyou.com\/nb\/product\/rizatriptan\/\"]}]},{\"@type\":\"ImageObject\",\"inLanguage\":\"nb-NO\",\"@id\":\"https:\/\/www.transtoyou.com\/nb\/product\/rizatriptan\/#primaryimage\",\"url\":\"https:\/\/www.transtoyou.com\/nb\/wp-content\/uploads\/sites\/10\/2026\/01\/tty-no-product-image-79.webp\",\"contentUrl\":\"https:\/\/www.transtoyou.com\/nb\/wp-content\/uploads\/sites\/10\/2026\/01\/tty-no-product-image-79.webp\",\"width\":1000,\"height\":1000,\"caption\":\"Standard produktbilde\"},{\"@type\":\"WebSite\",\"@id\":\"https:\/\/www.transtoyou.com\/nb\/#website\",\"url\":\"https:\/\/www.transtoyou.com\/nb\/\",\"name\":\"Transtoyou - NB\",\"description\":\"\",\"publisher\":{\"@id\":\"https:\/\/www.transtoyou.com\/nb\/#organization\"},\"potentialAction\":[{\"@type\":\"SearchAction\",\"target\":{\"@type\":\"EntryPoint\",\"urlTemplate\":\"https:\/\/www.transtoyou.com\/nb\/?s={search_term_string}\"},\"query-input\":{\"@type\":\"PropertyValueSpecification\",\"valueRequired\":true,\"valueName\":\"search_term_string\"}}],\"inLanguage\":\"nb-NO\"},{\"@type\":\"Organization\",\"@id\":\"https:\/\/www.transtoyou.com\/nb\/#organization\",\"name\":\"Transtoyou - NB\",\"url\":\"https:\/\/www.transtoyou.com\/nb\/\",\"logo\":{\"@type\":\"ImageObject\",\"inLanguage\":\"nb-NO\",\"@id\":\"https:\/\/www.transtoyou.com\/nb\/#\/schema\/logo\/image\/\",\"url\":\"https:\/\/www.transtoyou.com\/nb\/wp-content\/uploads\/sites\/10\/2026\/01\/logo-tty-menu-bar-300x87-1.webp\",\"contentUrl\":\"https:\/\/www.transtoyou.com\/nb\/wp-content\/uploads\/sites\/10\/2026\/01\/logo-tty-menu-bar-300x87-1.webp\",\"width\":300,\"height\":87,\"caption\":\"Transtoyou - NB\"},\"image\":{\"@id\":\"https:\/\/www.transtoyou.com\/nb\/#\/schema\/logo\/image\/\"}}]}<\/script>\n<!-- \/ Yoast SEO plugin. -->","yoast_head_json":{"title":"Rizatriptan | Rask Migrenelindring - Transtoyou","description":"Rizatriptan: Effektiv migrenelindring tilgjengelig p\u00e5 Transtoyou. F\u00e5 profesjonell hjelp og sikre resepter for m\u00e5lrettet hodepineslindring.","robots":{"index":"noindex","follow":"follow","max-snippet":"max-snippet:-1","max-image-preview":"max-image-preview:large","max-video-preview":"max-video-preview:-1"},"og_locale":"nb_NO","og_type":"article","og_title":"Rizatriptan | Rask Migrenelindring - Transtoyou","og_description":"Rizatriptan: Effektiv migrenelindring tilgjengelig p\u00e5 Transtoyou. F\u00e5 profesjonell hjelp og sikre resepter for m\u00e5lrettet hodepineslindring.","og_url":"https:\/\/www.transtoyou.com\/nb\/product\/rizatriptan\/","og_site_name":"Transtoyou - NB","article_modified_time":"2026-03-02T15:51:40+00:00","twitter_card":"summary_large_image","twitter_misc":{"Ansl. lesetid":"1 minutt"},"schema":{"@context":"https:\/\/schema.org","@graph":[{"@type":"WebPage","@id":"https:\/\/www.transtoyou.com\/nb\/product\/rizatriptan\/","url":"https:\/\/www.transtoyou.com\/nb\/product\/rizatriptan\/","name":"Rizatriptan | Rask Migrenelindring - Transtoyou","isPartOf":{"@id":"https:\/\/www.transtoyou.com\/nb\/#website"},"primaryImageOfPage":{"@id":"https:\/\/www.transtoyou.com\/nb\/product\/rizatriptan\/#primaryimage"},"image":{"@id":"https:\/\/www.transtoyou.com\/nb\/product\/rizatriptan\/#primaryimage"},"thumbnailUrl":"https:\/\/www.transtoyou.com\/nb\/wp-content\/uploads\/sites\/10\/2026\/01\/tty-no-product-image-79.webp","datePublished":"2026-01-24T03:55:26+00:00","dateModified":"2026-03-02T15:51:40+00:00","description":"Rizatriptan: Effektiv migrenelindring tilgjengelig p\u00e5 Transtoyou. F\u00e5 profesjonell hjelp og sikre resepter for m\u00e5lrettet hodepineslindring.","breadcrumb":{"@id":"https:\/\/www.transtoyou.com\/nb\/product\/rizatriptan\/#breadcrumb"},"inLanguage":"nb-NO","potentialAction":[{"@type":"ReadAction","target":["https:\/\/www.transtoyou.com\/nb\/product\/rizatriptan\/"]}]},{"@type":"ImageObject","inLanguage":"nb-NO","@id":"https:\/\/www.transtoyou.com\/nb\/product\/rizatriptan\/#primaryimage","url":"https:\/\/www.transtoyou.com\/nb\/wp-content\/uploads\/sites\/10\/2026\/01\/tty-no-product-image-79.webp","contentUrl":"https:\/\/www.transtoyou.com\/nb\/wp-content\/uploads\/sites\/10\/2026\/01\/tty-no-product-image-79.webp","width":1000,"height":1000,"caption":"Standard produktbilde"},{"@type":"WebSite","@id":"https:\/\/www.transtoyou.com\/nb\/#website","url":"https:\/\/www.transtoyou.com\/nb\/","name":"Transtoyou - NB","description":"","publisher":{"@id":"https:\/\/www.transtoyou.com\/nb\/#organization"},"potentialAction":[{"@type":"SearchAction","target":{"@type":"EntryPoint","urlTemplate":"https:\/\/www.transtoyou.com\/nb\/?s={search_term_string}"},"query-input":{"@type":"PropertyValueSpecification","valueRequired":true,"valueName":"search_term_string"}}],"inLanguage":"nb-NO"},{"@type":"Organization","@id":"https:\/\/www.transtoyou.com\/nb\/#organization","name":"Transtoyou - NB","url":"https:\/\/www.transtoyou.com\/nb\/","logo":{"@type":"ImageObject","inLanguage":"nb-NO","@id":"https:\/\/www.transtoyou.com\/nb\/#\/schema\/logo\/image\/","url":"https:\/\/www.transtoyou.com\/nb\/wp-content\/uploads\/sites\/10\/2026\/01\/logo-tty-menu-bar-300x87-1.webp","contentUrl":"https:\/\/www.transtoyou.com\/nb\/wp-content\/uploads\/sites\/10\/2026\/01\/logo-tty-menu-bar-300x87-1.webp","width":300,"height":87,"caption":"Transtoyou - NB"},"image":{"@id":"https:\/\/www.transtoyou.com\/nb\/#\/schema\/logo\/image\/"}}]}},"_links":{"self":[{"href":"https:\/\/www.transtoyou.com\/nb\/wp-json\/wp\/v2\/product\/954","targetHints":{"allow":["GET"]}}],"collection":[{"href":"https:\/\/www.transtoyou.com\/nb\/wp-json\/wp\/v2\/product"}],"about":[{"href":"https:\/\/www.transtoyou.com\/nb\/wp-json\/wp\/v2\/types\/product"}],"replies":[{"embeddable":true,"href":"https:\/\/www.transtoyou.com\/nb\/wp-json\/wp\/v2\/comments?post=954"}],"wp:featuredmedia":[{"embeddable":true,"href":"https:\/\/www.transtoyou.com\/nb\/wp-json\/wp\/v2\/media\/956"}],"wp:attachment":[{"href":"https:\/\/www.transtoyou.com\/nb\/wp-json\/wp\/v2\/media?parent=954"}],"wp:term":[{"taxonomy":"product_brand","embeddable":true,"href":"https:\/\/www.transtoyou.com\/nb\/wp-json\/wp\/v2\/product_brand?post=954"},{"taxonomy":"product_cat","embeddable":true,"href":"https:\/\/www.transtoyou.com\/nb\/wp-json\/wp\/v2\/product_cat?post=954"},{"taxonomy":"product_tag","embeddable":true,"href":"https:\/\/www.transtoyou.com\/nb\/wp-json\/wp\/v2\/product_tag?post=954"},{"taxonomy":"expert","embeddable":true,"href":"https:\/\/www.transtoyou.com\/nb\/wp-json\/wp\/v2\/expert?post=954"}],"curies":[{"name":"wp","href":"https:\/\/api.w.org\/{rel}","templated":true}]}}