{"id":965,"date":"2026-01-24T06:55:06","date_gmt":"2026-01-24T04:55:06","guid":{"rendered":"https:\/\/www.transtoyou.com\/nb\/product\/clomifen\/"},"modified":"2026-01-24T06:56:03","modified_gmt":"2026-01-24T04:56:03","slug":"clomifen","status":"publish","type":"product","link":"https:\/\/www.transtoyou.com\/nb\/product\/clomifen\/","title":{"rendered":"Clomifen"},"content":{"rendered":"<p>Clomifen, ogs\u00e5 kjent som klomifensitrat, er en medisin som brukes til \u00e5 indusere eggl\u00f8sning hos personer som opplever infertilitet. Den foreskrives vanligvis for personer som ikke har regelmessig eggl\u00f8sning eller ikke har eggl\u00f8sning i det hele tatt, inkludert de med tilstander som polycystisk ovariesyndrom (PCOS) eller andre hormonelle ubalanser som p\u00e5virker menstruasjonssyklusen.<\/p>\n<p>Clomifen virker ved \u00e5 p\u00e5virke de hormonelle signalene i hjernen som regulerer reproduksjonssystemet. Spesielt stimulerer det hypofysen til \u00e5 frigj\u00f8re h\u00f8yere niv\u00e5er av follikkelstimulerende hormon (FSH) og luteiniserende hormon (LH). Disse hormonene fremmer utviklingen og frigj\u00f8ringen av et modent egg fra eggstokkene, noe som \u00f8ker sjansen for befruktning under en naturlig menstruasjonssyklus.<\/p>\n<p>Behandlingen tas vanligvis som et kort kurs med tabletter, \u00e9n gang om dagen i fem p\u00e5f\u00f8lgende dager, vanligvis startet tidlig i menstruasjonssyklusen. Den n\u00f8yaktige timingen og doseringen kan variere basert p\u00e5 individets syklusm\u00f8nster og deres respons p\u00e5 medisinen. Eggl\u00f8sning skjer vanligvis 5 til 10 dager etter siste dose, og tidsbestemt samleie anbefales ofte i denne perioden.<\/p>\n<p>Clomifen er et alternativ i fertilitetsbehandling og er ofte en av f\u00f8rstelinje behandlingene for \u00e5 h\u00e5ndtere eggl\u00f8sningsforstyrrelser. Noen personer kan oppleve bivirkninger, inkludert oppbl\u00e5sthet, hum\u00f8rsvingninger eller midlertidige synsforstyrrelser. Fordi Clomifen \u00f8ker sjansen for eggl\u00f8sning, er det ogs\u00e5 en litt \u00f8kt sjanse for flerlinger, som tvillinger.<\/p>\n","protected":false},"excerpt":{"rendered":"<ul>\n<li>Stimulerer eggl\u00f8sning naturlig<\/li>\n<li>Forbedrer fruktbarhetsresultater<\/li>\n<li>Ikke-invasiv oral terapi<\/li>\n<\/ul>\n","protected":false},"featured_media":967,"comment_status":"open","ping_status":"closed","template":"","meta":[],"product_brand":[],"product_cat":[120],"product_tag":[],"expert":[19],"class_list":{"0":"post-965","1":"product","2":"type-product","3":"status-publish","4":"has-post-thumbnail","6":"product_cat-fertilitets-og-egglosning","7":"expert-dr-j-vazquez","9":"first","10":"instock","11":"shipping-taxable","12":"product-type-variable"},"yoast_head":"<!-- This site is optimized with the Yoast SEO plugin v27.0 - https:\/\/yoast.com\/product\/yoast-seo-wordpress\/ -->\n<title>Clomifen | St\u00f8tter eggl\u00f8sning og fruktbarhet - Transtoyou<\/title>\n<meta name=\"description\" content=\"Clomifen st\u00f8tter eggl\u00f8sning for fruktbarhet, ideell for PCOS. Oppdag fordelene p\u00e5 Transtoyou. Sikre hormonbalansen, handle n\u00e5.\" \/>\n<meta name=\"robots\" content=\"noindex, follow, max-snippet:-1, max-image-preview:large, max-video-preview:-1\" \/>\n<meta property=\"og:locale\" content=\"nb_NO\" \/>\n<meta property=\"og:type\" content=\"article\" \/>\n<meta property=\"og:title\" content=\"Clomifen | St\u00f8tter eggl\u00f8sning og fruktbarhet - Transtoyou\" \/>\n<meta property=\"og:description\" content=\"Clomifen st\u00f8tter eggl\u00f8sning for fruktbarhet, ideell for PCOS. Oppdag fordelene p\u00e5 Transtoyou. Sikre hormonbalansen, handle n\u00e5.\" \/>\n<meta property=\"og:url\" content=\"https:\/\/www.transtoyou.com\/nb\/product\/clomifen\/\" \/>\n<meta property=\"og:site_name\" content=\"Transtoyou - NB\" \/>\n<meta property=\"article:modified_time\" content=\"2026-01-24T04:56:03+00:00\" \/>\n<meta name=\"twitter:card\" content=\"summary_large_image\" \/>\n<meta name=\"twitter:label1\" content=\"Ansl. lesetid\" \/>\n\t<meta name=\"twitter:data1\" content=\"1 minutt\" \/>\n<script type=\"application\/ld+json\" class=\"yoast-schema-graph\">{\"@context\":\"https:\/\/schema.org\",\"@graph\":[{\"@type\":\"WebPage\",\"@id\":\"https:\/\/www.transtoyou.com\/nb\/product\/clomifen\/\",\"url\":\"https:\/\/www.transtoyou.com\/nb\/product\/clomifen\/\",\"name\":\"Clomifen | St\u00f8tter eggl\u00f8sning og fruktbarhet - Transtoyou\",\"isPartOf\":{\"@id\":\"https:\/\/www.transtoyou.com\/nb\/#website\"},\"primaryImageOfPage\":{\"@id\":\"https:\/\/www.transtoyou.com\/nb\/product\/clomifen\/#primaryimage\"},\"image\":{\"@id\":\"https:\/\/www.transtoyou.com\/nb\/product\/clomifen\/#primaryimage\"},\"thumbnailUrl\":\"https:\/\/www.transtoyou.com\/nb\/wp-content\/uploads\/sites\/10\/2026\/01\/tty-no-product-image-83.webp\",\"datePublished\":\"2026-01-24T04:55:06+00:00\",\"dateModified\":\"2026-01-24T04:56:03+00:00\",\"description\":\"Clomifen st\u00f8tter eggl\u00f8sning for fruktbarhet, ideell for PCOS. Oppdag fordelene p\u00e5 Transtoyou. Sikre hormonbalansen, handle n\u00e5.\",\"breadcrumb\":{\"@id\":\"https:\/\/www.transtoyou.com\/nb\/product\/clomifen\/#breadcrumb\"},\"inLanguage\":\"nb-NO\",\"potentialAction\":[{\"@type\":\"ReadAction\",\"target\":[\"https:\/\/www.transtoyou.com\/nb\/product\/clomifen\/\"]}]},{\"@type\":\"ImageObject\",\"inLanguage\":\"nb-NO\",\"@id\":\"https:\/\/www.transtoyou.com\/nb\/product\/clomifen\/#primaryimage\",\"url\":\"https:\/\/www.transtoyou.com\/nb\/wp-content\/uploads\/sites\/10\/2026\/01\/tty-no-product-image-83.webp\",\"contentUrl\":\"https:\/\/www.transtoyou.com\/nb\/wp-content\/uploads\/sites\/10\/2026\/01\/tty-no-product-image-83.webp\",\"width\":1000,\"height\":1000,\"caption\":\"Standard produktbilde\"},{\"@type\":\"WebSite\",\"@id\":\"https:\/\/www.transtoyou.com\/nb\/#website\",\"url\":\"https:\/\/www.transtoyou.com\/nb\/\",\"name\":\"Transtoyou - NB\",\"description\":\"\",\"publisher\":{\"@id\":\"https:\/\/www.transtoyou.com\/nb\/#organization\"},\"potentialAction\":[{\"@type\":\"SearchAction\",\"target\":{\"@type\":\"EntryPoint\",\"urlTemplate\":\"https:\/\/www.transtoyou.com\/nb\/?s={search_term_string}\"},\"query-input\":{\"@type\":\"PropertyValueSpecification\",\"valueRequired\":true,\"valueName\":\"search_term_string\"}}],\"inLanguage\":\"nb-NO\"},{\"@type\":\"Organization\",\"@id\":\"https:\/\/www.transtoyou.com\/nb\/#organization\",\"name\":\"Transtoyou - NB\",\"url\":\"https:\/\/www.transtoyou.com\/nb\/\",\"logo\":{\"@type\":\"ImageObject\",\"inLanguage\":\"nb-NO\",\"@id\":\"https:\/\/www.transtoyou.com\/nb\/#\/schema\/logo\/image\/\",\"url\":\"https:\/\/www.transtoyou.com\/nb\/wp-content\/uploads\/sites\/10\/2026\/01\/logo-tty-menu-bar-300x87-1.webp\",\"contentUrl\":\"https:\/\/www.transtoyou.com\/nb\/wp-content\/uploads\/sites\/10\/2026\/01\/logo-tty-menu-bar-300x87-1.webp\",\"width\":300,\"height\":87,\"caption\":\"Transtoyou - NB\"},\"image\":{\"@id\":\"https:\/\/www.transtoyou.com\/nb\/#\/schema\/logo\/image\/\"}}]}<\/script>\n<!-- \/ Yoast SEO plugin. -->","yoast_head_json":{"title":"Clomifen | St\u00f8tter eggl\u00f8sning og fruktbarhet - Transtoyou","description":"Clomifen st\u00f8tter eggl\u00f8sning for fruktbarhet, ideell for PCOS. Oppdag fordelene p\u00e5 Transtoyou. Sikre hormonbalansen, handle n\u00e5.","robots":{"index":"noindex","follow":"follow","max-snippet":"max-snippet:-1","max-image-preview":"max-image-preview:large","max-video-preview":"max-video-preview:-1"},"og_locale":"nb_NO","og_type":"article","og_title":"Clomifen | St\u00f8tter eggl\u00f8sning og fruktbarhet - Transtoyou","og_description":"Clomifen st\u00f8tter eggl\u00f8sning for fruktbarhet, ideell for PCOS. Oppdag fordelene p\u00e5 Transtoyou. Sikre hormonbalansen, handle n\u00e5.","og_url":"https:\/\/www.transtoyou.com\/nb\/product\/clomifen\/","og_site_name":"Transtoyou - NB","article_modified_time":"2026-01-24T04:56:03+00:00","twitter_card":"summary_large_image","twitter_misc":{"Ansl. lesetid":"1 minutt"},"schema":{"@context":"https:\/\/schema.org","@graph":[{"@type":"WebPage","@id":"https:\/\/www.transtoyou.com\/nb\/product\/clomifen\/","url":"https:\/\/www.transtoyou.com\/nb\/product\/clomifen\/","name":"Clomifen | St\u00f8tter eggl\u00f8sning og fruktbarhet - Transtoyou","isPartOf":{"@id":"https:\/\/www.transtoyou.com\/nb\/#website"},"primaryImageOfPage":{"@id":"https:\/\/www.transtoyou.com\/nb\/product\/clomifen\/#primaryimage"},"image":{"@id":"https:\/\/www.transtoyou.com\/nb\/product\/clomifen\/#primaryimage"},"thumbnailUrl":"https:\/\/www.transtoyou.com\/nb\/wp-content\/uploads\/sites\/10\/2026\/01\/tty-no-product-image-83.webp","datePublished":"2026-01-24T04:55:06+00:00","dateModified":"2026-01-24T04:56:03+00:00","description":"Clomifen st\u00f8tter eggl\u00f8sning for fruktbarhet, ideell for PCOS. Oppdag fordelene p\u00e5 Transtoyou. Sikre hormonbalansen, handle n\u00e5.","breadcrumb":{"@id":"https:\/\/www.transtoyou.com\/nb\/product\/clomifen\/#breadcrumb"},"inLanguage":"nb-NO","potentialAction":[{"@type":"ReadAction","target":["https:\/\/www.transtoyou.com\/nb\/product\/clomifen\/"]}]},{"@type":"ImageObject","inLanguage":"nb-NO","@id":"https:\/\/www.transtoyou.com\/nb\/product\/clomifen\/#primaryimage","url":"https:\/\/www.transtoyou.com\/nb\/wp-content\/uploads\/sites\/10\/2026\/01\/tty-no-product-image-83.webp","contentUrl":"https:\/\/www.transtoyou.com\/nb\/wp-content\/uploads\/sites\/10\/2026\/01\/tty-no-product-image-83.webp","width":1000,"height":1000,"caption":"Standard produktbilde"},{"@type":"WebSite","@id":"https:\/\/www.transtoyou.com\/nb\/#website","url":"https:\/\/www.transtoyou.com\/nb\/","name":"Transtoyou - NB","description":"","publisher":{"@id":"https:\/\/www.transtoyou.com\/nb\/#organization"},"potentialAction":[{"@type":"SearchAction","target":{"@type":"EntryPoint","urlTemplate":"https:\/\/www.transtoyou.com\/nb\/?s={search_term_string}"},"query-input":{"@type":"PropertyValueSpecification","valueRequired":true,"valueName":"search_term_string"}}],"inLanguage":"nb-NO"},{"@type":"Organization","@id":"https:\/\/www.transtoyou.com\/nb\/#organization","name":"Transtoyou - NB","url":"https:\/\/www.transtoyou.com\/nb\/","logo":{"@type":"ImageObject","inLanguage":"nb-NO","@id":"https:\/\/www.transtoyou.com\/nb\/#\/schema\/logo\/image\/","url":"https:\/\/www.transtoyou.com\/nb\/wp-content\/uploads\/sites\/10\/2026\/01\/logo-tty-menu-bar-300x87-1.webp","contentUrl":"https:\/\/www.transtoyou.com\/nb\/wp-content\/uploads\/sites\/10\/2026\/01\/logo-tty-menu-bar-300x87-1.webp","width":300,"height":87,"caption":"Transtoyou - NB"},"image":{"@id":"https:\/\/www.transtoyou.com\/nb\/#\/schema\/logo\/image\/"}}]}},"_links":{"self":[{"href":"https:\/\/www.transtoyou.com\/nb\/wp-json\/wp\/v2\/product\/965","targetHints":{"allow":["GET"]}}],"collection":[{"href":"https:\/\/www.transtoyou.com\/nb\/wp-json\/wp\/v2\/product"}],"about":[{"href":"https:\/\/www.transtoyou.com\/nb\/wp-json\/wp\/v2\/types\/product"}],"replies":[{"embeddable":true,"href":"https:\/\/www.transtoyou.com\/nb\/wp-json\/wp\/v2\/comments?post=965"}],"wp:featuredmedia":[{"embeddable":true,"href":"https:\/\/www.transtoyou.com\/nb\/wp-json\/wp\/v2\/media\/967"}],"wp:attachment":[{"href":"https:\/\/www.transtoyou.com\/nb\/wp-json\/wp\/v2\/media?parent=965"}],"wp:term":[{"taxonomy":"product_brand","embeddable":true,"href":"https:\/\/www.transtoyou.com\/nb\/wp-json\/wp\/v2\/product_brand?post=965"},{"taxonomy":"product_cat","embeddable":true,"href":"https:\/\/www.transtoyou.com\/nb\/wp-json\/wp\/v2\/product_cat?post=965"},{"taxonomy":"product_tag","embeddable":true,"href":"https:\/\/www.transtoyou.com\/nb\/wp-json\/wp\/v2\/product_tag?post=965"},{"taxonomy":"expert","embeddable":true,"href":"https:\/\/www.transtoyou.com\/nb\/wp-json\/wp\/v2\/expert?post=965"}],"curies":[{"name":"wp","href":"https:\/\/api.w.org\/{rel}","templated":true}]}}