{"id":968,"date":"2026-01-24T07:10:05","date_gmt":"2026-01-24T05:10:05","guid":{"rendered":"https:\/\/www.transtoyou.com\/nb\/product\/vaniqa\/"},"modified":"2026-03-06T17:02:14","modified_gmt":"2026-03-06T15:02:14","slug":"vaniqa","status":"publish","type":"product","link":"https:\/\/www.transtoyou.com\/nb\/product\/vaniqa\/","title":{"rendered":"Vaniqa"},"content":{"rendered":"<p>Vaniqa er en aktuell krem som brukes for \u00e5 redusere veksten av u\u00f8nsket ansiktsh\u00e5r, spesielt hos kvinner diagnostisert med ansiktshirsutisme. Den inneholder eflornithinhydroklorid, et stoff som virker ved \u00e5 bremse h\u00e5rveksten p\u00e5 follikelniv\u00e5. I motsetning til metoder som fjerner h\u00e5r, som barbering eller voksing, virker Vaniqa p\u00e5 niv\u00e5et til h\u00e5rfolliklene for \u00e5 bremse veksten og brukes som et langsiktig alternativ.<\/p>\n<p>Kremen p\u00e5f\u00f8res direkte p\u00e5 ber\u00f8rte omr\u00e5der av ansiktet, som overleppen, haken eller kjeven, to ganger daglig, med minst \u00e5tte timer mellom p\u00e5f\u00f8ringene. Det er ikke et h\u00e5rfjerningsprodukt, men er ment \u00e5 redusere hastigheten og tykkelsen p\u00e5 gjenveksten over tid. Synlig forbedring kan ta fire til \u00e5tte uker, og fortsatt bruk er n\u00f8dvendig for \u00e5 opprettholde resultatene. Hvis kremen avbrytes, vil h\u00e5rveksten vanligvis returnere til sitt tidligere m\u00f8nster.<\/p>\n<p>Vaniqa brukes ofte sammen med kosmetiske h\u00e5rfjerningsmetoder. Over tid kan noen individer oppleve en reduksjon i hyppigheten av h\u00e5rfjerningsprosedyrer, og utseendet p\u00e5 gjenvekst kan bli finere og lysere. Den kan brukes p\u00e5 lang sikt under medisinsk tilsyn, selv om effektene varierer mellom individer.<\/p>\n<p>Vanlige bivirkninger er vanligvis milde og kan inkludere r\u00f8dhet, stikking, svie eller lett hudirritasjon p\u00e5 p\u00e5f\u00f8ringsstedet. Disse symptomene avtar ofte etter hvert som huden tilpasser seg kremen. Vaniqa b\u00f8r kun p\u00e5f\u00f8res ren, t\u00f8rr hud, og en kort ventetid anbefales f\u00f8r p\u00e5f\u00f8ring av sminke eller solkrem.<\/p>\n","protected":false},"excerpt":{"rendered":"<ul>\n<li>Reduserer ansiktsh\u00e5rvekst<\/li>\n<li>Ikkje-hormonell lokal behandling<\/li>\n<li>Jevner ut hudens utseende<\/li>\n<\/ul>\n","protected":false},"featured_media":970,"comment_status":"open","ping_status":"closed","template":"","meta":[],"product_brand":[],"product_cat":[119,137],"product_tag":[],"expert":[19],"class_list":{"0":"post-968","1":"product","2":"type-product","3":"status-publish","4":"has-post-thumbnail","6":"product_cat-ansiktsbeharingsreduksjon","7":"product_cat-hirsutisme-ansiktshar","8":"expert-dr-j-vazquez","10":"first","11":"instock","12":"shipping-taxable","13":"product-type-variable"},"yoast_head":"<!-- This site is optimized with the Yoast SEO plugin v27.0 - https:\/\/yoast.com\/product\/yoast-seo-wordpress\/ -->\n<title>Vaniqa | Reduser ansiktsh\u00e5rvekst effektivt - Transtoyou<\/title>\n<meta name=\"description\" content=\"Vaniqa krem reduserer u\u00f8nsket ansiktsh\u00e5rvekst og gir glattere hud. Finnes her, start reisen mot selvtillit i dag.\" \/>\n<meta name=\"robots\" content=\"noindex, follow, max-snippet:-1, max-image-preview:large, max-video-preview:-1\" \/>\n<meta property=\"og:locale\" content=\"nb_NO\" \/>\n<meta property=\"og:type\" content=\"article\" \/>\n<meta property=\"og:title\" content=\"Vaniqa | Reduser ansiktsh\u00e5rvekst effektivt - Transtoyou\" \/>\n<meta property=\"og:description\" content=\"Vaniqa krem reduserer u\u00f8nsket ansiktsh\u00e5rvekst og gir glattere hud. Finnes her, start reisen mot selvtillit i dag.\" \/>\n<meta property=\"og:url\" content=\"https:\/\/www.transtoyou.com\/nb\/product\/vaniqa\/\" \/>\n<meta property=\"og:site_name\" content=\"Transtoyou - NB\" \/>\n<meta property=\"article:modified_time\" content=\"2026-03-06T15:02:14+00:00\" \/>\n<meta name=\"twitter:card\" content=\"summary_large_image\" \/>\n<meta name=\"twitter:label1\" content=\"Ansl. lesetid\" \/>\n\t<meta name=\"twitter:data1\" content=\"1 minutt\" \/>\n<script type=\"application\/ld+json\" class=\"yoast-schema-graph\">{\"@context\":\"https:\/\/schema.org\",\"@graph\":[{\"@type\":\"WebPage\",\"@id\":\"https:\/\/www.transtoyou.com\/nb\/product\/vaniqa\/\",\"url\":\"https:\/\/www.transtoyou.com\/nb\/product\/vaniqa\/\",\"name\":\"Vaniqa | Reduser ansiktsh\u00e5rvekst effektivt - Transtoyou\",\"isPartOf\":{\"@id\":\"https:\/\/www.transtoyou.com\/nb\/#website\"},\"primaryImageOfPage\":{\"@id\":\"https:\/\/www.transtoyou.com\/nb\/product\/vaniqa\/#primaryimage\"},\"image\":{\"@id\":\"https:\/\/www.transtoyou.com\/nb\/product\/vaniqa\/#primaryimage\"},\"thumbnailUrl\":\"https:\/\/www.transtoyou.com\/nb\/wp-content\/uploads\/sites\/10\/2026\/01\/tty-no-product-image-84.webp\",\"datePublished\":\"2026-01-24T05:10:05+00:00\",\"dateModified\":\"2026-03-06T15:02:14+00:00\",\"description\":\"Vaniqa krem reduserer u\u00f8nsket ansiktsh\u00e5rvekst og gir glattere hud. Finnes her, start reisen mot selvtillit i dag.\",\"breadcrumb\":{\"@id\":\"https:\/\/www.transtoyou.com\/nb\/product\/vaniqa\/#breadcrumb\"},\"inLanguage\":\"nb-NO\",\"potentialAction\":[{\"@type\":\"ReadAction\",\"target\":[\"https:\/\/www.transtoyou.com\/nb\/product\/vaniqa\/\"]}]},{\"@type\":\"ImageObject\",\"inLanguage\":\"nb-NO\",\"@id\":\"https:\/\/www.transtoyou.com\/nb\/product\/vaniqa\/#primaryimage\",\"url\":\"https:\/\/www.transtoyou.com\/nb\/wp-content\/uploads\/sites\/10\/2026\/01\/tty-no-product-image-84.webp\",\"contentUrl\":\"https:\/\/www.transtoyou.com\/nb\/wp-content\/uploads\/sites\/10\/2026\/01\/tty-no-product-image-84.webp\",\"width\":1000,\"height\":1000,\"caption\":\"Standard produktbilde\"},{\"@type\":\"WebSite\",\"@id\":\"https:\/\/www.transtoyou.com\/nb\/#website\",\"url\":\"https:\/\/www.transtoyou.com\/nb\/\",\"name\":\"Transtoyou - NB\",\"description\":\"\",\"publisher\":{\"@id\":\"https:\/\/www.transtoyou.com\/nb\/#organization\"},\"potentialAction\":[{\"@type\":\"SearchAction\",\"target\":{\"@type\":\"EntryPoint\",\"urlTemplate\":\"https:\/\/www.transtoyou.com\/nb\/?s={search_term_string}\"},\"query-input\":{\"@type\":\"PropertyValueSpecification\",\"valueRequired\":true,\"valueName\":\"search_term_string\"}}],\"inLanguage\":\"nb-NO\"},{\"@type\":\"Organization\",\"@id\":\"https:\/\/www.transtoyou.com\/nb\/#organization\",\"name\":\"Transtoyou - NB\",\"url\":\"https:\/\/www.transtoyou.com\/nb\/\",\"logo\":{\"@type\":\"ImageObject\",\"inLanguage\":\"nb-NO\",\"@id\":\"https:\/\/www.transtoyou.com\/nb\/#\/schema\/logo\/image\/\",\"url\":\"https:\/\/www.transtoyou.com\/nb\/wp-content\/uploads\/sites\/10\/2026\/01\/logo-tty-menu-bar-300x87-1.webp\",\"contentUrl\":\"https:\/\/www.transtoyou.com\/nb\/wp-content\/uploads\/sites\/10\/2026\/01\/logo-tty-menu-bar-300x87-1.webp\",\"width\":300,\"height\":87,\"caption\":\"Transtoyou - NB\"},\"image\":{\"@id\":\"https:\/\/www.transtoyou.com\/nb\/#\/schema\/logo\/image\/\"}}]}<\/script>\n<!-- \/ Yoast SEO plugin. -->","yoast_head_json":{"title":"Vaniqa | Reduser ansiktsh\u00e5rvekst effektivt - Transtoyou","description":"Vaniqa krem reduserer u\u00f8nsket ansiktsh\u00e5rvekst og gir glattere hud. Finnes her, start reisen mot selvtillit i dag.","robots":{"index":"noindex","follow":"follow","max-snippet":"max-snippet:-1","max-image-preview":"max-image-preview:large","max-video-preview":"max-video-preview:-1"},"og_locale":"nb_NO","og_type":"article","og_title":"Vaniqa | Reduser ansiktsh\u00e5rvekst effektivt - Transtoyou","og_description":"Vaniqa krem reduserer u\u00f8nsket ansiktsh\u00e5rvekst og gir glattere hud. Finnes her, start reisen mot selvtillit i dag.","og_url":"https:\/\/www.transtoyou.com\/nb\/product\/vaniqa\/","og_site_name":"Transtoyou - NB","article_modified_time":"2026-03-06T15:02:14+00:00","twitter_card":"summary_large_image","twitter_misc":{"Ansl. lesetid":"1 minutt"},"schema":{"@context":"https:\/\/schema.org","@graph":[{"@type":"WebPage","@id":"https:\/\/www.transtoyou.com\/nb\/product\/vaniqa\/","url":"https:\/\/www.transtoyou.com\/nb\/product\/vaniqa\/","name":"Vaniqa | Reduser ansiktsh\u00e5rvekst effektivt - Transtoyou","isPartOf":{"@id":"https:\/\/www.transtoyou.com\/nb\/#website"},"primaryImageOfPage":{"@id":"https:\/\/www.transtoyou.com\/nb\/product\/vaniqa\/#primaryimage"},"image":{"@id":"https:\/\/www.transtoyou.com\/nb\/product\/vaniqa\/#primaryimage"},"thumbnailUrl":"https:\/\/www.transtoyou.com\/nb\/wp-content\/uploads\/sites\/10\/2026\/01\/tty-no-product-image-84.webp","datePublished":"2026-01-24T05:10:05+00:00","dateModified":"2026-03-06T15:02:14+00:00","description":"Vaniqa krem reduserer u\u00f8nsket ansiktsh\u00e5rvekst og gir glattere hud. Finnes her, start reisen mot selvtillit i dag.","breadcrumb":{"@id":"https:\/\/www.transtoyou.com\/nb\/product\/vaniqa\/#breadcrumb"},"inLanguage":"nb-NO","potentialAction":[{"@type":"ReadAction","target":["https:\/\/www.transtoyou.com\/nb\/product\/vaniqa\/"]}]},{"@type":"ImageObject","inLanguage":"nb-NO","@id":"https:\/\/www.transtoyou.com\/nb\/product\/vaniqa\/#primaryimage","url":"https:\/\/www.transtoyou.com\/nb\/wp-content\/uploads\/sites\/10\/2026\/01\/tty-no-product-image-84.webp","contentUrl":"https:\/\/www.transtoyou.com\/nb\/wp-content\/uploads\/sites\/10\/2026\/01\/tty-no-product-image-84.webp","width":1000,"height":1000,"caption":"Standard produktbilde"},{"@type":"WebSite","@id":"https:\/\/www.transtoyou.com\/nb\/#website","url":"https:\/\/www.transtoyou.com\/nb\/","name":"Transtoyou - NB","description":"","publisher":{"@id":"https:\/\/www.transtoyou.com\/nb\/#organization"},"potentialAction":[{"@type":"SearchAction","target":{"@type":"EntryPoint","urlTemplate":"https:\/\/www.transtoyou.com\/nb\/?s={search_term_string}"},"query-input":{"@type":"PropertyValueSpecification","valueRequired":true,"valueName":"search_term_string"}}],"inLanguage":"nb-NO"},{"@type":"Organization","@id":"https:\/\/www.transtoyou.com\/nb\/#organization","name":"Transtoyou - NB","url":"https:\/\/www.transtoyou.com\/nb\/","logo":{"@type":"ImageObject","inLanguage":"nb-NO","@id":"https:\/\/www.transtoyou.com\/nb\/#\/schema\/logo\/image\/","url":"https:\/\/www.transtoyou.com\/nb\/wp-content\/uploads\/sites\/10\/2026\/01\/logo-tty-menu-bar-300x87-1.webp","contentUrl":"https:\/\/www.transtoyou.com\/nb\/wp-content\/uploads\/sites\/10\/2026\/01\/logo-tty-menu-bar-300x87-1.webp","width":300,"height":87,"caption":"Transtoyou - NB"},"image":{"@id":"https:\/\/www.transtoyou.com\/nb\/#\/schema\/logo\/image\/"}}]}},"_links":{"self":[{"href":"https:\/\/www.transtoyou.com\/nb\/wp-json\/wp\/v2\/product\/968","targetHints":{"allow":["GET"]}}],"collection":[{"href":"https:\/\/www.transtoyou.com\/nb\/wp-json\/wp\/v2\/product"}],"about":[{"href":"https:\/\/www.transtoyou.com\/nb\/wp-json\/wp\/v2\/types\/product"}],"replies":[{"embeddable":true,"href":"https:\/\/www.transtoyou.com\/nb\/wp-json\/wp\/v2\/comments?post=968"}],"wp:featuredmedia":[{"embeddable":true,"href":"https:\/\/www.transtoyou.com\/nb\/wp-json\/wp\/v2\/media\/970"}],"wp:attachment":[{"href":"https:\/\/www.transtoyou.com\/nb\/wp-json\/wp\/v2\/media?parent=968"}],"wp:term":[{"taxonomy":"product_brand","embeddable":true,"href":"https:\/\/www.transtoyou.com\/nb\/wp-json\/wp\/v2\/product_brand?post=968"},{"taxonomy":"product_cat","embeddable":true,"href":"https:\/\/www.transtoyou.com\/nb\/wp-json\/wp\/v2\/product_cat?post=968"},{"taxonomy":"product_tag","embeddable":true,"href":"https:\/\/www.transtoyou.com\/nb\/wp-json\/wp\/v2\/product_tag?post=968"},{"taxonomy":"expert","embeddable":true,"href":"https:\/\/www.transtoyou.com\/nb\/wp-json\/wp\/v2\/expert?post=968"}],"curies":[{"name":"wp","href":"https:\/\/api.w.org\/{rel}","templated":true}]}}