{"id":981,"date":"2026-01-24T08:36:50","date_gmt":"2026-01-24T06:36:50","guid":{"rendered":"https:\/\/www.transtoyou.com\/nb\/product\/viridal\/"},"modified":"2026-03-07T16:53:29","modified_gmt":"2026-03-07T14:53:29","slug":"viridal","status":"publish","type":"product","link":"https:\/\/www.transtoyou.com\/nb\/product\/viridal\/","title":{"rendered":"Viridal"},"content":{"rendered":"<p>Viridal er en behandling som brukes for erektil dysfunksjon, spesielt i tilfeller der orale medisiner kanskje ikke er effektive eller passende. Den inneholder alprostadil, en syntetisk versjon av et naturlig forekommende stoff som hjelper til med \u00e5 \u00f8ke blodstr\u00f8mmen til penis. Ved \u00e5 f\u00e5 lokale blod\u00e5rer til \u00e5 utvide seg, st\u00f8tter den den fysiske prosessen som f\u00f8rer til en ereksjon.<\/p>\n<p>Viridal administreres ved injeksjon i corpus cavernosum. Denne metoden lar medisinen virke direkte p\u00e5 stedet der den trengs. I de fleste tilfeller begynner effekten innen 5 til 15 minutter, og den resulterende ereksjonen varer vanligvis rundt 30 til 60 minutter, selv om dette kan variere mellom individer.<\/p>\n<p>Medisinen kommer som et pulver som blandes med en steril l\u00f8sning f\u00f8r bruk. En fin n\u00e5l brukes til injeksjonen, og det er viktig \u00e5 variere injeksjonsstedet ved hver bruk for \u00e5 redusere risikoen for vevskader. Doseringen justeres vanligvis i henhold til individets respons og toleranse.<\/p>\n<p>Viridal kan brukes av personer med ulike underliggende \u00e5rsaker til erektil dysfunksjon, inkludert vaskul\u00e6re, nevrologiske eller post-kirurgiske tilstander. Vanlige bivirkninger kan inkludere mild ubehag p\u00e5 injeksjonsstedet eller en f\u00f8lelse av trykk i penis. I noen tilfeller kan brukere oppleve langvarige ereksjoner eller lokal fibrose eller penil noduler, som b\u00f8r vurderes hvis de vedvarer.<\/p>\n","protected":false},"excerpt":{"rendered":"<ul>\n<li>Rask, p\u00e5litelig ereksjon innen 5-15 minutter<\/li>\n<li>Unng\u00e5r ford\u00f8yelsessystemet &#8211; fungerer selv n\u00e5r tabletter svikter<\/li>\n<li>Justerbar dosering med automatisk blanding av to-kammerspr\u00f8yte<\/li>\n<\/ul>\n","protected":false},"featured_media":983,"comment_status":"open","ping_status":"closed","template":"","meta":[],"product_brand":[],"product_cat":[115],"product_tag":[],"expert":[21],"class_list":{"0":"post-981","1":"product","2":"type-product","3":"status-publish","4":"has-post-thumbnail","6":"product_cat-behandlinger-for-erektil-dysfunksjon","7":"expert-dr-m-sharoyko","9":"first","10":"instock","11":"shipping-taxable","12":"purchasable","13":"product-type-variable"},"yoast_head":"<!-- This site is optimized with the Yoast SEO plugin v27.0 - https:\/\/yoast.com\/product\/yoast-seo-wordpress\/ -->\n<title>Viridal | Raskvirkende ED-l\u00f8sning - Transtoyou<\/title>\n<meta name=\"description\" content=\"Oppdag Viridal, en unik l\u00f8sning for erektil dysfunksjon. Inneholder alprostadil for effektive resultater. Finnes her p\u00e5 Transtoyou.\" \/>\n<meta name=\"robots\" content=\"noindex, follow, max-snippet:-1, max-image-preview:large, max-video-preview:-1\" \/>\n<meta property=\"og:locale\" content=\"nb_NO\" \/>\n<meta property=\"og:type\" content=\"article\" \/>\n<meta property=\"og:title\" content=\"Viridal | Raskvirkende ED-l\u00f8sning - Transtoyou\" \/>\n<meta property=\"og:description\" content=\"Oppdag Viridal, en unik l\u00f8sning for erektil dysfunksjon. Inneholder alprostadil for effektive resultater. Finnes her p\u00e5 Transtoyou.\" \/>\n<meta property=\"og:url\" content=\"https:\/\/www.transtoyou.com\/nb\/product\/viridal\/\" \/>\n<meta property=\"og:site_name\" content=\"Transtoyou - NB\" \/>\n<meta property=\"article:modified_time\" content=\"2026-03-07T14:53:29+00:00\" \/>\n<meta name=\"twitter:card\" content=\"summary_large_image\" \/>\n<meta name=\"twitter:label1\" content=\"Ansl. lesetid\" \/>\n\t<meta name=\"twitter:data1\" content=\"1 minutt\" \/>\n<script type=\"application\/ld+json\" class=\"yoast-schema-graph\">{\"@context\":\"https:\/\/schema.org\",\"@graph\":[{\"@type\":\"WebPage\",\"@id\":\"https:\/\/www.transtoyou.com\/nb\/product\/viridal\/\",\"url\":\"https:\/\/www.transtoyou.com\/nb\/product\/viridal\/\",\"name\":\"Viridal | Raskvirkende ED-l\u00f8sning - Transtoyou\",\"isPartOf\":{\"@id\":\"https:\/\/www.transtoyou.com\/nb\/#website\"},\"primaryImageOfPage\":{\"@id\":\"https:\/\/www.transtoyou.com\/nb\/product\/viridal\/#primaryimage\"},\"image\":{\"@id\":\"https:\/\/www.transtoyou.com\/nb\/product\/viridal\/#primaryimage\"},\"thumbnailUrl\":\"https:\/\/www.transtoyou.com\/nb\/wp-content\/uploads\/sites\/10\/2026\/01\/tty-no-product-image-89.webp\",\"datePublished\":\"2026-01-24T06:36:50+00:00\",\"dateModified\":\"2026-03-07T14:53:29+00:00\",\"description\":\"Oppdag Viridal, en unik l\u00f8sning for erektil dysfunksjon. Inneholder alprostadil for effektive resultater. Finnes her p\u00e5 Transtoyou.\",\"breadcrumb\":{\"@id\":\"https:\/\/www.transtoyou.com\/nb\/product\/viridal\/#breadcrumb\"},\"inLanguage\":\"nb-NO\",\"potentialAction\":[{\"@type\":\"ReadAction\",\"target\":[\"https:\/\/www.transtoyou.com\/nb\/product\/viridal\/\"]}]},{\"@type\":\"ImageObject\",\"inLanguage\":\"nb-NO\",\"@id\":\"https:\/\/www.transtoyou.com\/nb\/product\/viridal\/#primaryimage\",\"url\":\"https:\/\/www.transtoyou.com\/nb\/wp-content\/uploads\/sites\/10\/2026\/01\/tty-no-product-image-89.webp\",\"contentUrl\":\"https:\/\/www.transtoyou.com\/nb\/wp-content\/uploads\/sites\/10\/2026\/01\/tty-no-product-image-89.webp\",\"width\":1000,\"height\":1000,\"caption\":\"Standard produktbilde\"},{\"@type\":\"WebSite\",\"@id\":\"https:\/\/www.transtoyou.com\/nb\/#website\",\"url\":\"https:\/\/www.transtoyou.com\/nb\/\",\"name\":\"Transtoyou - NB\",\"description\":\"\",\"publisher\":{\"@id\":\"https:\/\/www.transtoyou.com\/nb\/#organization\"},\"potentialAction\":[{\"@type\":\"SearchAction\",\"target\":{\"@type\":\"EntryPoint\",\"urlTemplate\":\"https:\/\/www.transtoyou.com\/nb\/?s={search_term_string}\"},\"query-input\":{\"@type\":\"PropertyValueSpecification\",\"valueRequired\":true,\"valueName\":\"search_term_string\"}}],\"inLanguage\":\"nb-NO\"},{\"@type\":\"Organization\",\"@id\":\"https:\/\/www.transtoyou.com\/nb\/#organization\",\"name\":\"Transtoyou - NB\",\"url\":\"https:\/\/www.transtoyou.com\/nb\/\",\"logo\":{\"@type\":\"ImageObject\",\"inLanguage\":\"nb-NO\",\"@id\":\"https:\/\/www.transtoyou.com\/nb\/#\/schema\/logo\/image\/\",\"url\":\"https:\/\/www.transtoyou.com\/nb\/wp-content\/uploads\/sites\/10\/2026\/01\/logo-tty-menu-bar-300x87-1.webp\",\"contentUrl\":\"https:\/\/www.transtoyou.com\/nb\/wp-content\/uploads\/sites\/10\/2026\/01\/logo-tty-menu-bar-300x87-1.webp\",\"width\":300,\"height\":87,\"caption\":\"Transtoyou - NB\"},\"image\":{\"@id\":\"https:\/\/www.transtoyou.com\/nb\/#\/schema\/logo\/image\/\"}}]}<\/script>\n<!-- \/ Yoast SEO plugin. -->","yoast_head_json":{"title":"Viridal | Raskvirkende ED-l\u00f8sning - Transtoyou","description":"Oppdag Viridal, en unik l\u00f8sning for erektil dysfunksjon. Inneholder alprostadil for effektive resultater. Finnes her p\u00e5 Transtoyou.","robots":{"index":"noindex","follow":"follow","max-snippet":"max-snippet:-1","max-image-preview":"max-image-preview:large","max-video-preview":"max-video-preview:-1"},"og_locale":"nb_NO","og_type":"article","og_title":"Viridal | Raskvirkende ED-l\u00f8sning - Transtoyou","og_description":"Oppdag Viridal, en unik l\u00f8sning for erektil dysfunksjon. Inneholder alprostadil for effektive resultater. Finnes her p\u00e5 Transtoyou.","og_url":"https:\/\/www.transtoyou.com\/nb\/product\/viridal\/","og_site_name":"Transtoyou - NB","article_modified_time":"2026-03-07T14:53:29+00:00","twitter_card":"summary_large_image","twitter_misc":{"Ansl. lesetid":"1 minutt"},"schema":{"@context":"https:\/\/schema.org","@graph":[{"@type":"WebPage","@id":"https:\/\/www.transtoyou.com\/nb\/product\/viridal\/","url":"https:\/\/www.transtoyou.com\/nb\/product\/viridal\/","name":"Viridal | Raskvirkende ED-l\u00f8sning - Transtoyou","isPartOf":{"@id":"https:\/\/www.transtoyou.com\/nb\/#website"},"primaryImageOfPage":{"@id":"https:\/\/www.transtoyou.com\/nb\/product\/viridal\/#primaryimage"},"image":{"@id":"https:\/\/www.transtoyou.com\/nb\/product\/viridal\/#primaryimage"},"thumbnailUrl":"https:\/\/www.transtoyou.com\/nb\/wp-content\/uploads\/sites\/10\/2026\/01\/tty-no-product-image-89.webp","datePublished":"2026-01-24T06:36:50+00:00","dateModified":"2026-03-07T14:53:29+00:00","description":"Oppdag Viridal, en unik l\u00f8sning for erektil dysfunksjon. Inneholder alprostadil for effektive resultater. Finnes her p\u00e5 Transtoyou.","breadcrumb":{"@id":"https:\/\/www.transtoyou.com\/nb\/product\/viridal\/#breadcrumb"},"inLanguage":"nb-NO","potentialAction":[{"@type":"ReadAction","target":["https:\/\/www.transtoyou.com\/nb\/product\/viridal\/"]}]},{"@type":"ImageObject","inLanguage":"nb-NO","@id":"https:\/\/www.transtoyou.com\/nb\/product\/viridal\/#primaryimage","url":"https:\/\/www.transtoyou.com\/nb\/wp-content\/uploads\/sites\/10\/2026\/01\/tty-no-product-image-89.webp","contentUrl":"https:\/\/www.transtoyou.com\/nb\/wp-content\/uploads\/sites\/10\/2026\/01\/tty-no-product-image-89.webp","width":1000,"height":1000,"caption":"Standard produktbilde"},{"@type":"WebSite","@id":"https:\/\/www.transtoyou.com\/nb\/#website","url":"https:\/\/www.transtoyou.com\/nb\/","name":"Transtoyou - NB","description":"","publisher":{"@id":"https:\/\/www.transtoyou.com\/nb\/#organization"},"potentialAction":[{"@type":"SearchAction","target":{"@type":"EntryPoint","urlTemplate":"https:\/\/www.transtoyou.com\/nb\/?s={search_term_string}"},"query-input":{"@type":"PropertyValueSpecification","valueRequired":true,"valueName":"search_term_string"}}],"inLanguage":"nb-NO"},{"@type":"Organization","@id":"https:\/\/www.transtoyou.com\/nb\/#organization","name":"Transtoyou - NB","url":"https:\/\/www.transtoyou.com\/nb\/","logo":{"@type":"ImageObject","inLanguage":"nb-NO","@id":"https:\/\/www.transtoyou.com\/nb\/#\/schema\/logo\/image\/","url":"https:\/\/www.transtoyou.com\/nb\/wp-content\/uploads\/sites\/10\/2026\/01\/logo-tty-menu-bar-300x87-1.webp","contentUrl":"https:\/\/www.transtoyou.com\/nb\/wp-content\/uploads\/sites\/10\/2026\/01\/logo-tty-menu-bar-300x87-1.webp","width":300,"height":87,"caption":"Transtoyou - NB"},"image":{"@id":"https:\/\/www.transtoyou.com\/nb\/#\/schema\/logo\/image\/"}}]}},"_links":{"self":[{"href":"https:\/\/www.transtoyou.com\/nb\/wp-json\/wp\/v2\/product\/981","targetHints":{"allow":["GET"]}}],"collection":[{"href":"https:\/\/www.transtoyou.com\/nb\/wp-json\/wp\/v2\/product"}],"about":[{"href":"https:\/\/www.transtoyou.com\/nb\/wp-json\/wp\/v2\/types\/product"}],"replies":[{"embeddable":true,"href":"https:\/\/www.transtoyou.com\/nb\/wp-json\/wp\/v2\/comments?post=981"}],"wp:featuredmedia":[{"embeddable":true,"href":"https:\/\/www.transtoyou.com\/nb\/wp-json\/wp\/v2\/media\/983"}],"wp:attachment":[{"href":"https:\/\/www.transtoyou.com\/nb\/wp-json\/wp\/v2\/media?parent=981"}],"wp:term":[{"taxonomy":"product_brand","embeddable":true,"href":"https:\/\/www.transtoyou.com\/nb\/wp-json\/wp\/v2\/product_brand?post=981"},{"taxonomy":"product_cat","embeddable":true,"href":"https:\/\/www.transtoyou.com\/nb\/wp-json\/wp\/v2\/product_cat?post=981"},{"taxonomy":"product_tag","embeddable":true,"href":"https:\/\/www.transtoyou.com\/nb\/wp-json\/wp\/v2\/product_tag?post=981"},{"taxonomy":"expert","embeddable":true,"href":"https:\/\/www.transtoyou.com\/nb\/wp-json\/wp\/v2\/expert?post=981"}],"curies":[{"name":"wp","href":"https:\/\/api.w.org\/{rel}","templated":true}]}}