{"id":984,"date":"2026-01-24T08:53:07","date_gmt":"2026-01-24T06:53:07","guid":{"rendered":"https:\/\/www.transtoyou.com\/nb\/product\/viagra\/"},"modified":"2026-03-18T16:21:13","modified_gmt":"2026-03-18T14:21:13","slug":"viagra","status":"publish","type":"product","link":"https:\/\/www.transtoyou.com\/nb\/product\/viagra\/","title":{"rendered":"Viagra"},"content":{"rendered":"<p>Viagra er en behandling for erektil dysfunksjon, som hjelper menn med \u00e5 oppn\u00e5 og opprettholde en ereksjon som er egnet for seksuell aktivitet. Dets aktive ingrediens, sildenafil sitrat, virker ved \u00e5 \u00f8ke blodstr\u00f8mmen til penis n\u00e5r en mann er seksuelt opphisset. Dette forbedrer kroppens naturlige evne til \u00e5 reagere p\u00e5 intimitet, og st\u00f8tter sterkere, mer p\u00e5litelige ereksjoner.<\/p>\n<p>Viagra tilh\u00f8rer en klasse medikamenter kalt PDE5-hemmere, som slapper av blod\u00e5rene i penis, og lar mer blod str\u00f8mme inn under stimulering. Det for\u00e5rsaker ikke en ereksjon av seg selv, seksuell opphisselse er fortsatt n\u00f8dvendig for at medisinen skal v\u00e6re effektiv. N\u00e5r den er aktiv i kroppen, begynner Viagra vanligvis \u00e5 virke innen 30 til 60 minutter, og effekten kan vare i omtrent fire til fem timer.<\/p>\n<p>Den standard startdosen er 50 mg, tatt omtrent en time f\u00f8r seksuell aktivitet, selv om dette kan justeres avhengig av individuell respons og toleranse. Noen menn kan ha nytte av en lavere dose (25 mg), mens andre kan trenge opptil 100 mg. Den tas per munnen og kan brukes med eller uten mat, selv om fettrike m\u00e5ltider kan forsinke virkningen litt.<\/p>\n<p>Viagra tolereres generelt godt. Noen brukere kan oppleve bivirkninger som hodepine, ansiktsr\u00f8dme, nesetetthet, urolig mage eller midlertidige synsforandringer (som en bl\u00e5 nyanse). Disse effektene er vanligvis milde og kortvarige. Det b\u00f8r ikke brukes sammen med nitrater eller medisiner som betydelig senker blodtrykket.<\/p>\n","protected":false},"excerpt":{"rendered":"<ul>\n<li>St\u00f8tter naturlig seksuell respons<\/li>\n<li>Forbedrer erektil funksjon<\/li>\n<li>Betrodd over hele verden for behandling av ED<\/li>\n<\/ul>\n","protected":false},"featured_media":986,"comment_status":"open","ping_status":"closed","template":"","meta":[],"product_brand":[],"product_cat":[115],"product_tag":[],"expert":[16],"class_list":{"0":"post-984","1":"product","2":"type-product","3":"status-publish","4":"has-post-thumbnail","6":"product_cat-behandlinger-for-erektil-dysfunksjon","7":"expert-dr-c-alexandru","9":"first","10":"instock","11":"shipping-taxable","12":"purchasable","13":"product-type-variable"},"yoast_head":"<!-- This site is optimized with the Yoast SEO plugin v27.0 - https:\/\/yoast.com\/product\/yoast-seo-wordpress\/ -->\n<title>Viagra | Forbedre prestasjonen og selvtilliten - Transtoyou<\/title>\n<meta name=\"description\" content=\"Oppdag Viagra hos Transtoyou for trygg forbedring av erektil funksjon. Klinisk bevist med sildenafil sitrat. Bestill i dag!\" \/>\n<meta name=\"robots\" content=\"noindex, follow, max-snippet:-1, max-image-preview:large, max-video-preview:-1\" \/>\n<meta property=\"og:locale\" content=\"nb_NO\" \/>\n<meta property=\"og:type\" content=\"article\" \/>\n<meta property=\"og:title\" content=\"Viagra | Forbedre prestasjonen og selvtilliten - Transtoyou\" \/>\n<meta property=\"og:description\" content=\"Oppdag Viagra hos Transtoyou for trygg forbedring av erektil funksjon. Klinisk bevist med sildenafil sitrat. Bestill i dag!\" \/>\n<meta property=\"og:url\" content=\"https:\/\/www.transtoyou.com\/nb\/product\/viagra\/\" \/>\n<meta property=\"og:site_name\" content=\"Transtoyou - NB\" \/>\n<meta property=\"article:modified_time\" content=\"2026-03-18T14:21:13+00:00\" \/>\n<meta name=\"twitter:card\" content=\"summary_large_image\" \/>\n<meta name=\"twitter:label1\" content=\"Ansl. lesetid\" \/>\n\t<meta name=\"twitter:data1\" content=\"1 minutt\" \/>\n<script type=\"application\/ld+json\" class=\"yoast-schema-graph\">{\"@context\":\"https:\/\/schema.org\",\"@graph\":[{\"@type\":\"WebPage\",\"@id\":\"https:\/\/www.transtoyou.com\/nb\/product\/viagra\/\",\"url\":\"https:\/\/www.transtoyou.com\/nb\/product\/viagra\/\",\"name\":\"Viagra | Forbedre prestasjonen og selvtilliten - Transtoyou\",\"isPartOf\":{\"@id\":\"https:\/\/www.transtoyou.com\/nb\/#website\"},\"primaryImageOfPage\":{\"@id\":\"https:\/\/www.transtoyou.com\/nb\/product\/viagra\/#primaryimage\"},\"image\":{\"@id\":\"https:\/\/www.transtoyou.com\/nb\/product\/viagra\/#primaryimage\"},\"thumbnailUrl\":\"https:\/\/www.transtoyou.com\/nb\/wp-content\/uploads\/sites\/10\/2026\/01\/tty-no-product-image-90.webp\",\"datePublished\":\"2026-01-24T06:53:07+00:00\",\"dateModified\":\"2026-03-18T14:21:13+00:00\",\"description\":\"Oppdag Viagra hos Transtoyou for trygg forbedring av erektil funksjon. Klinisk bevist med sildenafil sitrat. Bestill i dag!\",\"breadcrumb\":{\"@id\":\"https:\/\/www.transtoyou.com\/nb\/product\/viagra\/#breadcrumb\"},\"inLanguage\":\"nb-NO\",\"potentialAction\":[{\"@type\":\"ReadAction\",\"target\":[\"https:\/\/www.transtoyou.com\/nb\/product\/viagra\/\"]}]},{\"@type\":\"ImageObject\",\"inLanguage\":\"nb-NO\",\"@id\":\"https:\/\/www.transtoyou.com\/nb\/product\/viagra\/#primaryimage\",\"url\":\"https:\/\/www.transtoyou.com\/nb\/wp-content\/uploads\/sites\/10\/2026\/01\/tty-no-product-image-90.webp\",\"contentUrl\":\"https:\/\/www.transtoyou.com\/nb\/wp-content\/uploads\/sites\/10\/2026\/01\/tty-no-product-image-90.webp\",\"width\":1000,\"height\":1000,\"caption\":\"Standard produktbilde\"},{\"@type\":\"WebSite\",\"@id\":\"https:\/\/www.transtoyou.com\/nb\/#website\",\"url\":\"https:\/\/www.transtoyou.com\/nb\/\",\"name\":\"Transtoyou - NB\",\"description\":\"\",\"publisher\":{\"@id\":\"https:\/\/www.transtoyou.com\/nb\/#organization\"},\"potentialAction\":[{\"@type\":\"SearchAction\",\"target\":{\"@type\":\"EntryPoint\",\"urlTemplate\":\"https:\/\/www.transtoyou.com\/nb\/?s={search_term_string}\"},\"query-input\":{\"@type\":\"PropertyValueSpecification\",\"valueRequired\":true,\"valueName\":\"search_term_string\"}}],\"inLanguage\":\"nb-NO\"},{\"@type\":\"Organization\",\"@id\":\"https:\/\/www.transtoyou.com\/nb\/#organization\",\"name\":\"Transtoyou - NB\",\"url\":\"https:\/\/www.transtoyou.com\/nb\/\",\"logo\":{\"@type\":\"ImageObject\",\"inLanguage\":\"nb-NO\",\"@id\":\"https:\/\/www.transtoyou.com\/nb\/#\/schema\/logo\/image\/\",\"url\":\"https:\/\/www.transtoyou.com\/nb\/wp-content\/uploads\/sites\/10\/2026\/01\/logo-tty-menu-bar-300x87-1.webp\",\"contentUrl\":\"https:\/\/www.transtoyou.com\/nb\/wp-content\/uploads\/sites\/10\/2026\/01\/logo-tty-menu-bar-300x87-1.webp\",\"width\":300,\"height\":87,\"caption\":\"Transtoyou - NB\"},\"image\":{\"@id\":\"https:\/\/www.transtoyou.com\/nb\/#\/schema\/logo\/image\/\"}}]}<\/script>\n<!-- \/ Yoast SEO plugin. -->","yoast_head_json":{"title":"Viagra | Forbedre prestasjonen og selvtilliten - Transtoyou","description":"Oppdag Viagra hos Transtoyou for trygg forbedring av erektil funksjon. Klinisk bevist med sildenafil sitrat. Bestill i dag!","robots":{"index":"noindex","follow":"follow","max-snippet":"max-snippet:-1","max-image-preview":"max-image-preview:large","max-video-preview":"max-video-preview:-1"},"og_locale":"nb_NO","og_type":"article","og_title":"Viagra | Forbedre prestasjonen og selvtilliten - Transtoyou","og_description":"Oppdag Viagra hos Transtoyou for trygg forbedring av erektil funksjon. Klinisk bevist med sildenafil sitrat. Bestill i dag!","og_url":"https:\/\/www.transtoyou.com\/nb\/product\/viagra\/","og_site_name":"Transtoyou - NB","article_modified_time":"2026-03-18T14:21:13+00:00","twitter_card":"summary_large_image","twitter_misc":{"Ansl. lesetid":"1 minutt"},"schema":{"@context":"https:\/\/schema.org","@graph":[{"@type":"WebPage","@id":"https:\/\/www.transtoyou.com\/nb\/product\/viagra\/","url":"https:\/\/www.transtoyou.com\/nb\/product\/viagra\/","name":"Viagra | Forbedre prestasjonen og selvtilliten - Transtoyou","isPartOf":{"@id":"https:\/\/www.transtoyou.com\/nb\/#website"},"primaryImageOfPage":{"@id":"https:\/\/www.transtoyou.com\/nb\/product\/viagra\/#primaryimage"},"image":{"@id":"https:\/\/www.transtoyou.com\/nb\/product\/viagra\/#primaryimage"},"thumbnailUrl":"https:\/\/www.transtoyou.com\/nb\/wp-content\/uploads\/sites\/10\/2026\/01\/tty-no-product-image-90.webp","datePublished":"2026-01-24T06:53:07+00:00","dateModified":"2026-03-18T14:21:13+00:00","description":"Oppdag Viagra hos Transtoyou for trygg forbedring av erektil funksjon. Klinisk bevist med sildenafil sitrat. Bestill i dag!","breadcrumb":{"@id":"https:\/\/www.transtoyou.com\/nb\/product\/viagra\/#breadcrumb"},"inLanguage":"nb-NO","potentialAction":[{"@type":"ReadAction","target":["https:\/\/www.transtoyou.com\/nb\/product\/viagra\/"]}]},{"@type":"ImageObject","inLanguage":"nb-NO","@id":"https:\/\/www.transtoyou.com\/nb\/product\/viagra\/#primaryimage","url":"https:\/\/www.transtoyou.com\/nb\/wp-content\/uploads\/sites\/10\/2026\/01\/tty-no-product-image-90.webp","contentUrl":"https:\/\/www.transtoyou.com\/nb\/wp-content\/uploads\/sites\/10\/2026\/01\/tty-no-product-image-90.webp","width":1000,"height":1000,"caption":"Standard produktbilde"},{"@type":"WebSite","@id":"https:\/\/www.transtoyou.com\/nb\/#website","url":"https:\/\/www.transtoyou.com\/nb\/","name":"Transtoyou - NB","description":"","publisher":{"@id":"https:\/\/www.transtoyou.com\/nb\/#organization"},"potentialAction":[{"@type":"SearchAction","target":{"@type":"EntryPoint","urlTemplate":"https:\/\/www.transtoyou.com\/nb\/?s={search_term_string}"},"query-input":{"@type":"PropertyValueSpecification","valueRequired":true,"valueName":"search_term_string"}}],"inLanguage":"nb-NO"},{"@type":"Organization","@id":"https:\/\/www.transtoyou.com\/nb\/#organization","name":"Transtoyou - NB","url":"https:\/\/www.transtoyou.com\/nb\/","logo":{"@type":"ImageObject","inLanguage":"nb-NO","@id":"https:\/\/www.transtoyou.com\/nb\/#\/schema\/logo\/image\/","url":"https:\/\/www.transtoyou.com\/nb\/wp-content\/uploads\/sites\/10\/2026\/01\/logo-tty-menu-bar-300x87-1.webp","contentUrl":"https:\/\/www.transtoyou.com\/nb\/wp-content\/uploads\/sites\/10\/2026\/01\/logo-tty-menu-bar-300x87-1.webp","width":300,"height":87,"caption":"Transtoyou - NB"},"image":{"@id":"https:\/\/www.transtoyou.com\/nb\/#\/schema\/logo\/image\/"}}]}},"_links":{"self":[{"href":"https:\/\/www.transtoyou.com\/nb\/wp-json\/wp\/v2\/product\/984","targetHints":{"allow":["GET"]}}],"collection":[{"href":"https:\/\/www.transtoyou.com\/nb\/wp-json\/wp\/v2\/product"}],"about":[{"href":"https:\/\/www.transtoyou.com\/nb\/wp-json\/wp\/v2\/types\/product"}],"replies":[{"embeddable":true,"href":"https:\/\/www.transtoyou.com\/nb\/wp-json\/wp\/v2\/comments?post=984"}],"wp:featuredmedia":[{"embeddable":true,"href":"https:\/\/www.transtoyou.com\/nb\/wp-json\/wp\/v2\/media\/986"}],"wp:attachment":[{"href":"https:\/\/www.transtoyou.com\/nb\/wp-json\/wp\/v2\/media?parent=984"}],"wp:term":[{"taxonomy":"product_brand","embeddable":true,"href":"https:\/\/www.transtoyou.com\/nb\/wp-json\/wp\/v2\/product_brand?post=984"},{"taxonomy":"product_cat","embeddable":true,"href":"https:\/\/www.transtoyou.com\/nb\/wp-json\/wp\/v2\/product_cat?post=984"},{"taxonomy":"product_tag","embeddable":true,"href":"https:\/\/www.transtoyou.com\/nb\/wp-json\/wp\/v2\/product_tag?post=984"},{"taxonomy":"expert","embeddable":true,"href":"https:\/\/www.transtoyou.com\/nb\/wp-json\/wp\/v2\/expert?post=984"}],"curies":[{"name":"wp","href":"https:\/\/api.w.org\/{rel}","templated":true}]}}