{"id":987,"date":"2026-01-24T09:09:31","date_gmt":"2026-01-24T07:09:31","guid":{"rendered":"https:\/\/www.transtoyou.com\/nb\/product\/tadalafil\/"},"modified":"2026-03-05T17:32:11","modified_gmt":"2026-03-05T15:32:11","slug":"tadalafil","status":"publish","type":"product","link":"https:\/\/www.transtoyou.com\/nb\/product\/tadalafil\/","title":{"rendered":"Tadalafil"},"content":{"rendered":"<p>Tadalafil er en medisin for behandling av erektil dysfunksjon, for \u00e5 st\u00f8tte menn i \u00e5 oppn\u00e5 og opprettholde en ereksjon som er tilstrekkelig for seksuell aktivitet. Den tilh\u00f8rer klassen legemidler kalt PDE5-hemmere, som forbedrer blodstr\u00f8mmen til penis ved \u00e5 slappe av de glatte musklene i blod\u00e5renes vegger.<\/p>\n<p>Det som skiller Tadalafil fra andre ED-behandlinger, er dens lange virkningsvarighet. Etter \u00e5 ha tatt en enkelt dose, kan effekten vare i opptil 36 timer, noe som gir en mer fleksibel og naturlig opplevelse rundt intimitet. Dette utvidede vinduet har gitt Tadalafil ryktet som en &laquo;helgepille,&raquo; som gj\u00f8r at menn og deres partnere kan delta i seksuell aktivitet uten presset av presis timing.<\/p>\n<p>Tadalafil kan tas p\u00e5 to m\u00e5ter.<\/p>\n<ol>\n<li>Den f\u00f8rste er ved behov, vanligvis i en dose p\u00e5 10 mg eller 20 mg, tatt omtrent 30 minutter f\u00f8r planlagt seksuell aktivitet.<\/li>\n<li>Den andre er \u00e9n gang daglig, i en mye lavere dose (2,5 mg eller 5 mg), som opprettholder et jevnt niv\u00e5 av medikamentet i kroppen. Denne daglige tiln\u00e6rmingen er ideell for menn som foretrekker \u00e5 v\u00e6re klare til enhver tid, uten \u00e5 m\u00e5tte planlegge p\u00e5 forh\u00e5nd.<\/li>\n<\/ol>\n<p>Medisinen tas oralt og kan brukes med eller uten mat. Virkningen begynner vanligvis etter 30 til 60 minutter. De fleste brukere t\u00e5ler den godt, selv om noen kan oppleve milde bivirkninger som hodepine, muskelsmerter, ford\u00f8yelsesbesv\u00e6r eller nesetetthet. Tadalafil b\u00f8r ikke tas sammen med nitrater eller visse blodtrykksmedisiner p\u00e5 grunn av risikoen for alvorlige fall i blodtrykket.<\/p>\n","protected":false},"excerpt":{"rendered":"<ul>\n<li>Langvarig behandling for ED: opptil 36 timer med effekt<\/li>\n<li>St\u00f8tter ogs\u00e5 urin symptomer relatert til BPH<\/li>\n<li>Mulighet for daglig eller behovsbasert dosering<\/li>\n<\/ul>\n","protected":false},"featured_media":989,"comment_status":"open","ping_status":"closed","template":"","meta":[],"product_brand":[],"product_cat":[115],"product_tag":[],"expert":[16],"class_list":{"0":"post-987","1":"product","2":"type-product","3":"status-publish","4":"has-post-thumbnail","6":"product_cat-behandlinger-for-erektil-dysfunksjon","7":"expert-dr-c-alexandru","9":"first","10":"instock","11":"shipping-taxable","12":"product-type-variable"},"yoast_head":"<!-- This site is optimized with the Yoast SEO plugin v27.0 - https:\/\/yoast.com\/product\/yoast-seo-wordpress\/ -->\n<title>Tadalafil | Langvarig ED-l\u00f8sning - Transtoyou<\/title>\n<meta name=\"description\" content=\"Tadalafil, en langvarig behandling for ED, forbedrer blodstr\u00f8mmen i opptil 36 timer. Oppdag fleksibilitet og bedre intimitet. L\u00e6r mer n\u00e5.\" \/>\n<meta name=\"robots\" content=\"noindex, follow, max-snippet:-1, max-image-preview:large, max-video-preview:-1\" \/>\n<meta property=\"og:locale\" content=\"nb_NO\" \/>\n<meta property=\"og:type\" content=\"article\" \/>\n<meta property=\"og:title\" content=\"Tadalafil | Langvarig ED-l\u00f8sning - Transtoyou\" \/>\n<meta property=\"og:description\" content=\"Tadalafil, en langvarig behandling for ED, forbedrer blodstr\u00f8mmen i opptil 36 timer. Oppdag fleksibilitet og bedre intimitet. L\u00e6r mer n\u00e5.\" \/>\n<meta property=\"og:url\" content=\"https:\/\/www.transtoyou.com\/nb\/product\/tadalafil\/\" \/>\n<meta property=\"og:site_name\" content=\"Transtoyou - NB\" \/>\n<meta property=\"article:modified_time\" content=\"2026-03-05T15:32:11+00:00\" \/>\n<meta name=\"twitter:card\" content=\"summary_large_image\" \/>\n<meta name=\"twitter:label1\" content=\"Ansl. lesetid\" \/>\n\t<meta name=\"twitter:data1\" content=\"1 minutt\" \/>\n<script type=\"application\/ld+json\" class=\"yoast-schema-graph\">{\"@context\":\"https:\/\/schema.org\",\"@graph\":[{\"@type\":\"WebPage\",\"@id\":\"https:\/\/www.transtoyou.com\/nb\/product\/tadalafil\/\",\"url\":\"https:\/\/www.transtoyou.com\/nb\/product\/tadalafil\/\",\"name\":\"Tadalafil | Langvarig ED-l\u00f8sning - Transtoyou\",\"isPartOf\":{\"@id\":\"https:\/\/www.transtoyou.com\/nb\/#website\"},\"primaryImageOfPage\":{\"@id\":\"https:\/\/www.transtoyou.com\/nb\/product\/tadalafil\/#primaryimage\"},\"image\":{\"@id\":\"https:\/\/www.transtoyou.com\/nb\/product\/tadalafil\/#primaryimage\"},\"thumbnailUrl\":\"https:\/\/www.transtoyou.com\/nb\/wp-content\/uploads\/sites\/10\/2026\/01\/tty-no-product-image-91.webp\",\"datePublished\":\"2026-01-24T07:09:31+00:00\",\"dateModified\":\"2026-03-05T15:32:11+00:00\",\"description\":\"Tadalafil, en langvarig behandling for ED, forbedrer blodstr\u00f8mmen i opptil 36 timer. Oppdag fleksibilitet og bedre intimitet. L\u00e6r mer n\u00e5.\",\"breadcrumb\":{\"@id\":\"https:\/\/www.transtoyou.com\/nb\/product\/tadalafil\/#breadcrumb\"},\"inLanguage\":\"nb-NO\",\"potentialAction\":[{\"@type\":\"ReadAction\",\"target\":[\"https:\/\/www.transtoyou.com\/nb\/product\/tadalafil\/\"]}]},{\"@type\":\"ImageObject\",\"inLanguage\":\"nb-NO\",\"@id\":\"https:\/\/www.transtoyou.com\/nb\/product\/tadalafil\/#primaryimage\",\"url\":\"https:\/\/www.transtoyou.com\/nb\/wp-content\/uploads\/sites\/10\/2026\/01\/tty-no-product-image-91.webp\",\"contentUrl\":\"https:\/\/www.transtoyou.com\/nb\/wp-content\/uploads\/sites\/10\/2026\/01\/tty-no-product-image-91.webp\",\"width\":1000,\"height\":1000,\"caption\":\"Standard produktbilde\"},{\"@type\":\"WebSite\",\"@id\":\"https:\/\/www.transtoyou.com\/nb\/#website\",\"url\":\"https:\/\/www.transtoyou.com\/nb\/\",\"name\":\"Transtoyou - NB\",\"description\":\"\",\"publisher\":{\"@id\":\"https:\/\/www.transtoyou.com\/nb\/#organization\"},\"potentialAction\":[{\"@type\":\"SearchAction\",\"target\":{\"@type\":\"EntryPoint\",\"urlTemplate\":\"https:\/\/www.transtoyou.com\/nb\/?s={search_term_string}\"},\"query-input\":{\"@type\":\"PropertyValueSpecification\",\"valueRequired\":true,\"valueName\":\"search_term_string\"}}],\"inLanguage\":\"nb-NO\"},{\"@type\":\"Organization\",\"@id\":\"https:\/\/www.transtoyou.com\/nb\/#organization\",\"name\":\"Transtoyou - NB\",\"url\":\"https:\/\/www.transtoyou.com\/nb\/\",\"logo\":{\"@type\":\"ImageObject\",\"inLanguage\":\"nb-NO\",\"@id\":\"https:\/\/www.transtoyou.com\/nb\/#\/schema\/logo\/image\/\",\"url\":\"https:\/\/www.transtoyou.com\/nb\/wp-content\/uploads\/sites\/10\/2026\/01\/logo-tty-menu-bar-300x87-1.webp\",\"contentUrl\":\"https:\/\/www.transtoyou.com\/nb\/wp-content\/uploads\/sites\/10\/2026\/01\/logo-tty-menu-bar-300x87-1.webp\",\"width\":300,\"height\":87,\"caption\":\"Transtoyou - NB\"},\"image\":{\"@id\":\"https:\/\/www.transtoyou.com\/nb\/#\/schema\/logo\/image\/\"}}]}<\/script>\n<!-- \/ Yoast SEO plugin. -->","yoast_head_json":{"title":"Tadalafil | Langvarig ED-l\u00f8sning - Transtoyou","description":"Tadalafil, en langvarig behandling for ED, forbedrer blodstr\u00f8mmen i opptil 36 timer. Oppdag fleksibilitet og bedre intimitet. L\u00e6r mer n\u00e5.","robots":{"index":"noindex","follow":"follow","max-snippet":"max-snippet:-1","max-image-preview":"max-image-preview:large","max-video-preview":"max-video-preview:-1"},"og_locale":"nb_NO","og_type":"article","og_title":"Tadalafil | Langvarig ED-l\u00f8sning - Transtoyou","og_description":"Tadalafil, en langvarig behandling for ED, forbedrer blodstr\u00f8mmen i opptil 36 timer. Oppdag fleksibilitet og bedre intimitet. L\u00e6r mer n\u00e5.","og_url":"https:\/\/www.transtoyou.com\/nb\/product\/tadalafil\/","og_site_name":"Transtoyou - NB","article_modified_time":"2026-03-05T15:32:11+00:00","twitter_card":"summary_large_image","twitter_misc":{"Ansl. lesetid":"1 minutt"},"schema":{"@context":"https:\/\/schema.org","@graph":[{"@type":"WebPage","@id":"https:\/\/www.transtoyou.com\/nb\/product\/tadalafil\/","url":"https:\/\/www.transtoyou.com\/nb\/product\/tadalafil\/","name":"Tadalafil | Langvarig ED-l\u00f8sning - Transtoyou","isPartOf":{"@id":"https:\/\/www.transtoyou.com\/nb\/#website"},"primaryImageOfPage":{"@id":"https:\/\/www.transtoyou.com\/nb\/product\/tadalafil\/#primaryimage"},"image":{"@id":"https:\/\/www.transtoyou.com\/nb\/product\/tadalafil\/#primaryimage"},"thumbnailUrl":"https:\/\/www.transtoyou.com\/nb\/wp-content\/uploads\/sites\/10\/2026\/01\/tty-no-product-image-91.webp","datePublished":"2026-01-24T07:09:31+00:00","dateModified":"2026-03-05T15:32:11+00:00","description":"Tadalafil, en langvarig behandling for ED, forbedrer blodstr\u00f8mmen i opptil 36 timer. Oppdag fleksibilitet og bedre intimitet. L\u00e6r mer n\u00e5.","breadcrumb":{"@id":"https:\/\/www.transtoyou.com\/nb\/product\/tadalafil\/#breadcrumb"},"inLanguage":"nb-NO","potentialAction":[{"@type":"ReadAction","target":["https:\/\/www.transtoyou.com\/nb\/product\/tadalafil\/"]}]},{"@type":"ImageObject","inLanguage":"nb-NO","@id":"https:\/\/www.transtoyou.com\/nb\/product\/tadalafil\/#primaryimage","url":"https:\/\/www.transtoyou.com\/nb\/wp-content\/uploads\/sites\/10\/2026\/01\/tty-no-product-image-91.webp","contentUrl":"https:\/\/www.transtoyou.com\/nb\/wp-content\/uploads\/sites\/10\/2026\/01\/tty-no-product-image-91.webp","width":1000,"height":1000,"caption":"Standard produktbilde"},{"@type":"WebSite","@id":"https:\/\/www.transtoyou.com\/nb\/#website","url":"https:\/\/www.transtoyou.com\/nb\/","name":"Transtoyou - NB","description":"","publisher":{"@id":"https:\/\/www.transtoyou.com\/nb\/#organization"},"potentialAction":[{"@type":"SearchAction","target":{"@type":"EntryPoint","urlTemplate":"https:\/\/www.transtoyou.com\/nb\/?s={search_term_string}"},"query-input":{"@type":"PropertyValueSpecification","valueRequired":true,"valueName":"search_term_string"}}],"inLanguage":"nb-NO"},{"@type":"Organization","@id":"https:\/\/www.transtoyou.com\/nb\/#organization","name":"Transtoyou - NB","url":"https:\/\/www.transtoyou.com\/nb\/","logo":{"@type":"ImageObject","inLanguage":"nb-NO","@id":"https:\/\/www.transtoyou.com\/nb\/#\/schema\/logo\/image\/","url":"https:\/\/www.transtoyou.com\/nb\/wp-content\/uploads\/sites\/10\/2026\/01\/logo-tty-menu-bar-300x87-1.webp","contentUrl":"https:\/\/www.transtoyou.com\/nb\/wp-content\/uploads\/sites\/10\/2026\/01\/logo-tty-menu-bar-300x87-1.webp","width":300,"height":87,"caption":"Transtoyou - NB"},"image":{"@id":"https:\/\/www.transtoyou.com\/nb\/#\/schema\/logo\/image\/"}}]}},"_links":{"self":[{"href":"https:\/\/www.transtoyou.com\/nb\/wp-json\/wp\/v2\/product\/987","targetHints":{"allow":["GET"]}}],"collection":[{"href":"https:\/\/www.transtoyou.com\/nb\/wp-json\/wp\/v2\/product"}],"about":[{"href":"https:\/\/www.transtoyou.com\/nb\/wp-json\/wp\/v2\/types\/product"}],"replies":[{"embeddable":true,"href":"https:\/\/www.transtoyou.com\/nb\/wp-json\/wp\/v2\/comments?post=987"}],"wp:featuredmedia":[{"embeddable":true,"href":"https:\/\/www.transtoyou.com\/nb\/wp-json\/wp\/v2\/media\/989"}],"wp:attachment":[{"href":"https:\/\/www.transtoyou.com\/nb\/wp-json\/wp\/v2\/media?parent=987"}],"wp:term":[{"taxonomy":"product_brand","embeddable":true,"href":"https:\/\/www.transtoyou.com\/nb\/wp-json\/wp\/v2\/product_brand?post=987"},{"taxonomy":"product_cat","embeddable":true,"href":"https:\/\/www.transtoyou.com\/nb\/wp-json\/wp\/v2\/product_cat?post=987"},{"taxonomy":"product_tag","embeddable":true,"href":"https:\/\/www.transtoyou.com\/nb\/wp-json\/wp\/v2\/product_tag?post=987"},{"taxonomy":"expert","embeddable":true,"href":"https:\/\/www.transtoyou.com\/nb\/wp-json\/wp\/v2\/expert?post=987"}],"curies":[{"name":"wp","href":"https:\/\/api.w.org\/{rel}","templated":true}]}}