{"id":990,"date":"2026-01-24T09:25:07","date_gmt":"2026-01-24T07:25:07","guid":{"rendered":"https:\/\/www.transtoyou.com\/nb\/product\/vardenafil\/"},"modified":"2026-03-07T14:58:58","modified_gmt":"2026-03-07T12:58:58","slug":"vardenafil","status":"publish","type":"product","link":"https:\/\/www.transtoyou.com\/nb\/product\/vardenafil\/","title":{"rendered":"Vardenafil"},"content":{"rendered":"<p>Vardenafil er en medisin som brukes til \u00e5 behandle erektil dysfunksjon, og hjelper menn med \u00e5 gjenvinne selvtillit og seksuell aktivitet. Den tilh\u00f8rer klassen av legemidler kjent som PDE5-hemmere, som virker ved \u00e5 \u00f8ke blodstr\u00f8mmen til penis under seksuell stimulering. Dette resulterer i en sterkere og mer p\u00e5litelig ereksjon, noe som gj\u00f8r det lettere \u00e5 delta i og opprettholde intimitet.<\/p>\n<p>Vardenafil virker ved \u00e5 slappe av de glatte musklene i blod\u00e5rene i penis. N\u00e5r en mann er seksuelt opphisset, tillater denne avslapningen mer blod \u00e5 str\u00f8mme inn i det erektile vevet, noe som f\u00f8rer til en naturlig f\u00f8lende ereksjon. Medisinen produserer ikke en ereksjon av seg selv, s\u00e5 seksuell stimulering er fortsatt n\u00f8dvendig for at den skal ha effekt.<\/p>\n<p>Denne medisinen tas vanligvis som en tablett, omtrent 25 til 60 minutter f\u00f8r seksuell aktivitet. Effektene kan vare i omtrent fire til fem timer, og gir et komfortabelt tidsvindu for spontan intimitet. I noen tilfeller kan menn oppleve at den begynner \u00e5 virke p\u00e5 s\u00e5 lite som 15 minutter, selv om dette varierer fra person til person. Vardenafil blir ofte foreskrevet med en startdose p\u00e5 10 mg, som kan justeres basert p\u00e5 respons og toleranse.<\/p>\n<p>Vardenafil kan tas med eller uten mat, selv om et tungt eller fettrikt m\u00e5ltid kan forsinke virkningen noe. Vanlige bivirkninger inkluderer mild hodepine, r\u00f8dming, nesetetthet eller ford\u00f8yelsesbesv\u00e6r. Disse effektene pleier \u00e5 v\u00e6re midlertidige og avtar etter hvert som medisinen slutter \u00e5 virke. Den b\u00f8r ikke brukes sammen med nitratmedisiner eller andre stoffer som senker blodtrykket.<\/p>\n","protected":false},"excerpt":{"rendered":"<ul>\n<li>Rasktvirkende l\u00f8sning for erektil dysfunksjon<\/li>\n<li>\u00d8ker blodstr\u00f8mmen for naturlig ereksjonsrespons<\/li>\n<li>Hjelper med \u00e5 gjenopprette selvtillit og intimitet<\/li>\n<\/ul>\n","protected":false},"featured_media":992,"comment_status":"open","ping_status":"closed","template":"","meta":[],"product_brand":[],"product_cat":[115],"product_tag":[],"expert":[16],"class_list":{"0":"post-990","1":"product","2":"type-product","3":"status-publish","4":"has-post-thumbnail","6":"product_cat-behandlinger-for-erektil-dysfunksjon","7":"expert-dr-c-alexandru","9":"first","10":"instock","11":"shipping-taxable","12":"product-type-variable"},"yoast_head":"<!-- This site is optimized with the Yoast SEO plugin v27.0 - https:\/\/yoast.com\/product\/yoast-seo-wordpress\/ -->\n<title>Vardenafil | Forbedrer Ytelse og Selvtillit - Transtoyou<\/title>\n<meta name=\"description\" content=\"Vardenafil, tilgjengelig p\u00e5 Transtoyou, forbedrer intimitet ved \u00e5 \u00f8ke blodstr\u00f8mmen for sterkere ereksjon. Kj\u00f8p n\u00e5 for effektiv st\u00f8tte.\" \/>\n<meta name=\"robots\" content=\"noindex, follow, max-snippet:-1, max-image-preview:large, max-video-preview:-1\" \/>\n<meta property=\"og:locale\" content=\"nb_NO\" \/>\n<meta property=\"og:type\" content=\"article\" \/>\n<meta property=\"og:title\" content=\"Vardenafil | Forbedrer Ytelse og Selvtillit - Transtoyou\" \/>\n<meta property=\"og:description\" content=\"Vardenafil, tilgjengelig p\u00e5 Transtoyou, forbedrer intimitet ved \u00e5 \u00f8ke blodstr\u00f8mmen for sterkere ereksjon. Kj\u00f8p n\u00e5 for effektiv st\u00f8tte.\" \/>\n<meta property=\"og:url\" content=\"https:\/\/www.transtoyou.com\/nb\/product\/vardenafil\/\" \/>\n<meta property=\"og:site_name\" content=\"Transtoyou - NB\" \/>\n<meta property=\"article:modified_time\" content=\"2026-03-07T12:58:58+00:00\" \/>\n<meta name=\"twitter:card\" content=\"summary_large_image\" \/>\n<meta name=\"twitter:label1\" content=\"Ansl. lesetid\" \/>\n\t<meta name=\"twitter:data1\" content=\"1 minutt\" \/>\n<script type=\"application\/ld+json\" class=\"yoast-schema-graph\">{\"@context\":\"https:\/\/schema.org\",\"@graph\":[{\"@type\":\"WebPage\",\"@id\":\"https:\/\/www.transtoyou.com\/nb\/product\/vardenafil\/\",\"url\":\"https:\/\/www.transtoyou.com\/nb\/product\/vardenafil\/\",\"name\":\"Vardenafil | Forbedrer Ytelse og Selvtillit - Transtoyou\",\"isPartOf\":{\"@id\":\"https:\/\/www.transtoyou.com\/nb\/#website\"},\"primaryImageOfPage\":{\"@id\":\"https:\/\/www.transtoyou.com\/nb\/product\/vardenafil\/#primaryimage\"},\"image\":{\"@id\":\"https:\/\/www.transtoyou.com\/nb\/product\/vardenafil\/#primaryimage\"},\"thumbnailUrl\":\"https:\/\/www.transtoyou.com\/nb\/wp-content\/uploads\/sites\/10\/2026\/01\/tty-no-product-image-92.webp\",\"datePublished\":\"2026-01-24T07:25:07+00:00\",\"dateModified\":\"2026-03-07T12:58:58+00:00\",\"description\":\"Vardenafil, tilgjengelig p\u00e5 Transtoyou, forbedrer intimitet ved \u00e5 \u00f8ke blodstr\u00f8mmen for sterkere ereksjon. Kj\u00f8p n\u00e5 for effektiv st\u00f8tte.\",\"breadcrumb\":{\"@id\":\"https:\/\/www.transtoyou.com\/nb\/product\/vardenafil\/#breadcrumb\"},\"inLanguage\":\"nb-NO\",\"potentialAction\":[{\"@type\":\"ReadAction\",\"target\":[\"https:\/\/www.transtoyou.com\/nb\/product\/vardenafil\/\"]}]},{\"@type\":\"ImageObject\",\"inLanguage\":\"nb-NO\",\"@id\":\"https:\/\/www.transtoyou.com\/nb\/product\/vardenafil\/#primaryimage\",\"url\":\"https:\/\/www.transtoyou.com\/nb\/wp-content\/uploads\/sites\/10\/2026\/01\/tty-no-product-image-92.webp\",\"contentUrl\":\"https:\/\/www.transtoyou.com\/nb\/wp-content\/uploads\/sites\/10\/2026\/01\/tty-no-product-image-92.webp\",\"width\":1000,\"height\":1000,\"caption\":\"Standard produktbilde\"},{\"@type\":\"WebSite\",\"@id\":\"https:\/\/www.transtoyou.com\/nb\/#website\",\"url\":\"https:\/\/www.transtoyou.com\/nb\/\",\"name\":\"Transtoyou - NB\",\"description\":\"\",\"publisher\":{\"@id\":\"https:\/\/www.transtoyou.com\/nb\/#organization\"},\"potentialAction\":[{\"@type\":\"SearchAction\",\"target\":{\"@type\":\"EntryPoint\",\"urlTemplate\":\"https:\/\/www.transtoyou.com\/nb\/?s={search_term_string}\"},\"query-input\":{\"@type\":\"PropertyValueSpecification\",\"valueRequired\":true,\"valueName\":\"search_term_string\"}}],\"inLanguage\":\"nb-NO\"},{\"@type\":\"Organization\",\"@id\":\"https:\/\/www.transtoyou.com\/nb\/#organization\",\"name\":\"Transtoyou - NB\",\"url\":\"https:\/\/www.transtoyou.com\/nb\/\",\"logo\":{\"@type\":\"ImageObject\",\"inLanguage\":\"nb-NO\",\"@id\":\"https:\/\/www.transtoyou.com\/nb\/#\/schema\/logo\/image\/\",\"url\":\"https:\/\/www.transtoyou.com\/nb\/wp-content\/uploads\/sites\/10\/2026\/01\/logo-tty-menu-bar-300x87-1.webp\",\"contentUrl\":\"https:\/\/www.transtoyou.com\/nb\/wp-content\/uploads\/sites\/10\/2026\/01\/logo-tty-menu-bar-300x87-1.webp\",\"width\":300,\"height\":87,\"caption\":\"Transtoyou - NB\"},\"image\":{\"@id\":\"https:\/\/www.transtoyou.com\/nb\/#\/schema\/logo\/image\/\"}}]}<\/script>\n<!-- \/ Yoast SEO plugin. -->","yoast_head_json":{"title":"Vardenafil | Forbedrer Ytelse og Selvtillit - Transtoyou","description":"Vardenafil, tilgjengelig p\u00e5 Transtoyou, forbedrer intimitet ved \u00e5 \u00f8ke blodstr\u00f8mmen for sterkere ereksjon. Kj\u00f8p n\u00e5 for effektiv st\u00f8tte.","robots":{"index":"noindex","follow":"follow","max-snippet":"max-snippet:-1","max-image-preview":"max-image-preview:large","max-video-preview":"max-video-preview:-1"},"og_locale":"nb_NO","og_type":"article","og_title":"Vardenafil | Forbedrer Ytelse og Selvtillit - Transtoyou","og_description":"Vardenafil, tilgjengelig p\u00e5 Transtoyou, forbedrer intimitet ved \u00e5 \u00f8ke blodstr\u00f8mmen for sterkere ereksjon. Kj\u00f8p n\u00e5 for effektiv st\u00f8tte.","og_url":"https:\/\/www.transtoyou.com\/nb\/product\/vardenafil\/","og_site_name":"Transtoyou - NB","article_modified_time":"2026-03-07T12:58:58+00:00","twitter_card":"summary_large_image","twitter_misc":{"Ansl. lesetid":"1 minutt"},"schema":{"@context":"https:\/\/schema.org","@graph":[{"@type":"WebPage","@id":"https:\/\/www.transtoyou.com\/nb\/product\/vardenafil\/","url":"https:\/\/www.transtoyou.com\/nb\/product\/vardenafil\/","name":"Vardenafil | Forbedrer Ytelse og Selvtillit - Transtoyou","isPartOf":{"@id":"https:\/\/www.transtoyou.com\/nb\/#website"},"primaryImageOfPage":{"@id":"https:\/\/www.transtoyou.com\/nb\/product\/vardenafil\/#primaryimage"},"image":{"@id":"https:\/\/www.transtoyou.com\/nb\/product\/vardenafil\/#primaryimage"},"thumbnailUrl":"https:\/\/www.transtoyou.com\/nb\/wp-content\/uploads\/sites\/10\/2026\/01\/tty-no-product-image-92.webp","datePublished":"2026-01-24T07:25:07+00:00","dateModified":"2026-03-07T12:58:58+00:00","description":"Vardenafil, tilgjengelig p\u00e5 Transtoyou, forbedrer intimitet ved \u00e5 \u00f8ke blodstr\u00f8mmen for sterkere ereksjon. Kj\u00f8p n\u00e5 for effektiv st\u00f8tte.","breadcrumb":{"@id":"https:\/\/www.transtoyou.com\/nb\/product\/vardenafil\/#breadcrumb"},"inLanguage":"nb-NO","potentialAction":[{"@type":"ReadAction","target":["https:\/\/www.transtoyou.com\/nb\/product\/vardenafil\/"]}]},{"@type":"ImageObject","inLanguage":"nb-NO","@id":"https:\/\/www.transtoyou.com\/nb\/product\/vardenafil\/#primaryimage","url":"https:\/\/www.transtoyou.com\/nb\/wp-content\/uploads\/sites\/10\/2026\/01\/tty-no-product-image-92.webp","contentUrl":"https:\/\/www.transtoyou.com\/nb\/wp-content\/uploads\/sites\/10\/2026\/01\/tty-no-product-image-92.webp","width":1000,"height":1000,"caption":"Standard produktbilde"},{"@type":"WebSite","@id":"https:\/\/www.transtoyou.com\/nb\/#website","url":"https:\/\/www.transtoyou.com\/nb\/","name":"Transtoyou - NB","description":"","publisher":{"@id":"https:\/\/www.transtoyou.com\/nb\/#organization"},"potentialAction":[{"@type":"SearchAction","target":{"@type":"EntryPoint","urlTemplate":"https:\/\/www.transtoyou.com\/nb\/?s={search_term_string}"},"query-input":{"@type":"PropertyValueSpecification","valueRequired":true,"valueName":"search_term_string"}}],"inLanguage":"nb-NO"},{"@type":"Organization","@id":"https:\/\/www.transtoyou.com\/nb\/#organization","name":"Transtoyou - NB","url":"https:\/\/www.transtoyou.com\/nb\/","logo":{"@type":"ImageObject","inLanguage":"nb-NO","@id":"https:\/\/www.transtoyou.com\/nb\/#\/schema\/logo\/image\/","url":"https:\/\/www.transtoyou.com\/nb\/wp-content\/uploads\/sites\/10\/2026\/01\/logo-tty-menu-bar-300x87-1.webp","contentUrl":"https:\/\/www.transtoyou.com\/nb\/wp-content\/uploads\/sites\/10\/2026\/01\/logo-tty-menu-bar-300x87-1.webp","width":300,"height":87,"caption":"Transtoyou - NB"},"image":{"@id":"https:\/\/www.transtoyou.com\/nb\/#\/schema\/logo\/image\/"}}]}},"_links":{"self":[{"href":"https:\/\/www.transtoyou.com\/nb\/wp-json\/wp\/v2\/product\/990","targetHints":{"allow":["GET"]}}],"collection":[{"href":"https:\/\/www.transtoyou.com\/nb\/wp-json\/wp\/v2\/product"}],"about":[{"href":"https:\/\/www.transtoyou.com\/nb\/wp-json\/wp\/v2\/types\/product"}],"replies":[{"embeddable":true,"href":"https:\/\/www.transtoyou.com\/nb\/wp-json\/wp\/v2\/comments?post=990"}],"wp:featuredmedia":[{"embeddable":true,"href":"https:\/\/www.transtoyou.com\/nb\/wp-json\/wp\/v2\/media\/992"}],"wp:attachment":[{"href":"https:\/\/www.transtoyou.com\/nb\/wp-json\/wp\/v2\/media?parent=990"}],"wp:term":[{"taxonomy":"product_brand","embeddable":true,"href":"https:\/\/www.transtoyou.com\/nb\/wp-json\/wp\/v2\/product_brand?post=990"},{"taxonomy":"product_cat","embeddable":true,"href":"https:\/\/www.transtoyou.com\/nb\/wp-json\/wp\/v2\/product_cat?post=990"},{"taxonomy":"product_tag","embeddable":true,"href":"https:\/\/www.transtoyou.com\/nb\/wp-json\/wp\/v2\/product_tag?post=990"},{"taxonomy":"expert","embeddable":true,"href":"https:\/\/www.transtoyou.com\/nb\/wp-json\/wp\/v2\/expert?post=990"}],"curies":[{"name":"wp","href":"https:\/\/api.w.org\/{rel}","templated":true}]}}