{"id":993,"date":"2026-01-24T09:40:55","date_gmt":"2026-01-24T07:40:55","guid":{"rendered":"https:\/\/www.transtoyou.com\/nb\/product\/viagra-connect\/"},"modified":"2026-02-09T15:47:32","modified_gmt":"2026-02-09T13:47:32","slug":"viagra-kobling","status":"publish","type":"product","link":"https:\/\/www.transtoyou.com\/nb\/product\/viagra-kobling\/","title":{"rendered":"Viagra Connect"},"content":{"rendered":"<p>Viagra Connect er et reseptfritt legemiddel som brukes til behandling av erektil dysfunksjon (ED) hos voksne menn. Det inneholder sildenafil sitrat 50 mg, som tilh\u00f8rer en klasse legemidler kjent som fosfodiesterase type 5 (PDE5) hemmere.<\/p>\n<p>Legemidlet virker ved \u00e5 \u00f8ke blodstr\u00f8mmen til penis under seksuell opphisselse. Det gj\u00f8r dette ved \u00e5 hemme PDE5-enzymet, som bryter ned syklisk guanosinmonofosfat (cGMP). Dette er et kjemikalie som er ansvarlig for \u00e5 slappe av glatt muskulatur og tillate \u00f8kt blodstr\u00f8m i det erektile vevet. Med seksuell stimulering hjelper denne prosessen til \u00e5 oppn\u00e5 og opprettholde en ereksjon.<\/p>\n<p>Viagra Connect er indikert for behandling av erektil dysfunksjon, en tilstand der en mann har vanskeligheter med \u00e5 oppn\u00e5 eller opprettholde en ereksjon som er egnet for seksuell aktivitet. Det er ikke ment for bruk av personer uten ED eller som et rekreasjonsforsterker.<\/p>\n<p>Effektene begynner vanligvis innen 30 til 60 minutter etter inntak av tabletten, og fordelene kan vare i opptil 4 timer, avhengig av individuell respons og eksterne faktorer som matinntak.<\/p>\n<p>Fordelene med Viagra Connect inkluderer rask virkning, enkel tilgang uten resept, og en godt etablert sikkerhetsprofil. Det tilbyr en p\u00e5litelig og praktisk l\u00f8sning for menn med mild til moderat ED, spesielt n\u00e5r det brukes under passende medisinsk veiledning.<\/p>\n<p>Vennligst merk at selv om legemidlet ikke for\u00e5rsaker en ereksjon av seg selv, st\u00f8tter det naturlige fysiologiske responser p\u00e5 seksuell opphisselse.<\/p>\n","protected":false},"excerpt":{"rendered":"<ul>\n<li>Rasktvirkende behandling for erektil dysfunksjon<\/li>\n<li>Effektiv i opptil 4 timer<\/li>\n<li>Tilgjengelig uten resept<\/li>\n<\/ul>\n","protected":false},"featured_media":995,"comment_status":"open","ping_status":"closed","template":"","meta":[],"product_brand":[],"product_cat":[115],"product_tag":[],"expert":[19],"class_list":{"0":"post-993","1":"product","2":"type-product","3":"status-publish","4":"has-post-thumbnail","6":"product_cat-behandlinger-for-erektil-dysfunksjon","7":"expert-dr-j-vazquez","9":"first","10":"instock","11":"shipping-taxable","12":"purchasable","13":"product-type-variable"},"yoast_head":"<!-- This site is optimized with the Yoast SEO plugin v27.0 - https:\/\/yoast.com\/product\/yoast-seo-wordpress\/ -->\n<title>Viagra Connect | Forbedre Blodstr\u00f8mmen Naturlig - Transtoyou<\/title>\n<meta name=\"description\" content=\"Viagra Connect, tilgjengelig her, hjelper med \u00e5 behandle erektil dysfunksjon ved \u00e5 \u00f8ke blodstr\u00f8mmen. Kj\u00f8p n\u00e5 for effektiv, reseptfri lindring.\" \/>\n<meta name=\"robots\" content=\"noindex, follow, max-snippet:-1, max-image-preview:large, max-video-preview:-1\" \/>\n<meta property=\"og:locale\" content=\"nb_NO\" \/>\n<meta property=\"og:type\" content=\"article\" \/>\n<meta property=\"og:title\" content=\"Viagra Connect | Forbedre Blodstr\u00f8mmen Naturlig - Transtoyou\" \/>\n<meta property=\"og:description\" content=\"Viagra Connect, tilgjengelig her, hjelper med \u00e5 behandle erektil dysfunksjon ved \u00e5 \u00f8ke blodstr\u00f8mmen. Kj\u00f8p n\u00e5 for effektiv, reseptfri lindring.\" \/>\n<meta property=\"og:url\" content=\"https:\/\/www.transtoyou.com\/nb\/product\/viagra-connect\/\" \/>\n<meta property=\"og:site_name\" content=\"Transtoyou - NB\" \/>\n<meta property=\"article:modified_time\" content=\"2026-02-09T13:47:32+00:00\" \/>\n<meta name=\"twitter:card\" content=\"summary_large_image\" \/>\n<meta name=\"twitter:label1\" content=\"Ansl. lesetid\" \/>\n\t<meta name=\"twitter:data1\" content=\"1 minutt\" \/>\n<script type=\"application\/ld+json\" class=\"yoast-schema-graph\">{\"@context\":\"https:\/\/schema.org\",\"@graph\":[{\"@type\":\"WebPage\",\"@id\":\"https:\/\/www.transtoyou.com\/nb\/product\/viagra-connect\/\",\"url\":\"https:\/\/www.transtoyou.com\/nb\/product\/viagra-connect\/\",\"name\":\"Viagra Connect | Forbedre Blodstr\u00f8mmen Naturlig - Transtoyou\",\"isPartOf\":{\"@id\":\"https:\/\/www.transtoyou.com\/nb\/#website\"},\"primaryImageOfPage\":{\"@id\":\"https:\/\/www.transtoyou.com\/nb\/product\/viagra-connect\/#primaryimage\"},\"image\":{\"@id\":\"https:\/\/www.transtoyou.com\/nb\/product\/viagra-connect\/#primaryimage\"},\"thumbnailUrl\":\"https:\/\/www.transtoyou.com\/nb\/wp-content\/uploads\/sites\/10\/2026\/01\/tty-no-product-image-93.webp\",\"datePublished\":\"2026-01-24T07:40:55+00:00\",\"dateModified\":\"2026-02-09T13:47:32+00:00\",\"description\":\"Viagra Connect, tilgjengelig her, hjelper med \u00e5 behandle erektil dysfunksjon ved \u00e5 \u00f8ke blodstr\u00f8mmen. Kj\u00f8p n\u00e5 for effektiv, reseptfri lindring.\",\"breadcrumb\":{\"@id\":\"https:\/\/www.transtoyou.com\/nb\/product\/viagra-connect\/#breadcrumb\"},\"inLanguage\":\"nb-NO\",\"potentialAction\":[{\"@type\":\"ReadAction\",\"target\":[\"https:\/\/www.transtoyou.com\/nb\/product\/viagra-connect\/\"]}]},{\"@type\":\"ImageObject\",\"inLanguage\":\"nb-NO\",\"@id\":\"https:\/\/www.transtoyou.com\/nb\/product\/viagra-connect\/#primaryimage\",\"url\":\"https:\/\/www.transtoyou.com\/nb\/wp-content\/uploads\/sites\/10\/2026\/01\/tty-no-product-image-93.webp\",\"contentUrl\":\"https:\/\/www.transtoyou.com\/nb\/wp-content\/uploads\/sites\/10\/2026\/01\/tty-no-product-image-93.webp\",\"width\":1000,\"height\":1000,\"caption\":\"Standard produktbilde\"},{\"@type\":\"WebSite\",\"@id\":\"https:\/\/www.transtoyou.com\/nb\/#website\",\"url\":\"https:\/\/www.transtoyou.com\/nb\/\",\"name\":\"Transtoyou - NB\",\"description\":\"\",\"publisher\":{\"@id\":\"https:\/\/www.transtoyou.com\/nb\/#organization\"},\"potentialAction\":[{\"@type\":\"SearchAction\",\"target\":{\"@type\":\"EntryPoint\",\"urlTemplate\":\"https:\/\/www.transtoyou.com\/nb\/?s={search_term_string}\"},\"query-input\":{\"@type\":\"PropertyValueSpecification\",\"valueRequired\":true,\"valueName\":\"search_term_string\"}}],\"inLanguage\":\"nb-NO\"},{\"@type\":\"Organization\",\"@id\":\"https:\/\/www.transtoyou.com\/nb\/#organization\",\"name\":\"Transtoyou - NB\",\"url\":\"https:\/\/www.transtoyou.com\/nb\/\",\"logo\":{\"@type\":\"ImageObject\",\"inLanguage\":\"nb-NO\",\"@id\":\"https:\/\/www.transtoyou.com\/nb\/#\/schema\/logo\/image\/\",\"url\":\"https:\/\/www.transtoyou.com\/nb\/wp-content\/uploads\/sites\/10\/2026\/01\/logo-tty-menu-bar-300x87-1.webp\",\"contentUrl\":\"https:\/\/www.transtoyou.com\/nb\/wp-content\/uploads\/sites\/10\/2026\/01\/logo-tty-menu-bar-300x87-1.webp\",\"width\":300,\"height\":87,\"caption\":\"Transtoyou - NB\"},\"image\":{\"@id\":\"https:\/\/www.transtoyou.com\/nb\/#\/schema\/logo\/image\/\"}}]}<\/script>\n<!-- \/ Yoast SEO plugin. -->","yoast_head_json":{"title":"Viagra Connect | Forbedre Blodstr\u00f8mmen Naturlig - Transtoyou","description":"Viagra Connect, tilgjengelig her, hjelper med \u00e5 behandle erektil dysfunksjon ved \u00e5 \u00f8ke blodstr\u00f8mmen. Kj\u00f8p n\u00e5 for effektiv, reseptfri lindring.","robots":{"index":"noindex","follow":"follow","max-snippet":"max-snippet:-1","max-image-preview":"max-image-preview:large","max-video-preview":"max-video-preview:-1"},"og_locale":"nb_NO","og_type":"article","og_title":"Viagra Connect | Forbedre Blodstr\u00f8mmen Naturlig - Transtoyou","og_description":"Viagra Connect, tilgjengelig her, hjelper med \u00e5 behandle erektil dysfunksjon ved \u00e5 \u00f8ke blodstr\u00f8mmen. Kj\u00f8p n\u00e5 for effektiv, reseptfri lindring.","og_url":"https:\/\/www.transtoyou.com\/nb\/product\/viagra-connect\/","og_site_name":"Transtoyou - NB","article_modified_time":"2026-02-09T13:47:32+00:00","twitter_card":"summary_large_image","twitter_misc":{"Ansl. lesetid":"1 minutt"},"schema":{"@context":"https:\/\/schema.org","@graph":[{"@type":"WebPage","@id":"https:\/\/www.transtoyou.com\/nb\/product\/viagra-connect\/","url":"https:\/\/www.transtoyou.com\/nb\/product\/viagra-connect\/","name":"Viagra Connect | Forbedre Blodstr\u00f8mmen Naturlig - Transtoyou","isPartOf":{"@id":"https:\/\/www.transtoyou.com\/nb\/#website"},"primaryImageOfPage":{"@id":"https:\/\/www.transtoyou.com\/nb\/product\/viagra-connect\/#primaryimage"},"image":{"@id":"https:\/\/www.transtoyou.com\/nb\/product\/viagra-connect\/#primaryimage"},"thumbnailUrl":"https:\/\/www.transtoyou.com\/nb\/wp-content\/uploads\/sites\/10\/2026\/01\/tty-no-product-image-93.webp","datePublished":"2026-01-24T07:40:55+00:00","dateModified":"2026-02-09T13:47:32+00:00","description":"Viagra Connect, tilgjengelig her, hjelper med \u00e5 behandle erektil dysfunksjon ved \u00e5 \u00f8ke blodstr\u00f8mmen. Kj\u00f8p n\u00e5 for effektiv, reseptfri lindring.","breadcrumb":{"@id":"https:\/\/www.transtoyou.com\/nb\/product\/viagra-connect\/#breadcrumb"},"inLanguage":"nb-NO","potentialAction":[{"@type":"ReadAction","target":["https:\/\/www.transtoyou.com\/nb\/product\/viagra-connect\/"]}]},{"@type":"ImageObject","inLanguage":"nb-NO","@id":"https:\/\/www.transtoyou.com\/nb\/product\/viagra-connect\/#primaryimage","url":"https:\/\/www.transtoyou.com\/nb\/wp-content\/uploads\/sites\/10\/2026\/01\/tty-no-product-image-93.webp","contentUrl":"https:\/\/www.transtoyou.com\/nb\/wp-content\/uploads\/sites\/10\/2026\/01\/tty-no-product-image-93.webp","width":1000,"height":1000,"caption":"Standard produktbilde"},{"@type":"WebSite","@id":"https:\/\/www.transtoyou.com\/nb\/#website","url":"https:\/\/www.transtoyou.com\/nb\/","name":"Transtoyou - NB","description":"","publisher":{"@id":"https:\/\/www.transtoyou.com\/nb\/#organization"},"potentialAction":[{"@type":"SearchAction","target":{"@type":"EntryPoint","urlTemplate":"https:\/\/www.transtoyou.com\/nb\/?s={search_term_string}"},"query-input":{"@type":"PropertyValueSpecification","valueRequired":true,"valueName":"search_term_string"}}],"inLanguage":"nb-NO"},{"@type":"Organization","@id":"https:\/\/www.transtoyou.com\/nb\/#organization","name":"Transtoyou - NB","url":"https:\/\/www.transtoyou.com\/nb\/","logo":{"@type":"ImageObject","inLanguage":"nb-NO","@id":"https:\/\/www.transtoyou.com\/nb\/#\/schema\/logo\/image\/","url":"https:\/\/www.transtoyou.com\/nb\/wp-content\/uploads\/sites\/10\/2026\/01\/logo-tty-menu-bar-300x87-1.webp","contentUrl":"https:\/\/www.transtoyou.com\/nb\/wp-content\/uploads\/sites\/10\/2026\/01\/logo-tty-menu-bar-300x87-1.webp","width":300,"height":87,"caption":"Transtoyou - NB"},"image":{"@id":"https:\/\/www.transtoyou.com\/nb\/#\/schema\/logo\/image\/"}}]}},"_links":{"self":[{"href":"https:\/\/www.transtoyou.com\/nb\/wp-json\/wp\/v2\/product\/993","targetHints":{"allow":["GET"]}}],"collection":[{"href":"https:\/\/www.transtoyou.com\/nb\/wp-json\/wp\/v2\/product"}],"about":[{"href":"https:\/\/www.transtoyou.com\/nb\/wp-json\/wp\/v2\/types\/product"}],"replies":[{"embeddable":true,"href":"https:\/\/www.transtoyou.com\/nb\/wp-json\/wp\/v2\/comments?post=993"}],"wp:featuredmedia":[{"embeddable":true,"href":"https:\/\/www.transtoyou.com\/nb\/wp-json\/wp\/v2\/media\/995"}],"wp:attachment":[{"href":"https:\/\/www.transtoyou.com\/nb\/wp-json\/wp\/v2\/media?parent=993"}],"wp:term":[{"taxonomy":"product_brand","embeddable":true,"href":"https:\/\/www.transtoyou.com\/nb\/wp-json\/wp\/v2\/product_brand?post=993"},{"taxonomy":"product_cat","embeddable":true,"href":"https:\/\/www.transtoyou.com\/nb\/wp-json\/wp\/v2\/product_cat?post=993"},{"taxonomy":"product_tag","embeddable":true,"href":"https:\/\/www.transtoyou.com\/nb\/wp-json\/wp\/v2\/product_tag?post=993"},{"taxonomy":"expert","embeddable":true,"href":"https:\/\/www.transtoyou.com\/nb\/wp-json\/wp\/v2\/expert?post=993"}],"curies":[{"name":"wp","href":"https:\/\/api.w.org\/{rel}","templated":true}]}}