{"id":1051,"date":"2026-01-22T18:49:17","date_gmt":"2026-01-22T16:49:17","guid":{"rendered":"https:\/\/www.transtoyou.com\/nl\/product\/euthyrox\/"},"modified":"2026-02-15T14:33:15","modified_gmt":"2026-02-15T12:33:15","slug":"euthyrox","status":"publish","type":"product","link":"https:\/\/www.transtoyou.com\/nl\/product\/euthyrox\/","title":{"rendered":"Euthyrox"},"content":{"rendered":"<p>Euthyrox is een synthetische vorm van levothyroxine, een hormoon dat identiek is aan de natuurlijke thyroxine die door de schildklier wordt geproduceerd. Het wordt gebruikt om hypothyreo\u00efdie te behandelen, een aandoening waarbij de schildklier te weinig actief is en niet genoeg hormoon produceert. Thyroxine is essentieel voor het reguleren van de stofwisseling, energieniveaus, temperatuurregeling en vele andere belangrijke functies.<\/p>\n<p>Wanneer de schildklier niet genoeg hormoon produceert, kunnen symptomen zoals vermoeidheid, gewichtstoename, droge huid, constipatie, depressie en koude-intolerantie zich ontwikkelen. Euthyrox helpt de hormoonspiegels weer normaal te maken, waardoor de systemen van het lichaam weer goed kunnen functioneren. Door de hormoonbalans te corrigeren, kan het de energie, concentratie, stemming en metabolische stabiliteit verbeteren.<\/p>\n<p>Euthyrox wordt eenmaal daags ingenomen, bij voorkeur &#8217;s ochtends, op een lege maag, minstens 30-60 minuten voordat je iets eet of drinkt, behalve water. Het wordt opgenomen via het spijsverteringskanaal en verspreid door het lichaam om zijn effecten uit te oefenen.<\/p>\n<p>De meeste mensen beginnen binnen \u00e9\u00e9n tot twee weken na het starten van de behandeling een verbetering van de symptomen op te merken, hoewel het langer kan duren voor de volledige effecten zichtbaar zijn. Aangezien hypothyreo\u00efdie vaak een levenslange aandoening is, wordt Euthyrox meestal als een langdurige dagelijkse medicatie ingenomen.<\/p>\n<p>Het wordt over het algemeen goed verdragen wanneer het in de juiste dosis wordt ingenomen. Bij een te hoge dosis kunnen bijwerkingen optreden, waaronder symptomen van hyperthyreo\u00efdie zoals rusteloosheid, zweten, hartkloppingen of slaapproblemen. Euthyrox is gecontra-indiceerd bij pati\u00ebnten met onbehandelde bijnierinsuffici\u00ebntie, acute thyreotoxicose of bekende overgevoeligheid voor levothyroxine of een van de hulpstoffen in de formulering.<\/p>\n","protected":false},"excerpt":{"rendered":"<ul>\n<li>Dagelijkse vervanging van schildklierhormoon<\/li>\n<li>Verbetert energie en metabolisme<\/li>\n<li>Ondersteunt hormonale balans<\/li>\n<\/ul>\n","protected":false},"featured_media":1053,"comment_status":"open","ping_status":"closed","template":"","meta":[],"product_brand":[],"product_cat":[192],"product_tag":[],"expert":[23],"class_list":{"0":"post-1051","1":"product","2":"type-product","3":"status-publish","4":"has-post-thumbnail","6":"product_cat-schildklieraandoeningen","7":"expert-dr-m-sharoyko","9":"first","10":"instock","11":"shipping-taxable","12":"product-type-variable"},"_links":{"self":[{"href":"https:\/\/www.transtoyou.com\/nl\/wp-json\/wp\/v2\/product\/1051","targetHints":{"allow":["GET"]}}],"collection":[{"href":"https:\/\/www.transtoyou.com\/nl\/wp-json\/wp\/v2\/product"}],"about":[{"href":"https:\/\/www.transtoyou.com\/nl\/wp-json\/wp\/v2\/types\/product"}],"replies":[{"embeddable":true,"href":"https:\/\/www.transtoyou.com\/nl\/wp-json\/wp\/v2\/comments?post=1051"}],"wp:featuredmedia":[{"embeddable":true,"href":"https:\/\/www.transtoyou.com\/nl\/wp-json\/wp\/v2\/media\/1053"}],"wp:attachment":[{"href":"https:\/\/www.transtoyou.com\/nl\/wp-json\/wp\/v2\/media?parent=1051"}],"wp:term":[{"taxonomy":"product_brand","embeddable":true,"href":"https:\/\/www.transtoyou.com\/nl\/wp-json\/wp\/v2\/product_brand?post=1051"},{"taxonomy":"product_cat","embeddable":true,"href":"https:\/\/www.transtoyou.com\/nl\/wp-json\/wp\/v2\/product_cat?post=1051"},{"taxonomy":"product_tag","embeddable":true,"href":"https:\/\/www.transtoyou.com\/nl\/wp-json\/wp\/v2\/product_tag?post=1051"},{"taxonomy":"expert","embeddable":true,"href":"https:\/\/www.transtoyou.com\/nl\/wp-json\/wp\/v2\/expert?post=1051"}],"curies":[{"name":"wp","href":"https:\/\/api.w.org\/{rel}","templated":true}]}}