{"id":1057,"date":"2026-01-22T19:22:28","date_gmt":"2026-01-22T17:22:28","guid":{"rendered":"https:\/\/www.transtoyou.com\/nl\/product\/aldara\/"},"modified":"2026-02-12T09:34:51","modified_gmt":"2026-02-12T07:34:51","slug":"aldara","status":"publish","type":"product","link":"https:\/\/www.transtoyou.com\/nl\/product\/aldara\/","title":{"rendered":"Aldara"},"content":{"rendered":"<p>Aldara is een topische cr\u00e8me die imiquimod bevat, een immuunresponsmodifier die wordt gebruikt voor de behandeling van externe genitale en anale wratten, evenals andere soorten huidaandoeningen zoals gewone wratten en bepaalde precancereuze of kankerverwekkende huidaandoeningen zoals actinische keratosis en oppervlakkig basocellulair carcinoom. Deze cr\u00e8me werkt door het immuunsysteem van het lichaam te stimuleren om abnormale huidgroei te bestrijden die wordt veroorzaakt door virussen zoals het humaan papillomavirus (HPV) of door zonbeschadiging.<\/p>\n<p>De belangrijkste ingredi\u00ebnt, imiquimod, stimuleert de huid om natuurlijke chemicali\u00ebn zoals interferon te produceren, die helpen om de door virussen ge\u00efnfecteerde cellen te vernietigen. In tegenstelling tot behandelingen die wratten fysiek verwijderen, activeert Aldara het immuunsysteem om de oorzaak van binnenuit de huid te herkennen en te elimineren. Deze benadering kan de kans op terugkeer verminderen en het virus van binnenuit de huid bestrijden. Deze aanpak vermindert de kans op terugkeer en is vooral waardevol voor de behandeling van gevoelige gebieden zoals de genitale of anale regio.<\/p>\n<p>Aldara wordt doorgaans drie keer per week rechtstreeks op het aangetaste gebied aangebracht, meestal voor het slapengaan. Het blijft zes tot tien uur op de huid en wordt daarna afgewassen. De behandelingsduur kan vari\u00ebren, maar zichtbare verbetering kan binnen enkele weken worden verwacht. De volledige kuur kan tot 16 weken duren, afhankelijk van de respons.<\/p>\n<p>Gebruikers moeten hun handen wassen voor en na de applicatie, en de cr\u00e8me mag niet op slijmvliezen of open wonden worden gebruikt. Veelvoorkomende bijwerkingen zijn milde roodheid, jeuk, branderigheid en schilfering op de plaats van aanbrengen. Deze zijn meestal tijdelijk en kunnen aangeven dat de immuunrespons wordt geactiveerd. Als de reactie ernstig wordt, kan de behandeling enkele dagen worden gepauzeerd.<\/p>\n","protected":false},"excerpt":{"rendered":"<ul>\n<li>Stimuleert de immuunrespons<\/li>\n<li>Actinische keratose en oppervlakkig basocellulair carcinoom<\/li>\n<li>Topische, zelf toe te passen behandeling<\/li>\n<\/ul>\n","protected":false},"featured_media":2908,"comment_status":"open","ping_status":"closed","template":"","meta":[],"product_brand":[],"product_cat":[146,198],"product_tag":[],"expert":[23],"class_list":{"0":"post-1057","1":"product","2":"type-product","3":"status-publish","4":"has-post-thumbnail","6":"product_cat-genitale-wratten","7":"product_cat-wratten","8":"expert-dr-m-sharoyko","10":"first","11":"instock","12":"shipping-taxable","13":"purchasable","14":"product-type-variable"},"_links":{"self":[{"href":"https:\/\/www.transtoyou.com\/nl\/wp-json\/wp\/v2\/product\/1057","targetHints":{"allow":["GET"]}}],"collection":[{"href":"https:\/\/www.transtoyou.com\/nl\/wp-json\/wp\/v2\/product"}],"about":[{"href":"https:\/\/www.transtoyou.com\/nl\/wp-json\/wp\/v2\/types\/product"}],"replies":[{"embeddable":true,"href":"https:\/\/www.transtoyou.com\/nl\/wp-json\/wp\/v2\/comments?post=1057"}],"wp:featuredmedia":[{"embeddable":true,"href":"https:\/\/www.transtoyou.com\/nl\/wp-json\/wp\/v2\/media\/2908"}],"wp:attachment":[{"href":"https:\/\/www.transtoyou.com\/nl\/wp-json\/wp\/v2\/media?parent=1057"}],"wp:term":[{"taxonomy":"product_brand","embeddable":true,"href":"https:\/\/www.transtoyou.com\/nl\/wp-json\/wp\/v2\/product_brand?post=1057"},{"taxonomy":"product_cat","embeddable":true,"href":"https:\/\/www.transtoyou.com\/nl\/wp-json\/wp\/v2\/product_cat?post=1057"},{"taxonomy":"product_tag","embeddable":true,"href":"https:\/\/www.transtoyou.com\/nl\/wp-json\/wp\/v2\/product_tag?post=1057"},{"taxonomy":"expert","embeddable":true,"href":"https:\/\/www.transtoyou.com\/nl\/wp-json\/wp\/v2\/expert?post=1057"}],"curies":[{"name":"wp","href":"https:\/\/api.w.org\/{rel}","templated":true}]}}