{"id":1112,"date":"2026-01-23T18:22:51","date_gmt":"2026-01-23T16:22:51","guid":{"rendered":"https:\/\/www.transtoyou.com\/nl\/product\/fucidin\/"},"modified":"2026-02-17T14:28:00","modified_gmt":"2026-02-17T12:28:00","slug":"fucidin","status":"publish","type":"product","link":"https:\/\/www.transtoyou.com\/nl\/product\/fucidin\/","title":{"rendered":"Fucidin"},"content":{"rendered":"<p>Fucidin is een lokaal antibioticum dat wordt gebruikt voor de behandeling van huidinfecties veroorzaakt door bepaalde bacteri\u00ebn. Het bevat fusidinezuur, een stero\u00efde-achtig antibioticum dat werkt door het remmen van het eiwitsyntheseproces van bacteri\u00ebn, waardoor de groei en verspreiding van bacteri\u00ebn effectief wordt gestopt.<\/p>\n<p>Fucidin wordt vaak voorgeschreven voor gelokaliseerde huidinfecties zoals impetigo, ge\u00efnfecteerde eczeem, folliculitis, furunkels (zweren), ge\u00efnfecteerde zweren en ge\u00efnfecteerde insectenbeten.<\/p>\n<p>Het helpt de roodheid, ontsteking, zwelling en afscheiding veroorzaakt door de infectie te verminderen. Het heeft geen schimmel- of antivirale eigenschappen, dus het is niet effectief voor infecties veroorzaakt door schimmels of virussen.<\/p>\n<p>De belangrijkste voordelen van Fucidin zijn de hoge effectiviteit tegen bacteri\u00ebn, snelle verlichting van symptomen en goede huidtolerantie. Het is geschikt voor kortdurend gebruik en kan met of zonder verbanden worden gebruikt, afhankelijk van de ernst en locatie van de laesie. Het is vooral nuttig wanneer systemische antibiotica niet nodig zijn of om het gebruik van orale antibiotica te vermijden.<\/p>\n","protected":false},"excerpt":{"rendered":"<ul>\n<li>Richt zich op bacteri\u00eble huidinfecties<\/li>\n<li>Geschikt voor ge\u00efnfecteerd eczeem<\/li>\n<li>Snelwerkende lokale antibioticacream<\/li>\n<\/ul>\n","protected":false},"featured_media":1114,"comment_status":"open","ping_status":"closed","template":"","meta":[],"product_brand":[],"product_cat":[131],"product_tag":[],"expert":[19],"class_list":{"0":"post-1112","1":"product","2":"type-product","3":"status-publish","4":"has-post-thumbnail","6":"product_cat-eczeem","7":"expert-dr-c-munoz-parada","9":"first","10":"instock","11":"shipping-taxable","12":"product-type-variable"},"_links":{"self":[{"href":"https:\/\/www.transtoyou.com\/nl\/wp-json\/wp\/v2\/product\/1112","targetHints":{"allow":["GET"]}}],"collection":[{"href":"https:\/\/www.transtoyou.com\/nl\/wp-json\/wp\/v2\/product"}],"about":[{"href":"https:\/\/www.transtoyou.com\/nl\/wp-json\/wp\/v2\/types\/product"}],"replies":[{"embeddable":true,"href":"https:\/\/www.transtoyou.com\/nl\/wp-json\/wp\/v2\/comments?post=1112"}],"wp:featuredmedia":[{"embeddable":true,"href":"https:\/\/www.transtoyou.com\/nl\/wp-json\/wp\/v2\/media\/1114"}],"wp:attachment":[{"href":"https:\/\/www.transtoyou.com\/nl\/wp-json\/wp\/v2\/media?parent=1112"}],"wp:term":[{"taxonomy":"product_brand","embeddable":true,"href":"https:\/\/www.transtoyou.com\/nl\/wp-json\/wp\/v2\/product_brand?post=1112"},{"taxonomy":"product_cat","embeddable":true,"href":"https:\/\/www.transtoyou.com\/nl\/wp-json\/wp\/v2\/product_cat?post=1112"},{"taxonomy":"product_tag","embeddable":true,"href":"https:\/\/www.transtoyou.com\/nl\/wp-json\/wp\/v2\/product_tag?post=1112"},{"taxonomy":"expert","embeddable":true,"href":"https:\/\/www.transtoyou.com\/nl\/wp-json\/wp\/v2\/expert?post=1112"}],"curies":[{"name":"wp","href":"https:\/\/api.w.org\/{rel}","templated":true}]}}