{"id":1118,"date":"2026-01-23T18:51:17","date_gmt":"2026-01-23T16:51:17","guid":{"rendered":"https:\/\/www.transtoyou.com\/nl\/product\/elidel\/"},"modified":"2026-01-23T18:52:16","modified_gmt":"2026-01-23T16:52:16","slug":"elidel","status":"publish","type":"product","link":"https:\/\/www.transtoyou.com\/nl\/product\/elidel\/","title":{"rendered":"Elidel"},"content":{"rendered":"<p>Elidel is een cr\u00e8me die wordt gebruikt voor de behandeling van milde tot matige atopische dermatitis (eczeem). Het behoort tot een groep geneesmiddelen die topische calcineurine-inhibitoren worden genoemd. In tegenstelling tot corticostero\u00efden maakt het de huid niet dunner en is het vooral nuttig voor gevoelige gebieden zoals het gezicht, de nek en huidplooien.<\/p>\n<p>Pimecrolimus, het actieve ingredi\u00ebnt in Elidel, werkt door het immuunsysteem in de huid aan te pakken. Het blokkeert een specifiek enzym genaamd calcineurine, dat verantwoordelijk is voor het activeren van ontstekingscellen. Door dit proces te remmen, vermindert Elidel de afgifte van pro-inflammatoire stoffen zoals interleukinen en histamine, wat helpt om roodheid, jeuk en zwelling te verlichten. Het voorkomt ook de activatie van mestcellen, die betrokken zijn bij allergische reacties.<\/p>\n<p>Elidel is ge\u00efndiceerd voor mensen die geen corticostero\u00efden kunnen gebruiken of voor gebieden waar stero\u00efden niet geschikt zijn, zoals het gezicht of de nek.<\/p>\n<p>Elidel werkt direct waar het wordt aangebracht, en slechts kleine hoeveelheden komen in de bloedbaan. Het helpt om opvlammingen te stoppen van verergeren en kan op lange termijn worden gebruikt om terugkerende uitbraken te beheersen. De belangrijkste voordelen van Elidel zijn de effectiviteit in het verminderen van ontsteking en jeuk en de geschiktheid voor delicate huidgebieden.<\/p>\n<p>De meeste gebruikers ervaren verbetering binnen de eerste paar weken. Het kan veilig op een lange termijn intermitterend worden gebruikt om symptomen te beheersen en controle over eczeem te behouden.<\/p>\n","protected":false},"excerpt":{"rendered":"<ul>\n<li>Stero\u00efdenvrije eczeembehandeling<\/li>\n<li>Geschikt voor gevoelige huidgebieden<\/li>\n<li>Voor langdurig intermitterend gebruik<\/li>\n<\/ul>\n","protected":false},"featured_media":1120,"comment_status":"open","ping_status":"closed","template":"","meta":[],"product_brand":[],"product_cat":[131],"product_tag":[],"expert":[19],"class_list":{"0":"post-1118","1":"product","2":"type-product","3":"status-publish","4":"has-post-thumbnail","6":"product_cat-eczeem","7":"expert-dr-c-munoz-parada","9":"first","10":"instock","11":"shipping-taxable","12":"product-type-variable"},"_links":{"self":[{"href":"https:\/\/www.transtoyou.com\/nl\/wp-json\/wp\/v2\/product\/1118","targetHints":{"allow":["GET"]}}],"collection":[{"href":"https:\/\/www.transtoyou.com\/nl\/wp-json\/wp\/v2\/product"}],"about":[{"href":"https:\/\/www.transtoyou.com\/nl\/wp-json\/wp\/v2\/types\/product"}],"replies":[{"embeddable":true,"href":"https:\/\/www.transtoyou.com\/nl\/wp-json\/wp\/v2\/comments?post=1118"}],"wp:featuredmedia":[{"embeddable":true,"href":"https:\/\/www.transtoyou.com\/nl\/wp-json\/wp\/v2\/media\/1120"}],"wp:attachment":[{"href":"https:\/\/www.transtoyou.com\/nl\/wp-json\/wp\/v2\/media?parent=1118"}],"wp:term":[{"taxonomy":"product_brand","embeddable":true,"href":"https:\/\/www.transtoyou.com\/nl\/wp-json\/wp\/v2\/product_brand?post=1118"},{"taxonomy":"product_cat","embeddable":true,"href":"https:\/\/www.transtoyou.com\/nl\/wp-json\/wp\/v2\/product_cat?post=1118"},{"taxonomy":"product_tag","embeddable":true,"href":"https:\/\/www.transtoyou.com\/nl\/wp-json\/wp\/v2\/product_tag?post=1118"},{"taxonomy":"expert","embeddable":true,"href":"https:\/\/www.transtoyou.com\/nl\/wp-json\/wp\/v2\/expert?post=1118"}],"curies":[{"name":"wp","href":"https:\/\/api.w.org\/{rel}","templated":true}]}}