{"id":1145,"date":"2026-01-23T21:06:12","date_gmt":"2026-01-23T19:06:12","guid":{"rendered":"https:\/\/www.transtoyou.com\/nl\/product\/emla-cream\/"},"modified":"2026-02-14T13:43:34","modified_gmt":"2026-02-14T11:43:34","slug":"emla-creme","status":"publish","type":"product","link":"https:\/\/www.transtoyou.com\/nl\/product\/emla-creme\/","title":{"rendered":"Emla Cr\u00e8me"},"content":{"rendered":"<p>Emla cr\u00e8me is een lokaal anestheticum dat wordt gebruikt om het oppervlak van de huid en slijmvliezen te verdoven. Het bevat een combinatie van twee werkzame stoffen: lidoca\u00efne en priloca\u00efne. Deze stoffen blokkeren zenuwsignalen in het gebied waar de cr\u00e8me wordt aangebracht, wat helpt om de gevoeligheid tijdelijk te verminderen.<\/p>\n<p>Emla cr\u00e8me wordt vaak gebruikt v\u00f3\u00f3r kleine medische ingrepen zoals bloedafnames, vaccinaties of dermatologische behandelingen. Wanneer het van tevoren wordt aangebracht, helpt het pijn en ongemak te verminderen. Het wordt ook gebruikt als een ondersteunende optie voor mensen die last hebben van voortijdige ejaculatie. Wanneer het op de penis wordt aangebracht v\u00f3\u00f3r seksuele activiteit, kan Emla cr\u00e8me tijdelijk de gevoeligheid verminderen, wat helpt om de climax uit te stellen en de geslachtsgemeenschap te verlengen.<\/p>\n<p>De cr\u00e8me moet op schone, droge huid worden aangebracht en bedekt worden met een verband wanneer deze voor medische ingrepen wordt gebruikt. Voor seksueel gebruik moet het worden aangebracht en een korte tijd blijven zitten, en daarna worden afgewassen v\u00f3\u00f3r de geslachtsgemeenschap om gevoelloosheid bij de partner te voorkomen. Het verdovende effect begint meestal binnen 10 tot 30 minuten en houdt ongeveer \u00e9\u00e9n tot twee uur aan.<\/p>\n<p>Emla biedt een niet-invasieve, gebruiksvriendelijke oplossing voor tijdelijke gevoelloosheid. Het is verkrijgbaar in kleine tubes en kan op kamertemperatuur worden bewaard. Of het nu voor klinische of intieme situaties wordt gebruikt, Emla cr\u00e8me biedt gelokaliseerde controle over de gevoeligheid.<\/p>\n","protected":false},"excerpt":{"rendered":"<ul>\n<li>Topische verdovende cr\u00e8me<\/li>\n<li>Vermindert gevoeligheid en vertraagt de climax<\/li>\n<li>Snelwerkend lokaal anestheticum<\/li>\n<\/ul>\n","protected":false},"featured_media":1147,"comment_status":"open","ping_status":"closed","template":"","meta":[],"product_brand":[],"product_cat":[164,179],"product_tag":[],"expert":[20],"class_list":{"0":"post-1145","1":"product","2":"type-product","3":"status-publish","4":"has-post-thumbnail","6":"product_cat-lokale-anesthetica","7":"product_cat-oplossingen-voor-vroegtijdige-ejaculatie","8":"expert-dr-g-varbanov","10":"first","11":"instock","12":"shipping-taxable","13":"product-type-variable"},"_links":{"self":[{"href":"https:\/\/www.transtoyou.com\/nl\/wp-json\/wp\/v2\/product\/1145","targetHints":{"allow":["GET"]}}],"collection":[{"href":"https:\/\/www.transtoyou.com\/nl\/wp-json\/wp\/v2\/product"}],"about":[{"href":"https:\/\/www.transtoyou.com\/nl\/wp-json\/wp\/v2\/types\/product"}],"replies":[{"embeddable":true,"href":"https:\/\/www.transtoyou.com\/nl\/wp-json\/wp\/v2\/comments?post=1145"}],"wp:featuredmedia":[{"embeddable":true,"href":"https:\/\/www.transtoyou.com\/nl\/wp-json\/wp\/v2\/media\/1147"}],"wp:attachment":[{"href":"https:\/\/www.transtoyou.com\/nl\/wp-json\/wp\/v2\/media?parent=1145"}],"wp:term":[{"taxonomy":"product_brand","embeddable":true,"href":"https:\/\/www.transtoyou.com\/nl\/wp-json\/wp\/v2\/product_brand?post=1145"},{"taxonomy":"product_cat","embeddable":true,"href":"https:\/\/www.transtoyou.com\/nl\/wp-json\/wp\/v2\/product_cat?post=1145"},{"taxonomy":"product_tag","embeddable":true,"href":"https:\/\/www.transtoyou.com\/nl\/wp-json\/wp\/v2\/product_tag?post=1145"},{"taxonomy":"expert","embeddable":true,"href":"https:\/\/www.transtoyou.com\/nl\/wp-json\/wp\/v2\/expert?post=1145"}],"curies":[{"name":"wp","href":"https:\/\/api.w.org\/{rel}","templated":true}]}}