{"id":1201,"date":"2026-01-24T02:06:32","date_gmt":"2026-01-24T00:06:32","guid":{"rendered":"https:\/\/www.transtoyou.com\/nl\/product\/letrozole\/"},"modified":"2026-01-24T02:07:46","modified_gmt":"2026-01-24T00:07:46","slug":"letrozole","status":"publish","type":"product","link":"https:\/\/www.transtoyou.com\/nl\/product\/letrozole\/","title":{"rendered":"Letrozole"},"content":{"rendered":"<p>Letrozole is een medicatie die vaak wordt gebruikt om de ovulatie te stimuleren bij mensen die moeite hebben met conceptie. Oorspronkelijk ontwikkeld als behandeling voor hormoongevoelige borstkanker, wordt Letrozole nu veelvuldig off-label gebruikt in de vruchtbaarheidzorg vanwege de mogelijkheid om de ovulatie te induceren, vooral bij mensen met aandoeningen zoals het polycysteus ovariumsyndroom (PCOS) of onregelmatige menstruatiecycli.<\/p>\n<p>Letrozole werkt door de oestrogeenspiegels in het lichaam te verlagen. Deze tijdelijke verlaging van oestrogeen stimuleert de afgifte van follikelstimulerend hormoon (FSH) uit de hypofyse, wat op zijn beurt de eierstokken aanmoedigt om te rijpen en een ei vrij te geven. Door een hormonale omgeving te cre\u00ebren die de natuurlijke afname van oestrogeen v\u00f3\u00f3r de ovulatie nabootst, helpt Letrozole het ovulatieproces te starten bij mensen die niet regelmatig zelf ovuleren.<\/p>\n<p>De medicatie wordt meestal als een korte kuur ingenomen, doorgaans eenmaal daags gedurende vijf achtereenvolgende dagen aan het begin van de menstruatiecyclus. Ovulatie vindt doorgaans ongeveer vijf tot tien dagen na de laatste tablet plaats, en getimede geslachtsgemeenschap of verdere vruchtbaarheidsprocedures worden vaak aanbevolen tijdens dit vruchtbare venster.<\/p>\n<p>Letrozole wordt als effectief beschouwd en heeft vaak de voorkeur boven oudere vruchtbaarheidsmedicijnen voor bepaalde pati\u00ebnten, omdat het doorgaans minder bijwerkingen heeft en een lager risico op meerlingzwangerschappen in vergelijking met medicijnen zoals clomifeencitraat.<\/p>\n<p>Mogelijke bijwerkingen zijn milde vermoeidheid, duizeligheid, hoofdpijn of opvliegers, hoewel deze meestal tijdelijk zijn. In zeldzame gevallen kunnen sommige gebruikers visuele veranderingen of stemmingswisselingen ervaren.<\/p>\n","protected":false},"excerpt":{"rendered":"<ul>\n<li>Krachtige aromatase-remmer om oestrogeen snel te verlagen<\/li>\n<li>E\u00e9nmaal daagse tablet voor borstkanker of vruchtbaarheidsprotocollen<\/li>\n<li>Goed bestudeerde veiligheid met voorspelbare eliminatie<\/li>\n<\/ul>\n","protected":false},"featured_media":1202,"comment_status":"open","ping_status":"closed","template":"","meta":[],"product_brand":[],"product_cat":[142],"product_tag":[],"expert":[23],"class_list":{"0":"post-1201","1":"product","2":"type-product","3":"status-publish","4":"has-post-thumbnail","6":"product_cat-vruchtbaarheid-ovulatie","7":"expert-dr-m-sharoyko","9":"first","10":"instock","11":"shipping-taxable","12":"product-type-simple"},"_links":{"self":[{"href":"https:\/\/www.transtoyou.com\/nl\/wp-json\/wp\/v2\/product\/1201","targetHints":{"allow":["GET"]}}],"collection":[{"href":"https:\/\/www.transtoyou.com\/nl\/wp-json\/wp\/v2\/product"}],"about":[{"href":"https:\/\/www.transtoyou.com\/nl\/wp-json\/wp\/v2\/types\/product"}],"replies":[{"embeddable":true,"href":"https:\/\/www.transtoyou.com\/nl\/wp-json\/wp\/v2\/comments?post=1201"}],"wp:featuredmedia":[{"embeddable":true,"href":"https:\/\/www.transtoyou.com\/nl\/wp-json\/wp\/v2\/media\/1202"}],"wp:attachment":[{"href":"https:\/\/www.transtoyou.com\/nl\/wp-json\/wp\/v2\/media?parent=1201"}],"wp:term":[{"taxonomy":"product_brand","embeddable":true,"href":"https:\/\/www.transtoyou.com\/nl\/wp-json\/wp\/v2\/product_brand?post=1201"},{"taxonomy":"product_cat","embeddable":true,"href":"https:\/\/www.transtoyou.com\/nl\/wp-json\/wp\/v2\/product_cat?post=1201"},{"taxonomy":"product_tag","embeddable":true,"href":"https:\/\/www.transtoyou.com\/nl\/wp-json\/wp\/v2\/product_tag?post=1201"},{"taxonomy":"expert","embeddable":true,"href":"https:\/\/www.transtoyou.com\/nl\/wp-json\/wp\/v2\/expert?post=1201"}],"curies":[{"name":"wp","href":"https:\/\/api.w.org\/{rel}","templated":true}]}}