{"id":1908,"date":"2026-01-25T05:52:45","date_gmt":"2026-01-25T03:52:45","guid":{"rendered":"https:\/\/www.transtoyou.com\/nl\/product\/nitrofurantoin\/"},"modified":"2026-02-28T13:05:32","modified_gmt":"2026-02-28T11:05:32","slug":"nitrofurantoine","status":"publish","type":"product","link":"https:\/\/www.transtoyou.com\/nl\/product\/nitrofurantoine\/","title":{"rendered":"Nitrofuranto\u00efne"},"content":{"rendered":"<p>Nitrofuranto\u00efne is een antibioticum dat vaak wordt voorgeschreven voor de behandeling en preventie van urineweginfecties (UTI&#8217;s), vooral die welke de blaas aantasten. Het is bijzonder effectief tegen de bacteri\u00ebn die het vaakst lagere urineweginfecties veroorzaken, zoals Escherichia coli (E. coli), en wordt veel gebruikt voor ongecompliceerde cystitis bij vrouwen.<\/p>\n<p>Nitrofuranto\u00efne werkt door in de urine te komen en bacteri\u00ebn in de urinewegen direct aan te pakken. Het verstoort het bacteri\u00eble metabolisme en beschadigt het bacteri\u00eble DNA, waardoor de infectie zich niet verder verspreidt en het lichaam deze effici\u00ebnter kan opruimen. Omdat het medicijn zich in de urine concentreert, is het bijzonder geschikt voor infecties die beperkt zijn tot de lagere urinewegen.<\/p>\n<p>Het wordt meestal ingenomen als een korte kuur van tabletten, meestal over een periode van drie tot zeven dagen. In sommige gevallen kan nitrofuranto\u00efne ook in lage doses worden gebruikt als een langdurige preventieve maatregel voor mensen die terugkerende UTI&#8217;s ervaren.<\/p>\n<p>Symptomen zoals branderigheid tijdens het plassen, frequente aandrang om te urineren en ongemak in de onderbuik beginnen vaak binnen een paar dagen na het starten van de medicatie te verbeteren. Om een volledige genezing te waarborgen en resistentie te voorkomen, is het belangrijk om de voorgeschreven kuur volledig af te maken, zelfs als de symptomen vroegtijdig verdwijnen.<\/p>\n<p>Nitrofuranto\u00efne wordt over het algemeen goed verdragen, met milde bijwerkingen zoals misselijkheid, hoofdpijn of veranderingen in de urinekleur als de meest voorkomende. Ernstige bijwerkingen zijn zeldzaam, maar kunnen optreden bij mensen met nierproblemen of bij degenen die het medicijn gedurende langere tijd gebruiken.<\/p>\n<p>Het is niet geschikt voor iedereen, vooral niet voor mensen met een verminderde nierfunctie of in de latere stadia van de zwangerschap.<\/p>\n","protected":false},"excerpt":{"rendered":"<ul>\n<li>Effectieve UTI-behandelingen<\/li>\n<li>Laag risico op resistentie<\/li>\n<li>Gerichte werking met minimale bijwerkingen<\/li>\n<\/ul>\n","protected":false},"featured_media":1910,"comment_status":"open","ping_status":"closed","template":"","meta":[],"product_brand":[],"product_cat":[108],"product_tag":[],"expert":[20],"class_list":{"0":"post-1908","1":"product","2":"type-product","3":"status-publish","4":"has-post-thumbnail","6":"product_cat-blaas-en-urine-infecties","7":"expert-dr-g-varbanov","9":"first","10":"instock","11":"shipping-taxable","12":"product-type-variable"},"_links":{"self":[{"href":"https:\/\/www.transtoyou.com\/nl\/wp-json\/wp\/v2\/product\/1908","targetHints":{"allow":["GET"]}}],"collection":[{"href":"https:\/\/www.transtoyou.com\/nl\/wp-json\/wp\/v2\/product"}],"about":[{"href":"https:\/\/www.transtoyou.com\/nl\/wp-json\/wp\/v2\/types\/product"}],"replies":[{"embeddable":true,"href":"https:\/\/www.transtoyou.com\/nl\/wp-json\/wp\/v2\/comments?post=1908"}],"wp:featuredmedia":[{"embeddable":true,"href":"https:\/\/www.transtoyou.com\/nl\/wp-json\/wp\/v2\/media\/1910"}],"wp:attachment":[{"href":"https:\/\/www.transtoyou.com\/nl\/wp-json\/wp\/v2\/media?parent=1908"}],"wp:term":[{"taxonomy":"product_brand","embeddable":true,"href":"https:\/\/www.transtoyou.com\/nl\/wp-json\/wp\/v2\/product_brand?post=1908"},{"taxonomy":"product_cat","embeddable":true,"href":"https:\/\/www.transtoyou.com\/nl\/wp-json\/wp\/v2\/product_cat?post=1908"},{"taxonomy":"product_tag","embeddable":true,"href":"https:\/\/www.transtoyou.com\/nl\/wp-json\/wp\/v2\/product_tag?post=1908"},{"taxonomy":"expert","embeddable":true,"href":"https:\/\/www.transtoyou.com\/nl\/wp-json\/wp\/v2\/expert?post=1908"}],"curies":[{"name":"wp","href":"https:\/\/api.w.org\/{rel}","templated":true}]}}