{"id":1935,"date":"2026-01-25T08:37:24","date_gmt":"2026-01-25T06:37:24","guid":{"rendered":"https:\/\/www.transtoyou.com\/nl\/product\/cefixim\/"},"modified":"2026-02-10T13:36:30","modified_gmt":"2026-02-10T11:36:30","slug":"cefixim","status":"publish","type":"product","link":"https:\/\/www.transtoyou.com\/nl\/product\/cefixim\/","title":{"rendered":"Cefixim"},"content":{"rendered":"<p>Cefixime is een antibioticum dat wordt gebruikt om een verscheidenheid aan bacteri\u00eble infecties te behandelen. Het behoort tot de cefalosporinefamilie, een groep antibiotica die werkt door de beschermende celwand van bacteri\u00ebn te beschadigen. Dit verzwakt de bacteri\u00ebn en zorgt ervoor dat ze uiteenvallen en sterven, wat helpt om de infectie uit het lichaam te verwijderen.<\/p>\n<p>Dit medicijn wordt vaak gebruikt voor infecties zoals urineweginfecties (UTI&#8217;s), oorinfecties (otitis media), keelinfecties (faryngitis en tonsillitis), luchtweginfecties zoals bronchitis, en ongecompliceerde gonorroe. Het richt zich op bacteri\u00ebn zoals E. coli, Haemophilus influenzae, Streptococcus pneumoniae, Moraxella catarrhalis, en Neisseria gonorrhoeae.<\/p>\n<p>Cefixime vermindert pijn of ontsteking niet direct. In plaats daarvan helpt het de infectie zelf te verwijderen door de bacteri\u00ebn die deze veroorzaken te doden. Zodra de bacteri\u00ebn zijn ge\u00eblimineerd, verbeteren symptomen zoals pijn, koorts of ongemak vaak op natuurlijke wijze.<\/p>\n<p>Het wordt meestal \u00e9\u00e9n of twee keer per dag ingenomen, afhankelijk van het type infectie. De behandeling is kortdurend en duurt meestal een paar dagen. De meeste mensen verdragen Cefixime goed. Mogelijke bijwerkingen kunnen milde maagklachten of diarree zijn.<\/p>\n<p>Om het beste effect te garanderen, is het belangrijk om Cefixime consistent in te nemen voor de volledige behandelingsduur. Te vroeg stoppen kan ervoor zorgen dat bacteri\u00ebn overleven en mogelijk terugkeren.<\/p>\n<p>Dit product is bedoeld voor bacteri\u00eble infecties alleen en werkt niet tegen virussen zoals de gewone verkoudheid of griep.<\/p>\n","protected":false},"excerpt":{"rendered":"<ul>\n<li>Effectieve antibacteri\u00eble werking, vooral bij urineweginfecties en KNO-infecties<\/li>\n<li>Gemakkelijke dosering<\/li>\n<li>Gunstig veiligheidsprofiel<\/li>\n<\/ul>\n","protected":false},"featured_media":1937,"comment_status":"open","ping_status":"closed","template":"","meta":[],"product_brand":[],"product_cat":[101,147],"product_tag":[],"expert":[20],"class_list":{"0":"post-1935","1":"product","2":"type-product","3":"status-publish","4":"has-post-thumbnail","6":"product_cat-antibiotica-infectie","7":"product_cat-gonorroe","8":"expert-dr-g-varbanov","10":"first","11":"instock","12":"shipping-taxable","13":"product-type-variable"},"_links":{"self":[{"href":"https:\/\/www.transtoyou.com\/nl\/wp-json\/wp\/v2\/product\/1935","targetHints":{"allow":["GET"]}}],"collection":[{"href":"https:\/\/www.transtoyou.com\/nl\/wp-json\/wp\/v2\/product"}],"about":[{"href":"https:\/\/www.transtoyou.com\/nl\/wp-json\/wp\/v2\/types\/product"}],"replies":[{"embeddable":true,"href":"https:\/\/www.transtoyou.com\/nl\/wp-json\/wp\/v2\/comments?post=1935"}],"wp:featuredmedia":[{"embeddable":true,"href":"https:\/\/www.transtoyou.com\/nl\/wp-json\/wp\/v2\/media\/1937"}],"wp:attachment":[{"href":"https:\/\/www.transtoyou.com\/nl\/wp-json\/wp\/v2\/media?parent=1935"}],"wp:term":[{"taxonomy":"product_brand","embeddable":true,"href":"https:\/\/www.transtoyou.com\/nl\/wp-json\/wp\/v2\/product_brand?post=1935"},{"taxonomy":"product_cat","embeddable":true,"href":"https:\/\/www.transtoyou.com\/nl\/wp-json\/wp\/v2\/product_cat?post=1935"},{"taxonomy":"product_tag","embeddable":true,"href":"https:\/\/www.transtoyou.com\/nl\/wp-json\/wp\/v2\/product_tag?post=1935"},{"taxonomy":"expert","embeddable":true,"href":"https:\/\/www.transtoyou.com\/nl\/wp-json\/wp\/v2\/expert?post=1935"}],"curies":[{"name":"wp","href":"https:\/\/api.w.org\/{rel}","templated":true}]}}