{"id":1938,"date":"2026-01-25T08:57:59","date_gmt":"2026-01-25T06:57:59","guid":{"rendered":"https:\/\/www.transtoyou.com\/nl\/product\/clindamycin\/"},"modified":"2026-02-13T11:35:44","modified_gmt":"2026-02-13T09:35:44","slug":"clindamycine","status":"publish","type":"product","link":"https:\/\/www.transtoyou.com\/nl\/product\/clindamycine\/","title":{"rendered":"Clindamycine"},"content":{"rendered":"<p class=\"p1\">Clindamycine is een veelgebruikt antibioticum dat bacteri\u00eble infecties behandelt door de groei van bacteri\u00ebn te stoppen. Het wordt vaak voorgeschreven voor huid- en weke deleninfecties en is vooral effectief wanneer de infectie gepaard gaat met ontsteking, roodheid en zwelling. Door de bacteri\u00ebn die verantwoordelijk zijn voor de infectie aan te pakken, helpt clindamycine het lichaam te herstellen en voorkomt het de verspreiding van schadelijke microben.<\/p>\n<p class=\"p1\">Een van de meest voorkomende toepassingen is in de behandeling van acne. In deze context helpt clindamycine de bacteri\u00ebn te verminderen die uitbraken veroorzaken en kalmeert het de omliggende ontsteking die roodheid en zwelling veroorzaakt. Het is bijzonder nuttig voor aanhoudende of inflammatoire acne, waarbij de huid ge\u00efrriteerd of gevoelig is. Bij consistent gebruik kan clindamycine helpen zowel de frequentie als de ernst van opvlammingen te verminderen.<\/p>\n<p class=\"p1\">Clindamycine wordt ook gebruikt voor bacteri\u00eble huidinfecties zoals ge\u00efnfecteerde snijwonden, steenpuisten en ontstoken haarzakjes. De antibacteri\u00eble en ontstekingsremmende eigenschappen maken het een betrouwbare behandelingsoptie voor een breed scala aan milde tot matige huidinfecties. Het verminderen van de bacteri\u00eble belasting op de huid kan ook helpen andere huidbehandelingen effectiever te laten werken.<\/p>\n<p class=\"p1\">De behandeling begint meestal binnen een paar dagen tot een paar weken resultaten te tonen, afhankelijk van de ernst van de infectie. Het is belangrijk om de volledige kuur te blijven volgen zoals geadviseerd, zelfs als de symptomen eerder verbeteren, om bacteri\u00eble resistentie of terugkeer te voorkomen.<\/p>\n<p class=\"p1\">Milde bijwerkingen zoals huidirritatie of spijsverteringsongemakken kunnen optreden, maar zijn meestal tijdelijk. Clindamycine is niet geschikt voor iedereen, vooral niet voor mensen met een geschiedenis van antibioticagerelateerde darmproblemen.<\/p>\n","protected":false},"excerpt":{"rendered":"<ul>\n<li>Breedspectrumactie tegen veel bacteri\u00ebn<\/li>\n<li>Beschikbaar in orale, topische, vaginale vormen<\/li>\n<li>Helpt ontstekingen bij acne te verminderen<\/li>\n<\/ul>\n","protected":false},"featured_media":1940,"comment_status":"open","ping_status":"closed","template":"","meta":[],"product_brand":[],"product_cat":[95,101],"product_tag":[],"expert":[20],"class_list":{"0":"post-1938","1":"product","2":"type-product","3":"status-publish","4":"has-post-thumbnail","6":"product_cat-acne","7":"product_cat-antibiotica-infectie","8":"expert-dr-g-varbanov","10":"first","11":"instock","12":"shipping-taxable","13":"product-type-variable"},"_links":{"self":[{"href":"https:\/\/www.transtoyou.com\/nl\/wp-json\/wp\/v2\/product\/1938","targetHints":{"allow":["GET"]}}],"collection":[{"href":"https:\/\/www.transtoyou.com\/nl\/wp-json\/wp\/v2\/product"}],"about":[{"href":"https:\/\/www.transtoyou.com\/nl\/wp-json\/wp\/v2\/types\/product"}],"replies":[{"embeddable":true,"href":"https:\/\/www.transtoyou.com\/nl\/wp-json\/wp\/v2\/comments?post=1938"}],"wp:featuredmedia":[{"embeddable":true,"href":"https:\/\/www.transtoyou.com\/nl\/wp-json\/wp\/v2\/media\/1940"}],"wp:attachment":[{"href":"https:\/\/www.transtoyou.com\/nl\/wp-json\/wp\/v2\/media?parent=1938"}],"wp:term":[{"taxonomy":"product_brand","embeddable":true,"href":"https:\/\/www.transtoyou.com\/nl\/wp-json\/wp\/v2\/product_brand?post=1938"},{"taxonomy":"product_cat","embeddable":true,"href":"https:\/\/www.transtoyou.com\/nl\/wp-json\/wp\/v2\/product_cat?post=1938"},{"taxonomy":"product_tag","embeddable":true,"href":"https:\/\/www.transtoyou.com\/nl\/wp-json\/wp\/v2\/product_tag?post=1938"},{"taxonomy":"expert","embeddable":true,"href":"https:\/\/www.transtoyou.com\/nl\/wp-json\/wp\/v2\/expert?post=1938"}],"curies":[{"name":"wp","href":"https:\/\/api.w.org\/{rel}","templated":true}]}}