{"id":1949,"date":"2026-01-25T19:51:02","date_gmt":"2026-01-25T17:51:02","guid":{"rendered":"https:\/\/www.transtoyou.com\/nl\/product\/flucloxacillin\/"},"modified":"2026-02-17T13:47:24","modified_gmt":"2026-02-17T11:47:24","slug":"flucloxacilline","status":"publish","type":"product","link":"https:\/\/www.transtoyou.com\/nl\/product\/flucloxacilline\/","title":{"rendered":"Flucloxacilline"},"content":{"rendered":"<p>Flucloxacilline is een receptplichtig antibioticum dat wordt gebruikt om bacteri\u00eble infecties te behandelen, met name die welke de huid en zachte weefsels aantasten. Het behoort tot de penicillinegroep van antibiotica en is bijzonder effectief tegen bacteri\u00ebn die beta-lactamase produceren, een enzym dat andere antibiotica minder effectief kan maken. Flucloxacilline werkt door de bacteri\u00eble celwand aan te vallen, waardoor de infectie wordt gestopt in zijn verspreiding en het lichaam kan genezen.<\/p>\n<p>Dit antibioticum wordt ook vaak voorgeschreven voor de behandeling van ge\u00efnfecteerd eczeem, waarbij gebroken of ontstoken huid kwetsbaar wordt voor bacteri\u00eble invasie. In dergelijke gevallen kunnen bacteri\u00ebn zoals Staphylococcus aureus de huid binnendringen en symptomen veroorzaken zoals verhoogde roodheid, zwelling, warmte, oozing of korstvorming. Flucloxacilline helpt de infectie onder controle te houden, vermindert ontstekingen en voorkomt dat de aandoening verergert.<\/p>\n<p>Flucloxacilline wordt meestal vier keer per dag in capsulevorm ingenomen, bij voorkeur op een lege maag, meestal een uur voor of twee uur na de maaltijden. Het is belangrijk om de volledige kuur af te maken, zelfs als de symptomen vroeg verbeteren, aangezien te vroeg stoppen kan leiden tot antibioticumresistentie of een terugkeer van de infectie.<\/p>\n<p>Het medicijn begint binnen enkele dagen te werken, waarbij symptomen zoals pijn, roodheid of zwelling beginnen af te nemen. Voor degenen met eczeem kalmeert het behandelen van de infectie niet alleen de aangetaste huid, maar stelt het ook topische eczeembehandelingen zoals moisturizers of stero\u00efdecr\u00e8mes in staat om effectiever te werken zodra de bacteri\u00ebn onder controle zijn.<\/p>\n<p>Veelvoorkomende bijwerkingen kunnen maagklachten, diarree of een milde huiduitslag zijn. Hoewel zeldzaam, moeten allergische reacties zoals netelroos of ademhalingsmoeilijkheden onmiddellijk worden gemeld. Flucloxacilline is niet geschikt voor mensen met penicilline-allergie\u00ebn.<\/p>\n","protected":false},"excerpt":{"rendered":"<ul>\n<li>Effectief tegen resistente bacteri\u00eble infecties<\/li>\n<li>Behandelt huid-, long- en botinfecties<\/li>\n<li>Vernietigt bacteri\u00ebn door de celwand te breken<\/li>\n<\/ul>\n","protected":false},"featured_media":1951,"comment_status":"open","ping_status":"closed","template":"","meta":[],"product_brand":[],"product_cat":[101,131],"product_tag":[],"expert":[20],"class_list":{"0":"post-1949","1":"product","2":"type-product","3":"status-publish","4":"has-post-thumbnail","6":"product_cat-antibiotica-infectie","7":"product_cat-eczeem","8":"expert-dr-g-varbanov","10":"first","11":"instock","12":"shipping-taxable","13":"product-type-variable"},"_links":{"self":[{"href":"https:\/\/www.transtoyou.com\/nl\/wp-json\/wp\/v2\/product\/1949","targetHints":{"allow":["GET"]}}],"collection":[{"href":"https:\/\/www.transtoyou.com\/nl\/wp-json\/wp\/v2\/product"}],"about":[{"href":"https:\/\/www.transtoyou.com\/nl\/wp-json\/wp\/v2\/types\/product"}],"replies":[{"embeddable":true,"href":"https:\/\/www.transtoyou.com\/nl\/wp-json\/wp\/v2\/comments?post=1949"}],"wp:featuredmedia":[{"embeddable":true,"href":"https:\/\/www.transtoyou.com\/nl\/wp-json\/wp\/v2\/media\/1951"}],"wp:attachment":[{"href":"https:\/\/www.transtoyou.com\/nl\/wp-json\/wp\/v2\/media?parent=1949"}],"wp:term":[{"taxonomy":"product_brand","embeddable":true,"href":"https:\/\/www.transtoyou.com\/nl\/wp-json\/wp\/v2\/product_brand?post=1949"},{"taxonomy":"product_cat","embeddable":true,"href":"https:\/\/www.transtoyou.com\/nl\/wp-json\/wp\/v2\/product_cat?post=1949"},{"taxonomy":"product_tag","embeddable":true,"href":"https:\/\/www.transtoyou.com\/nl\/wp-json\/wp\/v2\/product_tag?post=1949"},{"taxonomy":"expert","embeddable":true,"href":"https:\/\/www.transtoyou.com\/nl\/wp-json\/wp\/v2\/expert?post=1949"}],"curies":[{"name":"wp","href":"https:\/\/api.w.org\/{rel}","templated":true}]}}