{"id":1973,"date":"2026-01-25T22:17:08","date_gmt":"2026-01-25T20:17:08","guid":{"rendered":"https:\/\/www.transtoyou.com\/nl\/product\/isotretinoin\/"},"modified":"2026-02-26T11:49:37","modified_gmt":"2026-02-26T09:49:37","slug":"isotretinoine","status":"publish","type":"product","link":"https:\/\/www.transtoyou.com\/nl\/product\/isotretinoine\/","title":{"rendered":"Isotretino\u00efne"},"content":{"rendered":"<p>Isotretino\u00efne is een medicijn dat wordt gebruikt voor de behandeling van zeer ernstige acne, vooral de soort die diepe, pijnlijke plekken (zoals cysten of knobbels) veroorzaakt en niet verbetert met cr\u00e8mes of antibiotica. Het wordt in de vorm van een pil ingenomen en wordt meestal overwogen wanneer andere behandelingen niet hebben gewerkt. De werkzame stof komt van vitamine A en richt zich op de oorzaken van acne.<\/p>\n<p>Het werkt door de olieklieren in de huid te verkleinen en te verminderen hoeveel olie (talg) ze produceren. Te veel olie kan de pori\u00ebn verstoppen en leiden tot uitbraken. Isotretino\u00efne helpt ook voorkomen dat dode huidcellen zich ophopen in de pori\u00ebn en verlaagt het aantal acne-veroorzakende bacteri\u00ebn op de huid. Omdat het op verschillende oorzaken tegelijk werkt, kan het na verloop van tijd leiden tot een helderdere huid en kan het ook helpen bij het verbeteren van littekens.<\/p>\n<p>Een typische behandeling duurt tussen de vier en zes maanden. Veel mensen merken dat hun huid gedurende deze tijd geleidelijk verbetert. Isotretino\u00efne kan echter bijwerkingen veroorzaken. De meest voorkomende zijn droge lippen, droge huid en gevoeligheid voor zonlicht. Sommige mensen kunnen ook last krijgen van neusbloedingen, gewrichtspijn of stemmingsveranderingen. Omdat het ook de lever en cholesterolniveaus kan be\u00efnvloeden, zijn regelmatige bloedtesten meestal nodig of sterk aanbevolen tijdens de behandeling.<\/p>\n<p>Een van de ernstigste risico&#8217;s is dat isotretino\u00efne geboorteafwijkingen kan veroorzaken als het tijdens de zwangerschap wordt ingenomen. Om deze reden moeten mensen die zwanger kunnen worden betrouwbare anticonceptie gebruiken en regelmatig zwangerschapstests doen voor en tijdens de behandeling. Isotretino\u00efne wordt alleen voorgeschreven onder medische supervisie vanwege deze mogelijke bijwerkingen en risico&#8217;s.<\/p>\n","protected":false},"excerpt":{"rendered":"<ul>\n<li>Krachtige retino\u00efde voor ernstige, behandeling-resistente acne<\/li>\n<li>Vermindert talgproductie en normaliseert de huidcelvernieuwing<\/li>\n<li>Verzorgt blijvende verbetering van de huidhelderheid en textuur<\/li>\n<\/ul>\n","protected":false},"featured_media":1975,"comment_status":"open","ping_status":"closed","template":"","meta":[],"product_brand":[],"product_cat":[95],"product_tag":[],"expert":[23],"class_list":{"0":"post-1973","1":"product","2":"type-product","3":"status-publish","4":"has-post-thumbnail","6":"product_cat-acne","7":"expert-dr-m-sharoyko","9":"first","10":"instock","11":"shipping-taxable","12":"product-type-variable"},"_links":{"self":[{"href":"https:\/\/www.transtoyou.com\/nl\/wp-json\/wp\/v2\/product\/1973","targetHints":{"allow":["GET"]}}],"collection":[{"href":"https:\/\/www.transtoyou.com\/nl\/wp-json\/wp\/v2\/product"}],"about":[{"href":"https:\/\/www.transtoyou.com\/nl\/wp-json\/wp\/v2\/types\/product"}],"replies":[{"embeddable":true,"href":"https:\/\/www.transtoyou.com\/nl\/wp-json\/wp\/v2\/comments?post=1973"}],"wp:featuredmedia":[{"embeddable":true,"href":"https:\/\/www.transtoyou.com\/nl\/wp-json\/wp\/v2\/media\/1975"}],"wp:attachment":[{"href":"https:\/\/www.transtoyou.com\/nl\/wp-json\/wp\/v2\/media?parent=1973"}],"wp:term":[{"taxonomy":"product_brand","embeddable":true,"href":"https:\/\/www.transtoyou.com\/nl\/wp-json\/wp\/v2\/product_brand?post=1973"},{"taxonomy":"product_cat","embeddable":true,"href":"https:\/\/www.transtoyou.com\/nl\/wp-json\/wp\/v2\/product_cat?post=1973"},{"taxonomy":"product_tag","embeddable":true,"href":"https:\/\/www.transtoyou.com\/nl\/wp-json\/wp\/v2\/product_tag?post=1973"},{"taxonomy":"expert","embeddable":true,"href":"https:\/\/www.transtoyou.com\/nl\/wp-json\/wp\/v2\/expert?post=1973"}],"curies":[{"name":"wp","href":"https:\/\/api.w.org\/{rel}","templated":true}]}}