{"id":1996,"date":"2026-01-26T00:35:58","date_gmt":"2026-01-25T22:35:58","guid":{"rendered":"https:\/\/www.transtoyou.com\/nl\/product\/lumigan\/"},"modified":"2026-02-24T16:59:28","modified_gmt":"2026-02-24T14:59:28","slug":"lumigan","status":"publish","type":"product","link":"https:\/\/www.transtoyou.com\/nl\/product\/lumigan\/","title":{"rendered":"Lumigan"},"content":{"rendered":"<p>Lumigan is een oogdruppel die wordt gebruikt om de druk in het oog te verlagen. Het wordt vaak voorgeschreven voor mensen met glaucoom of oculaire hypertensie, aandoeningen waarbij vocht zich ophoopt en te veel druk op de oogzenuw uitoefent. Als die druk niet wordt beheerd, kan dit langzaam leiden tot blijvend gezichtsverlies.<\/p>\n<p>De belangrijkste ingredi\u00ebnt in Lumigan is bimatoprost. Het helpt het vocht gemakkelijker uit het oog te stromen, waardoor de druk naar een veiliger niveau wordt verlaagd. Hoewel het de schade die al is aangericht niet kan omkeren, helpt het voorkomen dat de situatie verslechtert. Voor veel mensen wordt het een onderdeel van een langdurige routine om hun gezichtsvermogen te beschermen.<\/p>\n<p>Een van de dingen die mensen leuk vinden aan Lumigan is dat het maar \u00e9\u00e9n keer per dag hoeft te worden gebruikt. Meestal is \u00e9\u00e9n druppel in de avond voldoende om de druk de klok rond onder controle te houden. Het is een eenvoudige gewoonte die op de lange termijn een groot verschil kan maken.<\/p>\n<p>De druppels komen in een klein flesje met een ingebouwde applicator. Ze zijn helder en gemakkelijk aan te brengen. Sommige mensen merken milde effecten wanneer ze beginnen met het gebruik, zoals rode of jeukende ogen of langere en donkere wimpers. Deze bijwerkingen zijn meestal tijdelijk en niet schadelijk, maar het is goed om je ervan bewust te zijn.<\/p>\n<p>Regelmatig gebruik van Lumigan is belangrijk. Het overslaan van doses kan ervoor zorgen dat de oogdruk weer stijgt, wat de vooruitgang kan tenietdoen. Een consistente routine levert de beste resultaten op.<\/p>\n<p>Lumigan is geen genezing voor glaucoom of oculaire hypertensie, maar het is een vertrouwde optie voor het beheersen van deze aandoeningen en het beschermen van het gezichtsvermogen op de lange termijn op een praktische en eenvoudige manier.<\/p>\n","protected":false},"excerpt":{"rendered":"<ul>\n<li>Verlaagt verhoogde intraoculaire druk om te beschermen tegen de progressie van glaucoom<\/li>\n<li>Ondersteunt de langetermijngezondheid van de ogen bij consistent, eenmaal daags gebruik<\/li>\n<li>Klinisch bewezen verlichting voor glaucoom en oculaire hypertensie<\/li>\n<\/ul>\n","protected":false},"featured_media":1998,"comment_status":"open","ping_status":"closed","template":"","meta":[],"product_brand":[],"product_cat":[139],"product_tag":[],"expert":[18],"class_list":{"0":"post-1996","1":"product","2":"type-product","3":"status-publish","4":"has-post-thumbnail","6":"product_cat-oogverzorging","7":"expert-dr-c-alexandru","9":"first","10":"instock","11":"shipping-taxable","12":"product-type-variable"},"_links":{"self":[{"href":"https:\/\/www.transtoyou.com\/nl\/wp-json\/wp\/v2\/product\/1996","targetHints":{"allow":["GET"]}}],"collection":[{"href":"https:\/\/www.transtoyou.com\/nl\/wp-json\/wp\/v2\/product"}],"about":[{"href":"https:\/\/www.transtoyou.com\/nl\/wp-json\/wp\/v2\/types\/product"}],"replies":[{"embeddable":true,"href":"https:\/\/www.transtoyou.com\/nl\/wp-json\/wp\/v2\/comments?post=1996"}],"wp:featuredmedia":[{"embeddable":true,"href":"https:\/\/www.transtoyou.com\/nl\/wp-json\/wp\/v2\/media\/1998"}],"wp:attachment":[{"href":"https:\/\/www.transtoyou.com\/nl\/wp-json\/wp\/v2\/media?parent=1996"}],"wp:term":[{"taxonomy":"product_brand","embeddable":true,"href":"https:\/\/www.transtoyou.com\/nl\/wp-json\/wp\/v2\/product_brand?post=1996"},{"taxonomy":"product_cat","embeddable":true,"href":"https:\/\/www.transtoyou.com\/nl\/wp-json\/wp\/v2\/product_cat?post=1996"},{"taxonomy":"product_tag","embeddable":true,"href":"https:\/\/www.transtoyou.com\/nl\/wp-json\/wp\/v2\/product_tag?post=1996"},{"taxonomy":"expert","embeddable":true,"href":"https:\/\/www.transtoyou.com\/nl\/wp-json\/wp\/v2\/expert?post=1996"}],"curies":[{"name":"wp","href":"https:\/\/api.w.org\/{rel}","templated":true}]}}