{"id":2002,"date":"2026-01-26T01:08:55","date_gmt":"2026-01-25T23:08:55","guid":{"rendered":"https:\/\/www.transtoyou.com\/nl\/product\/azithromycin\/"},"modified":"2026-02-09T15:53:36","modified_gmt":"2026-02-09T13:53:36","slug":"azithromycine","status":"publish","type":"product","link":"https:\/\/www.transtoyou.com\/nl\/product\/azithromycine\/","title":{"rendered":"Azithromycine"},"content":{"rendered":"<p>Azithromycine is een breedspectrum macrolide antibioticum dat vaak wordt voorgeschreven voor de behandeling van een breed scala aan bacteri\u00eble infecties. Het werkt door de eiwitsynthese van bacteri\u00ebn te remmen, waardoor de groei van de bacteri\u00ebn die verantwoordelijk zijn voor infecties wordt gestopt. Dit medicijn is effectief tegen zowel Gram-positieve als bepaalde Gram-negatieve bacteri\u00ebn, waardoor het een veelzijdige optie is voor veel aandoeningen.<\/p>\n<p>Azithromycine wordt vaak gebruikt om luchtweginfecties (zoals bronchitis, longontsteking en sinusitis), huid- en weke deleninfecties, bepaalde oorinfecties en seksueel overdraagbare infecties zoals chlamydia te behandelen. De lange halfwaardetijd maakt een dagelijkse dosering mogelijk en kortere behandelingsduur in vergelijking met andere antibiotica, wat de therapietrouw van pati\u00ebnten kan verbeteren.<\/p>\n<p>Een van de belangrijkste voordelen van Azithromycine is het vermogen om zich te concentreren in ge\u00efnfecteerde weefsels, waar het zijn antibacteri\u00eble effecten blijft uitoefenen, zelfs na de laatste dosis. Het wordt over het algemeen goed verdragen, met een lager risico op gastro-intestinale bijwerkingen dan andere antibiotica in zijn klasse. Het moet echter alleen worden gebruikt voor bacteri\u00eble infecties en niet voor virale aandoeningen zoals de gewone verkoudheid of griep.<\/p>\n<p>Zorgverleners kunnen de voorkeur geven aan Azithromycine voor pati\u00ebnten die allergisch zijn voor penicilline of voor infecties veroorzaakt door atypische organismen. Het is belangrijk om de volledige kuur af te maken, ook al verbeteren de symptomen, om bacteri\u00eble resistentie te voorkomen.<\/p>\n","protected":false},"excerpt":{"rendered":"<ul>\n<li>Behandelt een breed scala aan bacteri\u00eble infecties.<\/li>\n<li>Gemakkelijke eenmalige dagelijkse dosering.<\/li>\n<li>Effectief bij luchtweginfecties, huidinfecties, oorinfecties en seksueel overdraagbare infecties.<\/li>\n<\/ul>\n","protected":false},"featured_media":2004,"comment_status":"open","ping_status":"closed","template":"","meta":[],"product_brand":[],"product_cat":[101,112,147],"product_tag":[],"expert":[18],"class_list":{"0":"post-2002","1":"product","2":"type-product","3":"status-publish","4":"has-post-thumbnail","6":"product_cat-antibiotica-infectie","7":"product_cat-chlamydia","8":"product_cat-gonorroe","9":"expert-dr-c-alexandru","11":"first","12":"instock","13":"shipping-taxable","14":"product-type-variable"},"_links":{"self":[{"href":"https:\/\/www.transtoyou.com\/nl\/wp-json\/wp\/v2\/product\/2002","targetHints":{"allow":["GET"]}}],"collection":[{"href":"https:\/\/www.transtoyou.com\/nl\/wp-json\/wp\/v2\/product"}],"about":[{"href":"https:\/\/www.transtoyou.com\/nl\/wp-json\/wp\/v2\/types\/product"}],"replies":[{"embeddable":true,"href":"https:\/\/www.transtoyou.com\/nl\/wp-json\/wp\/v2\/comments?post=2002"}],"wp:featuredmedia":[{"embeddable":true,"href":"https:\/\/www.transtoyou.com\/nl\/wp-json\/wp\/v2\/media\/2004"}],"wp:attachment":[{"href":"https:\/\/www.transtoyou.com\/nl\/wp-json\/wp\/v2\/media?parent=2002"}],"wp:term":[{"taxonomy":"product_brand","embeddable":true,"href":"https:\/\/www.transtoyou.com\/nl\/wp-json\/wp\/v2\/product_brand?post=2002"},{"taxonomy":"product_cat","embeddable":true,"href":"https:\/\/www.transtoyou.com\/nl\/wp-json\/wp\/v2\/product_cat?post=2002"},{"taxonomy":"product_tag","embeddable":true,"href":"https:\/\/www.transtoyou.com\/nl\/wp-json\/wp\/v2\/product_tag?post=2002"},{"taxonomy":"expert","embeddable":true,"href":"https:\/\/www.transtoyou.com\/nl\/wp-json\/wp\/v2\/expert?post=2002"}],"curies":[{"name":"wp","href":"https:\/\/api.w.org\/{rel}","templated":true}]}}