{"id":2033,"date":"2026-01-26T04:33:27","date_gmt":"2026-01-26T02:33:27","guid":{"rendered":"https:\/\/www.transtoyou.com\/nl\/product\/ciprofloxacin-ciproxin\/"},"modified":"2026-02-13T10:33:40","modified_gmt":"2026-02-13T08:33:40","slug":"ciprofloxacine","status":"publish","type":"product","link":"https:\/\/www.transtoyou.com\/nl\/product\/ciprofloxacine\/","title":{"rendered":"Ciprofloxacine (Ciproxin\u00ae)"},"content":{"rendered":"<p>Ciprofloxacine (Ciproxin\u00ae) is een sterk, breed-spectrum antibioticum dat wordt gebruikt voor de behandeling van veel verschillende soorten bacteri\u00eble infecties. Het maakt deel uit van een groep antibiotica die fluoroquinolonen worden genoemd en het werkt door bacteri\u00ebn te stoppen met vermenigvuldigen. Dit doet het door enzymen (DNA-gyrase en topoisomerase IV) aan te pakken die bacteri\u00ebn nodig hebben om hun DNA te kopi\u00ebren en te repareren. Wanneer deze enzymen worden geblokkeerd, kunnen de bacteri\u00ebn niet overleven.<\/p>\n<p>Dit medicijn wordt vaak voorgeschreven voor urineweginfecties (UWI&#8217;s), waaronder zowel eenvoudige als meer gecompliceerde gevallen. Het wordt ook gebruikt voor gastro-intestinale infecties zoals reizigersdiarree en voedselvergiftiging, evenals voor luchtweginfecties zoals longontsteking en bronchitis. Ciprofloxacine kan bot- en gewrichtsinfecties behandelen (zoals osteomyelitis en septische artritis), huid- en weke deleninfecties, seksueel overdraagbare infecties, en het wordt zelfs gebruikt in gevallen van blootstelling aan antrax of pest.<\/p>\n<p>Een van de voordelen van ciprofloxacine is de flexibiliteit: het is beschikbaar als tabletten, vloeibare suspensie, oogdruppels en zelfs intraveneuze infusies, waardoor het nuttig is in zowel ziekenhuis- als poliklinische instellingen. Typische doseringen vari\u00ebren van 250 mg tot 500 mg twee keer per dag, meestal gedurende 7 tot 14 dagen, afhankelijk van het type en de ernst van de infectie.<\/p>\n<p>Ciprofloxacine is echter meestal geen eerstekeuze-antibioticum. Het kan ernstige bijwerkingen veroorzaken, zoals problemen met pezen, zenuwschade en effecten op het centrale zenuwstelsel zoals duizeligheid, slapeloosheid of zelfs aanvallen. Het wordt niet aanbevolen tijdens de zwangerschap, bij mensen met nierproblemen of bij degenen met een geschiedenis van aanvallen.<\/p>\n<p>Omdat ciprofloxacine interacties heeft met medicijnen zoals warfarine, NSAID&#8217;s, theofylline en metformine, is het belangrijk om je zorgverlener te informeren over andere behandelingen die je gebruikt.<\/p>\n<p>Hoewel effectief, moet ciprofloxacine voorzichtig worden gebruikt vanwege het risico op resistentie en mogelijke langdurige bijwerkingen.<\/p>\n","protected":false},"excerpt":{"rendered":"<ul>\n<li>Breed-spectrum antibioticum voor zware infecties<\/li>\n<li>Richt zich op DNA om bacteri\u00eble groei te stoppen<\/li>\n<li>Veelzijdige vormen voor verschillende infecties<\/li>\n<\/ul>\n","protected":false},"featured_media":2035,"comment_status":"open","ping_status":"closed","template":"","meta":[],"product_brand":[],"product_cat":[101,108],"product_tag":[],"expert":[22],"class_list":{"0":"post-2033","1":"product","2":"type-product","3":"status-publish","4":"has-post-thumbnail","6":"product_cat-antibiotica-infectie","7":"product_cat-blaas-en-urine-infecties","8":"expert-dr-m-ahmed","10":"first","11":"instock","12":"shipping-taxable","13":"product-type-variable"},"_links":{"self":[{"href":"https:\/\/www.transtoyou.com\/nl\/wp-json\/wp\/v2\/product\/2033","targetHints":{"allow":["GET"]}}],"collection":[{"href":"https:\/\/www.transtoyou.com\/nl\/wp-json\/wp\/v2\/product"}],"about":[{"href":"https:\/\/www.transtoyou.com\/nl\/wp-json\/wp\/v2\/types\/product"}],"replies":[{"embeddable":true,"href":"https:\/\/www.transtoyou.com\/nl\/wp-json\/wp\/v2\/comments?post=2033"}],"wp:featuredmedia":[{"embeddable":true,"href":"https:\/\/www.transtoyou.com\/nl\/wp-json\/wp\/v2\/media\/2035"}],"wp:attachment":[{"href":"https:\/\/www.transtoyou.com\/nl\/wp-json\/wp\/v2\/media?parent=2033"}],"wp:term":[{"taxonomy":"product_brand","embeddable":true,"href":"https:\/\/www.transtoyou.com\/nl\/wp-json\/wp\/v2\/product_brand?post=2033"},{"taxonomy":"product_cat","embeddable":true,"href":"https:\/\/www.transtoyou.com\/nl\/wp-json\/wp\/v2\/product_cat?post=2033"},{"taxonomy":"product_tag","embeddable":true,"href":"https:\/\/www.transtoyou.com\/nl\/wp-json\/wp\/v2\/product_tag?post=2033"},{"taxonomy":"expert","embeddable":true,"href":"https:\/\/www.transtoyou.com\/nl\/wp-json\/wp\/v2\/expert?post=2033"}],"curies":[{"name":"wp","href":"https:\/\/api.w.org\/{rel}","templated":true}]}}