{"id":2036,"date":"2026-01-26T04:54:07","date_gmt":"2026-01-26T02:54:07","guid":{"rendered":"https:\/\/www.transtoyou.com\/nl\/product\/augmentin\/"},"modified":"2026-02-07T14:45:39","modified_gmt":"2026-02-07T12:45:39","slug":"augmentin","status":"publish","type":"product","link":"https:\/\/www.transtoyou.com\/nl\/product\/augmentin\/","title":{"rendered":"Augmentin"},"content":{"rendered":"<p>Augmentin is een antibioticum dat wordt gebruikt voor de behandeling van een breed scala aan bacteri\u00eble infecties. Wat het uniek maakt, is de combinatie van twee werkzame stoffen: amoxicilline en clavulaanzuur. Samen werken ze effectiever tegen infecties en verminderen ze het risico op antibioticumresistentie.<\/p>\n<p>Amoxicilline is een antibioticum van het penicillinetype dat bacteri\u00ebn doodt door hun celwand te beschadigen. Het blokkeert het vermogen van de bacteri\u00ebn om een beschermende wand op te bouwen, waardoor ze uiteenvallen en sterven. Sommige bacteri\u00ebn kunnen zich echter beschermen door een enzym genaamd beta-lactamase te produceren, dat amoxicilline kan vernietigen. Daar komt clavulaanzuur om de hoek kijken; het blokkeert dit enzym, waardoor amoxicilline actief en effectief blijft, zelfs tegen meer resistente bacteri\u00ebn.<\/p>\n<p>Augmentin wordt vaak voorgeschreven voor infecties zoals longontsteking, bronchitis, sinusinfecties, keelontsteking, urineweginfecties (UTI&#8217;s), nierinfecties, huidinfecties, tandinfecties, oorinfecties en zelfs infecties door beten.<\/p>\n<p>De dosering kan vari\u00ebren afhankelijk van de ernst van de infectie en persoonlijke gezondheidsfactoren, maar volwassenen nemen het meestal twee keer per dag. Het moet met voedsel worden ingenomen om de opname te verbeteren en de kans op maagklachten te verminderen.<\/p>\n<p>De meeste mensen verdragen Augmentin goed. Veelvoorkomende bijwerkingen kunnen misselijkheid, diarree of milde huiduitslag zijn. Af en toe kan het schimmelinfecties veroorzaken, zoals orale candidiasis of vaginale schimmelinfecties. Mensen met lever- of nierproblemen moeten het met voorzichtigheid gebruiken, en aanpassingen van de dosering kunnen nodig zijn.<\/p>\n<p>Augmentin kan interacties hebben met andere medicijnen, waaronder bloedverdunners, methotrexaat, allopurinol en probenecide, dus het is belangrijk om alle medicijnen die je gebruikt te vermelden.<\/p>\n<p>Augmentin wordt over het algemeen als veilig beschouwd tijdens de zwangerschap en het geven van borstvoeding, waardoor het een vertrouwde keuze is voor de behandeling van veel soorten infecties.<\/p>\n","protected":false},"excerpt":{"rendered":"<ul>\n<li>Breed-spectrum antibioticum voor veel infecties<\/li>\n<li>Clavulaanzuur voorkomt opbouw van resistentie<\/li>\n<li>Goed verdragen met weinig bijwerkingen<\/li>\n<\/ul>\n","protected":false},"featured_media":2038,"comment_status":"open","ping_status":"closed","template":"","meta":[],"product_brand":[],"product_cat":[101,108],"product_tag":[],"expert":[22],"class_list":{"0":"post-2036","1":"product","2":"type-product","3":"status-publish","4":"has-post-thumbnail","6":"product_cat-antibiotica-infectie","7":"product_cat-blaas-en-urine-infecties","8":"expert-dr-m-ahmed","10":"first","11":"instock","12":"shipping-taxable","13":"product-type-variable"},"_links":{"self":[{"href":"https:\/\/www.transtoyou.com\/nl\/wp-json\/wp\/v2\/product\/2036","targetHints":{"allow":["GET"]}}],"collection":[{"href":"https:\/\/www.transtoyou.com\/nl\/wp-json\/wp\/v2\/product"}],"about":[{"href":"https:\/\/www.transtoyou.com\/nl\/wp-json\/wp\/v2\/types\/product"}],"replies":[{"embeddable":true,"href":"https:\/\/www.transtoyou.com\/nl\/wp-json\/wp\/v2\/comments?post=2036"}],"wp:featuredmedia":[{"embeddable":true,"href":"https:\/\/www.transtoyou.com\/nl\/wp-json\/wp\/v2\/media\/2038"}],"wp:attachment":[{"href":"https:\/\/www.transtoyou.com\/nl\/wp-json\/wp\/v2\/media?parent=2036"}],"wp:term":[{"taxonomy":"product_brand","embeddable":true,"href":"https:\/\/www.transtoyou.com\/nl\/wp-json\/wp\/v2\/product_brand?post=2036"},{"taxonomy":"product_cat","embeddable":true,"href":"https:\/\/www.transtoyou.com\/nl\/wp-json\/wp\/v2\/product_cat?post=2036"},{"taxonomy":"product_tag","embeddable":true,"href":"https:\/\/www.transtoyou.com\/nl\/wp-json\/wp\/v2\/product_tag?post=2036"},{"taxonomy":"expert","embeddable":true,"href":"https:\/\/www.transtoyou.com\/nl\/wp-json\/wp\/v2\/expert?post=2036"}],"curies":[{"name":"wp","href":"https:\/\/api.w.org\/{rel}","templated":true}]}}