{"id":3591,"date":"2026-03-06T15:11:44","date_gmt":"2026-03-06T13:11:44","guid":{"rendered":"https:\/\/www.transtoyou.com\/nl\/product\/tetracycline\/"},"modified":"2026-03-06T15:12:28","modified_gmt":"2026-03-06T13:12:28","slug":"tetracycline","status":"publish","type":"product","link":"https:\/\/www.transtoyou.com\/nl\/product\/tetracycline\/","title":{"rendered":"Tetracycline"},"content":{"rendered":"<p>Bacteri\u00eble infecties kunnen hardnekkig zijn en moeilijk te behandelen, ze kunnen verschillende delen van het lichaam aantasten en leiden tot ongemak of complicaties. Tetracycline is een goed gevestigde antibioticum dat werkt door de eiwitsynthese van bacteri\u00ebn te remmen, waardoor de bacteri\u00ebn niet kunnen vermenigvuldigen en het immuunsysteem van het lichaam effectiever de infectie kan bestrijden.<\/p>\n<p>Tetracycline is effectief tegen een breed scala aan bacteri\u00eble infecties, waaronder luchtweginfecties, urineweginfecties, huidinfecties en bepaalde seksueel overdraagbare aandoeningen. Het wordt ook gebruikt voor de behandeling van acne vanwege het vermogen om ontstekingen en bacteri\u00eble groei in de huid te verminderen. Door in te grijpen op de ribosomen van bacteri\u00ebn voorkomt Tetracycline dat de bacteri\u00ebn essenti\u00eble eiwitten produceren, wat uiteindelijk leidt tot hun ondergang.<\/p>\n<p>Een van de voordelen van Tetracycline is het vermogen om meerdere bacteri\u00eble stammen aan te pakken, waardoor het een veelzijdige keuze is voor artsen die infecties behandelen die resistent zijn tegen andere antibiotica. Pati\u00ebnten merken meestal binnen enkele dagen na de behandeling verbeteringen, terwijl het medicijn werkt om de bacteri\u00eble verspreiding te onderdrukken en symptomen te verlichten.<\/p>\n<p>Juiste gebruik is cruciaal. Tetracycline moet altijd op een lege maag worden ingenomen met een vol glas water om de opname te maximaliseren. Zuivelproducten, ijzersupplementen en antacida moeten rond het tijdstip van inname van dit medicijn worden vermeden, omdat ze de effectiviteit kunnen be\u00efnvloeden. Het is ook belangrijk om de volledige voorgeschreven kuur af te maken om bacteri\u00eble resistentie te voorkomen, zelfs als de symptomen eerder verbeteren.<\/p>\n","protected":false},"excerpt":{"rendered":"<ul>\n<li>Bestrijdt een breed scala aan bacteri\u00ebn<\/li>\n<li>Effectieve behandeling voor acne en huid<\/li>\n<li>Nuttig bij resistente infecties<\/li>\n<\/ul>\n","protected":false},"featured_media":3594,"comment_status":"open","ping_status":"closed","template":"","meta":[],"product_brand":[],"product_cat":[95,101,112,110],"product_tag":[],"expert":[18],"class_list":{"0":"post-3591","1":"product","2":"type-product","3":"status-publish","4":"has-post-thumbnail","6":"product_cat-acne","7":"product_cat-antibiotica-infectie","8":"product_cat-chlamydia","9":"product_cat-soa-testen-behandelingen","10":"expert-dr-c-alexandru","12":"first","13":"instock","14":"shipping-taxable","15":"product-type-variable"},"_links":{"self":[{"href":"https:\/\/www.transtoyou.com\/nl\/wp-json\/wp\/v2\/product\/3591","targetHints":{"allow":["GET"]}}],"collection":[{"href":"https:\/\/www.transtoyou.com\/nl\/wp-json\/wp\/v2\/product"}],"about":[{"href":"https:\/\/www.transtoyou.com\/nl\/wp-json\/wp\/v2\/types\/product"}],"replies":[{"embeddable":true,"href":"https:\/\/www.transtoyou.com\/nl\/wp-json\/wp\/v2\/comments?post=3591"}],"wp:featuredmedia":[{"embeddable":true,"href":"https:\/\/www.transtoyou.com\/nl\/wp-json\/wp\/v2\/media\/3594"}],"wp:attachment":[{"href":"https:\/\/www.transtoyou.com\/nl\/wp-json\/wp\/v2\/media?parent=3591"}],"wp:term":[{"taxonomy":"product_brand","embeddable":true,"href":"https:\/\/www.transtoyou.com\/nl\/wp-json\/wp\/v2\/product_brand?post=3591"},{"taxonomy":"product_cat","embeddable":true,"href":"https:\/\/www.transtoyou.com\/nl\/wp-json\/wp\/v2\/product_cat?post=3591"},{"taxonomy":"product_tag","embeddable":true,"href":"https:\/\/www.transtoyou.com\/nl\/wp-json\/wp\/v2\/product_tag?post=3591"},{"taxonomy":"expert","embeddable":true,"href":"https:\/\/www.transtoyou.com\/nl\/wp-json\/wp\/v2\/expert?post=3591"}],"curies":[{"name":"wp","href":"https:\/\/api.w.org\/{rel}","templated":true}]}}