{"id":101,"date":"2026-01-18T00:03:45","date_gmt":"2026-01-18T00:03:45","guid":{"rendered":"https:\/\/www.transtoyou.com\/pl\/?page_id=101"},"modified":"2026-01-18T00:40:07","modified_gmt":"2026-01-18T00:40:07","slug":"o-nas","status":"publish","type":"page","link":"https:\/\/www.transtoyou.com\/pl\/o-nas\/","title":{"rendered":"O nas"},"content":{"rendered":"","protected":false},"excerpt":{"rendered":"","protected":false},"author":13,"featured_media":0,"parent":0,"menu_order":0,"comment_status":"closed","ping_status":"closed","template":"","meta":{"footnotes":""},"class_list":["post-101","page","type-page","status-publish","hentry"],"yoast_head":"<!-- This site is optimized with the Yoast SEO plugin v27.0 - https:\/\/yoast.com\/product\/yoast-seo-wordpress\/ -->\n<title>Odkryj Transtoyou: Nasza Historia i Misja<\/title>\n<meta name=\"description\" content=\"Odkryj misj\u0119 i warto\u015bci Transtoyou ju\u017c dzi\u015b! Dowiedz si\u0119, jak nasze innowacyjne rozwi\u0105zania mog\u0105 zmieni\u0107 Twoje do\u015bwiadczenia. Odwied\u017a nas teraz!\" \/>\n<meta name=\"robots\" content=\"noindex, follow, max-snippet:-1, max-image-preview:large, max-video-preview:-1\" \/>\n<meta property=\"og:locale\" content=\"pl_PL\" \/>\n<meta property=\"og:type\" content=\"article\" \/>\n<meta property=\"og:title\" content=\"Odkryj Transtoyou: Nasza Historia i Misja\" \/>\n<meta property=\"og:description\" content=\"Odkryj misj\u0119 i warto\u015bci Transtoyou ju\u017c dzi\u015b! Dowiedz si\u0119, jak nasze innowacyjne rozwi\u0105zania mog\u0105 zmieni\u0107 Twoje do\u015bwiadczenia. Odwied\u017a nas teraz!\" \/>\n<meta property=\"og:url\" content=\"https:\/\/www.transtoyou.com\/pl\/o-nas\/\" \/>\n<meta property=\"og:site_name\" content=\"Transtoyou - PL\" \/>\n<meta property=\"article:modified_time\" content=\"2026-01-18T00:40:07+00:00\" \/>\n<meta name=\"twitter:card\" content=\"summary_large_image\" \/>\n<script type=\"application\/ld+json\" class=\"yoast-schema-graph\">{\"@context\":\"https:\/\/schema.org\",\"@graph\":[{\"@type\":\"WebPage\",\"@id\":\"https:\/\/www.transtoyou.com\/pl\/o-nas\/\",\"url\":\"https:\/\/www.transtoyou.com\/pl\/o-nas\/\",\"name\":\"Odkryj Transtoyou: Nasza Historia i Misja\",\"isPartOf\":{\"@id\":\"https:\/\/www.transtoyou.com\/pl\/#website\"},\"datePublished\":\"2026-01-18T00:03:45+00:00\",\"dateModified\":\"2026-01-18T00:40:07+00:00\",\"description\":\"Odkryj misj\u0119 i warto\u015bci Transtoyou ju\u017c dzi\u015b! Dowiedz si\u0119, jak nasze innowacyjne rozwi\u0105zania mog\u0105 zmieni\u0107 Twoje do\u015bwiadczenia. Odwied\u017a nas teraz!\",\"breadcrumb\":{\"@id\":\"https:\/\/www.transtoyou.com\/pl\/o-nas\/#breadcrumb\"},\"inLanguage\":\"pl-PL\",\"potentialAction\":[{\"@type\":\"ReadAction\",\"target\":[\"https:\/\/www.transtoyou.com\/pl\/o-nas\/\"]}]},{\"@type\":\"WebSite\",\"@id\":\"https:\/\/www.transtoyou.com\/pl\/#website\",\"url\":\"https:\/\/www.transtoyou.com\/pl\/\",\"name\":\"Transtoyou - PL\",\"description\":\"\",\"publisher\":{\"@id\":\"https:\/\/www.transtoyou.com\/pl\/#organization\"},\"potentialAction\":[{\"@type\":\"SearchAction\",\"target\":{\"@type\":\"EntryPoint\",\"urlTemplate\":\"https:\/\/www.transtoyou.com\/pl\/?s={search_term_string}\"},\"query-input\":{\"@type\":\"PropertyValueSpecification\",\"valueRequired\":true,\"valueName\":\"search_term_string\"}}],\"inLanguage\":\"pl-PL\"},{\"@type\":\"Organization\",\"@id\":\"https:\/\/www.transtoyou.com\/pl\/#organization\",\"name\":\"Transtoyou - PL\",\"url\":\"https:\/\/www.transtoyou.com\/pl\/\",\"logo\":{\"@type\":\"ImageObject\",\"inLanguage\":\"pl-PL\",\"@id\":\"https:\/\/www.transtoyou.com\/pl\/#\/schema\/logo\/image\/\",\"url\":\"https:\/\/www.transtoyou.com\/pl\/wp-content\/uploads\/sites\/11\/2026\/01\/logo-tty-menu-bar-300x87-1.webp\",\"contentUrl\":\"https:\/\/www.transtoyou.com\/pl\/wp-content\/uploads\/sites\/11\/2026\/01\/logo-tty-menu-bar-300x87-1.webp\",\"width\":300,\"height\":87,\"caption\":\"Transtoyou - PL\"},\"image\":{\"@id\":\"https:\/\/www.transtoyou.com\/pl\/#\/schema\/logo\/image\/\"}}]}<\/script>\n<!-- \/ Yoast SEO plugin. -->","yoast_head_json":{"title":"Odkryj Transtoyou: Nasza Historia i Misja","description":"Odkryj misj\u0119 i warto\u015bci Transtoyou ju\u017c dzi\u015b! Dowiedz si\u0119, jak nasze innowacyjne rozwi\u0105zania mog\u0105 zmieni\u0107 Twoje do\u015bwiadczenia. Odwied\u017a nas teraz!","robots":{"index":"noindex","follow":"follow","max-snippet":"max-snippet:-1","max-image-preview":"max-image-preview:large","max-video-preview":"max-video-preview:-1"},"og_locale":"pl_PL","og_type":"article","og_title":"Odkryj Transtoyou: Nasza Historia i Misja","og_description":"Odkryj misj\u0119 i warto\u015bci Transtoyou ju\u017c dzi\u015b! Dowiedz si\u0119, jak nasze innowacyjne rozwi\u0105zania mog\u0105 zmieni\u0107 Twoje do\u015bwiadczenia. Odwied\u017a nas teraz!","og_url":"https:\/\/www.transtoyou.com\/pl\/o-nas\/","og_site_name":"Transtoyou - PL","article_modified_time":"2026-01-18T00:40:07+00:00","twitter_card":"summary_large_image","schema":{"@context":"https:\/\/schema.org","@graph":[{"@type":"WebPage","@id":"https:\/\/www.transtoyou.com\/pl\/o-nas\/","url":"https:\/\/www.transtoyou.com\/pl\/o-nas\/","name":"Odkryj Transtoyou: Nasza Historia i Misja","isPartOf":{"@id":"https:\/\/www.transtoyou.com\/pl\/#website"},"datePublished":"2026-01-18T00:03:45+00:00","dateModified":"2026-01-18T00:40:07+00:00","description":"Odkryj misj\u0119 i warto\u015bci Transtoyou ju\u017c dzi\u015b! Dowiedz si\u0119, jak nasze innowacyjne rozwi\u0105zania mog\u0105 zmieni\u0107 Twoje do\u015bwiadczenia. Odwied\u017a nas teraz!","breadcrumb":{"@id":"https:\/\/www.transtoyou.com\/pl\/o-nas\/#breadcrumb"},"inLanguage":"pl-PL","potentialAction":[{"@type":"ReadAction","target":["https:\/\/www.transtoyou.com\/pl\/o-nas\/"]}]},{"@type":"WebSite","@id":"https:\/\/www.transtoyou.com\/pl\/#website","url":"https:\/\/www.transtoyou.com\/pl\/","name":"Transtoyou - PL","description":"","publisher":{"@id":"https:\/\/www.transtoyou.com\/pl\/#organization"},"potentialAction":[{"@type":"SearchAction","target":{"@type":"EntryPoint","urlTemplate":"https:\/\/www.transtoyou.com\/pl\/?s={search_term_string}"},"query-input":{"@type":"PropertyValueSpecification","valueRequired":true,"valueName":"search_term_string"}}],"inLanguage":"pl-PL"},{"@type":"Organization","@id":"https:\/\/www.transtoyou.com\/pl\/#organization","name":"Transtoyou - PL","url":"https:\/\/www.transtoyou.com\/pl\/","logo":{"@type":"ImageObject","inLanguage":"pl-PL","@id":"https:\/\/www.transtoyou.com\/pl\/#\/schema\/logo\/image\/","url":"https:\/\/www.transtoyou.com\/pl\/wp-content\/uploads\/sites\/11\/2026\/01\/logo-tty-menu-bar-300x87-1.webp","contentUrl":"https:\/\/www.transtoyou.com\/pl\/wp-content\/uploads\/sites\/11\/2026\/01\/logo-tty-menu-bar-300x87-1.webp","width":300,"height":87,"caption":"Transtoyou - PL"},"image":{"@id":"https:\/\/www.transtoyou.com\/pl\/#\/schema\/logo\/image\/"}}]}},"_links":{"self":[{"href":"https:\/\/www.transtoyou.com\/pl\/wp-json\/wp\/v2\/pages\/101","targetHints":{"allow":["GET"]}}],"collection":[{"href":"https:\/\/www.transtoyou.com\/pl\/wp-json\/wp\/v2\/pages"}],"about":[{"href":"https:\/\/www.transtoyou.com\/pl\/wp-json\/wp\/v2\/types\/page"}],"author":[{"embeddable":true,"href":"https:\/\/www.transtoyou.com\/pl\/wp-json\/wp\/v2\/users\/13"}],"replies":[{"embeddable":true,"href":"https:\/\/www.transtoyou.com\/pl\/wp-json\/wp\/v2\/comments?post=101"}],"version-history":[{"count":1,"href":"https:\/\/www.transtoyou.com\/pl\/wp-json\/wp\/v2\/pages\/101\/revisions"}],"predecessor-version":[{"id":102,"href":"https:\/\/www.transtoyou.com\/pl\/wp-json\/wp\/v2\/pages\/101\/revisions\/102"}],"wp:attachment":[{"href":"https:\/\/www.transtoyou.com\/pl\/wp-json\/wp\/v2\/media?parent=101"}],"curies":[{"name":"wp","href":"https:\/\/api.w.org\/{rel}","templated":true}]}}