{"id":139,"date":"2026-01-19T15:19:19","date_gmt":"2026-01-19T13:19:19","guid":{"rendered":"https:\/\/www.transtoyou.com\/pl\/?page_id=139"},"modified":"2026-01-26T10:58:10","modified_gmt":"2026-01-26T08:58:10","slug":"polityka-cookies","status":"publish","type":"page","link":"https:\/\/www.transtoyou.com\/pl\/polityka-cookies\/","title":{"rendered":"Polityka plik\u00f3w cookie"},"content":{"rendered":"","protected":false},"excerpt":{"rendered":"","protected":false},"author":13,"featured_media":140,"parent":0,"menu_order":0,"comment_status":"closed","ping_status":"closed","template":"","meta":{"footnotes":""},"class_list":["post-139","page","type-page","status-publish","has-post-thumbnail","hentry"],"yoast_head":"<!-- This site is optimized with the Yoast SEO plugin v27.0 - https:\/\/yoast.com\/product\/yoast-seo-wordpress\/ -->\n<title>Przegl\u0105d Polityki Cookies - Transtoyou<\/title>\n<meta name=\"description\" content=\"Dowiedz si\u0119 o Polityce Cookies Transtoyou, jak u\u017cywamy cookies, aby poprawi\u0107 Twoje do\u015bwiadczenia, zapewniaj\u0105c jednocze\u015bnie zgodno\u015b\u0107 z przepisami o ochronie danych.\" \/>\n<meta name=\"robots\" content=\"noindex, follow, max-snippet:-1, max-image-preview:large, max-video-preview:-1\" \/>\n<meta property=\"og:locale\" content=\"pl_PL\" \/>\n<meta property=\"og:type\" content=\"article\" \/>\n<meta property=\"og:title\" content=\"Cookies Policy Overview - Transtoyou\" \/>\n<meta property=\"og:description\" content=\"Dowiedz si\u0119 o Polityce Cookies Transtoyou, jak u\u017cywamy cookies, aby poprawi\u0107 Twoje do\u015bwiadczenia, zapewniaj\u0105c jednocze\u015bnie zgodno\u015b\u0107 z przepisami o ochronie danych.\" \/>\n<meta property=\"og:url\" content=\"https:\/\/www.transtoyou.com\/pl\/polityka-cookies\/\" \/>\n<meta property=\"og:site_name\" content=\"Transtoyou - PL\" \/>\n<meta property=\"article:modified_time\" content=\"2026-01-26T08:58:10+00:00\" \/>\n<meta property=\"og:image\" content=\"https:\/\/www.transtoyou.com\/pl\/wp-content\/uploads\/sites\/11\/2026\/01\/Logo-500x500-bg-6.png\" \/>\n\t<meta property=\"og:image:width\" content=\"500\" \/>\n\t<meta property=\"og:image:height\" content=\"500\" \/>\n\t<meta property=\"og:image:type\" content=\"image\/png\" \/>\n<meta name=\"twitter:card\" content=\"summary_large_image\" \/>\n<meta name=\"twitter:title\" content=\"Cookies Policy Overview - Transtoyou\" \/>\n<meta name=\"twitter:label1\" content=\"Szacowany czas czytania\" \/>\n\t<meta name=\"twitter:data1\" content=\"1 minuta\" \/>\n<script type=\"application\/ld+json\" class=\"yoast-schema-graph\">{\"@context\":\"https:\/\/schema.org\",\"@graph\":[{\"@type\":\"WebPage\",\"@id\":\"https:\/\/www.transtoyou.com\/pl\/polityka-cookies\/\",\"url\":\"https:\/\/www.transtoyou.com\/pl\/polityka-cookies\/\",\"name\":\"Przegl\u0105d Polityki Cookies - Transtoyou\",\"isPartOf\":{\"@id\":\"https:\/\/www.transtoyou.com\/pl\/#website\"},\"primaryImageOfPage\":{\"@id\":\"https:\/\/www.transtoyou.com\/pl\/polityka-cookies\/#primaryimage\"},\"image\":{\"@id\":\"https:\/\/www.transtoyou.com\/pl\/polityka-cookies\/#primaryimage\"},\"thumbnailUrl\":\"https:\/\/www.transtoyou.com\/pl\/wp-content\/uploads\/sites\/11\/2026\/01\/Logo-500x500-bg-6.png\",\"datePublished\":\"2026-01-19T13:19:19+00:00\",\"dateModified\":\"2026-01-26T08:58:10+00:00\",\"description\":\"Dowiedz si\u0119 o Polityce Cookies Transtoyou, jak u\u017cywamy cookies, aby poprawi\u0107 Twoje do\u015bwiadczenia, zapewniaj\u0105c jednocze\u015bnie zgodno\u015b\u0107 z przepisami o ochronie danych.\",\"breadcrumb\":{\"@id\":\"https:\/\/www.transtoyou.com\/pl\/polityka-cookies\/#breadcrumb\"},\"inLanguage\":\"pl-PL\",\"potentialAction\":[{\"@type\":\"ReadAction\",\"target\":[\"https:\/\/www.transtoyou.com\/pl\/polityka-cookies\/\"]}]},{\"@type\":\"ImageObject\",\"inLanguage\":\"pl-PL\",\"@id\":\"https:\/\/www.transtoyou.com\/pl\/polityka-cookies\/#primaryimage\",\"url\":\"https:\/\/www.transtoyou.com\/pl\/wp-content\/uploads\/sites\/11\/2026\/01\/Logo-500x500-bg-6.png\",\"contentUrl\":\"https:\/\/www.transtoyou.com\/pl\/wp-content\/uploads\/sites\/11\/2026\/01\/Logo-500x500-bg-6.png\",\"width\":500,\"height\":500,\"caption\":\"Logo Transtoyou\"},{\"@type\":\"WebSite\",\"@id\":\"https:\/\/www.transtoyou.com\/pl\/#website\",\"url\":\"https:\/\/www.transtoyou.com\/pl\/\",\"name\":\"Transtoyou - PL\",\"description\":\"\",\"publisher\":{\"@id\":\"https:\/\/www.transtoyou.com\/pl\/#organization\"},\"potentialAction\":[{\"@type\":\"SearchAction\",\"target\":{\"@type\":\"EntryPoint\",\"urlTemplate\":\"https:\/\/www.transtoyou.com\/pl\/?s={search_term_string}\"},\"query-input\":{\"@type\":\"PropertyValueSpecification\",\"valueRequired\":true,\"valueName\":\"search_term_string\"}}],\"inLanguage\":\"pl-PL\"},{\"@type\":\"Organization\",\"@id\":\"https:\/\/www.transtoyou.com\/pl\/#organization\",\"name\":\"Transtoyou - PL\",\"url\":\"https:\/\/www.transtoyou.com\/pl\/\",\"logo\":{\"@type\":\"ImageObject\",\"inLanguage\":\"pl-PL\",\"@id\":\"https:\/\/www.transtoyou.com\/pl\/#\/schema\/logo\/image\/\",\"url\":\"https:\/\/www.transtoyou.com\/pl\/wp-content\/uploads\/sites\/11\/2026\/01\/logo-tty-menu-bar-300x87-1.webp\",\"contentUrl\":\"https:\/\/www.transtoyou.com\/pl\/wp-content\/uploads\/sites\/11\/2026\/01\/logo-tty-menu-bar-300x87-1.webp\",\"width\":300,\"height\":87,\"caption\":\"Transtoyou - PL\"},\"image\":{\"@id\":\"https:\/\/www.transtoyou.com\/pl\/#\/schema\/logo\/image\/\"}}]}<\/script>\n<!-- \/ Yoast SEO plugin. -->","yoast_head_json":{"title":"Przegl\u0105d Polityki Cookies - Transtoyou","description":"Dowiedz si\u0119 o Polityce Cookies Transtoyou, jak u\u017cywamy cookies, aby poprawi\u0107 Twoje do\u015bwiadczenia, zapewniaj\u0105c jednocze\u015bnie zgodno\u015b\u0107 z przepisami o ochronie danych.","robots":{"index":"noindex","follow":"follow","max-snippet":"max-snippet:-1","max-image-preview":"max-image-preview:large","max-video-preview":"max-video-preview:-1"},"og_locale":"pl_PL","og_type":"article","og_title":"Cookies Policy Overview - Transtoyou","og_description":"Dowiedz si\u0119 o Polityce Cookies Transtoyou, jak u\u017cywamy cookies, aby poprawi\u0107 Twoje do\u015bwiadczenia, zapewniaj\u0105c jednocze\u015bnie zgodno\u015b\u0107 z przepisami o ochronie danych.","og_url":"https:\/\/www.transtoyou.com\/pl\/polityka-cookies\/","og_site_name":"Transtoyou - PL","article_modified_time":"2026-01-26T08:58:10+00:00","og_image":[{"width":500,"height":500,"url":"https:\/\/www.transtoyou.com\/pl\/wp-content\/uploads\/sites\/11\/2026\/01\/Logo-500x500-bg-6.png","type":"image\/png"}],"twitter_card":"summary_large_image","twitter_title":"Cookies Policy Overview - Transtoyou","twitter_misc":{"Szacowany czas czytania":"1 minuta"},"schema":{"@context":"https:\/\/schema.org","@graph":[{"@type":"WebPage","@id":"https:\/\/www.transtoyou.com\/pl\/polityka-cookies\/","url":"https:\/\/www.transtoyou.com\/pl\/polityka-cookies\/","name":"Przegl\u0105d Polityki Cookies - Transtoyou","isPartOf":{"@id":"https:\/\/www.transtoyou.com\/pl\/#website"},"primaryImageOfPage":{"@id":"https:\/\/www.transtoyou.com\/pl\/polityka-cookies\/#primaryimage"},"image":{"@id":"https:\/\/www.transtoyou.com\/pl\/polityka-cookies\/#primaryimage"},"thumbnailUrl":"https:\/\/www.transtoyou.com\/pl\/wp-content\/uploads\/sites\/11\/2026\/01\/Logo-500x500-bg-6.png","datePublished":"2026-01-19T13:19:19+00:00","dateModified":"2026-01-26T08:58:10+00:00","description":"Dowiedz si\u0119 o Polityce Cookies Transtoyou, jak u\u017cywamy cookies, aby poprawi\u0107 Twoje do\u015bwiadczenia, zapewniaj\u0105c jednocze\u015bnie zgodno\u015b\u0107 z przepisami o ochronie danych.","breadcrumb":{"@id":"https:\/\/www.transtoyou.com\/pl\/polityka-cookies\/#breadcrumb"},"inLanguage":"pl-PL","potentialAction":[{"@type":"ReadAction","target":["https:\/\/www.transtoyou.com\/pl\/polityka-cookies\/"]}]},{"@type":"ImageObject","inLanguage":"pl-PL","@id":"https:\/\/www.transtoyou.com\/pl\/polityka-cookies\/#primaryimage","url":"https:\/\/www.transtoyou.com\/pl\/wp-content\/uploads\/sites\/11\/2026\/01\/Logo-500x500-bg-6.png","contentUrl":"https:\/\/www.transtoyou.com\/pl\/wp-content\/uploads\/sites\/11\/2026\/01\/Logo-500x500-bg-6.png","width":500,"height":500,"caption":"Logo Transtoyou"},{"@type":"WebSite","@id":"https:\/\/www.transtoyou.com\/pl\/#website","url":"https:\/\/www.transtoyou.com\/pl\/","name":"Transtoyou - PL","description":"","publisher":{"@id":"https:\/\/www.transtoyou.com\/pl\/#organization"},"potentialAction":[{"@type":"SearchAction","target":{"@type":"EntryPoint","urlTemplate":"https:\/\/www.transtoyou.com\/pl\/?s={search_term_string}"},"query-input":{"@type":"PropertyValueSpecification","valueRequired":true,"valueName":"search_term_string"}}],"inLanguage":"pl-PL"},{"@type":"Organization","@id":"https:\/\/www.transtoyou.com\/pl\/#organization","name":"Transtoyou - PL","url":"https:\/\/www.transtoyou.com\/pl\/","logo":{"@type":"ImageObject","inLanguage":"pl-PL","@id":"https:\/\/www.transtoyou.com\/pl\/#\/schema\/logo\/image\/","url":"https:\/\/www.transtoyou.com\/pl\/wp-content\/uploads\/sites\/11\/2026\/01\/logo-tty-menu-bar-300x87-1.webp","contentUrl":"https:\/\/www.transtoyou.com\/pl\/wp-content\/uploads\/sites\/11\/2026\/01\/logo-tty-menu-bar-300x87-1.webp","width":300,"height":87,"caption":"Transtoyou - PL"},"image":{"@id":"https:\/\/www.transtoyou.com\/pl\/#\/schema\/logo\/image\/"}}]}},"_links":{"self":[{"href":"https:\/\/www.transtoyou.com\/pl\/wp-json\/wp\/v2\/pages\/139","targetHints":{"allow":["GET"]}}],"collection":[{"href":"https:\/\/www.transtoyou.com\/pl\/wp-json\/wp\/v2\/pages"}],"about":[{"href":"https:\/\/www.transtoyou.com\/pl\/wp-json\/wp\/v2\/types\/page"}],"author":[{"embeddable":true,"href":"https:\/\/www.transtoyou.com\/pl\/wp-json\/wp\/v2\/users\/13"}],"replies":[{"embeddable":true,"href":"https:\/\/www.transtoyou.com\/pl\/wp-json\/wp\/v2\/comments?post=139"}],"version-history":[{"count":1,"href":"https:\/\/www.transtoyou.com\/pl\/wp-json\/wp\/v2\/pages\/139\/revisions"}],"predecessor-version":[{"id":141,"href":"https:\/\/www.transtoyou.com\/pl\/wp-json\/wp\/v2\/pages\/139\/revisions\/141"}],"wp:featuredmedia":[{"embeddable":true,"href":"https:\/\/www.transtoyou.com\/pl\/wp-json\/wp\/v2\/media\/140"}],"wp:attachment":[{"href":"https:\/\/www.transtoyou.com\/pl\/wp-json\/wp\/v2\/media?parent=139"}],"curies":[{"name":"wp","href":"https:\/\/api.w.org\/{rel}","templated":true}]}}