{"id":164,"date":"2026-01-19T15:28:06","date_gmt":"2026-01-19T13:28:06","guid":{"rendered":"https:\/\/www.transtoyou.com\/pl\/?page_id=164"},"modified":"2026-01-26T10:20:25","modified_gmt":"2026-01-26T08:20:25","slug":"proces-recepty","status":"publish","type":"page","link":"https:\/\/www.transtoyou.com\/pl\/proces-recepty\/","title":{"rendered":"Proces recepty"},"content":{"rendered":"","protected":false},"excerpt":{"rendered":"","protected":false},"author":13,"featured_media":0,"parent":0,"menu_order":0,"comment_status":"closed","ping_status":"closed","template":"","meta":{"footnotes":""},"class_list":["post-164","page","type-page","status-publish","hentry"],"yoast_head":"<!-- This site is optimized with the Yoast SEO plugin v27.0 - https:\/\/yoast.com\/product\/yoast-seo-wordpress\/ -->\n<title>Proces recepty wyja\u015bniony - Transtoyou<\/title>\n<meta name=\"description\" content=\"Odkryj proces recepty Transtoyou, gdzie licencjonowani lekarze oceniaj\u0105 Twoje potrzeby, zapewniaj\u0105c odpowiednie klinicznie recepty i fachow\u0105 pomoc zdrowotn\u0105.\" \/>\n<meta name=\"robots\" content=\"noindex, follow, max-snippet:-1, max-image-preview:large, max-video-preview:-1\" \/>\n<meta property=\"og:locale\" content=\"pl_PL\" \/>\n<meta property=\"og:type\" content=\"article\" \/>\n<meta property=\"og:title\" content=\"Proces recepty wyja\u015bniony - Transtoyou\" \/>\n<meta property=\"og:description\" content=\"Odkryj proces recepty Transtoyou, gdzie licencjonowani lekarze oceniaj\u0105 Twoje potrzeby, zapewniaj\u0105c odpowiednie klinicznie recepty i fachow\u0105 pomoc zdrowotn\u0105.\" \/>\n<meta property=\"og:url\" content=\"https:\/\/www.transtoyou.com\/pl\/proces-recepty\/\" \/>\n<meta property=\"og:site_name\" content=\"Transtoyou - PL\" \/>\n<meta property=\"article:modified_time\" content=\"2026-01-26T08:20:25+00:00\" \/>\n<meta name=\"twitter:card\" content=\"summary_large_image\" \/>\n<script type=\"application\/ld+json\" class=\"yoast-schema-graph\">{\"@context\":\"https:\/\/schema.org\",\"@graph\":[{\"@type\":\"WebPage\",\"@id\":\"https:\/\/www.transtoyou.com\/pl\/proces-recepty\/\",\"url\":\"https:\/\/www.transtoyou.com\/pl\/proces-recepty\/\",\"name\":\"Proces recepty wyja\u015bniony - Transtoyou\",\"isPartOf\":{\"@id\":\"https:\/\/www.transtoyou.com\/pl\/#website\"},\"datePublished\":\"2026-01-19T13:28:06+00:00\",\"dateModified\":\"2026-01-26T08:20:25+00:00\",\"description\":\"Odkryj proces recepty Transtoyou, gdzie licencjonowani lekarze oceniaj\u0105 Twoje potrzeby, zapewniaj\u0105c odpowiednie klinicznie recepty i fachow\u0105 pomoc zdrowotn\u0105.\",\"breadcrumb\":{\"@id\":\"https:\/\/www.transtoyou.com\/pl\/proces-recepty\/#breadcrumb\"},\"inLanguage\":\"pl-PL\",\"potentialAction\":[{\"@type\":\"ReadAction\",\"target\":[\"https:\/\/www.transtoyou.com\/pl\/proces-recepty\/\"]}]},{\"@type\":\"WebSite\",\"@id\":\"https:\/\/www.transtoyou.com\/pl\/#website\",\"url\":\"https:\/\/www.transtoyou.com\/pl\/\",\"name\":\"Transtoyou - PL\",\"description\":\"\",\"publisher\":{\"@id\":\"https:\/\/www.transtoyou.com\/pl\/#organization\"},\"potentialAction\":[{\"@type\":\"SearchAction\",\"target\":{\"@type\":\"EntryPoint\",\"urlTemplate\":\"https:\/\/www.transtoyou.com\/pl\/?s={search_term_string}\"},\"query-input\":{\"@type\":\"PropertyValueSpecification\",\"valueRequired\":true,\"valueName\":\"search_term_string\"}}],\"inLanguage\":\"pl-PL\"},{\"@type\":\"Organization\",\"@id\":\"https:\/\/www.transtoyou.com\/pl\/#organization\",\"name\":\"Transtoyou - PL\",\"url\":\"https:\/\/www.transtoyou.com\/pl\/\",\"logo\":{\"@type\":\"ImageObject\",\"inLanguage\":\"pl-PL\",\"@id\":\"https:\/\/www.transtoyou.com\/pl\/#\/schema\/logo\/image\/\",\"url\":\"https:\/\/www.transtoyou.com\/pl\/wp-content\/uploads\/sites\/11\/2026\/01\/logo-tty-menu-bar-300x87-1.webp\",\"contentUrl\":\"https:\/\/www.transtoyou.com\/pl\/wp-content\/uploads\/sites\/11\/2026\/01\/logo-tty-menu-bar-300x87-1.webp\",\"width\":300,\"height\":87,\"caption\":\"Transtoyou - PL\"},\"image\":{\"@id\":\"https:\/\/www.transtoyou.com\/pl\/#\/schema\/logo\/image\/\"}}]}<\/script>\n<!-- \/ Yoast SEO plugin. -->","yoast_head_json":{"title":"Proces recepty wyja\u015bniony - Transtoyou","description":"Odkryj proces recepty Transtoyou, gdzie licencjonowani lekarze oceniaj\u0105 Twoje potrzeby, zapewniaj\u0105c odpowiednie klinicznie recepty i fachow\u0105 pomoc zdrowotn\u0105.","robots":{"index":"noindex","follow":"follow","max-snippet":"max-snippet:-1","max-image-preview":"max-image-preview:large","max-video-preview":"max-video-preview:-1"},"og_locale":"pl_PL","og_type":"article","og_title":"Proces recepty wyja\u015bniony - Transtoyou","og_description":"Odkryj proces recepty Transtoyou, gdzie licencjonowani lekarze oceniaj\u0105 Twoje potrzeby, zapewniaj\u0105c odpowiednie klinicznie recepty i fachow\u0105 pomoc zdrowotn\u0105.","og_url":"https:\/\/www.transtoyou.com\/pl\/proces-recepty\/","og_site_name":"Transtoyou - PL","article_modified_time":"2026-01-26T08:20:25+00:00","twitter_card":"summary_large_image","schema":{"@context":"https:\/\/schema.org","@graph":[{"@type":"WebPage","@id":"https:\/\/www.transtoyou.com\/pl\/proces-recepty\/","url":"https:\/\/www.transtoyou.com\/pl\/proces-recepty\/","name":"Proces recepty wyja\u015bniony - Transtoyou","isPartOf":{"@id":"https:\/\/www.transtoyou.com\/pl\/#website"},"datePublished":"2026-01-19T13:28:06+00:00","dateModified":"2026-01-26T08:20:25+00:00","description":"Odkryj proces recepty Transtoyou, gdzie licencjonowani lekarze oceniaj\u0105 Twoje potrzeby, zapewniaj\u0105c odpowiednie klinicznie recepty i fachow\u0105 pomoc zdrowotn\u0105.","breadcrumb":{"@id":"https:\/\/www.transtoyou.com\/pl\/proces-recepty\/#breadcrumb"},"inLanguage":"pl-PL","potentialAction":[{"@type":"ReadAction","target":["https:\/\/www.transtoyou.com\/pl\/proces-recepty\/"]}]},{"@type":"WebSite","@id":"https:\/\/www.transtoyou.com\/pl\/#website","url":"https:\/\/www.transtoyou.com\/pl\/","name":"Transtoyou - PL","description":"","publisher":{"@id":"https:\/\/www.transtoyou.com\/pl\/#organization"},"potentialAction":[{"@type":"SearchAction","target":{"@type":"EntryPoint","urlTemplate":"https:\/\/www.transtoyou.com\/pl\/?s={search_term_string}"},"query-input":{"@type":"PropertyValueSpecification","valueRequired":true,"valueName":"search_term_string"}}],"inLanguage":"pl-PL"},{"@type":"Organization","@id":"https:\/\/www.transtoyou.com\/pl\/#organization","name":"Transtoyou - PL","url":"https:\/\/www.transtoyou.com\/pl\/","logo":{"@type":"ImageObject","inLanguage":"pl-PL","@id":"https:\/\/www.transtoyou.com\/pl\/#\/schema\/logo\/image\/","url":"https:\/\/www.transtoyou.com\/pl\/wp-content\/uploads\/sites\/11\/2026\/01\/logo-tty-menu-bar-300x87-1.webp","contentUrl":"https:\/\/www.transtoyou.com\/pl\/wp-content\/uploads\/sites\/11\/2026\/01\/logo-tty-menu-bar-300x87-1.webp","width":300,"height":87,"caption":"Transtoyou - PL"},"image":{"@id":"https:\/\/www.transtoyou.com\/pl\/#\/schema\/logo\/image\/"}}]}},"_links":{"self":[{"href":"https:\/\/www.transtoyou.com\/pl\/wp-json\/wp\/v2\/pages\/164","targetHints":{"allow":["GET"]}}],"collection":[{"href":"https:\/\/www.transtoyou.com\/pl\/wp-json\/wp\/v2\/pages"}],"about":[{"href":"https:\/\/www.transtoyou.com\/pl\/wp-json\/wp\/v2\/types\/page"}],"author":[{"embeddable":true,"href":"https:\/\/www.transtoyou.com\/pl\/wp-json\/wp\/v2\/users\/13"}],"replies":[{"embeddable":true,"href":"https:\/\/www.transtoyou.com\/pl\/wp-json\/wp\/v2\/comments?post=164"}],"version-history":[{"count":1,"href":"https:\/\/www.transtoyou.com\/pl\/wp-json\/wp\/v2\/pages\/164\/revisions"}],"predecessor-version":[{"id":165,"href":"https:\/\/www.transtoyou.com\/pl\/wp-json\/wp\/v2\/pages\/164\/revisions\/165"}],"wp:attachment":[{"href":"https:\/\/www.transtoyou.com\/pl\/wp-json\/wp\/v2\/media?parent=164"}],"curies":[{"name":"wp","href":"https:\/\/api.w.org\/{rel}","templated":true}]}}