{"id":202,"date":"2026-01-19T15:44:42","date_gmt":"2026-01-19T13:44:42","guid":{"rendered":"https:\/\/www.transtoyou.com\/pl\/?page_id=202"},"modified":"2026-01-26T09:42:04","modified_gmt":"2026-01-26T07:42:04","slug":"zadania-gdpr","status":"publish","type":"page","link":"https:\/\/www.transtoyou.com\/pl\/zadania-gdpr\/","title":{"rendered":"Prawa i \u017b\u0105dania RODO"},"content":{"rendered":"","protected":false},"excerpt":{"rendered":"","protected":false},"author":13,"featured_media":0,"parent":0,"menu_order":0,"comment_status":"closed","ping_status":"closed","template":"","meta":{"footnotes":""},"class_list":["post-202","page","type-page","status-publish","hentry"],"yoast_head":"<!-- This site is optimized with the Yoast SEO plugin v27.0 - https:\/\/yoast.com\/product\/yoast-seo-wordpress\/ -->\n<title>Zrozum swoje prawa i korzy\u015bci wynikaj\u0105ce z RODO - Transtoyou<\/title>\n<meta name=\"description\" content=\"Odkryj swoje prawa zwi\u0105zane z RODO i jak zarz\u0105dza\u0107 \u017c\u0105daniami danych na Transtoyou. Dowiedz si\u0119 o ochronie danych i zgodno\u015bci z prywatno\u015bci\u0105 w UK i UE.\" \/>\n<meta name=\"robots\" content=\"noindex, follow, max-snippet:-1, max-image-preview:large, max-video-preview:-1\" \/>\n<meta property=\"og:locale\" content=\"pl_PL\" \/>\n<meta property=\"og:type\" content=\"article\" \/>\n<meta property=\"og:title\" content=\"Zrozum swoje prawa i korzy\u015bci wynikaj\u0105ce z RODO - Transtoyou\" \/>\n<meta property=\"og:description\" content=\"Odkryj swoje prawa zwi\u0105zane z RODO i jak zarz\u0105dza\u0107 \u017c\u0105daniami danych na Transtoyou. Dowiedz si\u0119 o ochronie danych i zgodno\u015bci z prywatno\u015bci\u0105 w UK i UE.\" \/>\n<meta property=\"og:url\" content=\"https:\/\/www.transtoyou.com\/pl\/zadania-gdpr\/\" \/>\n<meta property=\"og:site_name\" content=\"Transtoyou - PL\" \/>\n<meta property=\"article:modified_time\" content=\"2026-01-26T07:42:04+00:00\" \/>\n<meta name=\"twitter:card\" content=\"summary_large_image\" \/>\n<script type=\"application\/ld+json\" class=\"yoast-schema-graph\">{\"@context\":\"https:\/\/schema.org\",\"@graph\":[{\"@type\":\"WebPage\",\"@id\":\"https:\/\/www.transtoyou.com\/pl\/zadania-gdpr\/\",\"url\":\"https:\/\/www.transtoyou.com\/pl\/zadania-gdpr\/\",\"name\":\"Zrozum swoje prawa i korzy\u015bci wynikaj\u0105ce z RODO - Transtoyou\",\"isPartOf\":{\"@id\":\"https:\/\/www.transtoyou.com\/pl\/#website\"},\"datePublished\":\"2026-01-19T13:44:42+00:00\",\"dateModified\":\"2026-01-26T07:42:04+00:00\",\"description\":\"Odkryj swoje prawa zwi\u0105zane z RODO i jak zarz\u0105dza\u0107 \u017c\u0105daniami danych na Transtoyou. Dowiedz si\u0119 o ochronie danych i zgodno\u015bci z prywatno\u015bci\u0105 w UK i UE.\",\"breadcrumb\":{\"@id\":\"https:\/\/www.transtoyou.com\/pl\/zadania-gdpr\/#breadcrumb\"},\"inLanguage\":\"pl-PL\",\"potentialAction\":[{\"@type\":\"ReadAction\",\"target\":[\"https:\/\/www.transtoyou.com\/pl\/zadania-gdpr\/\"]}]},{\"@type\":\"WebSite\",\"@id\":\"https:\/\/www.transtoyou.com\/pl\/#website\",\"url\":\"https:\/\/www.transtoyou.com\/pl\/\",\"name\":\"Transtoyou - PL\",\"description\":\"\",\"publisher\":{\"@id\":\"https:\/\/www.transtoyou.com\/pl\/#organization\"},\"potentialAction\":[{\"@type\":\"SearchAction\",\"target\":{\"@type\":\"EntryPoint\",\"urlTemplate\":\"https:\/\/www.transtoyou.com\/pl\/?s={search_term_string}\"},\"query-input\":{\"@type\":\"PropertyValueSpecification\",\"valueRequired\":true,\"valueName\":\"search_term_string\"}}],\"inLanguage\":\"pl-PL\"},{\"@type\":\"Organization\",\"@id\":\"https:\/\/www.transtoyou.com\/pl\/#organization\",\"name\":\"Transtoyou - PL\",\"url\":\"https:\/\/www.transtoyou.com\/pl\/\",\"logo\":{\"@type\":\"ImageObject\",\"inLanguage\":\"pl-PL\",\"@id\":\"https:\/\/www.transtoyou.com\/pl\/#\/schema\/logo\/image\/\",\"url\":\"https:\/\/www.transtoyou.com\/pl\/wp-content\/uploads\/sites\/11\/2026\/01\/logo-tty-menu-bar-300x87-1.webp\",\"contentUrl\":\"https:\/\/www.transtoyou.com\/pl\/wp-content\/uploads\/sites\/11\/2026\/01\/logo-tty-menu-bar-300x87-1.webp\",\"width\":300,\"height\":87,\"caption\":\"Transtoyou - PL\"},\"image\":{\"@id\":\"https:\/\/www.transtoyou.com\/pl\/#\/schema\/logo\/image\/\"}}]}<\/script>\n<!-- \/ Yoast SEO plugin. -->","yoast_head_json":{"title":"Zrozum swoje prawa i korzy\u015bci wynikaj\u0105ce z RODO - Transtoyou","description":"Odkryj swoje prawa zwi\u0105zane z RODO i jak zarz\u0105dza\u0107 \u017c\u0105daniami danych na Transtoyou. Dowiedz si\u0119 o ochronie danych i zgodno\u015bci z prywatno\u015bci\u0105 w UK i UE.","robots":{"index":"noindex","follow":"follow","max-snippet":"max-snippet:-1","max-image-preview":"max-image-preview:large","max-video-preview":"max-video-preview:-1"},"og_locale":"pl_PL","og_type":"article","og_title":"Zrozum swoje prawa i korzy\u015bci wynikaj\u0105ce z RODO - Transtoyou","og_description":"Odkryj swoje prawa zwi\u0105zane z RODO i jak zarz\u0105dza\u0107 \u017c\u0105daniami danych na Transtoyou. Dowiedz si\u0119 o ochronie danych i zgodno\u015bci z prywatno\u015bci\u0105 w UK i UE.","og_url":"https:\/\/www.transtoyou.com\/pl\/zadania-gdpr\/","og_site_name":"Transtoyou - PL","article_modified_time":"2026-01-26T07:42:04+00:00","twitter_card":"summary_large_image","schema":{"@context":"https:\/\/schema.org","@graph":[{"@type":"WebPage","@id":"https:\/\/www.transtoyou.com\/pl\/zadania-gdpr\/","url":"https:\/\/www.transtoyou.com\/pl\/zadania-gdpr\/","name":"Zrozum swoje prawa i korzy\u015bci wynikaj\u0105ce z RODO - Transtoyou","isPartOf":{"@id":"https:\/\/www.transtoyou.com\/pl\/#website"},"datePublished":"2026-01-19T13:44:42+00:00","dateModified":"2026-01-26T07:42:04+00:00","description":"Odkryj swoje prawa zwi\u0105zane z RODO i jak zarz\u0105dza\u0107 \u017c\u0105daniami danych na Transtoyou. Dowiedz si\u0119 o ochronie danych i zgodno\u015bci z prywatno\u015bci\u0105 w UK i UE.","breadcrumb":{"@id":"https:\/\/www.transtoyou.com\/pl\/zadania-gdpr\/#breadcrumb"},"inLanguage":"pl-PL","potentialAction":[{"@type":"ReadAction","target":["https:\/\/www.transtoyou.com\/pl\/zadania-gdpr\/"]}]},{"@type":"WebSite","@id":"https:\/\/www.transtoyou.com\/pl\/#website","url":"https:\/\/www.transtoyou.com\/pl\/","name":"Transtoyou - PL","description":"","publisher":{"@id":"https:\/\/www.transtoyou.com\/pl\/#organization"},"potentialAction":[{"@type":"SearchAction","target":{"@type":"EntryPoint","urlTemplate":"https:\/\/www.transtoyou.com\/pl\/?s={search_term_string}"},"query-input":{"@type":"PropertyValueSpecification","valueRequired":true,"valueName":"search_term_string"}}],"inLanguage":"pl-PL"},{"@type":"Organization","@id":"https:\/\/www.transtoyou.com\/pl\/#organization","name":"Transtoyou - PL","url":"https:\/\/www.transtoyou.com\/pl\/","logo":{"@type":"ImageObject","inLanguage":"pl-PL","@id":"https:\/\/www.transtoyou.com\/pl\/#\/schema\/logo\/image\/","url":"https:\/\/www.transtoyou.com\/pl\/wp-content\/uploads\/sites\/11\/2026\/01\/logo-tty-menu-bar-300x87-1.webp","contentUrl":"https:\/\/www.transtoyou.com\/pl\/wp-content\/uploads\/sites\/11\/2026\/01\/logo-tty-menu-bar-300x87-1.webp","width":300,"height":87,"caption":"Transtoyou - PL"},"image":{"@id":"https:\/\/www.transtoyou.com\/pl\/#\/schema\/logo\/image\/"}}]}},"_links":{"self":[{"href":"https:\/\/www.transtoyou.com\/pl\/wp-json\/wp\/v2\/pages\/202","targetHints":{"allow":["GET"]}}],"collection":[{"href":"https:\/\/www.transtoyou.com\/pl\/wp-json\/wp\/v2\/pages"}],"about":[{"href":"https:\/\/www.transtoyou.com\/pl\/wp-json\/wp\/v2\/types\/page"}],"author":[{"embeddable":true,"href":"https:\/\/www.transtoyou.com\/pl\/wp-json\/wp\/v2\/users\/13"}],"replies":[{"embeddable":true,"href":"https:\/\/www.transtoyou.com\/pl\/wp-json\/wp\/v2\/comments?post=202"}],"version-history":[{"count":1,"href":"https:\/\/www.transtoyou.com\/pl\/wp-json\/wp\/v2\/pages\/202\/revisions"}],"predecessor-version":[{"id":203,"href":"https:\/\/www.transtoyou.com\/pl\/wp-json\/wp\/v2\/pages\/202\/revisions\/203"}],"wp:attachment":[{"href":"https:\/\/www.transtoyou.com\/pl\/wp-json\/wp\/v2\/media?parent=202"}],"curies":[{"name":"wp","href":"https:\/\/api.w.org\/{rel}","templated":true}]}}