{"id":1004,"date":"2026-01-24T11:11:04","date_gmt":"2026-01-24T09:11:04","guid":{"rendered":"https:\/\/www.transtoyou.com\/pl\/product\/cialis\/"},"modified":"2026-01-24T11:12:12","modified_gmt":"2026-01-24T09:12:12","slug":"cialis","status":"publish","type":"product","link":"https:\/\/www.transtoyou.com\/pl\/product\/cialis\/","title":{"rendered":"Cialis"},"content":{"rendered":"<p>Cialis to lek stosowany w leczeniu zaburze\u0144 erekcji (ED). Jego sk\u0142adnik aktywny, tadalafil, dzia\u0142a poprzez popraw\u0119 przep\u0142ywu krwi do penisa, co pomaga m\u0119\u017cczyznom osi\u0105gn\u0105\u0107 i utrzyma\u0107 erekcj\u0119 podczas stymulacji seksualnej. To, co wyr\u00f3\u017cnia Cialis spo\u015br\u00f3d innych terapii ED, to jego elastyczno\u015b\u0107; mo\u017cna go przyjmowa\u0107 w razie potrzeby przed aktywno\u015bci\u0105 seksualn\u0105 lub jako tabletki o niskiej dawce przyjmowane codziennie, w zale\u017cno\u015bci od stylu \u017cycia i preferencji u\u017cytkownika.<\/p>\n<p>Dla m\u0119\u017cczyzn, kt\u00f3rzy preferuj\u0105 spontaniczno\u015b\u0107, Cialis dost\u0119pny jest w standardowej dawce 10 &#8211; 20 mg, kt\u00f3r\u0105 mo\u017cna przyjmowa\u0107 na \u017c\u0105danie, oko\u0142o 30 minut przed intymno\u015bci\u0105. Jego dzia\u0142anie mo\u017ce utrzymywa\u0107 si\u0119 do 36 godzin, co daje szeroki czas na naturaln\u0105 i nieskr\u0119powan\u0105 aktywno\u015b\u0107 seksualn\u0105.<\/p>\n<p>Ta d\u0142u\u017csza trwa\u0142o\u015b\u0107 jest cz\u0119sto doceniana przez pary, kt\u00f3re ceni\u0105 sobie intymno\u015b\u0107 bez sztywnych harmonogram\u00f3w. Alternatywnie, Cialis jest r\u00f3wnie\u017c przepisywany jako tabletka przyjmowana raz dziennie, w ni\u017cszej dawce (2,5 &#8211; 5 mg) ka\u017cdego dnia, niezale\u017cnie od tego, kiedy planowana jest aktywno\u015b\u0107 seksualna. Ta opcja zapewnia ci\u0105g\u0142e wsparcie i eliminuje potrzeb\u0119 dostosowywania czasu przyjmowania leku.<\/p>\n<p>Jest to szczeg\u00f3lnie pomocne dla m\u0119\u017cczyzn, kt\u00f3rzy maj\u0105 regularn\u0105 aktywno\u015b\u0107 seksualn\u0105 lub wol\u0105 by\u0107 gotowi w ka\u017cdej chwili bez wcze\u015bniejszego planowania. Cialis przyjmuje si\u0119 doustnie i mo\u017cna go stosowa\u0107 z jedzeniem lub bez. Zaczyna dzia\u0142a\u0107 w ci\u0105gu 30 do 60 minut dla wi\u0119kszo\u015bci u\u017cytkownik\u00f3w.<\/p>\n<p>Mo\u017cliwe skutki uboczne to b\u00f3l g\u0142owy, niestrawno\u015b\u0107, b\u00f3le mi\u0119\u015bni lub rumie\u0144 twarzy, chocia\u017c wi\u0119kszo\u015b\u0107 z nich jest \u0142agodna i tymczasowa. Cialis nie powinien by\u0107 \u0142\u0105czony z nitratami ani niekt\u00f3rymi lekami na ci\u015bnienie krwi.<\/p>\n","protected":false},"excerpt":{"rendered":"<ul>\n<li>D\u0142ugotrwa\u0142e dzia\u0142anie do 36 godzin<\/li>\n<li>Leczy zaburzenia erekcji i BPH<\/li>\n<li>Szybkie dzia\u0142anie, dzia\u0142a w ci\u0105gu 30 minut<\/li>\n<\/ul>\n","protected":false},"featured_media":1006,"comment_status":"open","ping_status":"closed","template":"","meta":[],"product_brand":[],"product_cat":[114],"product_tag":[],"expert":[18],"class_list":{"0":"post-1004","1":"product","2":"type-product","3":"status-publish","4":"has-post-thumbnail","6":"product_cat-leczenie-zaburzen-erekcji","7":"expert-dr-g-varbanov","9":"first","10":"instock","11":"shipping-taxable","12":"product-type-variable"},"yoast_head":"<!-- This site is optimized with the Yoast SEO plugin v27.0 - https:\/\/yoast.com\/product\/yoast-seo-wordpress\/ -->\n<title>Cialis - Transtoyou - PL<\/title>\n<meta name=\"robots\" content=\"noindex, follow, max-snippet:-1, max-image-preview:large, max-video-preview:-1\" \/>\n<meta property=\"og:locale\" content=\"pl_PL\" \/>\n<meta property=\"og:type\" content=\"article\" \/>\n<meta property=\"og:title\" content=\"Cialis - Transtoyou - PL\" \/>\n<meta property=\"og:description\" content=\"D\u0142ugotrwa\u0142e dzia\u0142anie do 36 godzin  Leczy zaburzenia erekcji i BPH  Szybkie dzia\u0142anie, dzia\u0142a w ci\u0105gu 30 minut\" \/>\n<meta property=\"og:url\" content=\"https:\/\/www.transtoyou.com\/pl\/product\/cialis\/\" \/>\n<meta property=\"og:site_name\" content=\"Transtoyou - PL\" \/>\n<meta property=\"article:modified_time\" content=\"2026-01-24T09:12:12+00:00\" \/>\n<meta property=\"og:image\" content=\"https:\/\/www.transtoyou.com\/pl\/wp-content\/uploads\/sites\/11\/2026\/01\/tty-no-product-image-98.webp\" \/>\n\t<meta property=\"og:image:width\" content=\"1000\" \/>\n\t<meta property=\"og:image:height\" content=\"1000\" \/>\n\t<meta property=\"og:image:type\" content=\"image\/webp\" \/>\n<meta name=\"twitter:card\" content=\"summary_large_image\" \/>\n<meta name=\"twitter:label1\" content=\"Szacowany czas czytania\" \/>\n\t<meta name=\"twitter:data1\" content=\"1 minuta\" \/>\n<script type=\"application\/ld+json\" class=\"yoast-schema-graph\">{\"@context\":\"https:\/\/schema.org\",\"@graph\":[{\"@type\":\"WebPage\",\"@id\":\"https:\/\/www.transtoyou.com\/pl\/product\/cialis\/\",\"url\":\"https:\/\/www.transtoyou.com\/pl\/product\/cialis\/\",\"name\":\"Cialis - Transtoyou - PL\",\"isPartOf\":{\"@id\":\"https:\/\/www.transtoyou.com\/pl\/#website\"},\"primaryImageOfPage\":{\"@id\":\"https:\/\/www.transtoyou.com\/pl\/product\/cialis\/#primaryimage\"},\"image\":{\"@id\":\"https:\/\/www.transtoyou.com\/pl\/product\/cialis\/#primaryimage\"},\"thumbnailUrl\":\"https:\/\/www.transtoyou.com\/pl\/wp-content\/uploads\/sites\/11\/2026\/01\/tty-no-product-image-98.webp\",\"datePublished\":\"2026-01-24T09:11:04+00:00\",\"dateModified\":\"2026-01-24T09:12:12+00:00\",\"breadcrumb\":{\"@id\":\"https:\/\/www.transtoyou.com\/pl\/product\/cialis\/#breadcrumb\"},\"inLanguage\":\"pl-PL\",\"potentialAction\":[{\"@type\":\"ReadAction\",\"target\":[\"https:\/\/www.transtoyou.com\/pl\/product\/cialis\/\"]}]},{\"@type\":\"ImageObject\",\"inLanguage\":\"pl-PL\",\"@id\":\"https:\/\/www.transtoyou.com\/pl\/product\/cialis\/#primaryimage\",\"url\":\"https:\/\/www.transtoyou.com\/pl\/wp-content\/uploads\/sites\/11\/2026\/01\/tty-no-product-image-98.webp\",\"contentUrl\":\"https:\/\/www.transtoyou.com\/pl\/wp-content\/uploads\/sites\/11\/2026\/01\/tty-no-product-image-98.webp\",\"width\":1000,\"height\":1000,\"caption\":\"Domy\u015blny obraz produktu\"},{\"@type\":\"WebSite\",\"@id\":\"https:\/\/www.transtoyou.com\/pl\/#website\",\"url\":\"https:\/\/www.transtoyou.com\/pl\/\",\"name\":\"Transtoyou - PL\",\"description\":\"\",\"publisher\":{\"@id\":\"https:\/\/www.transtoyou.com\/pl\/#organization\"},\"potentialAction\":[{\"@type\":\"SearchAction\",\"target\":{\"@type\":\"EntryPoint\",\"urlTemplate\":\"https:\/\/www.transtoyou.com\/pl\/?s={search_term_string}\"},\"query-input\":{\"@type\":\"PropertyValueSpecification\",\"valueRequired\":true,\"valueName\":\"search_term_string\"}}],\"inLanguage\":\"pl-PL\"},{\"@type\":\"Organization\",\"@id\":\"https:\/\/www.transtoyou.com\/pl\/#organization\",\"name\":\"Transtoyou - PL\",\"url\":\"https:\/\/www.transtoyou.com\/pl\/\",\"logo\":{\"@type\":\"ImageObject\",\"inLanguage\":\"pl-PL\",\"@id\":\"https:\/\/www.transtoyou.com\/pl\/#\/schema\/logo\/image\/\",\"url\":\"https:\/\/www.transtoyou.com\/pl\/wp-content\/uploads\/sites\/11\/2026\/01\/logo-tty-menu-bar-300x87-1.webp\",\"contentUrl\":\"https:\/\/www.transtoyou.com\/pl\/wp-content\/uploads\/sites\/11\/2026\/01\/logo-tty-menu-bar-300x87-1.webp\",\"width\":300,\"height\":87,\"caption\":\"Transtoyou - PL\"},\"image\":{\"@id\":\"https:\/\/www.transtoyou.com\/pl\/#\/schema\/logo\/image\/\"}}]}<\/script>\n<!-- \/ Yoast SEO plugin. -->","yoast_head_json":{"title":"Cialis - Transtoyou - PL","robots":{"index":"noindex","follow":"follow","max-snippet":"max-snippet:-1","max-image-preview":"max-image-preview:large","max-video-preview":"max-video-preview:-1"},"og_locale":"pl_PL","og_type":"article","og_title":"Cialis - Transtoyou - PL","og_description":"D\u0142ugotrwa\u0142e dzia\u0142anie do 36 godzin  Leczy zaburzenia erekcji i BPH  Szybkie dzia\u0142anie, dzia\u0142a w ci\u0105gu 30 minut","og_url":"https:\/\/www.transtoyou.com\/pl\/product\/cialis\/","og_site_name":"Transtoyou - PL","article_modified_time":"2026-01-24T09:12:12+00:00","og_image":[{"width":1000,"height":1000,"url":"https:\/\/www.transtoyou.com\/pl\/wp-content\/uploads\/sites\/11\/2026\/01\/tty-no-product-image-98.webp","type":"image\/webp"}],"twitter_card":"summary_large_image","twitter_misc":{"Szacowany czas czytania":"1 minuta"},"schema":{"@context":"https:\/\/schema.org","@graph":[{"@type":"WebPage","@id":"https:\/\/www.transtoyou.com\/pl\/product\/cialis\/","url":"https:\/\/www.transtoyou.com\/pl\/product\/cialis\/","name":"Cialis - Transtoyou - PL","isPartOf":{"@id":"https:\/\/www.transtoyou.com\/pl\/#website"},"primaryImageOfPage":{"@id":"https:\/\/www.transtoyou.com\/pl\/product\/cialis\/#primaryimage"},"image":{"@id":"https:\/\/www.transtoyou.com\/pl\/product\/cialis\/#primaryimage"},"thumbnailUrl":"https:\/\/www.transtoyou.com\/pl\/wp-content\/uploads\/sites\/11\/2026\/01\/tty-no-product-image-98.webp","datePublished":"2026-01-24T09:11:04+00:00","dateModified":"2026-01-24T09:12:12+00:00","breadcrumb":{"@id":"https:\/\/www.transtoyou.com\/pl\/product\/cialis\/#breadcrumb"},"inLanguage":"pl-PL","potentialAction":[{"@type":"ReadAction","target":["https:\/\/www.transtoyou.com\/pl\/product\/cialis\/"]}]},{"@type":"ImageObject","inLanguage":"pl-PL","@id":"https:\/\/www.transtoyou.com\/pl\/product\/cialis\/#primaryimage","url":"https:\/\/www.transtoyou.com\/pl\/wp-content\/uploads\/sites\/11\/2026\/01\/tty-no-product-image-98.webp","contentUrl":"https:\/\/www.transtoyou.com\/pl\/wp-content\/uploads\/sites\/11\/2026\/01\/tty-no-product-image-98.webp","width":1000,"height":1000,"caption":"Domy\u015blny obraz produktu"},{"@type":"WebSite","@id":"https:\/\/www.transtoyou.com\/pl\/#website","url":"https:\/\/www.transtoyou.com\/pl\/","name":"Transtoyou - PL","description":"","publisher":{"@id":"https:\/\/www.transtoyou.com\/pl\/#organization"},"potentialAction":[{"@type":"SearchAction","target":{"@type":"EntryPoint","urlTemplate":"https:\/\/www.transtoyou.com\/pl\/?s={search_term_string}"},"query-input":{"@type":"PropertyValueSpecification","valueRequired":true,"valueName":"search_term_string"}}],"inLanguage":"pl-PL"},{"@type":"Organization","@id":"https:\/\/www.transtoyou.com\/pl\/#organization","name":"Transtoyou - PL","url":"https:\/\/www.transtoyou.com\/pl\/","logo":{"@type":"ImageObject","inLanguage":"pl-PL","@id":"https:\/\/www.transtoyou.com\/pl\/#\/schema\/logo\/image\/","url":"https:\/\/www.transtoyou.com\/pl\/wp-content\/uploads\/sites\/11\/2026\/01\/logo-tty-menu-bar-300x87-1.webp","contentUrl":"https:\/\/www.transtoyou.com\/pl\/wp-content\/uploads\/sites\/11\/2026\/01\/logo-tty-menu-bar-300x87-1.webp","width":300,"height":87,"caption":"Transtoyou - PL"},"image":{"@id":"https:\/\/www.transtoyou.com\/pl\/#\/schema\/logo\/image\/"}}]}},"_links":{"self":[{"href":"https:\/\/www.transtoyou.com\/pl\/wp-json\/wp\/v2\/product\/1004","targetHints":{"allow":["GET"]}}],"collection":[{"href":"https:\/\/www.transtoyou.com\/pl\/wp-json\/wp\/v2\/product"}],"about":[{"href":"https:\/\/www.transtoyou.com\/pl\/wp-json\/wp\/v2\/types\/product"}],"replies":[{"embeddable":true,"href":"https:\/\/www.transtoyou.com\/pl\/wp-json\/wp\/v2\/comments?post=1004"}],"wp:featuredmedia":[{"embeddable":true,"href":"https:\/\/www.transtoyou.com\/pl\/wp-json\/wp\/v2\/media\/1006"}],"wp:attachment":[{"href":"https:\/\/www.transtoyou.com\/pl\/wp-json\/wp\/v2\/media?parent=1004"}],"wp:term":[{"taxonomy":"product_brand","embeddable":true,"href":"https:\/\/www.transtoyou.com\/pl\/wp-json\/wp\/v2\/product_brand?post=1004"},{"taxonomy":"product_cat","embeddable":true,"href":"https:\/\/www.transtoyou.com\/pl\/wp-json\/wp\/v2\/product_cat?post=1004"},{"taxonomy":"product_tag","embeddable":true,"href":"https:\/\/www.transtoyou.com\/pl\/wp-json\/wp\/v2\/product_tag?post=1004"},{"taxonomy":"expert","embeddable":true,"href":"https:\/\/www.transtoyou.com\/pl\/wp-json\/wp\/v2\/expert?post=1004"}],"curies":[{"name":"wp","href":"https:\/\/api.w.org\/{rel}","templated":true}]}}