{"id":1007,"date":"2026-01-24T11:26:50","date_gmt":"2026-01-24T09:26:50","guid":{"rendered":"https:\/\/www.transtoyou.com\/pl\/product\/caverject-alprostadil\/"},"modified":"2026-01-24T11:27:55","modified_gmt":"2026-01-24T09:27:55","slug":"caverject-alprostadil","status":"publish","type":"product","link":"https:\/\/www.transtoyou.com\/pl\/product\/caverject-alprostadil\/","title":{"rendered":"Caverject (Alprostadil)"},"content":{"rendered":"<p>Caverject to lek na recept\u0119 stosowany w leczeniu zaburze\u0144 erekcji (ED) u doros\u0142ych m\u0119\u017cczyzn. Zawiera alprostadil, substancj\u0119 wyst\u0119puj\u0105c\u0105 naturalnie, kt\u00f3ra pomaga zwi\u0119kszy\u0107 przep\u0142yw krwi do penisa.<\/p>\n<p>Po wstrzykni\u0119ciu bezpo\u015brednio do tkanki erekcyjnej dzia\u0142a poprzez rozlu\u017anienie naczy\u0144 krwiono\u015bnych i mi\u0119\u015bni w penisie, co pozwala na nap\u0142yw krwi i wywo\u0142anie erekcji wystarczaj\u0105co mocnej do aktywno\u015bci seksualnej.<\/p>\n<p>W przeciwie\u0144stwie do doustnych lek\u00f3w na ED, Caverject dzia\u0142a lokalnie i nie zale\u017cy od stymulacji seksualnej, aby zacz\u0105\u0107 dzia\u0142a\u0107. Jego efekty zazwyczaj odczuwane s\u0105 w ci\u0105gu 5 do 20 minut po wstrzykni\u0119ciu i mog\u0105 trwa\u0107 od oko\u0142o 30 do 60 minut, chocia\u017c dok\u0142adny czas trwania r\u00f3\u017cni si\u0119 w zale\u017cno\u015bci od osoby. Czyni to go niezawodn\u0105 opcj\u0105 dla m\u0119\u017cczyzn, kt\u00f3rzy nie zareagowali dobrze na leczenie doustne lub kt\u00f3rzy nie mog\u0105 ich przyjmowa\u0107 z powodu innych schorze\u0144 zdrowotnych lub lek\u00f3w.<\/p>\n<p>Caverject dostarczany jest w postaci proszku i rozpuszczalnika, kt\u00f3re nale\u017cy wymiesza\u0107 przed u\u017cyciem, a tak\u017ce zawiera bardzo cienk\u0105 ig\u0142\u0119 do samodzielnego wstrzykiwania w bok penisa. Wa\u017cne jest, aby dok\u0142adnie przestrzega\u0107 instrukcji, aby unikn\u0105\u0107 powik\u0142a\u0144 oraz zmienia\u0107 miejsca wstrzykni\u0119\u0107, aby zapobiec uszkodzeniu tkanek.<\/p>\n<p>Typowe dzia\u0142ania niepo\u017c\u0105dane mog\u0105 obejmowa\u0107 \u0142agodny b\u00f3l w miejscu wstrzykni\u0119cia, uczucie pe\u0142no\u015bci w penisie lub lekkie siniaki. Rzadkie, ale powa\u017cne dzia\u0142ania niepo\u017c\u0105dane to przed\u0142u\u017caj\u0105ca si\u0119 erekcja (priapizm) lub w\u0142\u00f3knienie penisa (bliznowacenie). Caverject nie powinien by\u0107 stosowany wi\u0119cej ni\u017c raz w ci\u0105gu 24 godzin i nie wi\u0119cej ni\u017c trzy razy w tygodniu.<\/p>\n","protected":false},"excerpt":{"rendered":"<ul>\n<li>Szybkie i niezawodne wsparcie erekcji<\/li>\n<li>Dzia\u0142a, gdy tabletki doustne zawodz\u0105<\/li>\n<li>Lokalne dzia\u0142anie, minimalne skutki uboczne<\/li>\n<\/ul>\n","protected":false},"featured_media":1009,"comment_status":"open","ping_status":"closed","template":"","meta":[],"product_brand":[],"product_cat":[114],"product_tag":[],"expert":[18],"class_list":{"0":"post-1007","1":"product","2":"type-product","3":"status-publish","4":"has-post-thumbnail","6":"product_cat-leczenie-zaburzen-erekcji","7":"expert-dr-g-varbanov","9":"first","10":"instock","11":"shipping-taxable","12":"product-type-variable"},"yoast_head":"<!-- This site is optimized with the Yoast SEO plugin v27.0 - https:\/\/yoast.com\/product\/yoast-seo-wordpress\/ -->\n<title>Caverject (Alprostadil) | Szybkie rozwi\u0105zanie na ED - Transtoyou<\/title>\n<meta name=\"description\" content=\"Caverject (Alprostadil) skutecznie leczy ED, poprawiaj\u0105c lokalny przep\u0142yw krwi. Dost\u0119pny w Transtoyou, idealny dla os\u00f3b, kt\u00f3re nie reaguj\u0105 na leki doustne.\" \/>\n<meta name=\"robots\" content=\"noindex, follow, max-snippet:-1, max-image-preview:large, max-video-preview:-1\" \/>\n<meta property=\"og:locale\" content=\"pl_PL\" \/>\n<meta property=\"og:type\" content=\"article\" \/>\n<meta property=\"og:title\" content=\"Caverject (Alprostadil) | Szybkie rozwi\u0105zanie na ED - Transtoyou\" \/>\n<meta property=\"og:description\" content=\"Caverject (Alprostadil) skutecznie leczy ED, poprawiaj\u0105c lokalny przep\u0142yw krwi. Dost\u0119pny w Transtoyou, idealny dla os\u00f3b, kt\u00f3re nie reaguj\u0105 na leki doustne.\" \/>\n<meta property=\"og:url\" content=\"https:\/\/www.transtoyou.com\/pl\/product\/caverject-alprostadil\/\" \/>\n<meta property=\"og:site_name\" content=\"Transtoyou - PL\" \/>\n<meta property=\"article:modified_time\" content=\"2026-01-24T09:27:55+00:00\" \/>\n<meta name=\"twitter:card\" content=\"summary_large_image\" \/>\n<meta name=\"twitter:label1\" content=\"Szacowany czas czytania\" \/>\n\t<meta name=\"twitter:data1\" content=\"1 minuta\" \/>\n<script type=\"application\/ld+json\" class=\"yoast-schema-graph\">{\"@context\":\"https:\/\/schema.org\",\"@graph\":[{\"@type\":\"WebPage\",\"@id\":\"https:\/\/www.transtoyou.com\/pl\/product\/caverject-alprostadil\/\",\"url\":\"https:\/\/www.transtoyou.com\/pl\/product\/caverject-alprostadil\/\",\"name\":\"Caverject (Alprostadil) | Szybkie rozwi\u0105zanie na ED - Transtoyou\",\"isPartOf\":{\"@id\":\"https:\/\/www.transtoyou.com\/pl\/#website\"},\"primaryImageOfPage\":{\"@id\":\"https:\/\/www.transtoyou.com\/pl\/product\/caverject-alprostadil\/#primaryimage\"},\"image\":{\"@id\":\"https:\/\/www.transtoyou.com\/pl\/product\/caverject-alprostadil\/#primaryimage\"},\"thumbnailUrl\":\"https:\/\/www.transtoyou.com\/pl\/wp-content\/uploads\/sites\/11\/2026\/01\/tty-no-product-image-99.webp\",\"datePublished\":\"2026-01-24T09:26:50+00:00\",\"dateModified\":\"2026-01-24T09:27:55+00:00\",\"description\":\"Caverject (Alprostadil) skutecznie leczy ED, poprawiaj\u0105c lokalny przep\u0142yw krwi. Dost\u0119pny w Transtoyou, idealny dla os\u00f3b, kt\u00f3re nie reaguj\u0105 na leki doustne.\",\"breadcrumb\":{\"@id\":\"https:\/\/www.transtoyou.com\/pl\/product\/caverject-alprostadil\/#breadcrumb\"},\"inLanguage\":\"pl-PL\",\"potentialAction\":[{\"@type\":\"ReadAction\",\"target\":[\"https:\/\/www.transtoyou.com\/pl\/product\/caverject-alprostadil\/\"]}]},{\"@type\":\"ImageObject\",\"inLanguage\":\"pl-PL\",\"@id\":\"https:\/\/www.transtoyou.com\/pl\/product\/caverject-alprostadil\/#primaryimage\",\"url\":\"https:\/\/www.transtoyou.com\/pl\/wp-content\/uploads\/sites\/11\/2026\/01\/tty-no-product-image-99.webp\",\"contentUrl\":\"https:\/\/www.transtoyou.com\/pl\/wp-content\/uploads\/sites\/11\/2026\/01\/tty-no-product-image-99.webp\",\"width\":1000,\"height\":1000,\"caption\":\"Domy\u015blny obraz produktu\"},{\"@type\":\"WebSite\",\"@id\":\"https:\/\/www.transtoyou.com\/pl\/#website\",\"url\":\"https:\/\/www.transtoyou.com\/pl\/\",\"name\":\"Transtoyou - PL\",\"description\":\"\",\"publisher\":{\"@id\":\"https:\/\/www.transtoyou.com\/pl\/#organization\"},\"potentialAction\":[{\"@type\":\"SearchAction\",\"target\":{\"@type\":\"EntryPoint\",\"urlTemplate\":\"https:\/\/www.transtoyou.com\/pl\/?s={search_term_string}\"},\"query-input\":{\"@type\":\"PropertyValueSpecification\",\"valueRequired\":true,\"valueName\":\"search_term_string\"}}],\"inLanguage\":\"pl-PL\"},{\"@type\":\"Organization\",\"@id\":\"https:\/\/www.transtoyou.com\/pl\/#organization\",\"name\":\"Transtoyou - PL\",\"url\":\"https:\/\/www.transtoyou.com\/pl\/\",\"logo\":{\"@type\":\"ImageObject\",\"inLanguage\":\"pl-PL\",\"@id\":\"https:\/\/www.transtoyou.com\/pl\/#\/schema\/logo\/image\/\",\"url\":\"https:\/\/www.transtoyou.com\/pl\/wp-content\/uploads\/sites\/11\/2026\/01\/logo-tty-menu-bar-300x87-1.webp\",\"contentUrl\":\"https:\/\/www.transtoyou.com\/pl\/wp-content\/uploads\/sites\/11\/2026\/01\/logo-tty-menu-bar-300x87-1.webp\",\"width\":300,\"height\":87,\"caption\":\"Transtoyou - PL\"},\"image\":{\"@id\":\"https:\/\/www.transtoyou.com\/pl\/#\/schema\/logo\/image\/\"}}]}<\/script>\n<!-- \/ Yoast SEO plugin. -->","yoast_head_json":{"title":"Caverject (Alprostadil) | Szybkie rozwi\u0105zanie na ED - Transtoyou","description":"Caverject (Alprostadil) skutecznie leczy ED, poprawiaj\u0105c lokalny przep\u0142yw krwi. Dost\u0119pny w Transtoyou, idealny dla os\u00f3b, kt\u00f3re nie reaguj\u0105 na leki doustne.","robots":{"index":"noindex","follow":"follow","max-snippet":"max-snippet:-1","max-image-preview":"max-image-preview:large","max-video-preview":"max-video-preview:-1"},"og_locale":"pl_PL","og_type":"article","og_title":"Caverject (Alprostadil) | Szybkie rozwi\u0105zanie na ED - Transtoyou","og_description":"Caverject (Alprostadil) skutecznie leczy ED, poprawiaj\u0105c lokalny przep\u0142yw krwi. Dost\u0119pny w Transtoyou, idealny dla os\u00f3b, kt\u00f3re nie reaguj\u0105 na leki doustne.","og_url":"https:\/\/www.transtoyou.com\/pl\/product\/caverject-alprostadil\/","og_site_name":"Transtoyou - PL","article_modified_time":"2026-01-24T09:27:55+00:00","twitter_card":"summary_large_image","twitter_misc":{"Szacowany czas czytania":"1 minuta"},"schema":{"@context":"https:\/\/schema.org","@graph":[{"@type":"WebPage","@id":"https:\/\/www.transtoyou.com\/pl\/product\/caverject-alprostadil\/","url":"https:\/\/www.transtoyou.com\/pl\/product\/caverject-alprostadil\/","name":"Caverject (Alprostadil) | Szybkie rozwi\u0105zanie na ED - Transtoyou","isPartOf":{"@id":"https:\/\/www.transtoyou.com\/pl\/#website"},"primaryImageOfPage":{"@id":"https:\/\/www.transtoyou.com\/pl\/product\/caverject-alprostadil\/#primaryimage"},"image":{"@id":"https:\/\/www.transtoyou.com\/pl\/product\/caverject-alprostadil\/#primaryimage"},"thumbnailUrl":"https:\/\/www.transtoyou.com\/pl\/wp-content\/uploads\/sites\/11\/2026\/01\/tty-no-product-image-99.webp","datePublished":"2026-01-24T09:26:50+00:00","dateModified":"2026-01-24T09:27:55+00:00","description":"Caverject (Alprostadil) skutecznie leczy ED, poprawiaj\u0105c lokalny przep\u0142yw krwi. Dost\u0119pny w Transtoyou, idealny dla os\u00f3b, kt\u00f3re nie reaguj\u0105 na leki doustne.","breadcrumb":{"@id":"https:\/\/www.transtoyou.com\/pl\/product\/caverject-alprostadil\/#breadcrumb"},"inLanguage":"pl-PL","potentialAction":[{"@type":"ReadAction","target":["https:\/\/www.transtoyou.com\/pl\/product\/caverject-alprostadil\/"]}]},{"@type":"ImageObject","inLanguage":"pl-PL","@id":"https:\/\/www.transtoyou.com\/pl\/product\/caverject-alprostadil\/#primaryimage","url":"https:\/\/www.transtoyou.com\/pl\/wp-content\/uploads\/sites\/11\/2026\/01\/tty-no-product-image-99.webp","contentUrl":"https:\/\/www.transtoyou.com\/pl\/wp-content\/uploads\/sites\/11\/2026\/01\/tty-no-product-image-99.webp","width":1000,"height":1000,"caption":"Domy\u015blny obraz produktu"},{"@type":"WebSite","@id":"https:\/\/www.transtoyou.com\/pl\/#website","url":"https:\/\/www.transtoyou.com\/pl\/","name":"Transtoyou - PL","description":"","publisher":{"@id":"https:\/\/www.transtoyou.com\/pl\/#organization"},"potentialAction":[{"@type":"SearchAction","target":{"@type":"EntryPoint","urlTemplate":"https:\/\/www.transtoyou.com\/pl\/?s={search_term_string}"},"query-input":{"@type":"PropertyValueSpecification","valueRequired":true,"valueName":"search_term_string"}}],"inLanguage":"pl-PL"},{"@type":"Organization","@id":"https:\/\/www.transtoyou.com\/pl\/#organization","name":"Transtoyou - PL","url":"https:\/\/www.transtoyou.com\/pl\/","logo":{"@type":"ImageObject","inLanguage":"pl-PL","@id":"https:\/\/www.transtoyou.com\/pl\/#\/schema\/logo\/image\/","url":"https:\/\/www.transtoyou.com\/pl\/wp-content\/uploads\/sites\/11\/2026\/01\/logo-tty-menu-bar-300x87-1.webp","contentUrl":"https:\/\/www.transtoyou.com\/pl\/wp-content\/uploads\/sites\/11\/2026\/01\/logo-tty-menu-bar-300x87-1.webp","width":300,"height":87,"caption":"Transtoyou - PL"},"image":{"@id":"https:\/\/www.transtoyou.com\/pl\/#\/schema\/logo\/image\/"}}]}},"_links":{"self":[{"href":"https:\/\/www.transtoyou.com\/pl\/wp-json\/wp\/v2\/product\/1007","targetHints":{"allow":["GET"]}}],"collection":[{"href":"https:\/\/www.transtoyou.com\/pl\/wp-json\/wp\/v2\/product"}],"about":[{"href":"https:\/\/www.transtoyou.com\/pl\/wp-json\/wp\/v2\/types\/product"}],"replies":[{"embeddable":true,"href":"https:\/\/www.transtoyou.com\/pl\/wp-json\/wp\/v2\/comments?post=1007"}],"wp:featuredmedia":[{"embeddable":true,"href":"https:\/\/www.transtoyou.com\/pl\/wp-json\/wp\/v2\/media\/1009"}],"wp:attachment":[{"href":"https:\/\/www.transtoyou.com\/pl\/wp-json\/wp\/v2\/media?parent=1007"}],"wp:term":[{"taxonomy":"product_brand","embeddable":true,"href":"https:\/\/www.transtoyou.com\/pl\/wp-json\/wp\/v2\/product_brand?post=1007"},{"taxonomy":"product_cat","embeddable":true,"href":"https:\/\/www.transtoyou.com\/pl\/wp-json\/wp\/v2\/product_cat?post=1007"},{"taxonomy":"product_tag","embeddable":true,"href":"https:\/\/www.transtoyou.com\/pl\/wp-json\/wp\/v2\/product_tag?post=1007"},{"taxonomy":"expert","embeddable":true,"href":"https:\/\/www.transtoyou.com\/pl\/wp-json\/wp\/v2\/expert?post=1007"}],"curies":[{"name":"wp","href":"https:\/\/api.w.org\/{rel}","templated":true}]}}