{"id":1015,"date":"2026-01-24T12:16:57","date_gmt":"2026-01-24T10:16:57","guid":{"rendered":"https:\/\/www.transtoyou.com\/pl\/product\/primolut-n\/"},"modified":"2026-03-01T14:12:34","modified_gmt":"2026-03-01T12:12:34","slug":"primolut-n","status":"publish","type":"product","link":"https:\/\/www.transtoyou.com\/pl\/product\/primolut-n\/","title":{"rendered":"Primolut N"},"content":{"rendered":"<p>Primolut N to tabletka zawieraj\u0105ca norethisteron, syntetyczny progestagen stosowany do zarz\u0105dzania i manipulowania cyklem menstruacyjnym. Cz\u0119sto przepisywana jest w celu op\u00f3\u017anienia menstruacji z kr\u00f3tkoterminowych powod\u00f3w, takich jak podr\u00f3\u017ce, sport czy specjalne wydarzenia, a tak\u017ce stosowana jest do t\u0142umienia cyklu w przypadkach nieregularnych, obfitych lub bolesnych miesi\u0105czek.<\/p>\n<p>Primolut N dzia\u0142a poprzez utrzymywanie wysokiego poziomu progestagenu w organizmie, co zapobiega spadkowi hormon\u00f3w, kt\u00f3ry normalnie wywo\u0142uje menstruacj\u0119. Po zaprzestaniu przyjmowania tabletek poziom hormon\u00f3w spada, co prowadzi do krwawienia z odstawienia, podobnego do naturalnej miesi\u0105czki. Ten mechanizm pozwala u\u017cytkownikom kontrolowa\u0107, kiedy zaczyna si\u0119 ich miesi\u0105czka.<\/p>\n<p>Primolut N jest odpowiedni dla os\u00f3b, kt\u00f3re preferuj\u0105 kr\u00f3tkoterminowy spos\u00f3b zarz\u0105dzania cyklem bez estrogen\u00f3w. Zwykle zaczyna si\u0119 go stosowa\u0107 kilka dni przed przewidywan\u0105 miesi\u0105czk\u0105 i przyjmuje tak d\u0142ugo, jak d\u0142ugo op\u00f3\u017anienie jest po\u017c\u0105dane. W celach medycznych mo\u017ce by\u0107 r\u00f3wnie\u017c stosowany w d\u0142u\u017cszych schematach leczenia pod nadzorem medycznym.<\/p>\n<p>Tabletka jest \u0142atwa w u\u017cyciu i dobrze tolerowana przez wi\u0119kszo\u015b\u0107 os\u00f3b. Nie zapewnia antykoncepcji, wi\u0119c dodatkowa ochrona jest potrzebna, je\u015bli unikanie ci\u0105\u017cy jest r\u00f3wnie\u017c problemem. Po zaprzestaniu stosowania naturalny cykl zazwyczaj szybko wraca do normy.<\/p>\n","protected":false},"excerpt":{"rendered":"<ul>\n<li>Op\u00f3\u017ania miesi\u0105czki<\/li>\n<li>Tabletka tylko z progestagenem<\/li>\n<li>Odpowiednia do kr\u00f3tkoterminowego stosowania<\/li>\n<\/ul>\n","protected":false},"featured_media":1017,"comment_status":"open","ping_status":"closed","template":"","meta":[],"product_brand":[],"product_cat":[147,146],"product_tag":[],"expert":[21],"class_list":{"0":"post-1015","1":"product","2":"type-product","3":"status-publish","4":"has-post-thumbnail","6":"product_cat-opoznienie-menstruacji","7":"product_cat-tlumienie-menstruacji","8":"expert-dr-m-sharoyko","10":"first","11":"instock","12":"shipping-taxable","13":"product-type-variable"},"yoast_head":"<!-- This site is optimized with the Yoast SEO plugin v27.0 - https:\/\/yoast.com\/product\/yoast-seo-wordpress\/ -->\n<title>Primolut N | Wsparcie r\u00f3wnowagi hormonalnej - Transtoyou<\/title>\n<meta name=\"description\" content=\"Odkryj Primolut N na Transtoyou. Skutecznie zarz\u0105dzaj cyklem menstruacyjnym z tym zaufanym rozwi\u0105zaniem. Kupuj z pewno\u015bci\u0105 ju\u017c dzi\u015b.\" \/>\n<meta name=\"robots\" content=\"noindex, follow, max-snippet:-1, max-image-preview:large, max-video-preview:-1\" \/>\n<meta property=\"og:locale\" content=\"pl_PL\" \/>\n<meta property=\"og:type\" content=\"article\" \/>\n<meta property=\"og:title\" content=\"Primolut N | Wsparcie r\u00f3wnowagi hormonalnej - Transtoyou\" \/>\n<meta property=\"og:description\" content=\"Odkryj Primolut N na Transtoyou. Skutecznie zarz\u0105dzaj cyklem menstruacyjnym z tym zaufanym rozwi\u0105zaniem. Kupuj z pewno\u015bci\u0105 ju\u017c dzi\u015b.\" \/>\n<meta property=\"og:url\" content=\"https:\/\/www.transtoyou.com\/pl\/product\/primolut-n\/\" \/>\n<meta property=\"og:site_name\" content=\"Transtoyou - PL\" \/>\n<meta property=\"article:modified_time\" content=\"2026-03-01T12:12:34+00:00\" \/>\n<meta name=\"twitter:card\" content=\"summary_large_image\" \/>\n<meta name=\"twitter:label1\" content=\"Szacowany czas czytania\" \/>\n\t<meta name=\"twitter:data1\" content=\"1 minuta\" \/>\n<script type=\"application\/ld+json\" class=\"yoast-schema-graph\">{\"@context\":\"https:\/\/schema.org\",\"@graph\":[{\"@type\":\"WebPage\",\"@id\":\"https:\/\/www.transtoyou.com\/pl\/product\/primolut-n\/\",\"url\":\"https:\/\/www.transtoyou.com\/pl\/product\/primolut-n\/\",\"name\":\"Primolut N | Wsparcie r\u00f3wnowagi hormonalnej - Transtoyou\",\"isPartOf\":{\"@id\":\"https:\/\/www.transtoyou.com\/pl\/#website\"},\"primaryImageOfPage\":{\"@id\":\"https:\/\/www.transtoyou.com\/pl\/product\/primolut-n\/#primaryimage\"},\"image\":{\"@id\":\"https:\/\/www.transtoyou.com\/pl\/product\/primolut-n\/#primaryimage\"},\"thumbnailUrl\":\"https:\/\/www.transtoyou.com\/pl\/wp-content\/uploads\/sites\/11\/2026\/01\/tty-no-product-image-102.webp\",\"datePublished\":\"2026-01-24T10:16:57+00:00\",\"dateModified\":\"2026-03-01T12:12:34+00:00\",\"description\":\"Odkryj Primolut N na Transtoyou. Skutecznie zarz\u0105dzaj cyklem menstruacyjnym z tym zaufanym rozwi\u0105zaniem. Kupuj z pewno\u015bci\u0105 ju\u017c dzi\u015b.\",\"breadcrumb\":{\"@id\":\"https:\/\/www.transtoyou.com\/pl\/product\/primolut-n\/#breadcrumb\"},\"inLanguage\":\"pl-PL\",\"potentialAction\":[{\"@type\":\"ReadAction\",\"target\":[\"https:\/\/www.transtoyou.com\/pl\/product\/primolut-n\/\"]}]},{\"@type\":\"ImageObject\",\"inLanguage\":\"pl-PL\",\"@id\":\"https:\/\/www.transtoyou.com\/pl\/product\/primolut-n\/#primaryimage\",\"url\":\"https:\/\/www.transtoyou.com\/pl\/wp-content\/uploads\/sites\/11\/2026\/01\/tty-no-product-image-102.webp\",\"contentUrl\":\"https:\/\/www.transtoyou.com\/pl\/wp-content\/uploads\/sites\/11\/2026\/01\/tty-no-product-image-102.webp\",\"width\":1000,\"height\":1000,\"caption\":\"Domy\u015blny obraz produktu\"},{\"@type\":\"WebSite\",\"@id\":\"https:\/\/www.transtoyou.com\/pl\/#website\",\"url\":\"https:\/\/www.transtoyou.com\/pl\/\",\"name\":\"Transtoyou - PL\",\"description\":\"\",\"publisher\":{\"@id\":\"https:\/\/www.transtoyou.com\/pl\/#organization\"},\"potentialAction\":[{\"@type\":\"SearchAction\",\"target\":{\"@type\":\"EntryPoint\",\"urlTemplate\":\"https:\/\/www.transtoyou.com\/pl\/?s={search_term_string}\"},\"query-input\":{\"@type\":\"PropertyValueSpecification\",\"valueRequired\":true,\"valueName\":\"search_term_string\"}}],\"inLanguage\":\"pl-PL\"},{\"@type\":\"Organization\",\"@id\":\"https:\/\/www.transtoyou.com\/pl\/#organization\",\"name\":\"Transtoyou - PL\",\"url\":\"https:\/\/www.transtoyou.com\/pl\/\",\"logo\":{\"@type\":\"ImageObject\",\"inLanguage\":\"pl-PL\",\"@id\":\"https:\/\/www.transtoyou.com\/pl\/#\/schema\/logo\/image\/\",\"url\":\"https:\/\/www.transtoyou.com\/pl\/wp-content\/uploads\/sites\/11\/2026\/01\/logo-tty-menu-bar-300x87-1.webp\",\"contentUrl\":\"https:\/\/www.transtoyou.com\/pl\/wp-content\/uploads\/sites\/11\/2026\/01\/logo-tty-menu-bar-300x87-1.webp\",\"width\":300,\"height\":87,\"caption\":\"Transtoyou - PL\"},\"image\":{\"@id\":\"https:\/\/www.transtoyou.com\/pl\/#\/schema\/logo\/image\/\"}}]}<\/script>\n<!-- \/ Yoast SEO plugin. -->","yoast_head_json":{"title":"Primolut N | Wsparcie r\u00f3wnowagi hormonalnej - Transtoyou","description":"Odkryj Primolut N na Transtoyou. Skutecznie zarz\u0105dzaj cyklem menstruacyjnym z tym zaufanym rozwi\u0105zaniem. Kupuj z pewno\u015bci\u0105 ju\u017c dzi\u015b.","robots":{"index":"noindex","follow":"follow","max-snippet":"max-snippet:-1","max-image-preview":"max-image-preview:large","max-video-preview":"max-video-preview:-1"},"og_locale":"pl_PL","og_type":"article","og_title":"Primolut N | Wsparcie r\u00f3wnowagi hormonalnej - Transtoyou","og_description":"Odkryj Primolut N na Transtoyou. Skutecznie zarz\u0105dzaj cyklem menstruacyjnym z tym zaufanym rozwi\u0105zaniem. Kupuj z pewno\u015bci\u0105 ju\u017c dzi\u015b.","og_url":"https:\/\/www.transtoyou.com\/pl\/product\/primolut-n\/","og_site_name":"Transtoyou - PL","article_modified_time":"2026-03-01T12:12:34+00:00","twitter_card":"summary_large_image","twitter_misc":{"Szacowany czas czytania":"1 minuta"},"schema":{"@context":"https:\/\/schema.org","@graph":[{"@type":"WebPage","@id":"https:\/\/www.transtoyou.com\/pl\/product\/primolut-n\/","url":"https:\/\/www.transtoyou.com\/pl\/product\/primolut-n\/","name":"Primolut N | Wsparcie r\u00f3wnowagi hormonalnej - Transtoyou","isPartOf":{"@id":"https:\/\/www.transtoyou.com\/pl\/#website"},"primaryImageOfPage":{"@id":"https:\/\/www.transtoyou.com\/pl\/product\/primolut-n\/#primaryimage"},"image":{"@id":"https:\/\/www.transtoyou.com\/pl\/product\/primolut-n\/#primaryimage"},"thumbnailUrl":"https:\/\/www.transtoyou.com\/pl\/wp-content\/uploads\/sites\/11\/2026\/01\/tty-no-product-image-102.webp","datePublished":"2026-01-24T10:16:57+00:00","dateModified":"2026-03-01T12:12:34+00:00","description":"Odkryj Primolut N na Transtoyou. Skutecznie zarz\u0105dzaj cyklem menstruacyjnym z tym zaufanym rozwi\u0105zaniem. Kupuj z pewno\u015bci\u0105 ju\u017c dzi\u015b.","breadcrumb":{"@id":"https:\/\/www.transtoyou.com\/pl\/product\/primolut-n\/#breadcrumb"},"inLanguage":"pl-PL","potentialAction":[{"@type":"ReadAction","target":["https:\/\/www.transtoyou.com\/pl\/product\/primolut-n\/"]}]},{"@type":"ImageObject","inLanguage":"pl-PL","@id":"https:\/\/www.transtoyou.com\/pl\/product\/primolut-n\/#primaryimage","url":"https:\/\/www.transtoyou.com\/pl\/wp-content\/uploads\/sites\/11\/2026\/01\/tty-no-product-image-102.webp","contentUrl":"https:\/\/www.transtoyou.com\/pl\/wp-content\/uploads\/sites\/11\/2026\/01\/tty-no-product-image-102.webp","width":1000,"height":1000,"caption":"Domy\u015blny obraz produktu"},{"@type":"WebSite","@id":"https:\/\/www.transtoyou.com\/pl\/#website","url":"https:\/\/www.transtoyou.com\/pl\/","name":"Transtoyou - PL","description":"","publisher":{"@id":"https:\/\/www.transtoyou.com\/pl\/#organization"},"potentialAction":[{"@type":"SearchAction","target":{"@type":"EntryPoint","urlTemplate":"https:\/\/www.transtoyou.com\/pl\/?s={search_term_string}"},"query-input":{"@type":"PropertyValueSpecification","valueRequired":true,"valueName":"search_term_string"}}],"inLanguage":"pl-PL"},{"@type":"Organization","@id":"https:\/\/www.transtoyou.com\/pl\/#organization","name":"Transtoyou - PL","url":"https:\/\/www.transtoyou.com\/pl\/","logo":{"@type":"ImageObject","inLanguage":"pl-PL","@id":"https:\/\/www.transtoyou.com\/pl\/#\/schema\/logo\/image\/","url":"https:\/\/www.transtoyou.com\/pl\/wp-content\/uploads\/sites\/11\/2026\/01\/logo-tty-menu-bar-300x87-1.webp","contentUrl":"https:\/\/www.transtoyou.com\/pl\/wp-content\/uploads\/sites\/11\/2026\/01\/logo-tty-menu-bar-300x87-1.webp","width":300,"height":87,"caption":"Transtoyou - PL"},"image":{"@id":"https:\/\/www.transtoyou.com\/pl\/#\/schema\/logo\/image\/"}}]}},"_links":{"self":[{"href":"https:\/\/www.transtoyou.com\/pl\/wp-json\/wp\/v2\/product\/1015","targetHints":{"allow":["GET"]}}],"collection":[{"href":"https:\/\/www.transtoyou.com\/pl\/wp-json\/wp\/v2\/product"}],"about":[{"href":"https:\/\/www.transtoyou.com\/pl\/wp-json\/wp\/v2\/types\/product"}],"replies":[{"embeddable":true,"href":"https:\/\/www.transtoyou.com\/pl\/wp-json\/wp\/v2\/comments?post=1015"}],"wp:featuredmedia":[{"embeddable":true,"href":"https:\/\/www.transtoyou.com\/pl\/wp-json\/wp\/v2\/media\/1017"}],"wp:attachment":[{"href":"https:\/\/www.transtoyou.com\/pl\/wp-json\/wp\/v2\/media?parent=1015"}],"wp:term":[{"taxonomy":"product_brand","embeddable":true,"href":"https:\/\/www.transtoyou.com\/pl\/wp-json\/wp\/v2\/product_brand?post=1015"},{"taxonomy":"product_cat","embeddable":true,"href":"https:\/\/www.transtoyou.com\/pl\/wp-json\/wp\/v2\/product_cat?post=1015"},{"taxonomy":"product_tag","embeddable":true,"href":"https:\/\/www.transtoyou.com\/pl\/wp-json\/wp\/v2\/product_tag?post=1015"},{"taxonomy":"expert","embeddable":true,"href":"https:\/\/www.transtoyou.com\/pl\/wp-json\/wp\/v2\/expert?post=1015"}],"curies":[{"name":"wp","href":"https:\/\/api.w.org\/{rel}","templated":true}]}}