{"id":1027,"date":"2026-01-24T19:52:01","date_gmt":"2026-01-24T17:52:01","guid":{"rendered":"https:\/\/www.transtoyou.com\/pl\/product\/proscar\/"},"modified":"2026-03-02T13:28:36","modified_gmt":"2026-03-02T11:28:36","slug":"proscar","status":"publish","type":"product","link":"https:\/\/www.transtoyou.com\/pl\/product\/proscar\/","title":{"rendered":"Proscar"},"content":{"rendered":"<p>Proscar to lek na recept\u0119 stosowany w leczeniu \u0142agodnego przerostu prostaty, powszechnie okre\u015blanego jako powi\u0119kszona prostata. Zawiera finasteryd, inhibitor 5-alfa-reduktazy, kt\u00f3ry dzia\u0142a poprzez obni\u017cenie poziomu dihydrotestosteronu, hormonu powoduj\u0105cego wzrost prostaty. Poprzez redukcj\u0119 poziomu hormon\u00f3w, Proscar pomaga zmniejszy\u0107 prostat\u0119, poprawi\u0107 przep\u0142yw moczu i z\u0142agodzi\u0107 zwi\u0105zane z tym objawy.<\/p>\n<p>Powi\u0119kszona prostata mo\u017ce prowadzi\u0107 do cz\u0119stego oddawania moczu, s\u0142abego strumienia, trudno\u015bci w rozpocz\u0119ciu lub zatrzymaniu oddawania moczu oraz przerywanego snu z powodu nocnego oddawania moczu. Proscar rozwi\u0105zuje te problemy, stopniowo zmniejszaj\u0105c rozmiar prostaty i \u0142agodz\u0105c nacisk na cewk\u0119 moczow\u0105. Proces ten cz\u0119sto trwa kilka miesi\u0119cy, ale mo\u017ce znacz\u0105co poprawi\u0107 komfort i jako\u015b\u0107 \u017cycia w d\u0142u\u017cszym okresie.<\/p>\n<p>Proscar przyjmuje si\u0119 w postaci tabletki raz dziennie i zazwyczaj jest przepisywany do d\u0142ugoterminowego stosowania. Mo\u017ce by\u0107 stosowany samodzielnie lub w po\u0142\u0105czeniu z innymi lekami, takimi jak alfa-blokery dla m\u0119\u017cczyzn z powa\u017cniejszymi objawami. Chocia\u017c niekt\u00f3rzy u\u017cytkownicy do\u015bwiadczaj\u0105 \u0142agodnych skutk\u00f3w ubocznych, takich jak zmniejszone libido lub zmiany w ejakulacji, te efekty s\u0105 cz\u0119sto tymczasowe i ust\u0119puj\u0105 przy dalszym stosowaniu.<\/p>\n<p>Wa\u017cne jest, aby zauwa\u017cy\u0107, \u017ce Proscar obni\u017ca poziom swoistego antygenu prostaty (PSA), kt\u00f3ry jest mierzony podczas bada\u0144 przesiewowych w kierunku raka prostaty. \u015awiadcz\u0105cy o tym lekarze wezm\u0105 to pod uwag\u0119 przy interpretacji wynik\u00f3w.<\/p>\n","protected":false},"excerpt":{"rendered":"<ul>\n<li>Leczy powi\u0119kszon\u0105 prostat\u0119<\/li>\n<li>Poprawia przep\u0142yw moczu<\/li>\n<li>Codzienna tabletka doustna<\/li>\n<\/ul>\n","protected":false},"featured_media":1029,"comment_status":"open","ping_status":"closed","template":"","meta":[],"product_brand":[],"product_cat":[156],"product_tag":[],"expert":[18],"class_list":{"0":"post-1027","1":"product","2":"type-product","3":"status-publish","4":"has-post-thumbnail","6":"product_cat-zdrowie-prostaty","7":"expert-dr-g-varbanov","9":"first","10":"instock","11":"shipping-taxable","12":"product-type-variable"},"yoast_head":"<!-- This site is optimized with the Yoast SEO plugin v27.0 - https:\/\/yoast.com\/product\/yoast-seo-wordpress\/ -->\n<title>Proscar | Skuteczna ulga w dolegliwo\u015bciach prostaty - Transtoyou<\/title>\n<meta name=\"description\" content=\"Proscar leczy powi\u0119kszon\u0105 prostat\u0119, zmniejszaj\u0105c j\u0105 i \u0142agodz\u0105c objawy. Popraw jako\u015b\u0107 swojego \u017cycia, dost\u0119pny teraz w Transtoyou.\" \/>\n<meta name=\"robots\" content=\"noindex, follow, max-snippet:-1, max-image-preview:large, max-video-preview:-1\" \/>\n<meta property=\"og:locale\" content=\"pl_PL\" \/>\n<meta property=\"og:type\" content=\"article\" \/>\n<meta property=\"og:title\" content=\"Proscar | Skuteczna ulga w dolegliwo\u015bciach prostaty - Transtoyou\" \/>\n<meta property=\"og:description\" content=\"Proscar leczy powi\u0119kszon\u0105 prostat\u0119, zmniejszaj\u0105c j\u0105 i \u0142agodz\u0105c objawy. Popraw jako\u015b\u0107 swojego \u017cycia, dost\u0119pny teraz w Transtoyou.\" \/>\n<meta property=\"og:url\" content=\"https:\/\/www.transtoyou.com\/pl\/product\/proscar\/\" \/>\n<meta property=\"og:site_name\" content=\"Transtoyou - PL\" \/>\n<meta property=\"article:modified_time\" content=\"2026-03-02T11:28:36+00:00\" \/>\n<meta name=\"twitter:card\" content=\"summary_large_image\" \/>\n<meta name=\"twitter:label1\" content=\"Szacowany czas czytania\" \/>\n\t<meta name=\"twitter:data1\" content=\"1 minuta\" \/>\n<script type=\"application\/ld+json\" class=\"yoast-schema-graph\">{\"@context\":\"https:\/\/schema.org\",\"@graph\":[{\"@type\":\"WebPage\",\"@id\":\"https:\/\/www.transtoyou.com\/pl\/product\/proscar\/\",\"url\":\"https:\/\/www.transtoyou.com\/pl\/product\/proscar\/\",\"name\":\"Proscar | Skuteczna ulga w dolegliwo\u015bciach prostaty - Transtoyou\",\"isPartOf\":{\"@id\":\"https:\/\/www.transtoyou.com\/pl\/#website\"},\"primaryImageOfPage\":{\"@id\":\"https:\/\/www.transtoyou.com\/pl\/product\/proscar\/#primaryimage\"},\"image\":{\"@id\":\"https:\/\/www.transtoyou.com\/pl\/product\/proscar\/#primaryimage\"},\"thumbnailUrl\":\"https:\/\/www.transtoyou.com\/pl\/wp-content\/uploads\/sites\/11\/2026\/01\/tty-no-product-image-106.webp\",\"datePublished\":\"2026-01-24T17:52:01+00:00\",\"dateModified\":\"2026-03-02T11:28:36+00:00\",\"description\":\"Proscar leczy powi\u0119kszon\u0105 prostat\u0119, zmniejszaj\u0105c j\u0105 i \u0142agodz\u0105c objawy. Popraw jako\u015b\u0107 swojego \u017cycia, dost\u0119pny teraz w Transtoyou.\",\"breadcrumb\":{\"@id\":\"https:\/\/www.transtoyou.com\/pl\/product\/proscar\/#breadcrumb\"},\"inLanguage\":\"pl-PL\",\"potentialAction\":[{\"@type\":\"ReadAction\",\"target\":[\"https:\/\/www.transtoyou.com\/pl\/product\/proscar\/\"]}]},{\"@type\":\"ImageObject\",\"inLanguage\":\"pl-PL\",\"@id\":\"https:\/\/www.transtoyou.com\/pl\/product\/proscar\/#primaryimage\",\"url\":\"https:\/\/www.transtoyou.com\/pl\/wp-content\/uploads\/sites\/11\/2026\/01\/tty-no-product-image-106.webp\",\"contentUrl\":\"https:\/\/www.transtoyou.com\/pl\/wp-content\/uploads\/sites\/11\/2026\/01\/tty-no-product-image-106.webp\",\"width\":1000,\"height\":1000,\"caption\":\"Domy\u015blny obraz produktu\"},{\"@type\":\"WebSite\",\"@id\":\"https:\/\/www.transtoyou.com\/pl\/#website\",\"url\":\"https:\/\/www.transtoyou.com\/pl\/\",\"name\":\"Transtoyou - PL\",\"description\":\"\",\"publisher\":{\"@id\":\"https:\/\/www.transtoyou.com\/pl\/#organization\"},\"potentialAction\":[{\"@type\":\"SearchAction\",\"target\":{\"@type\":\"EntryPoint\",\"urlTemplate\":\"https:\/\/www.transtoyou.com\/pl\/?s={search_term_string}\"},\"query-input\":{\"@type\":\"PropertyValueSpecification\",\"valueRequired\":true,\"valueName\":\"search_term_string\"}}],\"inLanguage\":\"pl-PL\"},{\"@type\":\"Organization\",\"@id\":\"https:\/\/www.transtoyou.com\/pl\/#organization\",\"name\":\"Transtoyou - PL\",\"url\":\"https:\/\/www.transtoyou.com\/pl\/\",\"logo\":{\"@type\":\"ImageObject\",\"inLanguage\":\"pl-PL\",\"@id\":\"https:\/\/www.transtoyou.com\/pl\/#\/schema\/logo\/image\/\",\"url\":\"https:\/\/www.transtoyou.com\/pl\/wp-content\/uploads\/sites\/11\/2026\/01\/logo-tty-menu-bar-300x87-1.webp\",\"contentUrl\":\"https:\/\/www.transtoyou.com\/pl\/wp-content\/uploads\/sites\/11\/2026\/01\/logo-tty-menu-bar-300x87-1.webp\",\"width\":300,\"height\":87,\"caption\":\"Transtoyou - PL\"},\"image\":{\"@id\":\"https:\/\/www.transtoyou.com\/pl\/#\/schema\/logo\/image\/\"}}]}<\/script>\n<!-- \/ Yoast SEO plugin. -->","yoast_head_json":{"title":"Proscar | Skuteczna ulga w dolegliwo\u015bciach prostaty - Transtoyou","description":"Proscar leczy powi\u0119kszon\u0105 prostat\u0119, zmniejszaj\u0105c j\u0105 i \u0142agodz\u0105c objawy. Popraw jako\u015b\u0107 swojego \u017cycia, dost\u0119pny teraz w Transtoyou.","robots":{"index":"noindex","follow":"follow","max-snippet":"max-snippet:-1","max-image-preview":"max-image-preview:large","max-video-preview":"max-video-preview:-1"},"og_locale":"pl_PL","og_type":"article","og_title":"Proscar | Skuteczna ulga w dolegliwo\u015bciach prostaty - Transtoyou","og_description":"Proscar leczy powi\u0119kszon\u0105 prostat\u0119, zmniejszaj\u0105c j\u0105 i \u0142agodz\u0105c objawy. Popraw jako\u015b\u0107 swojego \u017cycia, dost\u0119pny teraz w Transtoyou.","og_url":"https:\/\/www.transtoyou.com\/pl\/product\/proscar\/","og_site_name":"Transtoyou - PL","article_modified_time":"2026-03-02T11:28:36+00:00","twitter_card":"summary_large_image","twitter_misc":{"Szacowany czas czytania":"1 minuta"},"schema":{"@context":"https:\/\/schema.org","@graph":[{"@type":"WebPage","@id":"https:\/\/www.transtoyou.com\/pl\/product\/proscar\/","url":"https:\/\/www.transtoyou.com\/pl\/product\/proscar\/","name":"Proscar | Skuteczna ulga w dolegliwo\u015bciach prostaty - Transtoyou","isPartOf":{"@id":"https:\/\/www.transtoyou.com\/pl\/#website"},"primaryImageOfPage":{"@id":"https:\/\/www.transtoyou.com\/pl\/product\/proscar\/#primaryimage"},"image":{"@id":"https:\/\/www.transtoyou.com\/pl\/product\/proscar\/#primaryimage"},"thumbnailUrl":"https:\/\/www.transtoyou.com\/pl\/wp-content\/uploads\/sites\/11\/2026\/01\/tty-no-product-image-106.webp","datePublished":"2026-01-24T17:52:01+00:00","dateModified":"2026-03-02T11:28:36+00:00","description":"Proscar leczy powi\u0119kszon\u0105 prostat\u0119, zmniejszaj\u0105c j\u0105 i \u0142agodz\u0105c objawy. Popraw jako\u015b\u0107 swojego \u017cycia, dost\u0119pny teraz w Transtoyou.","breadcrumb":{"@id":"https:\/\/www.transtoyou.com\/pl\/product\/proscar\/#breadcrumb"},"inLanguage":"pl-PL","potentialAction":[{"@type":"ReadAction","target":["https:\/\/www.transtoyou.com\/pl\/product\/proscar\/"]}]},{"@type":"ImageObject","inLanguage":"pl-PL","@id":"https:\/\/www.transtoyou.com\/pl\/product\/proscar\/#primaryimage","url":"https:\/\/www.transtoyou.com\/pl\/wp-content\/uploads\/sites\/11\/2026\/01\/tty-no-product-image-106.webp","contentUrl":"https:\/\/www.transtoyou.com\/pl\/wp-content\/uploads\/sites\/11\/2026\/01\/tty-no-product-image-106.webp","width":1000,"height":1000,"caption":"Domy\u015blny obraz produktu"},{"@type":"WebSite","@id":"https:\/\/www.transtoyou.com\/pl\/#website","url":"https:\/\/www.transtoyou.com\/pl\/","name":"Transtoyou - PL","description":"","publisher":{"@id":"https:\/\/www.transtoyou.com\/pl\/#organization"},"potentialAction":[{"@type":"SearchAction","target":{"@type":"EntryPoint","urlTemplate":"https:\/\/www.transtoyou.com\/pl\/?s={search_term_string}"},"query-input":{"@type":"PropertyValueSpecification","valueRequired":true,"valueName":"search_term_string"}}],"inLanguage":"pl-PL"},{"@type":"Organization","@id":"https:\/\/www.transtoyou.com\/pl\/#organization","name":"Transtoyou - PL","url":"https:\/\/www.transtoyou.com\/pl\/","logo":{"@type":"ImageObject","inLanguage":"pl-PL","@id":"https:\/\/www.transtoyou.com\/pl\/#\/schema\/logo\/image\/","url":"https:\/\/www.transtoyou.com\/pl\/wp-content\/uploads\/sites\/11\/2026\/01\/logo-tty-menu-bar-300x87-1.webp","contentUrl":"https:\/\/www.transtoyou.com\/pl\/wp-content\/uploads\/sites\/11\/2026\/01\/logo-tty-menu-bar-300x87-1.webp","width":300,"height":87,"caption":"Transtoyou - PL"},"image":{"@id":"https:\/\/www.transtoyou.com\/pl\/#\/schema\/logo\/image\/"}}]}},"_links":{"self":[{"href":"https:\/\/www.transtoyou.com\/pl\/wp-json\/wp\/v2\/product\/1027","targetHints":{"allow":["GET"]}}],"collection":[{"href":"https:\/\/www.transtoyou.com\/pl\/wp-json\/wp\/v2\/product"}],"about":[{"href":"https:\/\/www.transtoyou.com\/pl\/wp-json\/wp\/v2\/types\/product"}],"replies":[{"embeddable":true,"href":"https:\/\/www.transtoyou.com\/pl\/wp-json\/wp\/v2\/comments?post=1027"}],"wp:featuredmedia":[{"embeddable":true,"href":"https:\/\/www.transtoyou.com\/pl\/wp-json\/wp\/v2\/media\/1029"}],"wp:attachment":[{"href":"https:\/\/www.transtoyou.com\/pl\/wp-json\/wp\/v2\/media?parent=1027"}],"wp:term":[{"taxonomy":"product_brand","embeddable":true,"href":"https:\/\/www.transtoyou.com\/pl\/wp-json\/wp\/v2\/product_brand?post=1027"},{"taxonomy":"product_cat","embeddable":true,"href":"https:\/\/www.transtoyou.com\/pl\/wp-json\/wp\/v2\/product_cat?post=1027"},{"taxonomy":"product_tag","embeddable":true,"href":"https:\/\/www.transtoyou.com\/pl\/wp-json\/wp\/v2\/product_tag?post=1027"},{"taxonomy":"expert","embeddable":true,"href":"https:\/\/www.transtoyou.com\/pl\/wp-json\/wp\/v2\/expert?post=1027"}],"curies":[{"name":"wp","href":"https:\/\/api.w.org\/{rel}","templated":true}]}}