{"id":1030,"date":"2026-01-24T20:09:18","date_gmt":"2026-01-24T18:09:18","guid":{"rendered":"https:\/\/www.transtoyou.com\/pl\/product\/efracea-oracea\/"},"modified":"2026-01-24T20:10:39","modified_gmt":"2026-01-24T18:10:39","slug":"efracea-oracea","status":"publish","type":"product","link":"https:\/\/www.transtoyou.com\/pl\/product\/efracea-oracea\/","title":{"rendered":"Efracea (Oracea)"},"content":{"rendered":"<p>Efracea, znana r\u00f3wnie\u017c pod mi\u0119dzynarodow\u0105 nazw\u0105 Oracea, to doustna terapia stosowana raz dziennie w celu zarz\u0105dzania stanami zapalnymi i nawrotami zwi\u0105zanymi z tr\u0105dzikiem r\u00f3\u017cowatym. Zawiera doksycyklin\u0119 w niskiej, kontrolowanej dawce. W przeciwie\u0144stwie do antybiotyk\u00f3w stosowanych w leczeniu infekcji, Efracea jest klasyfikowana jako nieantybiotykowe leczenie przeciwzapalne, co oznacza, \u017ce \u200b\u200bskupia si\u0119 na stanach zapalnych sk\u00f3ry, nie promuj\u0105c oporno\u015bci bakterii.<\/p>\n<p>Tr\u0105dzik r\u00f3\u017cowaty to przewlek\u0142a choroba sk\u00f3ry, kt\u00f3ra powoduje zaczerwienienie, widoczne naczynia krwiono\u015bne i czasami grudki przypominaj\u0105ce tr\u0105dzik, szczeg\u00f3lnie na centralnej cz\u0119\u015bci twarzy. Efracea pomaga zmniejszy\u0107 te grudki i krosty, t\u0142umi\u0105c reakcj\u0119 zapaln\u0105 w sk\u00f3rze. Z biegiem czasu, regularne stosowanie mo\u017ce prowadzi\u0107 do ja\u015bniejszej sk\u00f3ry, mniejszej liczby nawrot\u00f3w i zmniejszenia dyskomfortu.<\/p>\n<p>Ta niskodawkowa formu\u0142a jest specjalnie zaprojektowana do d\u0142ugoterminowego stosowania i nie dzia\u0142a jak typowy antybiotyk. Dzia\u0142a stopniowo, a widoczne poprawy cz\u0119sto pojawiaj\u0105 si\u0119 w ci\u0105gu czterech do sze\u015bciu tygodni. Poniewa\u017c nie polega na swoim dzia\u0142aniu antybakteryjnym, Efracea jest mniej prawdopodobna, aby zak\u0142\u00f3ca\u0107 naturaln\u0105 flor\u0119 organizmu i nie jest przeznaczona do leczenia infekcji bakteryjnych.<\/p>\n<p>Efracea jest zazwyczaj dobrze tolerowana, ale niekt\u00f3rzy u\u017cytkownicy mog\u0105 do\u015bwiadcza\u0107 zaburze\u0144 \u017co\u0142\u0105dkowo-jelitowych, wra\u017cliwo\u015bci na s\u0142o\u0144ce lub sucho\u015bci w ustach. Nie nale\u017cy jej przyjmowa\u0107 z mlekiem ani z lekami zoboj\u0119tniaj\u0105cymi kwas, poniewa\u017c mog\u0105 one zak\u0142\u00f3ca\u0107 wch\u0142anianie. Ten lek nie jest odpowiedni w czasie ci\u0105\u017cy ani podczas karmienia piersi\u0105.<\/p>\n","protected":false},"excerpt":{"rendered":"<ul>\n<li>Codzienna doustna terapia<\/li>\n<li>Redukuje stan zapalny tr\u0105dziku r\u00f3\u017cowatego<\/li>\n<li>Nieantybiotykowe dzia\u0142anie w niskiej dawce<\/li>\n<\/ul>\n","protected":false},"featured_media":1032,"comment_status":"open","ping_status":"closed","template":"","meta":[],"product_brand":[],"product_cat":[158],"product_tag":[],"expert":[18],"class_list":{"0":"post-1030","1":"product","2":"type-product","3":"status-publish","4":"has-post-thumbnail","6":"product_cat-rozowata-skora","7":"expert-dr-g-varbanov","9":"first","10":"instock","11":"shipping-taxable","12":"product-type-variable"},"yoast_head":"<!-- This site is optimized with the Yoast SEO plugin v27.0 - https:\/\/yoast.com\/product\/yoast-seo-wordpress\/ -->\n<title>Efracea (Oracea) | Czystsza sk\u00f3ra, dzia\u0142anie przeciwzapalne - Transtoyou<\/title>\n<meta name=\"description\" content=\"Odkryj Efracea, doustn\u0105 terapi\u0119 na zaostrzenia tr\u0105dziku r\u00f3\u017cowatego. Ciesz si\u0119 czystsz\u0105 sk\u00f3r\u0105 dzi\u0119ki jej dzia\u0142aniu przeciwzapalnemu. Dost\u0119pne teraz na Transtoyou.\" \/>\n<meta name=\"robots\" content=\"noindex, follow, max-snippet:-1, max-image-preview:large, max-video-preview:-1\" \/>\n<meta property=\"og:locale\" content=\"pl_PL\" \/>\n<meta property=\"og:type\" content=\"article\" \/>\n<meta property=\"og:title\" content=\"Efracea (Oracea) | Czystsza sk\u00f3ra, dzia\u0142anie przeciwzapalne - Transtoyou\" \/>\n<meta property=\"og:description\" content=\"Odkryj Efracea, doustn\u0105 terapi\u0119 na zaostrzenia tr\u0105dziku r\u00f3\u017cowatego. Ciesz si\u0119 czystsz\u0105 sk\u00f3r\u0105 dzi\u0119ki jej dzia\u0142aniu przeciwzapalnemu. Dost\u0119pne teraz na Transtoyou.\" \/>\n<meta property=\"og:url\" content=\"https:\/\/www.transtoyou.com\/pl\/product\/efracea-oracea\/\" \/>\n<meta property=\"og:site_name\" content=\"Transtoyou - PL\" \/>\n<meta property=\"article:modified_time\" content=\"2026-01-24T18:10:39+00:00\" \/>\n<meta name=\"twitter:card\" content=\"summary_large_image\" \/>\n<meta name=\"twitter:label1\" content=\"Szacowany czas czytania\" \/>\n\t<meta name=\"twitter:data1\" content=\"1 minuta\" \/>\n<script type=\"application\/ld+json\" class=\"yoast-schema-graph\">{\"@context\":\"https:\/\/schema.org\",\"@graph\":[{\"@type\":\"WebPage\",\"@id\":\"https:\/\/www.transtoyou.com\/pl\/product\/efracea-oracea\/\",\"url\":\"https:\/\/www.transtoyou.com\/pl\/product\/efracea-oracea\/\",\"name\":\"Efracea (Oracea) | Czystsza sk\u00f3ra, dzia\u0142anie przeciwzapalne - Transtoyou\",\"isPartOf\":{\"@id\":\"https:\/\/www.transtoyou.com\/pl\/#website\"},\"primaryImageOfPage\":{\"@id\":\"https:\/\/www.transtoyou.com\/pl\/product\/efracea-oracea\/#primaryimage\"},\"image\":{\"@id\":\"https:\/\/www.transtoyou.com\/pl\/product\/efracea-oracea\/#primaryimage\"},\"thumbnailUrl\":\"https:\/\/www.transtoyou.com\/pl\/wp-content\/uploads\/sites\/11\/2026\/01\/tty-no-product-image-107.webp\",\"datePublished\":\"2026-01-24T18:09:18+00:00\",\"dateModified\":\"2026-01-24T18:10:39+00:00\",\"description\":\"Odkryj Efracea, doustn\u0105 terapi\u0119 na zaostrzenia tr\u0105dziku r\u00f3\u017cowatego. Ciesz si\u0119 czystsz\u0105 sk\u00f3r\u0105 dzi\u0119ki jej dzia\u0142aniu przeciwzapalnemu. Dost\u0119pne teraz na Transtoyou.\",\"breadcrumb\":{\"@id\":\"https:\/\/www.transtoyou.com\/pl\/product\/efracea-oracea\/#breadcrumb\"},\"inLanguage\":\"pl-PL\",\"potentialAction\":[{\"@type\":\"ReadAction\",\"target\":[\"https:\/\/www.transtoyou.com\/pl\/product\/efracea-oracea\/\"]}]},{\"@type\":\"ImageObject\",\"inLanguage\":\"pl-PL\",\"@id\":\"https:\/\/www.transtoyou.com\/pl\/product\/efracea-oracea\/#primaryimage\",\"url\":\"https:\/\/www.transtoyou.com\/pl\/wp-content\/uploads\/sites\/11\/2026\/01\/tty-no-product-image-107.webp\",\"contentUrl\":\"https:\/\/www.transtoyou.com\/pl\/wp-content\/uploads\/sites\/11\/2026\/01\/tty-no-product-image-107.webp\",\"width\":1000,\"height\":1000,\"caption\":\"Domy\u015blny obraz produktu\"},{\"@type\":\"WebSite\",\"@id\":\"https:\/\/www.transtoyou.com\/pl\/#website\",\"url\":\"https:\/\/www.transtoyou.com\/pl\/\",\"name\":\"Transtoyou - PL\",\"description\":\"\",\"publisher\":{\"@id\":\"https:\/\/www.transtoyou.com\/pl\/#organization\"},\"potentialAction\":[{\"@type\":\"SearchAction\",\"target\":{\"@type\":\"EntryPoint\",\"urlTemplate\":\"https:\/\/www.transtoyou.com\/pl\/?s={search_term_string}\"},\"query-input\":{\"@type\":\"PropertyValueSpecification\",\"valueRequired\":true,\"valueName\":\"search_term_string\"}}],\"inLanguage\":\"pl-PL\"},{\"@type\":\"Organization\",\"@id\":\"https:\/\/www.transtoyou.com\/pl\/#organization\",\"name\":\"Transtoyou - PL\",\"url\":\"https:\/\/www.transtoyou.com\/pl\/\",\"logo\":{\"@type\":\"ImageObject\",\"inLanguage\":\"pl-PL\",\"@id\":\"https:\/\/www.transtoyou.com\/pl\/#\/schema\/logo\/image\/\",\"url\":\"https:\/\/www.transtoyou.com\/pl\/wp-content\/uploads\/sites\/11\/2026\/01\/logo-tty-menu-bar-300x87-1.webp\",\"contentUrl\":\"https:\/\/www.transtoyou.com\/pl\/wp-content\/uploads\/sites\/11\/2026\/01\/logo-tty-menu-bar-300x87-1.webp\",\"width\":300,\"height\":87,\"caption\":\"Transtoyou - PL\"},\"image\":{\"@id\":\"https:\/\/www.transtoyou.com\/pl\/#\/schema\/logo\/image\/\"}}]}<\/script>\n<!-- \/ Yoast SEO plugin. -->","yoast_head_json":{"title":"Efracea (Oracea) | Czystsza sk\u00f3ra, dzia\u0142anie przeciwzapalne - Transtoyou","description":"Odkryj Efracea, doustn\u0105 terapi\u0119 na zaostrzenia tr\u0105dziku r\u00f3\u017cowatego. Ciesz si\u0119 czystsz\u0105 sk\u00f3r\u0105 dzi\u0119ki jej dzia\u0142aniu przeciwzapalnemu. Dost\u0119pne teraz na Transtoyou.","robots":{"index":"noindex","follow":"follow","max-snippet":"max-snippet:-1","max-image-preview":"max-image-preview:large","max-video-preview":"max-video-preview:-1"},"og_locale":"pl_PL","og_type":"article","og_title":"Efracea (Oracea) | Czystsza sk\u00f3ra, dzia\u0142anie przeciwzapalne - Transtoyou","og_description":"Odkryj Efracea, doustn\u0105 terapi\u0119 na zaostrzenia tr\u0105dziku r\u00f3\u017cowatego. Ciesz si\u0119 czystsz\u0105 sk\u00f3r\u0105 dzi\u0119ki jej dzia\u0142aniu przeciwzapalnemu. Dost\u0119pne teraz na Transtoyou.","og_url":"https:\/\/www.transtoyou.com\/pl\/product\/efracea-oracea\/","og_site_name":"Transtoyou - PL","article_modified_time":"2026-01-24T18:10:39+00:00","twitter_card":"summary_large_image","twitter_misc":{"Szacowany czas czytania":"1 minuta"},"schema":{"@context":"https:\/\/schema.org","@graph":[{"@type":"WebPage","@id":"https:\/\/www.transtoyou.com\/pl\/product\/efracea-oracea\/","url":"https:\/\/www.transtoyou.com\/pl\/product\/efracea-oracea\/","name":"Efracea (Oracea) | Czystsza sk\u00f3ra, dzia\u0142anie przeciwzapalne - Transtoyou","isPartOf":{"@id":"https:\/\/www.transtoyou.com\/pl\/#website"},"primaryImageOfPage":{"@id":"https:\/\/www.transtoyou.com\/pl\/product\/efracea-oracea\/#primaryimage"},"image":{"@id":"https:\/\/www.transtoyou.com\/pl\/product\/efracea-oracea\/#primaryimage"},"thumbnailUrl":"https:\/\/www.transtoyou.com\/pl\/wp-content\/uploads\/sites\/11\/2026\/01\/tty-no-product-image-107.webp","datePublished":"2026-01-24T18:09:18+00:00","dateModified":"2026-01-24T18:10:39+00:00","description":"Odkryj Efracea, doustn\u0105 terapi\u0119 na zaostrzenia tr\u0105dziku r\u00f3\u017cowatego. Ciesz si\u0119 czystsz\u0105 sk\u00f3r\u0105 dzi\u0119ki jej dzia\u0142aniu przeciwzapalnemu. Dost\u0119pne teraz na Transtoyou.","breadcrumb":{"@id":"https:\/\/www.transtoyou.com\/pl\/product\/efracea-oracea\/#breadcrumb"},"inLanguage":"pl-PL","potentialAction":[{"@type":"ReadAction","target":["https:\/\/www.transtoyou.com\/pl\/product\/efracea-oracea\/"]}]},{"@type":"ImageObject","inLanguage":"pl-PL","@id":"https:\/\/www.transtoyou.com\/pl\/product\/efracea-oracea\/#primaryimage","url":"https:\/\/www.transtoyou.com\/pl\/wp-content\/uploads\/sites\/11\/2026\/01\/tty-no-product-image-107.webp","contentUrl":"https:\/\/www.transtoyou.com\/pl\/wp-content\/uploads\/sites\/11\/2026\/01\/tty-no-product-image-107.webp","width":1000,"height":1000,"caption":"Domy\u015blny obraz produktu"},{"@type":"WebSite","@id":"https:\/\/www.transtoyou.com\/pl\/#website","url":"https:\/\/www.transtoyou.com\/pl\/","name":"Transtoyou - PL","description":"","publisher":{"@id":"https:\/\/www.transtoyou.com\/pl\/#organization"},"potentialAction":[{"@type":"SearchAction","target":{"@type":"EntryPoint","urlTemplate":"https:\/\/www.transtoyou.com\/pl\/?s={search_term_string}"},"query-input":{"@type":"PropertyValueSpecification","valueRequired":true,"valueName":"search_term_string"}}],"inLanguage":"pl-PL"},{"@type":"Organization","@id":"https:\/\/www.transtoyou.com\/pl\/#organization","name":"Transtoyou - PL","url":"https:\/\/www.transtoyou.com\/pl\/","logo":{"@type":"ImageObject","inLanguage":"pl-PL","@id":"https:\/\/www.transtoyou.com\/pl\/#\/schema\/logo\/image\/","url":"https:\/\/www.transtoyou.com\/pl\/wp-content\/uploads\/sites\/11\/2026\/01\/logo-tty-menu-bar-300x87-1.webp","contentUrl":"https:\/\/www.transtoyou.com\/pl\/wp-content\/uploads\/sites\/11\/2026\/01\/logo-tty-menu-bar-300x87-1.webp","width":300,"height":87,"caption":"Transtoyou - PL"},"image":{"@id":"https:\/\/www.transtoyou.com\/pl\/#\/schema\/logo\/image\/"}}]}},"_links":{"self":[{"href":"https:\/\/www.transtoyou.com\/pl\/wp-json\/wp\/v2\/product\/1030","targetHints":{"allow":["GET"]}}],"collection":[{"href":"https:\/\/www.transtoyou.com\/pl\/wp-json\/wp\/v2\/product"}],"about":[{"href":"https:\/\/www.transtoyou.com\/pl\/wp-json\/wp\/v2\/types\/product"}],"replies":[{"embeddable":true,"href":"https:\/\/www.transtoyou.com\/pl\/wp-json\/wp\/v2\/comments?post=1030"}],"wp:featuredmedia":[{"embeddable":true,"href":"https:\/\/www.transtoyou.com\/pl\/wp-json\/wp\/v2\/media\/1032"}],"wp:attachment":[{"href":"https:\/\/www.transtoyou.com\/pl\/wp-json\/wp\/v2\/media?parent=1030"}],"wp:term":[{"taxonomy":"product_brand","embeddable":true,"href":"https:\/\/www.transtoyou.com\/pl\/wp-json\/wp\/v2\/product_brand?post=1030"},{"taxonomy":"product_cat","embeddable":true,"href":"https:\/\/www.transtoyou.com\/pl\/wp-json\/wp\/v2\/product_cat?post=1030"},{"taxonomy":"product_tag","embeddable":true,"href":"https:\/\/www.transtoyou.com\/pl\/wp-json\/wp\/v2\/product_tag?post=1030"},{"taxonomy":"expert","embeddable":true,"href":"https:\/\/www.transtoyou.com\/pl\/wp-json\/wp\/v2\/expert?post=1030"}],"curies":[{"name":"wp","href":"https:\/\/api.w.org\/{rel}","templated":true}]}}