{"id":1033,"date":"2026-01-24T20:27:26","date_gmt":"2026-01-24T18:27:26","guid":{"rendered":"https:\/\/www.transtoyou.com\/pl\/product\/minocycline-minocin\/"},"modified":"2026-02-25T14:54:10","modified_gmt":"2026-02-25T12:54:10","slug":"minocyklina-minocin","status":"publish","type":"product","link":"https:\/\/www.transtoyou.com\/pl\/product\/minocyklina-minocin\/","title":{"rendered":"Minocyklina (Minocin)"},"content":{"rendered":"<p>Minocyklina, powszechnie znana pod mark\u0105 Minocin, to doustny antybiotyk stosowany w leczeniu zapalnych objaw\u00f3w tr\u0105dziku r\u00f3\u017cowatego, szczeg\u00f3lnie grudek i krost. Jako cz\u0142onek klasy antybiotyk\u00f3w tetracyklinowych, minocyklina dzia\u0142a poprzez redukcj\u0119 bakterii i \u0142agodzenie stanu zapalnego w sk\u00f3rze. Najcz\u0119\u015bciej jest przepisywana, gdy leczenie miejscowe nie jest wystarczaj\u0105co skuteczne.<\/p>\n<p>Tr\u0105dzik r\u00f3\u017cowaty to przewlek\u0142a choroba sk\u00f3ry, kt\u00f3ra cz\u0119sto objawia si\u0119 utrzymuj\u0105cym si\u0119 zaczerwienieniem, guzami i widocznymi naczyniami krwiono\u015bnymi, zazwyczaj na centralnej cz\u0119\u015bci twarzy. Gdy stan zapalny powoduje wypryski podobne do tr\u0105dziku, minocyklina mo\u017ce by\u0107 stosowana w celu zarz\u0105dzania stanem od wewn\u0105trz. Dzia\u0142aj\u0105c na bakterie oraz proces zapalny, minocyklina pomaga zmniejszy\u0107 nawroty i poprawi\u0107 wygl\u0105d sk\u00f3ry z up\u0142ywem czasu.<\/p>\n<p>Minocyklina zazwyczaj jest przyjmowana raz lub dwa razy dziennie, w zale\u017cno\u015bci od nasilenia objaw\u00f3w i cel\u00f3w leczenia. Cz\u0119sto jest przepisywana na ograniczony czas, aby opanowa\u0107 aktywne zapalenie, po czym dawka mo\u017ce by\u0107 zmniejszona lub zmieniona na terapi\u0119 podtrzymuj\u0105c\u0105. Podczas leczenia pacjenci zazwyczaj widz\u0105 wyniki w ci\u0105gu kilku tygodni.<\/p>\n<p>Chocia\u017c jest skuteczna, minocyklina mo\u017ce powodowa\u0107 skutki uboczne. Mog\u0105 one obejmowa\u0107 zawroty g\u0142owy, nudno\u015bci, wra\u017cliwo\u015b\u0107 na \u015bwiat\u0142o s\u0142oneczne lub, w rzadkich przypadkach, zmiany pigmentacji. Lek nale\u017cy zawsze przyjmowa\u0107 z du\u017c\u0105 ilo\u015bci\u0105 wody, aby unikn\u0105\u0107 podra\u017cnienia prze\u0142yku, a pacjenci s\u0105 proszeni o unikanie le\u017cenia bezpo\u015brednio po jego za\u017cyciu. Mleko, leki zoboj\u0119tniaj\u0105ce kwas i suplementy \u017celaza mog\u0105 wp\u0142ywa\u0107 na wch\u0142anianie, dlatego wa\u017cne jest, aby oddzieli\u0107 te produkty od leku.<\/p>\n","protected":false},"excerpt":{"rendered":"<ul>\n<li>Antybiotyk na zapaln\u0105 r\u00f3\u017cowatk\u0119<\/li>\n<li>Redukuje grudki sk\u00f3rne i zaczerwienienia<\/li>\n<li>Przyjmowany doustnie raz lub dwa razy dziennie<\/li>\n<\/ul>\n","protected":false},"featured_media":1035,"comment_status":"open","ping_status":"closed","template":"","meta":[],"product_brand":[],"product_cat":[158,73],"product_tag":[],"expert":[18],"class_list":{"0":"post-1033","1":"product","2":"type-product","3":"status-publish","4":"has-post-thumbnail","6":"product_cat-rozowata-skora","7":"product_cat-tradzik","8":"expert-dr-g-varbanov","10":"first","11":"instock","12":"shipping-taxable","13":"product-type-variable"},"yoast_head":"<!-- This site is optimized with the Yoast SEO plugin v27.0 - https:\/\/yoast.com\/product\/yoast-seo-wordpress\/ -->\n<title>Minocyklina (Minocin) | Skuteczna piel\u0119gnacja sk\u00f3ry - Transtoyou<\/title>\n<meta name=\"description\" content=\"Odkryj Minocyklin\u0119 (Minocin) w Transtoyou, Twoim zaufanym \u017ar\u00f3dle skutecznej terapii sk\u00f3ry. Kup teraz i ciesz si\u0119 jako\u015bci\u0105 oraz wygod\u0105.\" \/>\n<meta name=\"robots\" content=\"noindex, follow, max-snippet:-1, max-image-preview:large, max-video-preview:-1\" \/>\n<meta property=\"og:locale\" content=\"pl_PL\" \/>\n<meta property=\"og:type\" content=\"article\" \/>\n<meta property=\"og:title\" content=\"Minocyklina (Minocin) | Skuteczna piel\u0119gnacja sk\u00f3ry - Transtoyou\" \/>\n<meta property=\"og:description\" content=\"Odkryj Minocyklin\u0119 (Minocin) w Transtoyou, Twoim zaufanym \u017ar\u00f3dle skutecznej terapii sk\u00f3ry. Kup teraz i ciesz si\u0119 jako\u015bci\u0105 oraz wygod\u0105.\" \/>\n<meta property=\"og:url\" content=\"https:\/\/www.transtoyou.com\/pl\/product\/minocycline-minocin\/\" \/>\n<meta property=\"og:site_name\" content=\"Transtoyou - PL\" \/>\n<meta property=\"article:modified_time\" content=\"2026-02-25T12:54:10+00:00\" \/>\n<meta name=\"twitter:card\" content=\"summary_large_image\" \/>\n<meta name=\"twitter:label1\" content=\"Szacowany czas czytania\" \/>\n\t<meta name=\"twitter:data1\" content=\"1 minuta\" \/>\n<script type=\"application\/ld+json\" class=\"yoast-schema-graph\">{\"@context\":\"https:\/\/schema.org\",\"@graph\":[{\"@type\":\"WebPage\",\"@id\":\"https:\/\/www.transtoyou.com\/pl\/product\/minocycline-minocin\/\",\"url\":\"https:\/\/www.transtoyou.com\/pl\/product\/minocycline-minocin\/\",\"name\":\"Minocyklina (Minocin) | Skuteczna piel\u0119gnacja sk\u00f3ry - Transtoyou\",\"isPartOf\":{\"@id\":\"https:\/\/www.transtoyou.com\/pl\/#website\"},\"primaryImageOfPage\":{\"@id\":\"https:\/\/www.transtoyou.com\/pl\/product\/minocycline-minocin\/#primaryimage\"},\"image\":{\"@id\":\"https:\/\/www.transtoyou.com\/pl\/product\/minocycline-minocin\/#primaryimage\"},\"thumbnailUrl\":\"https:\/\/www.transtoyou.com\/pl\/wp-content\/uploads\/sites\/11\/2026\/01\/tty-no-product-image-108.webp\",\"datePublished\":\"2026-01-24T18:27:26+00:00\",\"dateModified\":\"2026-02-25T12:54:10+00:00\",\"description\":\"Odkryj Minocyklin\u0119 (Minocin) w Transtoyou, Twoim zaufanym \u017ar\u00f3dle skutecznej terapii sk\u00f3ry. Kup teraz i ciesz si\u0119 jako\u015bci\u0105 oraz wygod\u0105.\",\"breadcrumb\":{\"@id\":\"https:\/\/www.transtoyou.com\/pl\/product\/minocycline-minocin\/#breadcrumb\"},\"inLanguage\":\"pl-PL\",\"potentialAction\":[{\"@type\":\"ReadAction\",\"target\":[\"https:\/\/www.transtoyou.com\/pl\/product\/minocycline-minocin\/\"]}]},{\"@type\":\"ImageObject\",\"inLanguage\":\"pl-PL\",\"@id\":\"https:\/\/www.transtoyou.com\/pl\/product\/minocycline-minocin\/#primaryimage\",\"url\":\"https:\/\/www.transtoyou.com\/pl\/wp-content\/uploads\/sites\/11\/2026\/01\/tty-no-product-image-108.webp\",\"contentUrl\":\"https:\/\/www.transtoyou.com\/pl\/wp-content\/uploads\/sites\/11\/2026\/01\/tty-no-product-image-108.webp\",\"width\":1000,\"height\":1000,\"caption\":\"Domy\u015blny obraz produktu\"},{\"@type\":\"WebSite\",\"@id\":\"https:\/\/www.transtoyou.com\/pl\/#website\",\"url\":\"https:\/\/www.transtoyou.com\/pl\/\",\"name\":\"Transtoyou - PL\",\"description\":\"\",\"publisher\":{\"@id\":\"https:\/\/www.transtoyou.com\/pl\/#organization\"},\"potentialAction\":[{\"@type\":\"SearchAction\",\"target\":{\"@type\":\"EntryPoint\",\"urlTemplate\":\"https:\/\/www.transtoyou.com\/pl\/?s={search_term_string}\"},\"query-input\":{\"@type\":\"PropertyValueSpecification\",\"valueRequired\":true,\"valueName\":\"search_term_string\"}}],\"inLanguage\":\"pl-PL\"},{\"@type\":\"Organization\",\"@id\":\"https:\/\/www.transtoyou.com\/pl\/#organization\",\"name\":\"Transtoyou - PL\",\"url\":\"https:\/\/www.transtoyou.com\/pl\/\",\"logo\":{\"@type\":\"ImageObject\",\"inLanguage\":\"pl-PL\",\"@id\":\"https:\/\/www.transtoyou.com\/pl\/#\/schema\/logo\/image\/\",\"url\":\"https:\/\/www.transtoyou.com\/pl\/wp-content\/uploads\/sites\/11\/2026\/01\/logo-tty-menu-bar-300x87-1.webp\",\"contentUrl\":\"https:\/\/www.transtoyou.com\/pl\/wp-content\/uploads\/sites\/11\/2026\/01\/logo-tty-menu-bar-300x87-1.webp\",\"width\":300,\"height\":87,\"caption\":\"Transtoyou - PL\"},\"image\":{\"@id\":\"https:\/\/www.transtoyou.com\/pl\/#\/schema\/logo\/image\/\"}}]}<\/script>\n<!-- \/ Yoast SEO plugin. -->","yoast_head_json":{"title":"Minocyklina (Minocin) | Skuteczna piel\u0119gnacja sk\u00f3ry - Transtoyou","description":"Odkryj Minocyklin\u0119 (Minocin) w Transtoyou, Twoim zaufanym \u017ar\u00f3dle skutecznej terapii sk\u00f3ry. Kup teraz i ciesz si\u0119 jako\u015bci\u0105 oraz wygod\u0105.","robots":{"index":"noindex","follow":"follow","max-snippet":"max-snippet:-1","max-image-preview":"max-image-preview:large","max-video-preview":"max-video-preview:-1"},"og_locale":"pl_PL","og_type":"article","og_title":"Minocyklina (Minocin) | Skuteczna piel\u0119gnacja sk\u00f3ry - Transtoyou","og_description":"Odkryj Minocyklin\u0119 (Minocin) w Transtoyou, Twoim zaufanym \u017ar\u00f3dle skutecznej terapii sk\u00f3ry. Kup teraz i ciesz si\u0119 jako\u015bci\u0105 oraz wygod\u0105.","og_url":"https:\/\/www.transtoyou.com\/pl\/product\/minocycline-minocin\/","og_site_name":"Transtoyou - PL","article_modified_time":"2026-02-25T12:54:10+00:00","twitter_card":"summary_large_image","twitter_misc":{"Szacowany czas czytania":"1 minuta"},"schema":{"@context":"https:\/\/schema.org","@graph":[{"@type":"WebPage","@id":"https:\/\/www.transtoyou.com\/pl\/product\/minocycline-minocin\/","url":"https:\/\/www.transtoyou.com\/pl\/product\/minocycline-minocin\/","name":"Minocyklina (Minocin) | Skuteczna piel\u0119gnacja sk\u00f3ry - Transtoyou","isPartOf":{"@id":"https:\/\/www.transtoyou.com\/pl\/#website"},"primaryImageOfPage":{"@id":"https:\/\/www.transtoyou.com\/pl\/product\/minocycline-minocin\/#primaryimage"},"image":{"@id":"https:\/\/www.transtoyou.com\/pl\/product\/minocycline-minocin\/#primaryimage"},"thumbnailUrl":"https:\/\/www.transtoyou.com\/pl\/wp-content\/uploads\/sites\/11\/2026\/01\/tty-no-product-image-108.webp","datePublished":"2026-01-24T18:27:26+00:00","dateModified":"2026-02-25T12:54:10+00:00","description":"Odkryj Minocyklin\u0119 (Minocin) w Transtoyou, Twoim zaufanym \u017ar\u00f3dle skutecznej terapii sk\u00f3ry. Kup teraz i ciesz si\u0119 jako\u015bci\u0105 oraz wygod\u0105.","breadcrumb":{"@id":"https:\/\/www.transtoyou.com\/pl\/product\/minocycline-minocin\/#breadcrumb"},"inLanguage":"pl-PL","potentialAction":[{"@type":"ReadAction","target":["https:\/\/www.transtoyou.com\/pl\/product\/minocycline-minocin\/"]}]},{"@type":"ImageObject","inLanguage":"pl-PL","@id":"https:\/\/www.transtoyou.com\/pl\/product\/minocycline-minocin\/#primaryimage","url":"https:\/\/www.transtoyou.com\/pl\/wp-content\/uploads\/sites\/11\/2026\/01\/tty-no-product-image-108.webp","contentUrl":"https:\/\/www.transtoyou.com\/pl\/wp-content\/uploads\/sites\/11\/2026\/01\/tty-no-product-image-108.webp","width":1000,"height":1000,"caption":"Domy\u015blny obraz produktu"},{"@type":"WebSite","@id":"https:\/\/www.transtoyou.com\/pl\/#website","url":"https:\/\/www.transtoyou.com\/pl\/","name":"Transtoyou - PL","description":"","publisher":{"@id":"https:\/\/www.transtoyou.com\/pl\/#organization"},"potentialAction":[{"@type":"SearchAction","target":{"@type":"EntryPoint","urlTemplate":"https:\/\/www.transtoyou.com\/pl\/?s={search_term_string}"},"query-input":{"@type":"PropertyValueSpecification","valueRequired":true,"valueName":"search_term_string"}}],"inLanguage":"pl-PL"},{"@type":"Organization","@id":"https:\/\/www.transtoyou.com\/pl\/#organization","name":"Transtoyou - PL","url":"https:\/\/www.transtoyou.com\/pl\/","logo":{"@type":"ImageObject","inLanguage":"pl-PL","@id":"https:\/\/www.transtoyou.com\/pl\/#\/schema\/logo\/image\/","url":"https:\/\/www.transtoyou.com\/pl\/wp-content\/uploads\/sites\/11\/2026\/01\/logo-tty-menu-bar-300x87-1.webp","contentUrl":"https:\/\/www.transtoyou.com\/pl\/wp-content\/uploads\/sites\/11\/2026\/01\/logo-tty-menu-bar-300x87-1.webp","width":300,"height":87,"caption":"Transtoyou - PL"},"image":{"@id":"https:\/\/www.transtoyou.com\/pl\/#\/schema\/logo\/image\/"}}]}},"_links":{"self":[{"href":"https:\/\/www.transtoyou.com\/pl\/wp-json\/wp\/v2\/product\/1033","targetHints":{"allow":["GET"]}}],"collection":[{"href":"https:\/\/www.transtoyou.com\/pl\/wp-json\/wp\/v2\/product"}],"about":[{"href":"https:\/\/www.transtoyou.com\/pl\/wp-json\/wp\/v2\/types\/product"}],"replies":[{"embeddable":true,"href":"https:\/\/www.transtoyou.com\/pl\/wp-json\/wp\/v2\/comments?post=1033"}],"wp:featuredmedia":[{"embeddable":true,"href":"https:\/\/www.transtoyou.com\/pl\/wp-json\/wp\/v2\/media\/1035"}],"wp:attachment":[{"href":"https:\/\/www.transtoyou.com\/pl\/wp-json\/wp\/v2\/media?parent=1033"}],"wp:term":[{"taxonomy":"product_brand","embeddable":true,"href":"https:\/\/www.transtoyou.com\/pl\/wp-json\/wp\/v2\/product_brand?post=1033"},{"taxonomy":"product_cat","embeddable":true,"href":"https:\/\/www.transtoyou.com\/pl\/wp-json\/wp\/v2\/product_cat?post=1033"},{"taxonomy":"product_tag","embeddable":true,"href":"https:\/\/www.transtoyou.com\/pl\/wp-json\/wp\/v2\/product_tag?post=1033"},{"taxonomy":"expert","embeddable":true,"href":"https:\/\/www.transtoyou.com\/pl\/wp-json\/wp\/v2\/expert?post=1033"}],"curies":[{"name":"wp","href":"https:\/\/api.w.org\/{rel}","templated":true}]}}