{"id":1039,"date":"2026-01-24T21:00:08","date_gmt":"2026-01-24T19:00:08","guid":{"rendered":"https:\/\/www.transtoyou.com\/pl\/product\/circadin\/"},"modified":"2026-01-24T21:01:13","modified_gmt":"2026-01-24T19:01:13","slug":"circadin","status":"publish","type":"product","link":"https:\/\/www.transtoyou.com\/pl\/product\/circadin\/","title":{"rendered":"Circadin"},"content":{"rendered":"<p>Circadin to lek na recept\u0119 zawieraj\u0105cy 2 mg melatoniny o przed\u0142u\u017conym uwalnianiu, specjalnie opracowany w celu wsparcia naturalnego cyklu snu i czuwania. Jest g\u0142\u00f3wnie przepisywany doros\u0142ym w wieku 55 lat i starszym, kt\u00f3rzy do\u015bwiadczaj\u0105 s\u0142abej jako\u015bci snu z powodu bezsenno\u015bci lub zmian zwi\u0105zanych z wiekiem w produkcji melatoniny. W przeciwie\u0144stwie do standardowych suplement\u00f3w melatoniny, Circadin jest zaprojektowany tak, aby na\u015bladowa\u0107 naturalne nocne uwalnianie melatoniny przez organizm, pomagaj\u0105c w promowaniu d\u0142u\u017cszego i bardziej spokojnego snu.<\/p>\n<p>Melatonina to hormon, kt\u00f3ry organizm naturalnie produkuje w odpowiedzi na ciemno\u015b\u0107. Circadin uzupe\u0142nia ten hormon w formie kontrolowanego uwalniania, pomagaj\u0105c ludziom zasn\u0105\u0107 szybciej, spa\u0107 g\u0142\u0119biej i zmniejsza\u0107 nocne przebudzenia. Oferuje \u0142agodn\u0105 alternatyw\u0119 dla tradycyjnych tabletek nasennych, nie powoduj\u0105c uzale\u017cnienia ani znacz\u0105cej senno\u015bci w ci\u0105gu dnia.<\/p>\n<p>Circadin przyjmuje si\u0119 doustnie, na godzin\u0119 do dw\u00f3ch przed snem, i jest najbardziej skuteczny w po\u0142\u0105czeniu z dobrymi praktykami higieny snu, takimi jak unikanie ekran\u00f3w przed snem i utrzymywanie regularnego rytmu snu. Zaczyna dzia\u0142a\u0107 w ci\u0105gu pierwszych kilku dni, a pe\u0142ne korzy\u015bci cz\u0119sto widoczne s\u0105 po jednym do dw\u00f3ch tygodni regularnego stosowania.<\/p>\n<p>Zwykle jest dobrze tolerowany, chocia\u017c niekt\u00f3rzy mog\u0105 do\u015bwiadcza\u0107 \u0142agodnych skutk\u00f3w ubocznych, takich jak b\u00f3l g\u0142owy, nudno\u015bci lub senno\u015b\u0107. Nie nale\u017cy go stosowa\u0107 razem z alkoholem ani silnymi \u015brodkami uspokajaj\u0105cymi, poniewa\u017c mog\u0105 one os\u0142abi\u0107 jego skuteczno\u015b\u0107.<\/p>\n","protected":false},"excerpt":{"rendered":"<ul>\n<li>Recepta na wsparcie snu<\/li>\n<li>Melatonina o przed\u0142u\u017conym uwalnianiu<\/li>\n<li>Poprawia jako\u015b\u0107 snu<\/li>\n<\/ul>\n","protected":false},"featured_media":1041,"comment_status":"open","ping_status":"closed","template":"","meta":[],"product_brand":[],"product_cat":[162],"product_tag":[],"expert":[16],"class_list":{"0":"post-1039","1":"product","2":"type-product","3":"status-publish","4":"has-post-thumbnail","6":"product_cat-zaburzenia-snu","7":"expert-dr-c-alexandru","9":"first","10":"instock","11":"shipping-taxable","12":"product-type-variable"},"yoast_head":"<!-- This site is optimized with the Yoast SEO plugin v27.0 - https:\/\/yoast.com\/product\/yoast-seo-wordpress\/ -->\n<title>Circadin | Wsparcie snu Wellness - Transtoyou<\/title>\n<meta name=\"description\" content=\"Circadin dost\u0119pny tutaj, wspiera naturalny, spokojny sen. Kup teraz klinicznie oceniane rozwi\u0105zanie, kt\u00f3re poprawi jako\u015b\u0107 snu z \u0142atwo\u015bci\u0105.\" \/>\n<meta name=\"robots\" content=\"noindex, follow, max-snippet:-1, max-image-preview:large, max-video-preview:-1\" \/>\n<meta property=\"og:locale\" content=\"pl_PL\" \/>\n<meta property=\"og:type\" content=\"article\" \/>\n<meta property=\"og:title\" content=\"Circadin | Wsparcie snu Wellness - Transtoyou\" \/>\n<meta property=\"og:description\" content=\"Circadin dost\u0119pny tutaj, wspiera naturalny, spokojny sen. Kup teraz klinicznie oceniane rozwi\u0105zanie, kt\u00f3re poprawi jako\u015b\u0107 snu z \u0142atwo\u015bci\u0105.\" \/>\n<meta property=\"og:url\" content=\"https:\/\/www.transtoyou.com\/pl\/product\/circadin\/\" \/>\n<meta property=\"og:site_name\" content=\"Transtoyou - PL\" \/>\n<meta property=\"article:modified_time\" content=\"2026-01-24T19:01:13+00:00\" \/>\n<meta name=\"twitter:card\" content=\"summary_large_image\" \/>\n<meta name=\"twitter:label1\" content=\"Szacowany czas czytania\" \/>\n\t<meta name=\"twitter:data1\" content=\"1 minuta\" \/>\n<script type=\"application\/ld+json\" class=\"yoast-schema-graph\">{\"@context\":\"https:\/\/schema.org\",\"@graph\":[{\"@type\":\"WebPage\",\"@id\":\"https:\/\/www.transtoyou.com\/pl\/product\/circadin\/\",\"url\":\"https:\/\/www.transtoyou.com\/pl\/product\/circadin\/\",\"name\":\"Circadin | Wsparcie snu Wellness - Transtoyou\",\"isPartOf\":{\"@id\":\"https:\/\/www.transtoyou.com\/pl\/#website\"},\"primaryImageOfPage\":{\"@id\":\"https:\/\/www.transtoyou.com\/pl\/product\/circadin\/#primaryimage\"},\"image\":{\"@id\":\"https:\/\/www.transtoyou.com\/pl\/product\/circadin\/#primaryimage\"},\"thumbnailUrl\":\"https:\/\/www.transtoyou.com\/pl\/wp-content\/uploads\/sites\/11\/2026\/01\/tty-no-product-image-110.webp\",\"datePublished\":\"2026-01-24T19:00:08+00:00\",\"dateModified\":\"2026-01-24T19:01:13+00:00\",\"description\":\"Circadin dost\u0119pny tutaj, wspiera naturalny, spokojny sen. Kup teraz klinicznie oceniane rozwi\u0105zanie, kt\u00f3re poprawi jako\u015b\u0107 snu z \u0142atwo\u015bci\u0105.\",\"breadcrumb\":{\"@id\":\"https:\/\/www.transtoyou.com\/pl\/product\/circadin\/#breadcrumb\"},\"inLanguage\":\"pl-PL\",\"potentialAction\":[{\"@type\":\"ReadAction\",\"target\":[\"https:\/\/www.transtoyou.com\/pl\/product\/circadin\/\"]}]},{\"@type\":\"ImageObject\",\"inLanguage\":\"pl-PL\",\"@id\":\"https:\/\/www.transtoyou.com\/pl\/product\/circadin\/#primaryimage\",\"url\":\"https:\/\/www.transtoyou.com\/pl\/wp-content\/uploads\/sites\/11\/2026\/01\/tty-no-product-image-110.webp\",\"contentUrl\":\"https:\/\/www.transtoyou.com\/pl\/wp-content\/uploads\/sites\/11\/2026\/01\/tty-no-product-image-110.webp\",\"width\":1000,\"height\":1000,\"caption\":\"Domy\u015blny obraz produktu\"},{\"@type\":\"WebSite\",\"@id\":\"https:\/\/www.transtoyou.com\/pl\/#website\",\"url\":\"https:\/\/www.transtoyou.com\/pl\/\",\"name\":\"Transtoyou - PL\",\"description\":\"\",\"publisher\":{\"@id\":\"https:\/\/www.transtoyou.com\/pl\/#organization\"},\"potentialAction\":[{\"@type\":\"SearchAction\",\"target\":{\"@type\":\"EntryPoint\",\"urlTemplate\":\"https:\/\/www.transtoyou.com\/pl\/?s={search_term_string}\"},\"query-input\":{\"@type\":\"PropertyValueSpecification\",\"valueRequired\":true,\"valueName\":\"search_term_string\"}}],\"inLanguage\":\"pl-PL\"},{\"@type\":\"Organization\",\"@id\":\"https:\/\/www.transtoyou.com\/pl\/#organization\",\"name\":\"Transtoyou - PL\",\"url\":\"https:\/\/www.transtoyou.com\/pl\/\",\"logo\":{\"@type\":\"ImageObject\",\"inLanguage\":\"pl-PL\",\"@id\":\"https:\/\/www.transtoyou.com\/pl\/#\/schema\/logo\/image\/\",\"url\":\"https:\/\/www.transtoyou.com\/pl\/wp-content\/uploads\/sites\/11\/2026\/01\/logo-tty-menu-bar-300x87-1.webp\",\"contentUrl\":\"https:\/\/www.transtoyou.com\/pl\/wp-content\/uploads\/sites\/11\/2026\/01\/logo-tty-menu-bar-300x87-1.webp\",\"width\":300,\"height\":87,\"caption\":\"Transtoyou - PL\"},\"image\":{\"@id\":\"https:\/\/www.transtoyou.com\/pl\/#\/schema\/logo\/image\/\"}}]}<\/script>\n<!-- \/ Yoast SEO plugin. -->","yoast_head_json":{"title":"Circadin | Wsparcie snu Wellness - Transtoyou","description":"Circadin dost\u0119pny tutaj, wspiera naturalny, spokojny sen. Kup teraz klinicznie oceniane rozwi\u0105zanie, kt\u00f3re poprawi jako\u015b\u0107 snu z \u0142atwo\u015bci\u0105.","robots":{"index":"noindex","follow":"follow","max-snippet":"max-snippet:-1","max-image-preview":"max-image-preview:large","max-video-preview":"max-video-preview:-1"},"og_locale":"pl_PL","og_type":"article","og_title":"Circadin | Wsparcie snu Wellness - Transtoyou","og_description":"Circadin dost\u0119pny tutaj, wspiera naturalny, spokojny sen. Kup teraz klinicznie oceniane rozwi\u0105zanie, kt\u00f3re poprawi jako\u015b\u0107 snu z \u0142atwo\u015bci\u0105.","og_url":"https:\/\/www.transtoyou.com\/pl\/product\/circadin\/","og_site_name":"Transtoyou - PL","article_modified_time":"2026-01-24T19:01:13+00:00","twitter_card":"summary_large_image","twitter_misc":{"Szacowany czas czytania":"1 minuta"},"schema":{"@context":"https:\/\/schema.org","@graph":[{"@type":"WebPage","@id":"https:\/\/www.transtoyou.com\/pl\/product\/circadin\/","url":"https:\/\/www.transtoyou.com\/pl\/product\/circadin\/","name":"Circadin | Wsparcie snu Wellness - Transtoyou","isPartOf":{"@id":"https:\/\/www.transtoyou.com\/pl\/#website"},"primaryImageOfPage":{"@id":"https:\/\/www.transtoyou.com\/pl\/product\/circadin\/#primaryimage"},"image":{"@id":"https:\/\/www.transtoyou.com\/pl\/product\/circadin\/#primaryimage"},"thumbnailUrl":"https:\/\/www.transtoyou.com\/pl\/wp-content\/uploads\/sites\/11\/2026\/01\/tty-no-product-image-110.webp","datePublished":"2026-01-24T19:00:08+00:00","dateModified":"2026-01-24T19:01:13+00:00","description":"Circadin dost\u0119pny tutaj, wspiera naturalny, spokojny sen. Kup teraz klinicznie oceniane rozwi\u0105zanie, kt\u00f3re poprawi jako\u015b\u0107 snu z \u0142atwo\u015bci\u0105.","breadcrumb":{"@id":"https:\/\/www.transtoyou.com\/pl\/product\/circadin\/#breadcrumb"},"inLanguage":"pl-PL","potentialAction":[{"@type":"ReadAction","target":["https:\/\/www.transtoyou.com\/pl\/product\/circadin\/"]}]},{"@type":"ImageObject","inLanguage":"pl-PL","@id":"https:\/\/www.transtoyou.com\/pl\/product\/circadin\/#primaryimage","url":"https:\/\/www.transtoyou.com\/pl\/wp-content\/uploads\/sites\/11\/2026\/01\/tty-no-product-image-110.webp","contentUrl":"https:\/\/www.transtoyou.com\/pl\/wp-content\/uploads\/sites\/11\/2026\/01\/tty-no-product-image-110.webp","width":1000,"height":1000,"caption":"Domy\u015blny obraz produktu"},{"@type":"WebSite","@id":"https:\/\/www.transtoyou.com\/pl\/#website","url":"https:\/\/www.transtoyou.com\/pl\/","name":"Transtoyou - PL","description":"","publisher":{"@id":"https:\/\/www.transtoyou.com\/pl\/#organization"},"potentialAction":[{"@type":"SearchAction","target":{"@type":"EntryPoint","urlTemplate":"https:\/\/www.transtoyou.com\/pl\/?s={search_term_string}"},"query-input":{"@type":"PropertyValueSpecification","valueRequired":true,"valueName":"search_term_string"}}],"inLanguage":"pl-PL"},{"@type":"Organization","@id":"https:\/\/www.transtoyou.com\/pl\/#organization","name":"Transtoyou - PL","url":"https:\/\/www.transtoyou.com\/pl\/","logo":{"@type":"ImageObject","inLanguage":"pl-PL","@id":"https:\/\/www.transtoyou.com\/pl\/#\/schema\/logo\/image\/","url":"https:\/\/www.transtoyou.com\/pl\/wp-content\/uploads\/sites\/11\/2026\/01\/logo-tty-menu-bar-300x87-1.webp","contentUrl":"https:\/\/www.transtoyou.com\/pl\/wp-content\/uploads\/sites\/11\/2026\/01\/logo-tty-menu-bar-300x87-1.webp","width":300,"height":87,"caption":"Transtoyou - PL"},"image":{"@id":"https:\/\/www.transtoyou.com\/pl\/#\/schema\/logo\/image\/"}}]}},"_links":{"self":[{"href":"https:\/\/www.transtoyou.com\/pl\/wp-json\/wp\/v2\/product\/1039","targetHints":{"allow":["GET"]}}],"collection":[{"href":"https:\/\/www.transtoyou.com\/pl\/wp-json\/wp\/v2\/product"}],"about":[{"href":"https:\/\/www.transtoyou.com\/pl\/wp-json\/wp\/v2\/types\/product"}],"replies":[{"embeddable":true,"href":"https:\/\/www.transtoyou.com\/pl\/wp-json\/wp\/v2\/comments?post=1039"}],"wp:featuredmedia":[{"embeddable":true,"href":"https:\/\/www.transtoyou.com\/pl\/wp-json\/wp\/v2\/media\/1041"}],"wp:attachment":[{"href":"https:\/\/www.transtoyou.com\/pl\/wp-json\/wp\/v2\/media?parent=1039"}],"wp:term":[{"taxonomy":"product_brand","embeddable":true,"href":"https:\/\/www.transtoyou.com\/pl\/wp-json\/wp\/v2\/product_brand?post=1039"},{"taxonomy":"product_cat","embeddable":true,"href":"https:\/\/www.transtoyou.com\/pl\/wp-json\/wp\/v2\/product_cat?post=1039"},{"taxonomy":"product_tag","embeddable":true,"href":"https:\/\/www.transtoyou.com\/pl\/wp-json\/wp\/v2\/product_tag?post=1039"},{"taxonomy":"expert","embeddable":true,"href":"https:\/\/www.transtoyou.com\/pl\/wp-json\/wp\/v2\/expert?post=1039"}],"curies":[{"name":"wp","href":"https:\/\/api.w.org\/{rel}","templated":true}]}}