{"id":1045,"date":"2026-01-24T21:33:56","date_gmt":"2026-01-24T19:33:56","guid":{"rendered":"https:\/\/www.transtoyou.com\/pl\/product\/zopiclone\/"},"modified":"2026-03-08T13:44:44","modified_gmt":"2026-03-08T11:44:44","slug":"zopiclon","status":"publish","type":"product","link":"https:\/\/www.transtoyou.com\/pl\/product\/zopiclon\/","title":{"rendered":"Zopiclon"},"content":{"rendered":"<p>Zopiklon to lek na recept\u0119 stosowany w kr\u00f3tkoterminowym leczeniu bezsenno\u015bci. Nale\u017cy do grupy lek\u00f3w znanych jako niebenzodiazepinowe leki nasenne, kt\u00f3re pomagaj\u0105 w zasypianiu i utrzymaniu snu. Zopiklon jest cz\u0119sto przepisywany osobom, kt\u00f3re maj\u0105 trudno\u015bci z zasypianiem, budz\u0105 si\u0119 cz\u0119sto w nocy lub zbyt wcze\u015bnie rano.<\/p>\n<p>Lek dzia\u0142a poprzez zwi\u0119kszenie aktywno\u015bci kwasu gamma-aminomas\u0142owego (GABA), uspokajaj\u0105cego neuroprzeka\u017anika w m\u00f3zgu. Prowadzi to do efektu sedacyjnego, kt\u00f3ry sprzyja relaksacji i snu. Zopiklon znany jest z szybkiego dzia\u0142ania, zazwyczaj zaczyna dzia\u0142a\u0107 w ci\u0105gu 30 minut. Zwykle przepisywany jest do kr\u00f3tkoterminowego stosowania z powodu ryzyka tolerancji i uzale\u017cnienia przy d\u0142ugotrwa\u0142ym stosowaniu.<\/p>\n<p>Zopiklon przyjmuje si\u0119 tu\u017c przed snem, zapewniaj\u0105c, \u017ce u\u017cytkownik mo\u017ce spa\u0107 przez co najmniej siedem do o\u015bmiu godzin. Wa\u017cne jest, aby nie anga\u017cowa\u0107 si\u0119 w czynno\u015bci wymagaj\u0105ce pe\u0142nej uwagi, takie jak prowadzenie pojazdu, po za\u017cyciu leku. Dzia\u0142ania niepo\u017c\u0105dane mog\u0105 obejmowa\u0107 metaliczny posmak, sucho\u015b\u0107 w ustach, zawroty g\u0142owy lub senno\u015b\u0107 nast\u0119pnego dnia, szczeg\u00f3lnie je\u015bli lek zosta\u0142 przyj\u0119ty zbyt p\u00f3\u017ano lub bez odpowiedniego czasu na sen.<\/p>\n<p>Ten lek nie jest odpowiedni dla ka\u017cdego i nie powinien by\u0107 stosowany w czasie ci\u0105\u017cy, karmienia piersi\u0105 ani u os\u00f3b z histori\u0105 nadu\u017cywania substancji. Nale\u017cy unika\u0107 alkoholu, poniewa\u017c mo\u017ce on zwi\u0119ksza\u0107 dzia\u0142anie sedacyjne i ryzyko nietypowych zachowa\u0144 podczas snu.<\/p>\n","protected":false},"excerpt":{"rendered":"<ul>\n<li>Kr\u00f3tkoterminowe leczenie snu<\/li>\n<li>Szybko dzia\u0142aj\u0105ca tabletka uspokajaj\u0105ca<\/li>\n<li>Poprawia zasypianie i czas snu<\/li>\n<\/ul>\n","protected":false},"featured_media":1047,"comment_status":"open","ping_status":"closed","template":"","meta":[],"product_brand":[],"product_cat":[162],"product_tag":[],"expert":[16],"class_list":{"0":"post-1045","1":"product","2":"type-product","3":"status-publish","4":"has-post-thumbnail","6":"product_cat-zaburzenia-snu","7":"expert-dr-c-alexandru","9":"first","10":"instock","11":"shipping-taxable","12":"product-type-variable"},"yoast_head":"<!-- This site is optimized with the Yoast SEO plugin v27.0 - https:\/\/yoast.com\/product\/yoast-seo-wordpress\/ -->\n<title>Zopiclone | Pomoc w zasypianiu na bezsenno\u015b\u0107 - Transtoyou<\/title>\n<meta name=\"description\" content=\"Zopiclone, dost\u0119pny tutaj na ulg\u0119 w bezsenno\u015bci. Pomaga zasn\u0105\u0107 i utrzyma\u0107 sen. Wymagana recepta. Transtoyou zapewnia bezpieczny dost\u0119p.\" \/>\n<meta name=\"robots\" content=\"noindex, follow, max-snippet:-1, max-image-preview:large, max-video-preview:-1\" \/>\n<meta property=\"og:locale\" content=\"pl_PL\" \/>\n<meta property=\"og:type\" content=\"article\" \/>\n<meta property=\"og:title\" content=\"Zopiclone | Pomoc w zasypianiu na bezsenno\u015b\u0107 - Transtoyou\" \/>\n<meta property=\"og:description\" content=\"Zopiclone, dost\u0119pny tutaj na ulg\u0119 w bezsenno\u015bci. Pomaga zasn\u0105\u0107 i utrzyma\u0107 sen. Wymagana recepta. Transtoyou zapewnia bezpieczny dost\u0119p.\" \/>\n<meta property=\"og:url\" content=\"https:\/\/www.transtoyou.com\/pl\/product\/zopiclone\/\" \/>\n<meta property=\"og:site_name\" content=\"Transtoyou - PL\" \/>\n<meta property=\"article:modified_time\" content=\"2026-03-08T11:44:44+00:00\" \/>\n<meta name=\"twitter:card\" content=\"summary_large_image\" \/>\n<meta name=\"twitter:label1\" content=\"Szacowany czas czytania\" \/>\n\t<meta name=\"twitter:data1\" content=\"1 minuta\" \/>\n<script type=\"application\/ld+json\" class=\"yoast-schema-graph\">{\"@context\":\"https:\/\/schema.org\",\"@graph\":[{\"@type\":\"WebPage\",\"@id\":\"https:\/\/www.transtoyou.com\/pl\/product\/zopiclone\/\",\"url\":\"https:\/\/www.transtoyou.com\/pl\/product\/zopiclone\/\",\"name\":\"Zopiclone | Pomoc w zasypianiu na bezsenno\u015b\u0107 - Transtoyou\",\"isPartOf\":{\"@id\":\"https:\/\/www.transtoyou.com\/pl\/#website\"},\"primaryImageOfPage\":{\"@id\":\"https:\/\/www.transtoyou.com\/pl\/product\/zopiclone\/#primaryimage\"},\"image\":{\"@id\":\"https:\/\/www.transtoyou.com\/pl\/product\/zopiclone\/#primaryimage\"},\"thumbnailUrl\":\"https:\/\/www.transtoyou.com\/pl\/wp-content\/uploads\/sites\/11\/2026\/01\/tty-no-product-image-112.webp\",\"datePublished\":\"2026-01-24T19:33:56+00:00\",\"dateModified\":\"2026-03-08T11:44:44+00:00\",\"description\":\"Zopiclone, dost\u0119pny tutaj na ulg\u0119 w bezsenno\u015bci. Pomaga zasn\u0105\u0107 i utrzyma\u0107 sen. Wymagana recepta. Transtoyou zapewnia bezpieczny dost\u0119p.\",\"breadcrumb\":{\"@id\":\"https:\/\/www.transtoyou.com\/pl\/product\/zopiclone\/#breadcrumb\"},\"inLanguage\":\"pl-PL\",\"potentialAction\":[{\"@type\":\"ReadAction\",\"target\":[\"https:\/\/www.transtoyou.com\/pl\/product\/zopiclone\/\"]}]},{\"@type\":\"ImageObject\",\"inLanguage\":\"pl-PL\",\"@id\":\"https:\/\/www.transtoyou.com\/pl\/product\/zopiclone\/#primaryimage\",\"url\":\"https:\/\/www.transtoyou.com\/pl\/wp-content\/uploads\/sites\/11\/2026\/01\/tty-no-product-image-112.webp\",\"contentUrl\":\"https:\/\/www.transtoyou.com\/pl\/wp-content\/uploads\/sites\/11\/2026\/01\/tty-no-product-image-112.webp\",\"width\":1000,\"height\":1000,\"caption\":\"Domy\u015blny obraz produktu\"},{\"@type\":\"WebSite\",\"@id\":\"https:\/\/www.transtoyou.com\/pl\/#website\",\"url\":\"https:\/\/www.transtoyou.com\/pl\/\",\"name\":\"Transtoyou - PL\",\"description\":\"\",\"publisher\":{\"@id\":\"https:\/\/www.transtoyou.com\/pl\/#organization\"},\"potentialAction\":[{\"@type\":\"SearchAction\",\"target\":{\"@type\":\"EntryPoint\",\"urlTemplate\":\"https:\/\/www.transtoyou.com\/pl\/?s={search_term_string}\"},\"query-input\":{\"@type\":\"PropertyValueSpecification\",\"valueRequired\":true,\"valueName\":\"search_term_string\"}}],\"inLanguage\":\"pl-PL\"},{\"@type\":\"Organization\",\"@id\":\"https:\/\/www.transtoyou.com\/pl\/#organization\",\"name\":\"Transtoyou - PL\",\"url\":\"https:\/\/www.transtoyou.com\/pl\/\",\"logo\":{\"@type\":\"ImageObject\",\"inLanguage\":\"pl-PL\",\"@id\":\"https:\/\/www.transtoyou.com\/pl\/#\/schema\/logo\/image\/\",\"url\":\"https:\/\/www.transtoyou.com\/pl\/wp-content\/uploads\/sites\/11\/2026\/01\/logo-tty-menu-bar-300x87-1.webp\",\"contentUrl\":\"https:\/\/www.transtoyou.com\/pl\/wp-content\/uploads\/sites\/11\/2026\/01\/logo-tty-menu-bar-300x87-1.webp\",\"width\":300,\"height\":87,\"caption\":\"Transtoyou - PL\"},\"image\":{\"@id\":\"https:\/\/www.transtoyou.com\/pl\/#\/schema\/logo\/image\/\"}}]}<\/script>\n<!-- \/ Yoast SEO plugin. -->","yoast_head_json":{"title":"Zopiclone | Pomoc w zasypianiu na bezsenno\u015b\u0107 - Transtoyou","description":"Zopiclone, dost\u0119pny tutaj na ulg\u0119 w bezsenno\u015bci. Pomaga zasn\u0105\u0107 i utrzyma\u0107 sen. Wymagana recepta. Transtoyou zapewnia bezpieczny dost\u0119p.","robots":{"index":"noindex","follow":"follow","max-snippet":"max-snippet:-1","max-image-preview":"max-image-preview:large","max-video-preview":"max-video-preview:-1"},"og_locale":"pl_PL","og_type":"article","og_title":"Zopiclone | Pomoc w zasypianiu na bezsenno\u015b\u0107 - Transtoyou","og_description":"Zopiclone, dost\u0119pny tutaj na ulg\u0119 w bezsenno\u015bci. Pomaga zasn\u0105\u0107 i utrzyma\u0107 sen. Wymagana recepta. Transtoyou zapewnia bezpieczny dost\u0119p.","og_url":"https:\/\/www.transtoyou.com\/pl\/product\/zopiclone\/","og_site_name":"Transtoyou - PL","article_modified_time":"2026-03-08T11:44:44+00:00","twitter_card":"summary_large_image","twitter_misc":{"Szacowany czas czytania":"1 minuta"},"schema":{"@context":"https:\/\/schema.org","@graph":[{"@type":"WebPage","@id":"https:\/\/www.transtoyou.com\/pl\/product\/zopiclone\/","url":"https:\/\/www.transtoyou.com\/pl\/product\/zopiclone\/","name":"Zopiclone | Pomoc w zasypianiu na bezsenno\u015b\u0107 - Transtoyou","isPartOf":{"@id":"https:\/\/www.transtoyou.com\/pl\/#website"},"primaryImageOfPage":{"@id":"https:\/\/www.transtoyou.com\/pl\/product\/zopiclone\/#primaryimage"},"image":{"@id":"https:\/\/www.transtoyou.com\/pl\/product\/zopiclone\/#primaryimage"},"thumbnailUrl":"https:\/\/www.transtoyou.com\/pl\/wp-content\/uploads\/sites\/11\/2026\/01\/tty-no-product-image-112.webp","datePublished":"2026-01-24T19:33:56+00:00","dateModified":"2026-03-08T11:44:44+00:00","description":"Zopiclone, dost\u0119pny tutaj na ulg\u0119 w bezsenno\u015bci. Pomaga zasn\u0105\u0107 i utrzyma\u0107 sen. Wymagana recepta. Transtoyou zapewnia bezpieczny dost\u0119p.","breadcrumb":{"@id":"https:\/\/www.transtoyou.com\/pl\/product\/zopiclone\/#breadcrumb"},"inLanguage":"pl-PL","potentialAction":[{"@type":"ReadAction","target":["https:\/\/www.transtoyou.com\/pl\/product\/zopiclone\/"]}]},{"@type":"ImageObject","inLanguage":"pl-PL","@id":"https:\/\/www.transtoyou.com\/pl\/product\/zopiclone\/#primaryimage","url":"https:\/\/www.transtoyou.com\/pl\/wp-content\/uploads\/sites\/11\/2026\/01\/tty-no-product-image-112.webp","contentUrl":"https:\/\/www.transtoyou.com\/pl\/wp-content\/uploads\/sites\/11\/2026\/01\/tty-no-product-image-112.webp","width":1000,"height":1000,"caption":"Domy\u015blny obraz produktu"},{"@type":"WebSite","@id":"https:\/\/www.transtoyou.com\/pl\/#website","url":"https:\/\/www.transtoyou.com\/pl\/","name":"Transtoyou - PL","description":"","publisher":{"@id":"https:\/\/www.transtoyou.com\/pl\/#organization"},"potentialAction":[{"@type":"SearchAction","target":{"@type":"EntryPoint","urlTemplate":"https:\/\/www.transtoyou.com\/pl\/?s={search_term_string}"},"query-input":{"@type":"PropertyValueSpecification","valueRequired":true,"valueName":"search_term_string"}}],"inLanguage":"pl-PL"},{"@type":"Organization","@id":"https:\/\/www.transtoyou.com\/pl\/#organization","name":"Transtoyou - PL","url":"https:\/\/www.transtoyou.com\/pl\/","logo":{"@type":"ImageObject","inLanguage":"pl-PL","@id":"https:\/\/www.transtoyou.com\/pl\/#\/schema\/logo\/image\/","url":"https:\/\/www.transtoyou.com\/pl\/wp-content\/uploads\/sites\/11\/2026\/01\/logo-tty-menu-bar-300x87-1.webp","contentUrl":"https:\/\/www.transtoyou.com\/pl\/wp-content\/uploads\/sites\/11\/2026\/01\/logo-tty-menu-bar-300x87-1.webp","width":300,"height":87,"caption":"Transtoyou - PL"},"image":{"@id":"https:\/\/www.transtoyou.com\/pl\/#\/schema\/logo\/image\/"}}]}},"_links":{"self":[{"href":"https:\/\/www.transtoyou.com\/pl\/wp-json\/wp\/v2\/product\/1045","targetHints":{"allow":["GET"]}}],"collection":[{"href":"https:\/\/www.transtoyou.com\/pl\/wp-json\/wp\/v2\/product"}],"about":[{"href":"https:\/\/www.transtoyou.com\/pl\/wp-json\/wp\/v2\/types\/product"}],"replies":[{"embeddable":true,"href":"https:\/\/www.transtoyou.com\/pl\/wp-json\/wp\/v2\/comments?post=1045"}],"wp:featuredmedia":[{"embeddable":true,"href":"https:\/\/www.transtoyou.com\/pl\/wp-json\/wp\/v2\/media\/1047"}],"wp:attachment":[{"href":"https:\/\/www.transtoyou.com\/pl\/wp-json\/wp\/v2\/media?parent=1045"}],"wp:term":[{"taxonomy":"product_brand","embeddable":true,"href":"https:\/\/www.transtoyou.com\/pl\/wp-json\/wp\/v2\/product_brand?post=1045"},{"taxonomy":"product_cat","embeddable":true,"href":"https:\/\/www.transtoyou.com\/pl\/wp-json\/wp\/v2\/product_cat?post=1045"},{"taxonomy":"product_tag","embeddable":true,"href":"https:\/\/www.transtoyou.com\/pl\/wp-json\/wp\/v2\/product_tag?post=1045"},{"taxonomy":"expert","embeddable":true,"href":"https:\/\/www.transtoyou.com\/pl\/wp-json\/wp\/v2\/expert?post=1045"}],"curies":[{"name":"wp","href":"https:\/\/api.w.org\/{rel}","templated":true}]}}