{"id":1048,"date":"2026-01-24T21:51:14","date_gmt":"2026-01-24T19:51:14","guid":{"rendered":"https:\/\/www.transtoyou.com\/pl\/product\/zolpidem\/"},"modified":"2026-03-08T13:27:49","modified_gmt":"2026-03-08T11:27:49","slug":"zolpidem","status":"publish","type":"product","link":"https:\/\/www.transtoyou.com\/pl\/product\/zolpidem\/","title":{"rendered":"Zolpidem"},"content":{"rendered":"<p>Zolpidem to lek na recept\u0119 stosowany w leczeniu kr\u00f3tkotrwa\u0142ej bezsenno\u015bci. Nale\u017cy do grupy lek\u00f3w znanych jako niebenzodiazepinowe leki nasenne i jest zaprojektowany, aby pom\u00f3c ludziom szybko zasn\u0105\u0107. Zolpidem jest powszechnie przepisywany, gdy trudno\u015bci w zasypianiu staj\u0105 si\u0119 uci\u0105\u017cliwe dla codziennego funkcjonowania, mimo \u017ce nie jest przeznaczony do d\u0142ugoterminowego stosowania.<\/p>\n<p>Lek dzia\u0142a poprzez oddzia\u0142ywanie na receptory w m\u00f3zgu, kt\u00f3re reguluj\u0105 sen, pomagaj\u0105c skuteczniej inicjowa\u0107 naturalny cykl snu. W przeciwie\u0144stwie do starszych tabletek nasennych, Zolpidem ma tendencj\u0119 do wywo\u0142ywania mniejszych skutk\u00f3w ubocznych zwi\u0105zanych z senno\u015bci\u0105 w ci\u0105gu dnia lub ospa\u0142o\u015bci\u0105, gdy jest stosowany zgodnie z zaleceniami. Jest dost\u0119pny w formach o natychmiastowym i przed\u0142u\u017conym uwalnianiu, w zale\u017cno\u015bci od tego, czy celem jest szybsze zasypianie, czy d\u0142u\u017cszy sen.<\/p>\n<p>Zolpidem zazwyczaj przyjmuje si\u0119 tu\u017c przed snem, a jego dzia\u0142anie zaczyna si\u0119 w ci\u0105gu 15 do 30 minut. Poniewa\u017c dzia\u0142a szybko, u\u017cytkownicy powinni upewni\u0107 si\u0119, \u017ce s\u0105 gotowi na sen przez co najmniej siedem do o\u015bmiu godzin po jego za\u017cyciu, aby unikn\u0105\u0107 senno\u015bci nast\u0119pnego dnia. Wa\u017cne jest, aby unika\u0107 czynno\u015bci wymagaj\u0105cych czujno\u015bci, takich jak prowadzenie pojazdu, po za\u017cyciu zolpidemu.<\/p>\n<p>Ten lek nie powinien by\u0107 stosowany z alkoholem ani innymi \u015brodkami uspokajaj\u0105cymi, poniewa\u017c takie po\u0142\u0105czenia zwi\u0119kszaj\u0105 ryzyko niebezpiecznych skutk\u00f3w ubocznych. Niekt\u00f3rzy ludzie mog\u0105 do\u015bwiadcza\u0107 nietypowych zachowa\u0144 zwi\u0105zanych ze snem, takich jak lunatyzm, jedzenie lub prowadzenie pojazdu bez pe\u0142nej \u015bwiadomo\u015bci. Te zachowania s\u0105 rzadkie, ale powinny by\u0107 niezw\u0142ocznie zg\u0142aszane, je\u015bli wyst\u0105pi\u0105.<\/p>\n<p>Zolpidem zazwyczaj jest przepisywany na kr\u00f3tkie okresy, aby unikn\u0105\u0107 uzale\u017cnienia lub tolerancji.<\/p>\n","protected":false},"excerpt":{"rendered":"<ul>\n<li>Kr\u00f3tko-terminowa terapia bezsenno\u015bci<\/li>\n<li>Wsparcie szybkiego zasypiania<\/li>\n<li>\u015arodek nasenny na recept\u0119<\/li>\n<\/ul>\n","protected":false},"featured_media":1050,"comment_status":"open","ping_status":"closed","template":"","meta":[],"product_brand":[],"product_cat":[162],"product_tag":[],"expert":[16],"class_list":{"0":"post-1048","1":"product","2":"type-product","3":"status-publish","4":"has-post-thumbnail","6":"product_cat-zaburzenia-snu","7":"expert-dr-c-alexandru","9":"first","10":"instock","11":"shipping-taxable","12":"product-type-variable"},"yoast_head":"<!-- This site is optimized with the Yoast SEO plugin v27.0 - https:\/\/yoast.com\/product\/yoast-seo-wordpress\/ -->\n<title>Zolpidem | Szybkie rozwi\u0105zanie na problemy ze snem - Transtoyou<\/title>\n<meta name=\"description\" content=\"Odkryj Zolpidem na kr\u00f3tkoterminow\u0105 pomoc w bezsenno\u015bci, dost\u0119pny na recept\u0119. Szybkie wsparcie dla lepszego snu, zgodnie z zaleceniami lekarzy.\" \/>\n<meta name=\"robots\" content=\"noindex, follow, max-snippet:-1, max-image-preview:large, max-video-preview:-1\" \/>\n<meta property=\"og:locale\" content=\"pl_PL\" \/>\n<meta property=\"og:type\" content=\"article\" \/>\n<meta property=\"og:title\" content=\"Zolpidem | Szybkie rozwi\u0105zanie na problemy ze snem - Transtoyou\" \/>\n<meta property=\"og:description\" content=\"Odkryj Zolpidem na kr\u00f3tkoterminow\u0105 pomoc w bezsenno\u015bci, dost\u0119pny na recept\u0119. Szybkie wsparcie dla lepszego snu, zgodnie z zaleceniami lekarzy.\" \/>\n<meta property=\"og:url\" content=\"https:\/\/www.transtoyou.com\/pl\/product\/zolpidem\/\" \/>\n<meta property=\"og:site_name\" content=\"Transtoyou - PL\" \/>\n<meta property=\"article:modified_time\" content=\"2026-03-08T11:27:49+00:00\" \/>\n<meta name=\"twitter:card\" content=\"summary_large_image\" \/>\n<meta name=\"twitter:label1\" content=\"Szacowany czas czytania\" \/>\n\t<meta name=\"twitter:data1\" content=\"1 minuta\" \/>\n<script type=\"application\/ld+json\" class=\"yoast-schema-graph\">{\"@context\":\"https:\/\/schema.org\",\"@graph\":[{\"@type\":\"WebPage\",\"@id\":\"https:\/\/www.transtoyou.com\/pl\/product\/zolpidem\/\",\"url\":\"https:\/\/www.transtoyou.com\/pl\/product\/zolpidem\/\",\"name\":\"Zolpidem | Szybkie rozwi\u0105zanie na problemy ze snem - Transtoyou\",\"isPartOf\":{\"@id\":\"https:\/\/www.transtoyou.com\/pl\/#website\"},\"primaryImageOfPage\":{\"@id\":\"https:\/\/www.transtoyou.com\/pl\/product\/zolpidem\/#primaryimage\"},\"image\":{\"@id\":\"https:\/\/www.transtoyou.com\/pl\/product\/zolpidem\/#primaryimage\"},\"thumbnailUrl\":\"https:\/\/www.transtoyou.com\/pl\/wp-content\/uploads\/sites\/11\/2026\/01\/tty-no-product-image-113.webp\",\"datePublished\":\"2026-01-24T19:51:14+00:00\",\"dateModified\":\"2026-03-08T11:27:49+00:00\",\"description\":\"Odkryj Zolpidem na kr\u00f3tkoterminow\u0105 pomoc w bezsenno\u015bci, dost\u0119pny na recept\u0119. Szybkie wsparcie dla lepszego snu, zgodnie z zaleceniami lekarzy.\",\"breadcrumb\":{\"@id\":\"https:\/\/www.transtoyou.com\/pl\/product\/zolpidem\/#breadcrumb\"},\"inLanguage\":\"pl-PL\",\"potentialAction\":[{\"@type\":\"ReadAction\",\"target\":[\"https:\/\/www.transtoyou.com\/pl\/product\/zolpidem\/\"]}]},{\"@type\":\"ImageObject\",\"inLanguage\":\"pl-PL\",\"@id\":\"https:\/\/www.transtoyou.com\/pl\/product\/zolpidem\/#primaryimage\",\"url\":\"https:\/\/www.transtoyou.com\/pl\/wp-content\/uploads\/sites\/11\/2026\/01\/tty-no-product-image-113.webp\",\"contentUrl\":\"https:\/\/www.transtoyou.com\/pl\/wp-content\/uploads\/sites\/11\/2026\/01\/tty-no-product-image-113.webp\",\"width\":1000,\"height\":1000,\"caption\":\"Domy\u015blny obraz produktu\"},{\"@type\":\"WebSite\",\"@id\":\"https:\/\/www.transtoyou.com\/pl\/#website\",\"url\":\"https:\/\/www.transtoyou.com\/pl\/\",\"name\":\"Transtoyou - PL\",\"description\":\"\",\"publisher\":{\"@id\":\"https:\/\/www.transtoyou.com\/pl\/#organization\"},\"potentialAction\":[{\"@type\":\"SearchAction\",\"target\":{\"@type\":\"EntryPoint\",\"urlTemplate\":\"https:\/\/www.transtoyou.com\/pl\/?s={search_term_string}\"},\"query-input\":{\"@type\":\"PropertyValueSpecification\",\"valueRequired\":true,\"valueName\":\"search_term_string\"}}],\"inLanguage\":\"pl-PL\"},{\"@type\":\"Organization\",\"@id\":\"https:\/\/www.transtoyou.com\/pl\/#organization\",\"name\":\"Transtoyou - PL\",\"url\":\"https:\/\/www.transtoyou.com\/pl\/\",\"logo\":{\"@type\":\"ImageObject\",\"inLanguage\":\"pl-PL\",\"@id\":\"https:\/\/www.transtoyou.com\/pl\/#\/schema\/logo\/image\/\",\"url\":\"https:\/\/www.transtoyou.com\/pl\/wp-content\/uploads\/sites\/11\/2026\/01\/logo-tty-menu-bar-300x87-1.webp\",\"contentUrl\":\"https:\/\/www.transtoyou.com\/pl\/wp-content\/uploads\/sites\/11\/2026\/01\/logo-tty-menu-bar-300x87-1.webp\",\"width\":300,\"height\":87,\"caption\":\"Transtoyou - PL\"},\"image\":{\"@id\":\"https:\/\/www.transtoyou.com\/pl\/#\/schema\/logo\/image\/\"}}]}<\/script>\n<!-- \/ Yoast SEO plugin. -->","yoast_head_json":{"title":"Zolpidem | Szybkie rozwi\u0105zanie na problemy ze snem - Transtoyou","description":"Odkryj Zolpidem na kr\u00f3tkoterminow\u0105 pomoc w bezsenno\u015bci, dost\u0119pny na recept\u0119. Szybkie wsparcie dla lepszego snu, zgodnie z zaleceniami lekarzy.","robots":{"index":"noindex","follow":"follow","max-snippet":"max-snippet:-1","max-image-preview":"max-image-preview:large","max-video-preview":"max-video-preview:-1"},"og_locale":"pl_PL","og_type":"article","og_title":"Zolpidem | Szybkie rozwi\u0105zanie na problemy ze snem - Transtoyou","og_description":"Odkryj Zolpidem na kr\u00f3tkoterminow\u0105 pomoc w bezsenno\u015bci, dost\u0119pny na recept\u0119. Szybkie wsparcie dla lepszego snu, zgodnie z zaleceniami lekarzy.","og_url":"https:\/\/www.transtoyou.com\/pl\/product\/zolpidem\/","og_site_name":"Transtoyou - PL","article_modified_time":"2026-03-08T11:27:49+00:00","twitter_card":"summary_large_image","twitter_misc":{"Szacowany czas czytania":"1 minuta"},"schema":{"@context":"https:\/\/schema.org","@graph":[{"@type":"WebPage","@id":"https:\/\/www.transtoyou.com\/pl\/product\/zolpidem\/","url":"https:\/\/www.transtoyou.com\/pl\/product\/zolpidem\/","name":"Zolpidem | Szybkie rozwi\u0105zanie na problemy ze snem - Transtoyou","isPartOf":{"@id":"https:\/\/www.transtoyou.com\/pl\/#website"},"primaryImageOfPage":{"@id":"https:\/\/www.transtoyou.com\/pl\/product\/zolpidem\/#primaryimage"},"image":{"@id":"https:\/\/www.transtoyou.com\/pl\/product\/zolpidem\/#primaryimage"},"thumbnailUrl":"https:\/\/www.transtoyou.com\/pl\/wp-content\/uploads\/sites\/11\/2026\/01\/tty-no-product-image-113.webp","datePublished":"2026-01-24T19:51:14+00:00","dateModified":"2026-03-08T11:27:49+00:00","description":"Odkryj Zolpidem na kr\u00f3tkoterminow\u0105 pomoc w bezsenno\u015bci, dost\u0119pny na recept\u0119. Szybkie wsparcie dla lepszego snu, zgodnie z zaleceniami lekarzy.","breadcrumb":{"@id":"https:\/\/www.transtoyou.com\/pl\/product\/zolpidem\/#breadcrumb"},"inLanguage":"pl-PL","potentialAction":[{"@type":"ReadAction","target":["https:\/\/www.transtoyou.com\/pl\/product\/zolpidem\/"]}]},{"@type":"ImageObject","inLanguage":"pl-PL","@id":"https:\/\/www.transtoyou.com\/pl\/product\/zolpidem\/#primaryimage","url":"https:\/\/www.transtoyou.com\/pl\/wp-content\/uploads\/sites\/11\/2026\/01\/tty-no-product-image-113.webp","contentUrl":"https:\/\/www.transtoyou.com\/pl\/wp-content\/uploads\/sites\/11\/2026\/01\/tty-no-product-image-113.webp","width":1000,"height":1000,"caption":"Domy\u015blny obraz produktu"},{"@type":"WebSite","@id":"https:\/\/www.transtoyou.com\/pl\/#website","url":"https:\/\/www.transtoyou.com\/pl\/","name":"Transtoyou - PL","description":"","publisher":{"@id":"https:\/\/www.transtoyou.com\/pl\/#organization"},"potentialAction":[{"@type":"SearchAction","target":{"@type":"EntryPoint","urlTemplate":"https:\/\/www.transtoyou.com\/pl\/?s={search_term_string}"},"query-input":{"@type":"PropertyValueSpecification","valueRequired":true,"valueName":"search_term_string"}}],"inLanguage":"pl-PL"},{"@type":"Organization","@id":"https:\/\/www.transtoyou.com\/pl\/#organization","name":"Transtoyou - PL","url":"https:\/\/www.transtoyou.com\/pl\/","logo":{"@type":"ImageObject","inLanguage":"pl-PL","@id":"https:\/\/www.transtoyou.com\/pl\/#\/schema\/logo\/image\/","url":"https:\/\/www.transtoyou.com\/pl\/wp-content\/uploads\/sites\/11\/2026\/01\/logo-tty-menu-bar-300x87-1.webp","contentUrl":"https:\/\/www.transtoyou.com\/pl\/wp-content\/uploads\/sites\/11\/2026\/01\/logo-tty-menu-bar-300x87-1.webp","width":300,"height":87,"caption":"Transtoyou - PL"},"image":{"@id":"https:\/\/www.transtoyou.com\/pl\/#\/schema\/logo\/image\/"}}]}},"_links":{"self":[{"href":"https:\/\/www.transtoyou.com\/pl\/wp-json\/wp\/v2\/product\/1048","targetHints":{"allow":["GET"]}}],"collection":[{"href":"https:\/\/www.transtoyou.com\/pl\/wp-json\/wp\/v2\/product"}],"about":[{"href":"https:\/\/www.transtoyou.com\/pl\/wp-json\/wp\/v2\/types\/product"}],"replies":[{"embeddable":true,"href":"https:\/\/www.transtoyou.com\/pl\/wp-json\/wp\/v2\/comments?post=1048"}],"wp:featuredmedia":[{"embeddable":true,"href":"https:\/\/www.transtoyou.com\/pl\/wp-json\/wp\/v2\/media\/1050"}],"wp:attachment":[{"href":"https:\/\/www.transtoyou.com\/pl\/wp-json\/wp\/v2\/media?parent=1048"}],"wp:term":[{"taxonomy":"product_brand","embeddable":true,"href":"https:\/\/www.transtoyou.com\/pl\/wp-json\/wp\/v2\/product_brand?post=1048"},{"taxonomy":"product_cat","embeddable":true,"href":"https:\/\/www.transtoyou.com\/pl\/wp-json\/wp\/v2\/product_cat?post=1048"},{"taxonomy":"product_tag","embeddable":true,"href":"https:\/\/www.transtoyou.com\/pl\/wp-json\/wp\/v2\/product_tag?post=1048"},{"taxonomy":"expert","embeddable":true,"href":"https:\/\/www.transtoyou.com\/pl\/wp-json\/wp\/v2\/expert?post=1048"}],"curies":[{"name":"wp","href":"https:\/\/api.w.org\/{rel}","templated":true}]}}